{"id":20577,"date":"2019-12-06T01:42:31","date_gmt":"2021-09-17T08:07:02","guid":{"rendered":"https:\/\/www.kamagrauk.com\/product\/acheter-des-gelees-dures"},"modified":"2022-12-30T09:37:10","modified_gmt":"2022-12-30T08:37:10","slug":"acheter-des-gelees-dures","status":"publish","type":"product","link":"https:\/\/www.1kamagrauk.com\/fr\/dur-sur-gelees-.htm","title":{"rendered":"Dur sur les gel\u00e9es"},"content":{"rendered":"<h2>COMMENT FONCTIONNENT LES GEL\u00c9ES HARD-ON (100 mg) POUR LES HOMMES ?<\/h2>\n<p align=\"justify\">Formul\u00e9 par les laboratoires Aurochem, Buy Hard On Jellies est rapidement absorb\u00e9 dans la circulation sanguine, am\u00e9liorant la circulation sanguine vers le p\u00e9nis, ce qui le fait devenir en \u00e9rection. Ce m\u00e9dicament contient du citrate de sild\u00e9nafil qui agit comme un inhibiteur de la PDE5, dont la fonction est de bloquer l&#8217;action des enzymes qui provoquent la diminution des \u00e9rections. En cons\u00e9quence, le p\u00e9nis devient en \u00e9rection et reste en \u00e9rection en pr\u00e9sence d&#8217;une stimulation sexuelle jusqu&#8217;\u00e0 6 heures. Il convient de noter que, avec tous les m\u00e9dicaments contre la dysfonction \u00e9rectile, ce m\u00e9dicament n\u00e9cessite une stimulation sexuelle pour fonctionner efficacement.<\/p>\n<p>Kamagra France vous offre une chance d&#8217;am\u00e9liorer votre sant\u00e9 sexuelle avec l&#8217;aide de Buy Hard On Jellies. Ici, vous pouvez acheter des gel\u00e9es Hard On \u00e0 un prix tr\u00e8s bon march\u00e9. Kamagra France se concentre toujours sur la bonne m\u00e9decine \u00e0 faible co\u00fbt, nous nous soucions toujours de votre sant\u00e9 et de votre argent.<\/p>\n<h2>DIRECTIVES D&#8217;UTILISATION, DE POSOLOGIE ET \u200b\u200bDE CONSERVATION<\/h2>\n<p align=\"justify\"><strong>Utilisation<\/strong> : pour vous assurer que Buy Hard On Jelly fonctionne efficacement et en toute s\u00e9curit\u00e9 pour vous, prenez-le 15 \u00e0 30 minutes avant l&#8217;activit\u00e9 sexuelle. Une seule dose de 100 mg doit \u00eatre prise sur une p\u00e9riode de 24 heures et ne prenez pas le m\u00e9dicament si vous n&#8217;avez pas l&#8217;intention de vous engager dans une activit\u00e9 sexuelle. De plus, ne m\u00e9langez jamais ce m\u00e9dicament avec du pamplemousse, de l&#8217;alcool, de la nicotine et de la caf\u00e9ine pour vous assurer qu&#8217;il agit efficacement.<\/p>\n<p align=\"justify\"><strong>Posologie<\/strong>: Prenez cette gel\u00e9e selon la posologie recommand\u00e9e. Ne d\u00e9passez jamais la dose maximale recommand\u00e9e, qui est un seul sachet de 100 mg par 24 heures. Si vous surdosez accidentellement le m\u00e9dicament et ressentez des effets secondaires accrus, consultez un m\u00e9decin pour \u00e9viter les complications m\u00e9dicales. Il ne doit \u00eatre consomm\u00e9 qu&#8217;en cas de besoin et non quotidiennement si le sexe n&#8217;est pas planifi\u00e9. Pour des r\u00e9sultats optimaux, assurez-vous d&#8217;attendre que la gel\u00e9e soit compl\u00e8tement absorb\u00e9e dans le corps, ce qui est g\u00e9n\u00e9ralement environ 20 minutes apr\u00e8s l&#8217;ingestion. Prenez toujours la dose normale recommand\u00e9e, qui est une seule gel\u00e9e de 100 mg.<\/p>\n<p align=\"justify\"><strong>Espace de rangement<\/strong>: Le m\u00e9dicament doit \u00eatre conserv\u00e9 \u00e0 temp\u00e9rature ambiante entre 15 et 30 degr\u00e9s C. (59 \u00e0 86 degr\u00e9s F) dans les sachets d&#8217;origine. \u00c9vitez de stocker dans des endroits avec une humidit\u00e9 excessive ou une chaleur directe ou la lumi\u00e8re du soleil. Conservez toujours le m\u00e9dicament dans un endroit s\u00fbr et sec, hors de port\u00e9e des animaux domestiques et des enfants.<\/p>\n<h3>Informations de s\u00e9curit\u00e9, avertissements et pr\u00e9cautions pour Hard On Jelly (100 mg)<\/h3>\n<ul>\n<li>Avant de prendre cette gel\u00e9e, assurez-vous de bien comprendre tout ce qui concerne l&#8217;utilisation<\/li>\n<li>Ne le m\u00e9langez pas avec d&#8217;autres m\u00e9dicaments contre la dysfonction \u00e9rectile pour \u00e9viter les complications m\u00e9dicales<\/li>\n<li>\u00c9vitez la consommation si vous prenez des nitrates ou si vous \u00eates allergique au citrate de sild\u00e9nafil<\/li>\n<li>Consultez un m\u00e9decin si vous souffrez de troubles m\u00e9dicaux graves<\/li>\n<li>Ne prenez pas ce m\u00e9dicament si vous prenez d\u00e9j\u00e0 des m\u00e9dicaments pour le traitement de probl\u00e8mes cardiaques, h\u00e9patiques ou r\u00e9naux ou pour des probl\u00e8mes de tension art\u00e9rielle ou d&#8217;insomnie<\/li>\n<li>Ne m\u00e9langez pas ce m\u00e9dicament avec d&#8217;autres m\u00e9dicaments pour le traitement de la d\u00e9pression, des accidents vasculaires c\u00e9r\u00e9braux, du cancer, du diab\u00e8te ou des probl\u00e8mes de vision<\/li>\n<li>Il n&#8217;est pas recommand\u00e9 aux personnes ayant des ant\u00e9c\u00e9dents de toxicomanie ou de maladie mentale grave<\/li>\n<\/ul>\n<h3>Effets secondaires potentiels avec les gel\u00e9es Hard On 100 mg<\/h3>\n<p align=\"justify\">Tout comme les autres m\u00e9dicaments, Buy Hard On Oral Jelly peut \u00e9galement provoquer des effets secondaires mineurs qui disparaissent \u00e0 mesure que le m\u00e9dicament quitte le corps. Certains effets secondaires mineurs courants comprennent :<\/p>\n<ul>\n<li>Mal de t\u00eate<\/li>\n<li>Br\u00fblures d&#8217;estomac<\/li>\n<li>Nez bouch\u00e9 ou qui coule<\/li>\n<li>Maux d&#8217;estomac<\/li>\n<li>La diarrh\u00e9e<\/li>\n<li>Vertiges<\/li>\n<li>Rougeur du visage<\/li>\n<\/ul>\n<p align=\"justify\">Si ces effets secondaires ne diminuent pas et continuent de vous d\u00e9ranger, consultez un m\u00e9decin. Gardez \u00e0 l&#8217;esprit que dans de tr\u00e8s rares cas, ce m\u00e9dicament peut provoquer des \u00e9rections prolong\u00e9es ou des troubles s\u00e9v\u00e8res de la vision ou de l&#8217;audition. Si cela vous arrive, assurez-vous de consulter imm\u00e9diatement un m\u00e9decin.<\/p>\n","protected":false},"excerpt":{"rendered":"<p>Comme son nom l&#8217;indique, Hard On Jelly est une forme liquide de citrate de sild\u00e9nafil utilis\u00e9e comme alternative aux comprim\u00e9s pour le traitement de la dysfonction \u00e9rectile. En raison de sa forme de gel\u00e9e, il est absorb\u00e9 plus rapidement dans le corps et devient efficace en seulement 15 \u00e0 20 minutes. Les effets de ce m\u00e9dicament durent environ six heures, ce qui donne aux hommes suffisamment de temps pour avoir des relations sexuelles sans avoir besoin de se pr\u00e9cipiter. L&#8217;avantage suppl\u00e9mentaire de cette gel\u00e9e est qu&#8217;elle est maintenant disponible en ligne dans plusieurs saveurs d\u00e9licieuses, notamment Cerise, Orange, Citron, Banane, Mangue, Menthe, Fraise, Ananas, etc.<\/p>\n","protected":false},"featured_media":19640,"comment_status":"open","ping_status":"closed","template":"","meta":{"_uag_custom_page_level_css":""},"product_brand":[],"product_cat":[218],"product_tag":[],"class_list":{"0":"post-20577","1":"product","2":"type-product","3":"status-publish","4":"has-post-thumbnail","6":"product_cat-kamagra-french-products","8":"first","9":"onbackorder","10":"taxable","11":"shipping-taxable","12":"product-type-simple"},"uagb_featured_image_src":{"full":["https:\/\/www.1kamagrauk.com\/wp-content\/uploads\/2019\/12\/Hard-On-Jellies.jpg",400,400,false],"thumbnail":["https:\/\/www.1kamagrauk.com\/wp-content\/uploads\/2019\/12\/Hard-On-Jellies-150x150.jpg",150,150,true],"medium":["https:\/\/www.1kamagrauk.com\/wp-content\/uploads\/2019\/12\/Hard-On-Jellies-300x300.jpg",300,300,true],"medium_large":["https:\/\/www.1kamagrauk.com\/wp-content\/uploads\/2019\/12\/Hard-On-Jellies.jpg",400,400,false],"large":["https:\/\/www.1kamagrauk.com\/wp-content\/uploads\/2019\/12\/Hard-On-Jellies.jpg",400,400,false],"1536x1536":["https:\/\/www.1kamagrauk.com\/wp-content\/uploads\/2019\/12\/Hard-On-Jellies.jpg",400,400,false],"2048x2048":["https:\/\/www.1kamagrauk.com\/wp-content\/uploads\/2019\/12\/Hard-On-Jellies.jpg",400,400,false],"woocommerce_thumbnail":["https:\/\/www.1kamagrauk.com\/wp-content\/uploads\/2019\/12\/Hard-On-Jellies-300x300.jpg",300,300,true],"woocommerce_single":["https:\/\/www.1kamagrauk.com\/wp-content\/uploads\/2019\/12\/Hard-On-Jellies-300x300.jpg",300,300,true],"woocommerce_gallery_thumbnail":["https:\/\/www.1kamagrauk.com\/wp-content\/uploads\/2019\/12\/Hard-On-Jellies-100x100.jpg",100,100,true]},"uagb_author_info":{"display_name":false,"author_link":"https:\/\/www.1kamagrauk.com\/fr\/author"},"uagb_comment_info":0,"uagb_excerpt":"Comme son nom l'indique, Hard On Jelly est une forme liquide de citrate de sild\u00e9nafil utilis\u00e9e comme alternative aux comprim\u00e9s pour le traitement de la dysfonction \u00e9rectile. En raison de sa forme de gel\u00e9e, il est absorb\u00e9 plus rapidement dans le corps et devient efficace en seulement 15 \u00e0 20 minutes. Les effets de ce&hellip;","_links":{"self":[{"href":"https:\/\/www.1kamagrauk.com\/fr\/wp-json\/wp\/v2\/product\/20577","targetHints":{"allow":["GET"]}}],"collection":[{"href":"https:\/\/www.1kamagrauk.com\/fr\/wp-json\/wp\/v2\/product"}],"about":[{"href":"https:\/\/www.1kamagrauk.com\/fr\/wp-json\/wp\/v2\/types\/product"}],"replies":[{"embeddable":true,"href":"https:\/\/www.1kamagrauk.com\/fr\/wp-json\/wp\/v2\/comments?post=20577"}],"wp:featuredmedia":[{"embeddable":true,"href":"https:\/\/www.1kamagrauk.com\/fr\/wp-json\/wp\/v2\/media\/19640"}],"wp:attachment":[{"href":"https:\/\/www.1kamagrauk.com\/fr\/wp-json\/wp\/v2\/media?parent=20577"}],"wp:term":[{"taxonomy":"product_brand","embeddable":true,"href":"https:\/\/www.1kamagrauk.com\/fr\/wp-json\/wp\/v2\/product_brand?post=20577"},{"taxonomy":"product_cat","embeddable":true,"href":"https:\/\/www.1kamagrauk.com\/fr\/wp-json\/wp\/v2\/product_cat?post=20577"},{"taxonomy":"product_tag","embeddable":true,"href":"https:\/\/www.1kamagrauk.com\/fr\/wp-json\/wp\/v2\/product_tag?post=20577"}],"curies":[{"name":"wp","href":"https:\/\/api.w.org\/{rel}","templated":true}]}}