{"id":20570,"date":"2019-12-06T04:40:14","date_gmt":"2021-09-17T07:57:26","guid":{"rendered":"https:\/\/www.kamagrauk.com\/product\/modalert-comprimes-de-modafinil"},"modified":"2021-09-24T13:19:02","modified_gmt":"2021-09-24T12:19:02","slug":"acheter-modafinil","status":"publish","type":"product","link":"https:\/\/www.1kamagrauk.com\/fr\/modalert-comprimes.htm","title":{"rendered":"Modalert &#8211; Comprim\u00e9s de modafinil"},"content":{"rendered":"<p align=\"justify\">Modalert appartient \u00e0 la classe des m\u00e9dicaments eugero\u00efques et des recherches approfondies ont r\u00e9v\u00e9l\u00e9 que le m\u00e9dicament peut avoir une utilisation hors AMM pour l&#8217;am\u00e9lioration de la fonction cognitive du cerveau. Modalert est compos\u00e9 d&#8217;une forme concentr\u00e9e de modafinil qui est un compos\u00e9 m\u00e9dical approuv\u00e9 par la FDA pour le traitement de la narcolepsie et des troubles du travail post\u00e9. L&#8217;agent favorisant l&#8217;\u00e9veil est fabriqu\u00e9 par Sun Pharmaceuticals Limited, l&#8217;un des fabricants pharmaceutiques mondiaux.<\/p>\n<h2>Modafinil\u2014L&#8217;ingr\u00e9dient actif utilis\u00e9 dans Modalert a aid\u00e9 le personnel de la D\u00e9fense<\/h2>\n<p align=\"justify\">L&#8217;efficacit\u00e9 des comprim\u00e9s Modalert est due \u00e0 l&#8217;ingr\u00e9dient actif utilis\u00e9 dans la formulation du m\u00e9dicament; le modafinil est class\u00e9 comme un eugero\u00efque et contient \u00e9galement des propri\u00e9t\u00e9s de nootropiques ou de m\u00e9dicaments intelligents. Modafinil est enregistr\u00e9 dans le d\u00e9partement gouvernemental en tant que substance IV inscrite en raison de ses faibles risques d&#8217;abus de drogues. Selon les sources, diff\u00e9rents d\u00e9partements de la d\u00e9fense de plusieurs pays ont utilis\u00e9 ce complexe m\u00e9dical pour maintenir l&#8217;alerte des troupes d\u00e9ploy\u00e9es pendant les longues missions. Les troupes de l&#8217;arm\u00e9e en situation de guerre doivent souvent continuer \u00e0 ex\u00e9cuter des t\u00e2ches sans dormir pendant les situations de guerre. Les d\u00e9clarations publi\u00e9es par les responsables indiquent que l&#8217;utilisation du modafinil a aid\u00e9 toute la troupe \u00e0 lutter contre le manque de sommeil pendant les missions.<\/p>\n<h3>Les doses recommand\u00e9es de comprim\u00e9s de Modalert<\/h3>\n<ul>\n<li>Tout d&#8217;abord, vous avez besoin que votre \u00e9tat de sant\u00e9 soit diagnostiqu\u00e9. In case if you are suffering from sudden bouts of sleep attack or affected by the narcoleptic syndrome, then start with a mild dose of 100 mg Modalert tablets by splitting the whole 200 mTout d&#8217;abord, vous avez besoin que votre \u00e9tat de sant\u00e9 soit \u00e9valu\u00e9. g pill into two halves. Progressivement, vous pouvez augmenter la dose jusqu&#8217;\u00e0 200 mg afin que vous puissiez constater une am\u00e9lioration constante des attaques de sommeil importunes.<\/li>\n<li>Si vous faites partie de ceux qui sont oblig\u00e9s de travailler \u00e0 des horaires d\u00e9cal\u00e9s et font face \u00e0 ses cons\u00e9quences sous la forme de troubles du sommeil li\u00e9s au travail post\u00e9 (SWSD), vous pouvez prendre une dose de Modalert 200 mg une heure avant le d\u00e9but de votre plan de travail. .<\/li>\n<li>Pour ressentir l&#8217;effet stimulant sur le cerveau de ce m\u00e9dicament \u00e0 base de modafinil, les individus peuvent commencer une dose r\u00e9guli\u00e8re de 200 mg de comprim\u00e9s de Modalert, au d\u00e9but de la journ\u00e9e.<\/li>\n<\/ul>\n<p align=\"justify\"><strong><em>Veuillez noter<\/em><\/strong>: les patients atteints de maladies cardiovasculaires, d&#8217;hypertension art\u00e9rielle et de maladies du foie ne doivent pas commencer au hasard \u00e0 utiliser cet agent eugero\u00efque. Une consultation pr\u00e9alable avec un m\u00e9decin est recommand\u00e9e pour ces personnes avant d&#8217;utiliser ce m\u00e9dicament.<\/p>\n","protected":false},"excerpt":{"rendered":"<p>Modalert est une version de marque du compos\u00e9 g\u00e9n\u00e9rique de modafinil. Modalert co\u00fbte beaucoup moins cher que le Provigil dit connu, mais poss\u00e8de la m\u00eame puissance et les m\u00eames propri\u00e9t\u00e9s que celles qui peuvent traiter les maladies comme la narcolepsie, l&#8217;apn\u00e9e du sommeil et les troubles du travail post\u00e9. Fabriqu\u00e9 par Sub Pharmaceuticals Limited, Modalert est &#8230;<\/p>\n","protected":false},"featured_media":19688,"comment_status":"open","ping_status":"closed","template":"","meta":{"_uag_custom_page_level_css":""},"product_brand":[],"product_cat":[218],"product_tag":[],"class_list":{"0":"post-20570","1":"product","2":"type-product","3":"status-publish","4":"has-post-thumbnail","6":"product_cat-kamagra-french-products","8":"first","9":"instock","10":"featured","11":"taxable","12":"shipping-taxable","13":"purchasable","14":"product-type-variable","15":"has-default-attributes"},"uagb_featured_image_src":{"full":["https:\/\/www.1kamagrauk.com\/wp-content\/uploads\/2019\/12\/Modalert-Tablets.jpg",400,400,false],"thumbnail":["https:\/\/www.1kamagrauk.com\/wp-content\/uploads\/2019\/12\/Modalert-Tablets-150x150.jpg",150,150,true],"medium":["https:\/\/www.1kamagrauk.com\/wp-content\/uploads\/2019\/12\/Modalert-Tablets-300x300.jpg",300,300,true],"medium_large":["https:\/\/www.1kamagrauk.com\/wp-content\/uploads\/2019\/12\/Modalert-Tablets.jpg",400,400,false],"large":["https:\/\/www.1kamagrauk.com\/wp-content\/uploads\/2019\/12\/Modalert-Tablets.jpg",400,400,false],"1536x1536":["https:\/\/www.1kamagrauk.com\/wp-content\/uploads\/2019\/12\/Modalert-Tablets.jpg",400,400,false],"2048x2048":["https:\/\/www.1kamagrauk.com\/wp-content\/uploads\/2019\/12\/Modalert-Tablets.jpg",400,400,false],"woocommerce_thumbnail":["https:\/\/www.1kamagrauk.com\/wp-content\/uploads\/2019\/12\/Modalert-Tablets-300x300.jpg",300,300,true],"woocommerce_single":["https:\/\/www.1kamagrauk.com\/wp-content\/uploads\/2019\/12\/Modalert-Tablets-300x300.jpg",300,300,true],"woocommerce_gallery_thumbnail":["https:\/\/www.1kamagrauk.com\/wp-content\/uploads\/2019\/12\/Modalert-Tablets-100x100.jpg",100,100,true]},"uagb_author_info":{"display_name":false,"author_link":"https:\/\/www.1kamagrauk.com\/fr\/author"},"uagb_comment_info":0,"uagb_excerpt":"Modalert est une version de marque du compos\u00e9 g\u00e9n\u00e9rique de modafinil. Modalert co\u00fbte beaucoup moins cher que le Provigil dit connu, mais poss\u00e8de la m\u00eame puissance et les m\u00eames propri\u00e9t\u00e9s que celles qui peuvent traiter les maladies comme la narcolepsie, l'apn\u00e9e du sommeil et les troubles du travail post\u00e9. Fabriqu\u00e9 par Sub Pharmaceuticals Limited, Modalert&hellip;","_links":{"self":[{"href":"https:\/\/www.1kamagrauk.com\/fr\/wp-json\/wp\/v2\/product\/20570","targetHints":{"allow":["GET"]}}],"collection":[{"href":"https:\/\/www.1kamagrauk.com\/fr\/wp-json\/wp\/v2\/product"}],"about":[{"href":"https:\/\/www.1kamagrauk.com\/fr\/wp-json\/wp\/v2\/types\/product"}],"replies":[{"embeddable":true,"href":"https:\/\/www.1kamagrauk.com\/fr\/wp-json\/wp\/v2\/comments?post=20570"}],"wp:featuredmedia":[{"embeddable":true,"href":"https:\/\/www.1kamagrauk.com\/fr\/wp-json\/wp\/v2\/media\/19688"}],"wp:attachment":[{"href":"https:\/\/www.1kamagrauk.com\/fr\/wp-json\/wp\/v2\/media?parent=20570"}],"wp:term":[{"taxonomy":"product_brand","embeddable":true,"href":"https:\/\/www.1kamagrauk.com\/fr\/wp-json\/wp\/v2\/product_brand?post=20570"},{"taxonomy":"product_cat","embeddable":true,"href":"https:\/\/www.1kamagrauk.com\/fr\/wp-json\/wp\/v2\/product_cat?post=20570"},{"taxonomy":"product_tag","embeddable":true,"href":"https:\/\/www.1kamagrauk.com\/fr\/wp-json\/wp\/v2\/product_tag?post=20570"}],"curies":[{"name":"wp","href":"https:\/\/api.w.org\/{rel}","templated":true}]}}