{"id":20547,"date":"2019-12-06T01:37:40","date_gmt":"2021-09-17T07:36:59","guid":{"rendered":"https:\/\/www.kamagrauk.com\/product\/100-mg-de-comprimes-durs"},"modified":"2021-09-17T08:49:53","modified_gmt":"2021-09-17T07:49:53","slug":"acheter-des-comprimes-durs","status":"publish","type":"product","link":"https:\/\/www.1kamagrauk.com\/fr\/acheter-des-comprimes-durs","title":{"rendered":"100 mg de comprim\u00e9s durs"},"content":{"rendered":"<h2>M\u00c9CANISME DE TRAVAIL ET INGR\u00c9DIENTS POUR COMPRIM\u00c9S DUR (100 mg)<\/h2>\n<p align=\"justify\">Formul\u00e9s par les laboratoires Aurochem, les comprim\u00e9s Buy Hard On contiennent du citrate de sild\u00e9nafil comme ingr\u00e9dient principal. Le m\u00e9dicament agit en aidant \u00e0 \u00e9largir les vaisseaux sanguins autour du p\u00e9nis, permettant \u00e0 plus de sang de circuler dans l&#8217;organe reproducteur, ce qui \u00e0 son tour entra\u00eene des \u00e9rections plus dures et plus grosses pendant la p\u00e9riode pendant laquelle le m\u00e9dicament reste actif dans le corps. Cependant, ce m\u00e9dicament n&#8217;agit que lorsque vous \u00eates stimul\u00e9 sexuellement pendant les rapports sexuels.<\/p>\n<p>Kamagra France vous offre une chance d&#8217;am\u00e9liorer votre sant\u00e9 sexuelle avec l&#8217;aide de Hard on Tablets Tablets. Ici, vous pouvez acheter Hard on Tablets \u00e0 un prix tr\u00e8s bon march\u00e9. Kamagra France se concentre toujours sur la bonne m\u00e9decine \u00e0 faible co\u00fbt, nous nous soucions toujours de votre sant\u00e9 et de votre argent.<\/p>\n<h2>CE QUE VOUS DEVEZ SAVOIR AVANT DE PRENDRE DU SILD\u00c9NAFIL DUR EN COMPRIM\u00c9S<\/h2>\n<ul>\n<li>\u00c9vitez de prendre ce m\u00e9dicament si vous prenez des nitrates ou d&#8217;autres m\u00e9dicaments contre la dysfonction \u00e9rectile<\/li>\n<li>Ne pas consommer si vous \u00eates allergique au sild\u00e9nafil ou \u00e0 tout autre ingr\u00e9dient de ces pilules<\/li>\n<li>Consultez un m\u00e9decin si vous avez de graves probl\u00e8mes cardiaques ou si vous avez des ant\u00e9c\u00e9dents de toxicomanie<\/li>\n<li>A \u00e9viter si vous souffrez d&#8217;an\u00e9mie falciforme, de leuc\u00e9mie (cancer des cellules sanguines)<\/li>\n<li>Ne les prenez pas si vous souffrez d&#8217;une d\u00e9formation du p\u00e9nis ou de la maladie de La Peyronie<\/li>\n<li>A \u00e9viter si vous avez un ulc\u00e8re \u00e0 l&#8217;estomac ou un probl\u00e8me de saignement (comme l&#8217;h\u00e9mophilie)<\/li>\n<li>Consultez votre m\u00e9decin si vous souffrez d&#8217;une maladie oculaire h\u00e9r\u00e9ditaire rare, la r\u00e9tinite pigmentaire.<\/li>\n<li>Ne pas prendre si vous avez eu un accident vasculaire c\u00e9r\u00e9bral ou une crise cardiaque ou si vous avez des probl\u00e8mes de foie et de poumon<\/li>\n<li>A \u00e9viter si vous avez d\u00e9j\u00e0 souffert du probl\u00e8me oculaire neuropathie optique isch\u00e9mique ant\u00e9rieure non art\u00e9ritique (NOIAN)<\/li>\n<\/ul>\n<h3>COMMENT PRENDRE BON MARCH\u00c9 SUR LES COMPRIM\u00c9S (100 mg) &#8211; Utilisation, dosage et conservation<\/h3>\n<ul>\n<li>Prenez toujours ce m\u00e9dicament exactement comme recommand\u00e9<\/li>\n<li>Ne le prenez pas plus d&#8217;une fois par p\u00e9riode de 24 heures<\/li>\n<li>Ne jamais d\u00e9passer la dose maximale de 100 mg car cela peut provoquer des effets secondaires dangereux<\/li>\n<li>Avalez le comprim\u00e9 entier avec un verre d&#8217;eau<\/li>\n<li>Prenez ce m\u00e9dicament au moins 30 \u00e0 45 minutes avant l&#8217;activit\u00e9 sexuelle pr\u00e9vue<\/li>\n<li>Ne le m\u00e9langez pas avec de l&#8217;alcool, des raisins, des repas copieux ou d&#8217;autres m\u00e9dicaments contre la dysfonction \u00e9rectile<\/li>\n<li>Rangez-le dans un endroit frais et sec loin de la port\u00e9e des animaux domestiques et des enfants<\/li>\n<\/ul>\n<h3>EFFETS SECONDAIRES POSSIBLES DE HARD ON PILLS DES Laboratoires Aurochem<\/h3>\n<p align=\"justify\"><strong>Les<\/strong><strong>effets secondaires courants peuvent inclure<\/strong> : des maux de t\u00eate, des rougeurs au visage, une indigestion et des probl\u00e8mes de vision tels qu&#8217;une coloration de la vision, une sensibilit\u00e9 \u00e0 la lumi\u00e8re, une vision floue ou une vision moins nette. D&#8217;autres effets secondaires peuvent inclure un nez bouch\u00e9 ou des \u00e9tourdissements.<\/p>\n<p align=\"justify\"><strong>Les<\/strong><strong>.<\/strong><strong>effets secondaires peu fr\u00e9quents peuvent inclure<\/strong>: vomissements, \u00e9ruption cutan\u00e9e, irritation des yeux, yeux inject\u00e9s de sang, vision double, sensation anormale dans les yeux, larmoiement, battements cardiaques irr\u00e9guliers ou battants, douleurs musculaires, vertiges, bourdonnements d&#8217;oreilles, naus\u00e9es, s\u00e9cheresse de la bouche, douleurs thoraciques et lassitude.<\/p>\n<p align=\"justify\"><strong>Effets<\/strong><strong>rares<\/strong> : hypertension art\u00e9rielle, hypotension art\u00e9rielle, \u00e9vanouissements, saignements de nez, diminution ou perte soudaine de l&#8217;audition et \u00e9rections douloureuses et prolong\u00e9es qui durent plus de 6 heures.<\/p>\n<p align=\"justify\"><strong>Si vous ressentez des effets secondaires rares et graves, il est important de consulter imm\u00e9diatement votre m\u00e9decin. <\/strong><\/p>\n","protected":false},"excerpt":{"rendered":"<p><strong>Hard On Tablets<\/strong> est un traitement au citrate de sild\u00e9nafil appartenant \u00e0 un groupe d&#8217;inhibiteurs de la phosphodiest\u00e9rase de type 5 (PDE 5). Il faut environ 20 \u00e0 30 minutes pour que ces comprim\u00e9s deviennent actifs et les effets positifs durent jusqu&#8217;\u00e0 6 heures dans le corps, permettant \u00e0 un homme d&#8217;obtenir une \u00e9rection ferme et de fonctionner efficacement pendant les rapports sexuels. Ils sont disponibles en comprim\u00e9s de 100 mg \u00e0 pleine puissance, ce qui garantit une efficacit\u00e9 maximale. Si une dose plus faible est requise, cela peut \u00eatre obtenu en divisant les comprim\u00e9s en deux.<\/p>\n","protected":false},"featured_media":19778,"comment_status":"open","ping_status":"closed","template":"","meta":{"_uag_custom_page_level_css":""},"product_brand":[],"product_cat":[218],"product_tag":[],"class_list":{"0":"post-20547","1":"product","2":"type-product","3":"status-publish","4":"has-post-thumbnail","6":"product_cat-kamagra-french-products","8":"first","9":"onbackorder","10":"taxable","11":"shipping-taxable","12":"purchasable","13":"product-type-simple"},"uagb_featured_image_src":{"full":["https:\/\/www.1kamagrauk.com\/wp-content\/uploads\/2019\/12\/100mg-Hard-ON-Tablets.jpg",400,400,false],"thumbnail":["https:\/\/www.1kamagrauk.com\/wp-content\/uploads\/2019\/12\/100mg-Hard-ON-Tablets-150x150.jpg",150,150,true],"medium":["https:\/\/www.1kamagrauk.com\/wp-content\/uploads\/2019\/12\/100mg-Hard-ON-Tablets-300x300.jpg",300,300,true],"medium_large":["https:\/\/www.1kamagrauk.com\/wp-content\/uploads\/2019\/12\/100mg-Hard-ON-Tablets.jpg",400,400,false],"large":["https:\/\/www.1kamagrauk.com\/wp-content\/uploads\/2019\/12\/100mg-Hard-ON-Tablets.jpg",400,400,false],"1536x1536":["https:\/\/www.1kamagrauk.com\/wp-content\/uploads\/2019\/12\/100mg-Hard-ON-Tablets.jpg",400,400,false],"2048x2048":["https:\/\/www.1kamagrauk.com\/wp-content\/uploads\/2019\/12\/100mg-Hard-ON-Tablets.jpg",400,400,false],"woocommerce_thumbnail":["https:\/\/www.1kamagrauk.com\/wp-content\/uploads\/2019\/12\/100mg-Hard-ON-Tablets-300x300.jpg",300,300,true],"woocommerce_single":["https:\/\/www.1kamagrauk.com\/wp-content\/uploads\/2019\/12\/100mg-Hard-ON-Tablets-300x300.jpg",300,300,true],"woocommerce_gallery_thumbnail":["https:\/\/www.1kamagrauk.com\/wp-content\/uploads\/2019\/12\/100mg-Hard-ON-Tablets-100x100.jpg",100,100,true]},"uagb_author_info":{"display_name":false,"author_link":"https:\/\/www.1kamagrauk.com\/fr\/author"},"uagb_comment_info":0,"uagb_excerpt":"Hard On Tablets est un traitement au citrate de sild\u00e9nafil appartenant \u00e0 un groupe d'inhibiteurs de la phosphodiest\u00e9rase de type 5 (PDE 5). Il faut environ 20 \u00e0 30 minutes pour que ces comprim\u00e9s deviennent actifs et les effets positifs durent jusqu'\u00e0 6 heures dans le corps, permettant \u00e0 un homme d'obtenir une \u00e9rection ferme&hellip;","_links":{"self":[{"href":"https:\/\/www.1kamagrauk.com\/fr\/wp-json\/wp\/v2\/product\/20547","targetHints":{"allow":["GET"]}}],"collection":[{"href":"https:\/\/www.1kamagrauk.com\/fr\/wp-json\/wp\/v2\/product"}],"about":[{"href":"https:\/\/www.1kamagrauk.com\/fr\/wp-json\/wp\/v2\/types\/product"}],"replies":[{"embeddable":true,"href":"https:\/\/www.1kamagrauk.com\/fr\/wp-json\/wp\/v2\/comments?post=20547"}],"wp:featuredmedia":[{"embeddable":true,"href":"https:\/\/www.1kamagrauk.com\/fr\/wp-json\/wp\/v2\/media\/19778"}],"wp:attachment":[{"href":"https:\/\/www.1kamagrauk.com\/fr\/wp-json\/wp\/v2\/media?parent=20547"}],"wp:term":[{"taxonomy":"product_brand","embeddable":true,"href":"https:\/\/www.1kamagrauk.com\/fr\/wp-json\/wp\/v2\/product_brand?post=20547"},{"taxonomy":"product_cat","embeddable":true,"href":"https:\/\/www.1kamagrauk.com\/fr\/wp-json\/wp\/v2\/product_cat?post=20547"},{"taxonomy":"product_tag","embeddable":true,"href":"https:\/\/www.1kamagrauk.com\/fr\/wp-json\/wp\/v2\/product_tag?post=20547"}],"curies":[{"name":"wp","href":"https:\/\/api.w.org\/{rel}","templated":true}]}}