{"id":20538,"date":"2019-12-07T03:10:10","date_gmt":"2019-12-07T02:10:10","guid":{"rendered":"https:\/\/www.kamagrauk.com\/product\/silagra"},"modified":"2021-09-24T13:16:49","modified_gmt":"2021-09-24T12:16:49","slug":"silagra-comprimes","status":"publish","type":"product","link":"https:\/\/www.1kamagrauk.com\/fr\/silagra-comprimes.htm","title":{"rendered":"Silagra"},"content":{"rendered":"<p align=\"justify\">La dysfonction \u00e9rectile ne conduit pas seulement \u00e0 un manque d&#8217;activit\u00e9 sexuelle, elle peut \u00e9galement ruiner votre relation. C&#8217;est pourquoi un m\u00e9dicament s\u00fbr et puissant est n\u00e9cessaire pour traiter la dysfonction \u00e9rectile (impuissance). Silagra Tablets est un m\u00e9dicament s\u00fbr et efficace pour le traitement des probl\u00e8mes d&#8217;\u00e9rection rencontr\u00e9s par les hommes et est universellement recommand\u00e9 par les m\u00e9decins et les chercheurs. Version g\u00e9n\u00e9rique du Viagra, il appartient \u00e0 un groupe de m\u00e9dicaments appel\u00e9s inhibiteurs de la phosphodiest\u00e9rase de type 5. Ce produit pr\u00e9sente certains avantages par rapport aux comprim\u00e9s ED similaires pour les raisons suivantes :<\/p>\n<ul>\n<li>Moins cher et tout aussi efficace que le Viagra classique<\/li>\n<li>Fonctionne en douceur pour traiter la dysfonction \u00e9rectile de mani\u00e8re s\u00fbre et efficace<\/li>\n<li>M\u00e9dicament approuv\u00e9 par la FDA essay\u00e9 et test\u00e9 par des millions d&#8217;hommes au fil des ans<\/li>\n<li>Fabriqu\u00e9 sous un contr\u00f4le de qualit\u00e9 strict par la soci\u00e9t\u00e9 renomm\u00e9e Cipla<\/li>\n<\/ul>\n<p>Kamagra France vous offre une chance d&#8217;am\u00e9liorer votre sant\u00e9 sexuelle avec l&#8217;aide des comprim\u00e9s de Silagra. Ici, vous pouvez acheter Silagra \u00e0 un prix tr\u00e8s bon march\u00e9. Kamagra France se concentre toujours sur la bonne m\u00e9decine \u00e0 faible co\u00fbt, nous nous soucions toujours de votre sant\u00e9 et de votre argent.<\/p>\n<h2>Silagra &#8211; COMMENT \u00c7A MARCHE ?<\/h2>\n<p align=\"justify\">Les comprim\u00e9s de Silagra deviennent efficaces dans les 30 \u00e0 40 minutes suivant leur consommation et restent efficaces pendant environ 6 heures. Il contient du citrate de sild\u00e9nafil qui agit en dilatant les vaisseaux sanguins du p\u00e9nis, ce qui permet \u00e0 plus de sang de circuler dans la zone p\u00e9nienne, vous permettant de maintenir des \u00e9rections plus dures et plus durables pour une activit\u00e9 sexuelle satisfaisante. Ce m\u00e9dicament, cependant, ne fonctionne que si vous \u00eates stimul\u00e9 sexuellement. Ne prenez pas plus d&#8217;un comprim\u00e9 par jour pour \u00e9viter les effets secondaires ind\u00e9sirables.<\/p>\n<h2>COMMENT UTILISER LES COMPRIM\u00c9S SILAGRA POUR UN MAXIMUM D&#8217;AVANTAGES<\/h2>\n<ul>\n<li>Avalez avec un verre d&#8217;eau 30 \u00e0 45 minutes avant l&#8217;activit\u00e9 sexuelle<\/li>\n<li>Ne pas combiner avec de l&#8217;alcool ou d&#8217;autres m\u00e9dicaments ED pour \u00e9viter les effets nocifs<\/li>\n<li>\u00c9vitez les repas gras avec ce m\u00e9dicament car cela peut r\u00e9duire son efficacit\u00e9<\/li>\n<li>Assurez-vous que vous \u00eates stimul\u00e9 sexuellement pour que ce m\u00e9dicament fonctionne<\/li>\n<li>Ne prenez pas ce m\u00e9dicament si aucune activit\u00e9 sexuelle n&#8217;est pr\u00e9vue<\/li>\n<li>Suivez toujours la posologie recommand\u00e9e pour lui permettre de fonctionner efficacement<\/li>\n<\/ul>\n<h2>MODE D&#8217;EMPLOI ET DE CONSERVATION<\/h2>\n<p align=\"justify\">La premi\u00e8re fois que Silagra est pris, essayez une dose initiale de 50 mg en divisant la pilule en deux. Si vous ne parvenez pas \u00e0 obtenir le r\u00e9sultat souhait\u00e9 avec 50 mg, augmentez la dose \u00e0 une pilule compl\u00e8te de 100 mg. Ne jamais d\u00e9passer la dose quotidienne maximale recommand\u00e9e de 100 mg pour \u00e9viter des effets secondaires suppl\u00e9mentaires. Gardez ce m\u00e9dicament hors de la port\u00e9e des enfants et des animaux domestiques et conservez-le dans un endroit frais et sec, \u00e0 l&#8217;abri de l&#8217;humidit\u00e9 et de la lumi\u00e8re directe du soleil.<\/p>\n<h3>EFFETS SECONDAIRES POSSIBLES des comprim\u00e9s de Silagra<\/h3>\n<p align=\"justify\">Bien que la plupart des hommes ne ressentent aucun effet secondaire grave avec les comprim\u00e9s de Silagra, ils peuvent parfois provoquer de l\u00e9gers effets ind\u00e9sirables, notamment de l\u00e9gers vertiges, des maux d&#8217;estomac, de l\u00e9g\u00e8res naus\u00e9es, un nez bouch\u00e9, une sensibilit\u00e9 \u00e0 la lumi\u00e8re vive, une teinte bleue de la vision, etc. Ces effets secondaires sont de nature l\u00e9g\u00e8re et diminuent en quelques heures. Les effets secondaires graves tels que des \u00e9rections prolong\u00e9es de plus de 4 heures, une perte de vision temporaire ou un changement de l&#8217;audition sont tr\u00e8s rares et, s&#8217;ils sont ressentis, n\u00e9cessitent des soins m\u00e9dicaux imm\u00e9diats.<\/p>\n<h3>MISES EN GARDE-QUI DEVRAIT \u00c9VITER LES COMPRIM\u00c9S DE SILAGRA ?<\/h3>\n<ul>\n<li>Ce m\u00e9dicament est d\u00e9conseill\u00e9 aux personnes souffrant d&#8217;hypotension ou d&#8217;hypertension<\/li>\n<li>A \u00e9viter si vous souffrez de neuropathie optique isch\u00e9mique ant\u00e9rieure non art\u00e9ritique (NOIAN)<\/li>\n<li>Ne pas utiliser si vous souffrez de r\u00e9tinite pigmentaire (une maladie oculaire grave)<\/li>\n<li>Ne prenez pas ce m\u00e9dicament si vous d\u00e9veloppez une allergie au citrate de sild\u00e9nafil<\/li>\n<li>Les personnes souffrant de probl\u00e8mes cardiaques, h\u00e9patiques et r\u00e9naux doivent d&#8217;abord consulter un m\u00e9decin.<\/li>\n<li>Il doit \u00eatre \u00e9vit\u00e9 par les personnes prenant des m\u00e9dicaments contenant des nitrates<\/li>\n<li>Ce n&#8217;est pas pour les femmes et les enfants, il ne devrait \u00eatre pris que par des hommes adultes<\/li>\n<\/ul>\n","protected":false},"excerpt":{"rendered":"<p>C&#8217;est l&#8217;alternative la moins ch\u00e8re des pilules bleues. Le co\u00fbt d&#8217;un comprim\u00e9 de 100 mg est moins cher que celui d&#8217;une pilule bleue de 100 mg. Il a la m\u00eame efficacit\u00e9 pour traiter la dysfonction \u00e9rectile : le citrate de sild\u00e9nafil. Il aide l&#8217;utilisateur \u00e0 maintenir une \u00e9rection dure pendant une dur\u00e9e durable.<\/p>\n","protected":false},"featured_media":19644,"comment_status":"open","ping_status":"closed","template":"","meta":{"_uag_custom_page_level_css":""},"product_brand":[],"product_cat":[218],"product_tag":[],"class_list":{"0":"post-20538","1":"product","2":"type-product","3":"status-publish","4":"has-post-thumbnail","6":"product_cat-kamagra-french-products","8":"first","9":"instock","10":"featured","11":"taxable","12":"shipping-taxable","13":"purchasable","14":"product-type-variable","15":"has-default-attributes"},"uagb_featured_image_src":{"full":["https:\/\/www.1kamagrauk.com\/wp-content\/uploads\/2019\/12\/Silagra-Tablets.jpg",400,400,false],"thumbnail":["https:\/\/www.1kamagrauk.com\/wp-content\/uploads\/2019\/12\/Silagra-Tablets-150x150.jpg",150,150,true],"medium":["https:\/\/www.1kamagrauk.com\/wp-content\/uploads\/2019\/12\/Silagra-Tablets-300x300.jpg",300,300,true],"medium_large":["https:\/\/www.1kamagrauk.com\/wp-content\/uploads\/2019\/12\/Silagra-Tablets.jpg",400,400,false],"large":["https:\/\/www.1kamagrauk.com\/wp-content\/uploads\/2019\/12\/Silagra-Tablets.jpg",400,400,false],"1536x1536":["https:\/\/www.1kamagrauk.com\/wp-content\/uploads\/2019\/12\/Silagra-Tablets.jpg",400,400,false],"2048x2048":["https:\/\/www.1kamagrauk.com\/wp-content\/uploads\/2019\/12\/Silagra-Tablets.jpg",400,400,false],"woocommerce_thumbnail":["https:\/\/www.1kamagrauk.com\/wp-content\/uploads\/2019\/12\/Silagra-Tablets-300x300.jpg",300,300,true],"woocommerce_single":["https:\/\/www.1kamagrauk.com\/wp-content\/uploads\/2019\/12\/Silagra-Tablets-300x300.jpg",300,300,true],"woocommerce_gallery_thumbnail":["https:\/\/www.1kamagrauk.com\/wp-content\/uploads\/2019\/12\/Silagra-Tablets-100x100.jpg",100,100,true]},"uagb_author_info":{"display_name":false,"author_link":"https:\/\/www.1kamagrauk.com\/fr\/author"},"uagb_comment_info":0,"uagb_excerpt":"C'est l'alternative la moins ch\u00e8re des pilules bleues. Le co\u00fbt d'un comprim\u00e9 de 100 mg est moins cher que celui d'une pilule bleue de 100 mg. Il a la m\u00eame efficacit\u00e9 pour traiter la dysfonction \u00e9rectile : le citrate de sild\u00e9nafil. Il aide l'utilisateur \u00e0 maintenir une \u00e9rection dure pendant une dur\u00e9e durable.","_links":{"self":[{"href":"https:\/\/www.1kamagrauk.com\/fr\/wp-json\/wp\/v2\/product\/20538","targetHints":{"allow":["GET"]}}],"collection":[{"href":"https:\/\/www.1kamagrauk.com\/fr\/wp-json\/wp\/v2\/product"}],"about":[{"href":"https:\/\/www.1kamagrauk.com\/fr\/wp-json\/wp\/v2\/types\/product"}],"replies":[{"embeddable":true,"href":"https:\/\/www.1kamagrauk.com\/fr\/wp-json\/wp\/v2\/comments?post=20538"}],"wp:featuredmedia":[{"embeddable":true,"href":"https:\/\/www.1kamagrauk.com\/fr\/wp-json\/wp\/v2\/media\/19644"}],"wp:attachment":[{"href":"https:\/\/www.1kamagrauk.com\/fr\/wp-json\/wp\/v2\/media?parent=20538"}],"wp:term":[{"taxonomy":"product_brand","embeddable":true,"href":"https:\/\/www.1kamagrauk.com\/fr\/wp-json\/wp\/v2\/product_brand?post=20538"},{"taxonomy":"product_cat","embeddable":true,"href":"https:\/\/www.1kamagrauk.com\/fr\/wp-json\/wp\/v2\/product_cat?post=20538"},{"taxonomy":"product_tag","embeddable":true,"href":"https:\/\/www.1kamagrauk.com\/fr\/wp-json\/wp\/v2\/product_tag?post=20538"}],"curies":[{"name":"wp","href":"https:\/\/api.w.org\/{rel}","templated":true}]}}