{"id":20472,"date":"2019-03-27T05:37:16","date_gmt":"2019-03-27T05:37:16","guid":{"rendered":"https:\/\/www.kamagrauk.com\/product\/kamagra-100-mg"},"modified":"2026-03-25T11:34:40","modified_gmt":"2026-03-25T10:34:40","slug":"kamagra-100mg","status":"publish","type":"product","link":"https:\/\/www.1kamagrauk.com\/fr\/kamagra-comprimes.htm","title":{"rendered":"Kamagra 100mg"},"content":{"rendered":"<h2><strong>Qu&#8217;est-ce que Kamagra 100mg UK ?<\/strong><\/h2>\n<p>Es ist auf der ganzen Welt als wirksame Behandlung f\u00fcr erektile Dysfunktion immens beliebt. Online Kamagra 100 mg UK wird mit der neuesten Technologie unter der Aufsicht erfahrener Forscher und Fachleute von Ajanta Pharma Ltd. hergestellt und von \u00c4rzten Patienten empfohlen, die keine gesunden Erektionen haben k\u00f6nnen. Mit zahlreichen online ver\u00f6ffentlichten Studien wurde festgestellt, dass M\u00e4nner, die diese Goldtabletten konsumierten, von lang anhaltenden Erektionen und befriedigendem Geschlechtsverkehr mit seltenen bis keinen Nebenwirkungen berichteten.<\/p>\n<p>Kamagra 100mg est formul\u00e9 \u00e0 partir d&#8217;ingr\u00e9dients de qualit\u00e9 test\u00e9e, le principal ingr\u00e9dient \u00e9tant le <strong>citrate de sild\u00e9nafil<\/strong>, qui est un puissant inhibiteur de la PDE-5. Avec cet ingr\u00e9dient, le m\u00e9dicament garantit d&#8217;augmenter le flux sanguin vers les organes g\u00e9nitaux chez les hommes et de favoriser une forte \u00e9rection. L&#8217;effet de la pilule de 100 mg reste dans le corps pendant 4 \u00e0 6 heures, mais certains rapports m\u00e9dicaux ont confirm\u00e9 que les avantages restent longtemps dans le corps. Pour profiter des avantages, une stimulation physique est requise dans les 20 \u00e0 60 minutes suivant la consommation du comprim\u00e9. Pour obtenir de meilleurs r\u00e9sultats, il est recommand\u00e9 d&#8217;\u00e9viter de consommer de l&#8217;alcool ou du jus de raisin. Si vous \u00eates allergique au citrate de sild\u00e9nafil ou \u00e0 tout autre ingr\u00e9dient contenu dans le comprim\u00e9 d&#8217;or, il est conseill\u00e9 de consulter votre m\u00e9decin au Royaume-Uni avant de prendre cette pilule.<\/p>\n<h3><strong>Wie Kamagra 100 mg Sildenafil wirkt<\/strong><\/h3>\n<p>Mit seiner auf Sildenafil Citrate basierenden Formulierung wirkt Kamagra 100mg im K\u00f6rper, indem es PDE5 (Phosphodiesterase) einschr\u00e4nkt. C&#8217;est une enzyme dans le corps qui d\u00e9compose essentiellement le cGMP, qui contr\u00f4le le flux sanguin vers le p\u00e9nis. En prenant soin de la guanosine monophosphate cyclique dans le corps caverneux, il en r\u00e9sulte un rel\u00e2chement musculaire et la promotion d&#8217;un flux sanguin accru vers les tissus spongieux des organes g\u00e9nitaux. Es wird haupts\u00e4chlich durch die Bindung von Stickoxid verursacht, das an Guanylatcyclase-Rezeptoren im Penis bindet. Plus le flux sanguin vers le p\u00e9nis, mieux les \u00e9rections, de cette fa\u00e7on gr\u00e2ce \u00e0 un flux sanguin am\u00e9lior\u00e9 et continu vers le p\u00e9nis pour une raison, le Kamagra 100mg assure des \u00e9rections meilleures et plus saines.<\/p>\n<h3 id=\"DS\"><strong>Kamagra 100 Dosierung <\/strong><\/h3>\n<p>Es muss gem\u00e4\u00df den Anweisungen eines zertifizierten Gesundheitsexperten konsumiert werden. Les hommes doivent toujours respecter la posologie prescrite pour profiter des meilleurs r\u00e9sultats possibles. Nehmen Sie nur 1 Tablette einmal am Tag ein \u00c9vitez l&#8217;abus ou la mauvaise utilisation de celui-ci. Si vous oubliez de prendre une dose de la journ\u00e9e, \u00e9vitez de prendre une double dose la prochaine fois. Cela peut provoquer des effets ind\u00e9sirables.<\/p>\n<p>Conservez ce m\u00e9dicament dans un endroit sec ou frais. Ce m\u00e9dicament contre la dysfonction \u00e9rectile doit \u00eatre tenu hors de la port\u00e9e des animaux domestiques ou des enfants<\/p>\n<h3><strong>Kamagra Tablets Lieferung am n\u00e4chsten Tag in Gro\u00dfbritannien<\/strong><\/h3>\n<p>Notre effort est d&#8217;atteindre la porte des acheteurs dans les 24 heures. Kamagra 100 Lieferung am n\u00e4chsten Tag in Gro\u00dfbritannien wurde haupts\u00e4chlich nur f\u00fcr diesen Zweck eingef\u00fchrt. Actuellement, en raison des consignes de confinement, nous ne livrons pas le lendemain dans plusieurs r\u00e9gions de la France. Cependant, vous avez toujours la possibilit\u00e9 de b\u00e9n\u00e9ficier des services de livraison express. Gr\u00e2ce \u00e0 ce service, vous pouvez vous attendre \u00e0 la livraison des m\u00e9dicaments dans les 3 \u00e0 5 jours \u00e0 votre adresse postale.<\/p>\n<h3><strong>Kamagra 100mg Nebenwirkungen<\/strong><\/h3>\n<p>Durch jahrelange Forschung und Tests wurde best\u00e4tigt, dass das angebotene Kamagra 100 mg absolut sicher in der Anwendung ist, aber in einigen F\u00e4llen k\u00f6nnen bei Patienten einige der Nebenwirkungen aufgrund ihres bestehenden Gesundheitszustands oder der Einnahme anderer Medikamente auftreten. En g\u00e9n\u00e9ral, les effets secondaires l\u00e9gers ne durent que quelques heures, mais s&#8217;ils persistent, consultez imm\u00e9diatement votre m\u00e9decin au Royaume-Uni.<\/p>\n<p>Die h\u00e4ufigsten Nebenwirkungen dieser Pillen sind Dehydration, die leicht durch eine erh\u00f6hte Wasseraufnahme behandelt werden kann. Parmi les autres effets secondaires b\u00e9nins, mentionnons les maux d&#8217;estomac, les maux de t\u00eate, les bouff\u00e9es vasomotrices, la vision floue, l&#8217;\u00e9coulement nasal, les \u00e9ruptions cutan\u00e9es, les maux de dos, les douleurs musculaires, les \u00e9tourdissements et les naus\u00e9es. Ces effets secondaires sont g\u00e9n\u00e9ralement observ\u00e9s au d\u00e9but de l&#8217;utilisation du m\u00e9dicament, car le corps met du temps \u00e0 s&#8217;adapter aux nouveaux ingr\u00e9dients.<\/p>\n<h3><strong>Effets secondaires graves (peu fr\u00e9quent)<\/strong><\/h3>\n<p>Les effets secondaires rares li\u00e9s \u00e0 la prise de Kamagra 100mg sont \u00e9num\u00e9r\u00e9s ci-dessous. Si vous ressentez l&#8217;un de ces effets, vous devez consulter votre m\u00e9decin ;<\/p>\n<ul>\n<li>Priapisme ; c&#8217;est une condition, dans laquelle l&#8217;\u00e9rection dure plus de 4 heures. Il s&#8217;agit d&#8217;un effet secondaire rare, mais lorsqu&#8217;il est ressenti, vous devez imm\u00e9diatement consulter un m\u00e9decin.<\/li>\n<li>Perte inattendue de la vision dans un ou les deux yeux. Elle peut \u00eatre li\u00e9e \u00e0 un probl\u00e8me oculaire appel\u00e9 neuropathie optique isch\u00e9mique ant\u00e9rieure non art\u00e9ritique (NOIAN).<\/li>\n<li>Diminution inattendue ou perte compl\u00e8te de la capacit\u00e9 auditive d&#8217;une des deux oreilles.<\/li>\n<li>Bourdonnement dans les oreilles (acouph\u00e8nes) ou vertiges<\/li>\n<li>Wenn Sie einige dieser Symptome haben, beenden Sie die Einnahme von Cobra 120 mg und wenden Sie sich sofort an einen Arzt.<\/li>\n<\/ul>\n<p><strong>Was sind Kamagra-Tabletten?<\/strong><\/p>\n<p>Kamagra Tablets 100mg are an FDA embraced oral medication for the treatment of erectile dysfunction in men. Les hommes qui luttent pour atteindre et maintenir une \u00e9rection pendant les rapports sexuels peuvent lui faire confiance pour rester debout et savourer une s\u00e9ance intime agr\u00e9able.<\/p>\n<p><strong>Wof\u00fcr werden Kamagra-Tabletten verwendet?<\/strong><\/p>\n<p>Les comprim\u00e9s de Kamagra 100mg sont principalement utilis\u00e9s pour \u00e9liminer les probl\u00e8mes d&#8217;\u00e9rection chez les hommes impuissants. Formul\u00e9 avec un \u00e9l\u00e9ment central appel\u00e9 citrate de sild\u00e9nafil, il lib\u00e8re une quantit\u00e9 suffisante de sang dans la partie reproductrice des m\u00e2les et leur permet de durcir lorsqu&#8217;ils sont physiquement excit\u00e9s pendant les rapports sexuels. Les hommes deviennent fermes dans la demi-heure qui suit la consommation et restent en \u00e9rection pendant toute la dur\u00e9e de l&#8217;acte sexuel. Ce comprim\u00e9 r\u00e9tablit le processus naturel d&#8217;\u00e9rection et rajeunit la vie sexuelle des hommes au Royaume-Uni.<\/p>\n<p><strong>Comment fonctionnent les comprim\u00e9s Kamagra 100 mg ?<\/strong><\/p>\n<p>Kamagra-Tabletten 100 mg bestehen aus einem starken Inhaltsstoff namens Sildenafil-Citrat. Cet \u00e9l\u00e9ment central stimule la circulation du sang dans la r\u00e9gion p\u00e9nienne des m\u00e2les et d\u00e9clenche une \u00e9rection forte et puissante. Il a un impact sur le fonctionnement des inhibiteurs de la PDE5 et am\u00e9liore l&#8217;effet b\u00e9n\u00e9fique du cGMP dans le corps caverneux, conduisant \u00e0 une \u00e9rection ferme et durable. Ce m\u00e9dicament doit \u00eatre pris environ une heure avant la s\u00e9ance intime pr\u00e9vue. Herk\u00f6mmliche Wirkungen von 100 mg sind 30 Minuten nach der Anwendung zu sehen und halten 4 bis 6 Stunden im K\u00f6rper an. Les hommes peuvent profiter d&#8217;une \u00e9rection soutenue, d&#8217;une p\u00e9n\u00e9tration plus douce et d&#8217;orgasmes multiples avec son utilisation prescrite.<\/p>\n<p><strong>Wie sind Kamagra 100 mg Tabletten einzunehmen?<\/strong><\/p>\n<p>Bevor Sie sich f\u00fcr die Einnahme von Kamagra 100 mg Tabletten entscheiden, ist eine vorherige Beratung mit einem Gesundheitsexperten erforderlich. Il doit \u00eatre aval\u00e9 avec un verre d&#8217;eau environ une heure avant l&#8217;acte sexuel pr\u00e9vu. Il peut \u00eatre pris avec ou sans nourriture, mais il est conseill\u00e9 de rester \u00e0 l&#8217;\u00e9cart de la consommation de repas gras lors de son utilisation. Un seul comprim\u00e9 doit \u00eatre utilis\u00e9 en 24 heures. N&#8217;oubliez pas que ce m\u00e9dicament ne doit \u00eatre pris que lorsque vous disposez de suffisamment de temps pour copuler.<\/p>\n<p><strong>Wie lange h\u00e4lt Kamagra 100 mg Tablette?<\/strong><\/p>\n<p>L&#8217;efficacit\u00e9 dure dans le corps des m\u00e2les pendant 4 \u00e0 6 heures. Pendant la p\u00e9riode, les hommes peuvent facilement atteindre et maintenir une \u00e9rection et exp\u00e9rimenter diff\u00e9rentes positions amoureuses. Kamagra 100mg am\u00e9liore la libido et l&#8217;endurance des hommes et leur offre une chance de profiter de rapports sexuels passionn\u00e9s.<\/p>\n<p><strong>Wo kann ich Kamagra 100 mg Tabletten kaufen?<\/strong><\/p>\n<p>Si vous prenez des m\u00e9dicaments contre la dysfonction \u00e9rectile pour la premi\u00e8re fois, vous devrez peut-\u00eatre rester tr\u00e8s prudent lors de l&#8217;achat de ce m\u00e9dicament. \u00c9vitez les sites Web ill\u00e9gaux et les magasins OTC pour acheter cette pilule am\u00e9liorant l&#8217;\u00e9rection. Zertifizierte Online-Apotheken mit schnellen Lieferservices in Gro\u00dfbritannien sollten bevorzugt Kamagra 100 mg Tabletten kaufen. En plus d&#8217;offrir un prix abordable et une passerelle de paiement s\u00e9curis\u00e9e pour des transactions en ligne s\u00e9curis\u00e9es, ils facilitent \u00e9galement la livraison plus rapide du m\u00e9dicament dans un paquet discret \u00e0 votre porte.<\/p>\n","protected":false},"excerpt":{"rendered":"<p>Es ist eine vielversprechende L\u00f6sung f\u00fcr M\u00e4nner, die unter erektiler Dysfunktion leiden. Der Online-Kauf von Kamagra 100 mg UK ist absolut sicher zu konsumieren und stellt sicher, dass es innerhalb von 20-30 Minuten nach dem Verzehr Vorteile bringt. Cependant, les b\u00e9n\u00e9fices peuvent \u00eatre observ\u00e9s apr\u00e8s une stimulation physique et pour de meilleurs r\u00e9sultats, vous pouvez acheter Kamagra 100mg Tablet en ligne au Royaume-Uni pour am\u00e9liorer le mode de vie \u00e9galement.<\/p>\n","protected":false},"featured_media":36294,"comment_status":"open","ping_status":"closed","template":"","meta":[],"product_brand":[],"product_cat":[218],"product_tag":[],"class_list":{"0":"post-20472","1":"product","2":"type-product","3":"status-publish","4":"has-post-thumbnail","6":"product_cat-kamagra-french-products","8":"first","9":"instock","10":"featured","11":"taxable","12":"shipping-taxable","13":"purchasable","14":"product-type-variable"},"_links":{"self":[{"href":"https:\/\/www.1kamagrauk.com\/fr\/wp-json\/wp\/v2\/product\/20472","targetHints":{"allow":["GET"]}}],"collection":[{"href":"https:\/\/www.1kamagrauk.com\/fr\/wp-json\/wp\/v2\/product"}],"about":[{"href":"https:\/\/www.1kamagrauk.com\/fr\/wp-json\/wp\/v2\/types\/product"}],"replies":[{"embeddable":true,"href":"https:\/\/www.1kamagrauk.com\/fr\/wp-json\/wp\/v2\/comments?post=20472"}],"wp:featuredmedia":[{"embeddable":true,"href":"https:\/\/www.1kamagrauk.com\/fr\/wp-json\/wp\/v2\/media\/36294"}],"wp:attachment":[{"href":"https:\/\/www.1kamagrauk.com\/fr\/wp-json\/wp\/v2\/media?parent=20472"}],"wp:term":[{"taxonomy":"product_brand","embeddable":true,"href":"https:\/\/www.1kamagrauk.com\/fr\/wp-json\/wp\/v2\/product_brand?post=20472"},{"taxonomy":"product_cat","embeddable":true,"href":"https:\/\/www.1kamagrauk.com\/fr\/wp-json\/wp\/v2\/product_cat?post=20472"},{"taxonomy":"product_tag","embeddable":true,"href":"https:\/\/www.1kamagrauk.com\/fr\/wp-json\/wp\/v2\/product_tag?post=20472"}],"curies":[{"name":"wp","href":"https:\/\/api.w.org\/{rel}","templated":true}]}}