{"id":20385,"date":"2019-12-10T01:56:27","date_gmt":"2019-12-10T00:56:27","guid":{"rendered":"https:\/\/www.kamagrauk.com\/product\/comprimes-de-tadalafil"},"modified":"2026-02-28T10:01:41","modified_gmt":"2026-02-28T09:01:41","slug":"tadalafil-soft-comprimes-htm","status":"publish","type":"product","link":"https:\/\/www.1kamagrauk.com\/fr\/tadalafil-soft-comprimes.htm","title":{"rendered":"Comprim\u00e9s de Tadalafil"},"content":{"rendered":"<h2>Comprim\u00e9s de tadalafil &#8211; Tableau d&#8217;informations<\/h2>\n<table width=\"100%\">\n<tbody>\n<tr>\n<th>Attribut<\/th>\n<th>Valeurs<\/th>\n<\/tr>\n<tr>\n<td>Dose<\/td>\n<td>20 mg<\/td>\n<\/tr>\n<tr>\n<td>Former<\/td>\n<td>Tablette mastiquables<\/td>\n<\/tr>\n<tr>\n<td>Fabricante<\/td>\n<td>Eli Lilly et compagnie<\/td>\n<\/tr>\n<tr>\n<td>Dur\u00e9e d&#8217;action<\/td>\n<td>Jusqu&#8217;\u00e0 36 heures<\/td>\n<\/tr>\n<tr>\n<td>Traitement d&#8217;action<\/td>\n<td>10-15 minutes<\/td>\n<\/tr>\n<tr>\n<td>Ingr\u00e9dient principal<\/td>\n<td>Tadalafil<\/td>\n<\/tr>\n<tr>\n<td>Emballage<\/td>\n<td>Cloche<\/td>\n<\/tr>\n<tr>\n<td>Effets secondaires courants<\/td>\n<td>Maux de t\u00eate, naus\u00e9es et indigestion<\/td>\n<\/tr>\n<\/tbody>\n<\/table>\n<h2>Acheter Tadalafil 20 mg sur kamagrauk en ligne en France<\/h2>\n<p>Sur Kamagrauk, la commande en ligne garantit aux patients du service d&#8217;urgence un produit de qualit\u00e9 sup\u00e9rieure \u00e0 un prix inf\u00e9rieur \u00e0 celui de n&#8217;importe quelle pharmacie physique. Cela permet aux acheteurs en ligne de gagner un temps et d&#8217;argent pr\u00e9cieux et de les prot\u00e9ger des produits contrefaits. Par cons\u00e9quent, acheter des comprim\u00e9s de Tadalafil 20 mg en ligne en France devrait \u00eatre l&#8217;option pr\u00e9f\u00e9r\u00e9e pour les hommes ayant une \u00e9rection flasque.<\/p>\n<h2>Posologie des comprim\u00e9s de tadalafil :<\/h2>\n<ul>\n<li>Envisagez de prendre du tadalafil au moins 30 minutes avant le plan de toute activit\u00e9 sexuelle.<\/li>\n<li>Tadalafil comprim\u00e9s est une version transmut\u00e9e des comprim\u00e9s durs normaux, prenez ce comprim\u00e9 \u00e0 raison de 20 mg \u00e0 chaque fois.<\/li>\n<li>Ce m\u00e9dicament peut \u00eatre aval\u00e9 avec de l&#8217;eau fra\u00eeche et peut \u00e9galement \u00eatre m\u00e2ch\u00e9 puis aval\u00e9.<\/li>\n<li>Laissez le m\u00e9dicament p\u00e9n\u00e9trer dans le syst\u00e8me apr\u00e8s la consommation, ce qui prend environ 10 \u00e0 15 minutes.<\/li>\n<li>Suite \u00e0 la consommation de ce m\u00e9dicament, vous pourriez ressentir une certaine tension dans l&#8217;organe, sur une stimulation appropri\u00e9e simultan\u00e9ment, l&#8217;individu peut obtenir une \u00e9rection solide.<\/li>\n<\/ul>\n<h2>Le stockage de Tadalafil Tablet<\/h2>\n<p>Le tadalafil doit \u00eatre conserv\u00e9 \u00e0 une temp\u00e9rature ambiante contr\u00f4l\u00e9e entre 15 et 30 degr\u00e9s Celsius dans un emballage herm\u00e9tiquement ferm\u00e9 et doit \u00eatre conserv\u00e9 \u00e0 l&#8217;abri de l&#8217;humidit\u00e9 et de la chaleur. Assurez-vous qu&#8217;il est hors de port\u00e9e des enfants et des animaux domestiques.<\/p>\n<h2>Tadalafil 20 mg livraison le lendemain en France<\/h2>\n<p>Toutes les commandes re\u00e7ues sur notre site sont trait\u00e9es le jour m\u00eame. Il vous suffit de s\u00e9lectionner la quantit\u00e9 de m\u00e9dicaments souhait\u00e9e et d&#8217;effectuer un paiement en ligne. Une fois le paiement cr\u00e9dit\u00e9 sur notre compte, nous exp\u00e9dions les m\u00e9dicaments au plus t\u00f4t par l&#8217;interm\u00e9diaire de nos partenaires de messagerie, au lieu de livraison pr\u00e9f\u00e9r\u00e9 des clients.<\/p>\n<p>Plusieurs options de paiement sous forme de Paypal, carte de cr\u00e9dit et carte de d\u00e9bit<\/p>\n<p>Plusieurs options sont disponibles pour les clients en ligne sous forme de carte de cr\u00e9dit\/carte de d\u00e9bit\/virement bancaire et Pay Pal pour effectuer un paiement en ligne sur notre site Web et acheter le m\u00e9dicament. Notre plateforme num\u00e9rique dispose d&#8217;une certification SSL 128 bits qui garantit des transactions en ligne s\u00e9curis\u00e9es.<\/p>\n<h2>Tadalafil 20 mg FAQ<\/h2>\n<h4>Comment fonctionne le Tadalafil ?<\/h4>\n<blockquote><p>Dans les 20 minutes apr\u00e8s sa consommation, les comprim\u00e9s commencent \u00e0 montrer son r\u00e9sultat avec une stimulation externe. Sa consommation est b\u00e9n\u00e9fique dans le traitement de la dysfonction \u00e9rectile et de l&#8217;impuissance en augmentant le flux sanguin vers les organes g\u00e9nitaux. Les muscles sanguins d\u00e9tendus favorisent une meilleure circulation sanguine vers les organes g\u00e9nitaux, ce qui aide \u00e0 atteindre et \u00e0 maintenir l&#8217;\u00e9rection pour une exp\u00e9rience sexuelle agr\u00e9able.<\/p><\/blockquote>\n<h4>O\u00f9 acheter du Tadalafil ?<\/h4>\n<blockquote><p>Les magasins pharmaceutiques en ligne tels que KamagraUK.com sont la meilleure destination pour acheter en ligne Tadalafil soft 20 mg. En plus d&#8217;offrir de v\u00e9ritables m\u00e9dicaments \u00e0 des prix abordables, nous proposons \u00e9galement une livraison rapide des m\u00e9dicaments au domicile des acheteurs dans un emballage discret.<\/p><\/blockquote>\n<h4>Tadalafil 20 mg combien de temps \u00e7a dure ?<\/h4>\n<blockquote><p>Tadalafil 20 mg devient efficace dans les 20 minutes apr\u00e8s la consommation et reste dynamique dans le corps des hommes pendant pr\u00e8s de 36 heures, leur offrant ainsi suffisamment de temps pour profiter de plusieurs s\u00e9ances orgasmiques.<\/p><\/blockquote>\n<h4>Qu&#8217;est-ce que le tadalafil ?<\/h4>\n<blockquote><p>Tadalafil soft 20 mg est un m\u00e9dicament approuv\u00e9 par la FDA pour le traitement de la dysfonction \u00e9rectile et de l&#8217;impuissance masculine. Son \u00e9l\u00e9ment principal, le Tadalafil, restaure le processus d&#8217;\u00e9rection naturel et offre une \u00e9rection saine et solide aux hommes pour des rapports sexuels satisfaisants.<\/p><\/blockquote>\n","protected":false},"excerpt":{"rendered":"<p>Tadalafil 20 mg est un m\u00e9dicament contre la dysfonction \u00e9rectile \u00e0 croquer approuv\u00e9 par la FDA qui offre une \u00e9rection instantan\u00e9e aux hommes dans les 15 \u00e0 20 minutes suivant son utilisation. Il restaure la fonction d&#8217;\u00e9rection chez les hommes et est tr\u00e8s populaire parmi les hommes \u00e2g\u00e9s qui d\u00e9testaient avaler des pilules et des comprim\u00e9s amers pour le traitement de la dysfonction \u00e9rectile. Tadalafil 20 mg se dissout facilement dans la bouche, est absorb\u00e9 dans le tractus gastro-intestinal et donne des r\u00e9sultats plus rapides que les comprim\u00e9s enrob\u00e9s. Notre boutique en ligne propose des comprim\u00e9s de Tadalafil 20 mg \u00e0 des prix abordables tout en visant \u00e0 ce qu&#8217;ils soient livr\u00e9s en toute s\u00e9curit\u00e9 uniquement entre les mains des patients qui ont command\u00e9 pour garder leurs informations en toute s\u00e9curit\u00e9.<\/p>\n","protected":false},"featured_media":19776,"comment_status":"open","ping_status":"closed","template":"","meta":{"_uag_custom_page_level_css":""},"product_brand":[],"product_cat":[218],"product_tag":[],"class_list":{"0":"post-20385","1":"product","2":"type-product","3":"status-publish","4":"has-post-thumbnail","6":"product_cat-kamagra-french-products","8":"first","9":"instock","10":"featured","11":"taxable","12":"shipping-taxable","13":"purchasable","14":"product-type-variable"},"uagb_featured_image_src":{"full":["https:\/\/www.1kamagrauk.com\/wp-content\/uploads\/2019\/12\/Tadalafil-Soft-Tablets-1.jpg",400,400,false],"thumbnail":["https:\/\/www.1kamagrauk.com\/wp-content\/uploads\/2019\/12\/Tadalafil-Soft-Tablets-1-150x150.jpg",150,150,true],"medium":["https:\/\/www.1kamagrauk.com\/wp-content\/uploads\/2019\/12\/Tadalafil-Soft-Tablets-1-300x300.jpg",300,300,true],"medium_large":["https:\/\/www.1kamagrauk.com\/wp-content\/uploads\/2019\/12\/Tadalafil-Soft-Tablets-1.jpg",400,400,false],"large":["https:\/\/www.1kamagrauk.com\/wp-content\/uploads\/2019\/12\/Tadalafil-Soft-Tablets-1.jpg",400,400,false],"1536x1536":["https:\/\/www.1kamagrauk.com\/wp-content\/uploads\/2019\/12\/Tadalafil-Soft-Tablets-1.jpg",400,400,false],"2048x2048":["https:\/\/www.1kamagrauk.com\/wp-content\/uploads\/2019\/12\/Tadalafil-Soft-Tablets-1.jpg",400,400,false],"woocommerce_thumbnail":["https:\/\/www.1kamagrauk.com\/wp-content\/uploads\/2019\/12\/Tadalafil-Soft-Tablets-1-300x300.jpg",300,300,true],"woocommerce_single":["https:\/\/www.1kamagrauk.com\/wp-content\/uploads\/2019\/12\/Tadalafil-Soft-Tablets-1-300x300.jpg",300,300,true],"woocommerce_gallery_thumbnail":["https:\/\/www.1kamagrauk.com\/wp-content\/uploads\/2019\/12\/Tadalafil-Soft-Tablets-1-100x100.jpg",100,100,true]},"uagb_author_info":{"display_name":false,"author_link":"https:\/\/www.1kamagrauk.com\/fr\/author"},"uagb_comment_info":1,"uagb_excerpt":"Tadalafil 20 mg est un m\u00e9dicament contre la dysfonction \u00e9rectile \u00e0 croquer approuv\u00e9 par la FDA qui offre une \u00e9rection instantan\u00e9e aux hommes dans les 15 \u00e0 20 minutes suivant son utilisation. Il restaure la fonction d'\u00e9rection chez les hommes et est tr\u00e8s populaire parmi les hommes \u00e2g\u00e9s qui d\u00e9testaient avaler des pilules et des&hellip;","_links":{"self":[{"href":"https:\/\/www.1kamagrauk.com\/fr\/wp-json\/wp\/v2\/product\/20385","targetHints":{"allow":["GET"]}}],"collection":[{"href":"https:\/\/www.1kamagrauk.com\/fr\/wp-json\/wp\/v2\/product"}],"about":[{"href":"https:\/\/www.1kamagrauk.com\/fr\/wp-json\/wp\/v2\/types\/product"}],"replies":[{"embeddable":true,"href":"https:\/\/www.1kamagrauk.com\/fr\/wp-json\/wp\/v2\/comments?post=20385"}],"wp:featuredmedia":[{"embeddable":true,"href":"https:\/\/www.1kamagrauk.com\/fr\/wp-json\/wp\/v2\/media\/19776"}],"wp:attachment":[{"href":"https:\/\/www.1kamagrauk.com\/fr\/wp-json\/wp\/v2\/media?parent=20385"}],"wp:term":[{"taxonomy":"product_brand","embeddable":true,"href":"https:\/\/www.1kamagrauk.com\/fr\/wp-json\/wp\/v2\/product_brand?post=20385"},{"taxonomy":"product_cat","embeddable":true,"href":"https:\/\/www.1kamagrauk.com\/fr\/wp-json\/wp\/v2\/product_cat?post=20385"},{"taxonomy":"product_tag","embeddable":true,"href":"https:\/\/www.1kamagrauk.com\/fr\/wp-json\/wp\/v2\/product_tag?post=20385"}],"curies":[{"name":"wp","href":"https:\/\/api.w.org\/{rel}","templated":true}]}}