{"id":20365,"date":"2019-12-10T01:59:19","date_gmt":"2021-09-16T11:15:57","guid":{"rendered":"https:\/\/www.kamagrauk.com\/product\/comprimes-tadoba"},"modified":"2021-09-17T11:14:40","modified_gmt":"2021-09-17T10:14:40","slug":"tadoba-comprimes-htm","status":"publish","type":"product","link":"https:\/\/www.1kamagrauk.com\/fr\/tadoba-comprimes.htm","title":{"rendered":"Comprim\u00e9s Tadoba"},"content":{"rendered":"<p align=\"justify\">Tadoba 20 mg est un m\u00e9dicament du nouvel \u00e2ge class\u00e9 dans le groupe de m\u00e9dicaments compos\u00e9s de la PDE 5. Tadoba est une marque d\u00e9pos\u00e9e pour le compos\u00e9 de tadalafil qui est un m\u00e9dicament scientifiquement approuv\u00e9 et cliniquement prouv\u00e9 pour le traitement de l&#8217;\u00e9rection faible ou du dysfonctionnement complet du p\u00e9nis. Le m\u00e9dicament est fabriqu\u00e9 par une soci\u00e9t\u00e9 pharmaceutique r\u00e9put\u00e9e nomm\u00e9e Yaanti Pharmaceuticals, situ\u00e9e en Inde. Comme l&#8217;ingr\u00e9dient actif du m\u00e9dicament est le tadalafil, une dose de 20 mg est id\u00e9ale pour obtenir une \u00e9rection durable.<\/p>\n<h2>Comment Tadalafil en France est-il facilement disponible en ligne via le nom commercial de Tadoba ?<\/h2>\n<p align=\"justify\">Le tadalafil en France est un compos\u00e9 l\u00e9galement accept\u00e9 qui agit sur les probl\u00e8mes \u00e9rectiles chez les hommes. Le seul probl\u00e8me est que les marques disponibles pour le tadalafil en France sont extr\u00eamement ch\u00e8res, ce qui emp\u00eache les gens d&#8217;acheter ce m\u00e9dicament. Mais, l&#8217;av\u00e8nement de cette nouvelle marque appel\u00e9e Tadoba, est un \u00e9chec parmi les autres marques ch\u00e8res en France pour les comprim\u00e9s de tadalafil. Le fabricant de Tadoba est connu pour ses strat\u00e9gies de production \u00e0 faible co\u00fbt incomparables dans la fabrication de m\u00e9dicaments de haute qualit\u00e9.<\/p>\n<p align=\"justify\">Il existe un cas similaire avec Tadoba 20mg, le m\u00e9dicament est un substitut des comprim\u00e9s de Cialis co\u00fbteux en France mais tout aussi efficace que ces derniers. Si nous parlons jusqu&#8217;\u00e0 il y a quelques ann\u00e9es, il \u00e9tait extr\u00eamement g\u00eanant d&#8217;acheter des m\u00e9dicaments \u00e0 base de tadalfil en raison du faible taux de production du m\u00e9dicament.<\/p>\n<p align=\"justify\">Le contraste entre une production moindre et une demande plus \u00e9lev\u00e9e de produits pharmaceutiques a entra\u00een\u00e9 une augmentation du co\u00fbt du tadalafil sur le march\u00e9 pharmaceutique de d\u00e9tail. Mais, il y a eu une bonne fortune pour les gens en France car certaines des marques pharmaceutiques asiatiques ont r\u00e9ussi \u00e0 entrer sur le march\u00e9 occidental et Tadoba est l&#8217;une de ces marques qui est indig\u00e8ne \u00e0 un fabricant pharmaceutique indien. Cependant, les comprim\u00e9s de marque Tadoba nouvellement enregistr\u00e9s (tadalafil) ne sont disponibles que dans les pharmacies en ligne comme la n\u00f4tre et les pharmacies conventionnelles continuent de tergiverser pour conserver les m\u00e9dicaments import\u00e9s dans leurs stocks.<\/p>\n<p align=\"justify\">N\u00e9anmoins, nous travaillons toujours de mani\u00e8re proactive pour servir nos clients et, par cons\u00e9quent, nous nous assurons que l&#8217;inventaire de ce m\u00e9dicament peu co\u00fbteux et efficace comme le tadalafil est toujours maintenu. Ainsi, vous n&#8217;auriez plus \u00e0 vous retenir pour acheter un m\u00e9dicament contre le dysfonctionnement \u00e9rectile en pensant aux prix \u00e9lev\u00e9s. Nous sommes disponibles pour vous aider \u00e0 r\u00e9soudre vos probl\u00e8mes sexuels via notre site Web qui fonctionne 24h\/24 et 7j\/7.<\/p>\n<h2>Conseils d&#8217;utilisation pour Tadoba 20mg<\/h2>\n<ul>\n<li>Il est recommand\u00e9 de prendre une dose unique de Tadoba 20 mg pour les patients ED avec de l&#8217;eau fra\u00eeche environ 30 minutes avant de planifier tout acte v\u00e9n\u00e9rien.<\/li>\n<li>Le m\u00e9dicament est strictement conseill\u00e9 aux patients atteints de dysfonction \u00e9rectile et les personnes qui ne sont pas officiellement diagnostiqu\u00e9es avec la dysfonction \u00e9rectile doivent cesser de prendre ce m\u00e9dicament PDE5.<\/li>\n<li>Apr\u00e8s la consommation de comprim\u00e9s de Tadoba, il est recommand\u00e9 d&#8217;appliquer une stimulation physique sur l&#8217;organe reproducteur.<\/li>\n<li>En raison de l&#8217;effet durable de ce m\u00e9dicament, il est conseill\u00e9 de prendre ce m\u00e9dicament lorsque vous avez au moins les 15 prochaines heures en main, cela est n\u00e9cessaire pour permettre au compos\u00e9 de s&#8217;\u00e9couler du syst\u00e8me. Cela \u00e9viterait la sensation impr\u00e9visible des \u00e9rections \u00e0 des moments \u00e9tranges.<\/li>\n<\/ul>\n<h2>Effets secondaires de Tadoba :<\/h2>\n<ul>\n<li>Maux de t\u00eate sporadiques<\/li>\n<li>Probl\u00e8me de digestion<\/li>\n<li>La naus\u00e9e<\/li>\n<\/ul>\n","protected":false},"excerpt":{"rendered":"<p>Tadoba 20 mg est un m\u00e9dicament du nouvel \u00e2ge class\u00e9 dans le groupe de m\u00e9dicaments inhibiteurs de la PDE 5. Tadoba est une marque d\u00e9pos\u00e9e pour le compos\u00e9 de tadalafil qui est un m\u00e9dicament scientifiquement approuv\u00e9 et cliniquement prouv\u00e9 pour le traitement de l&#8217;\u00e9rection faible ou du dysfonctionnement complet du p\u00e9nis. Le m\u00e9dicament est fabriqu\u00e9&#8230;<\/p>\n","protected":false},"featured_media":19696,"comment_status":"open","ping_status":"closed","template":"","meta":{"_uag_custom_page_level_css":""},"product_brand":[],"product_cat":[218],"product_tag":[],"class_list":{"0":"post-20365","1":"product","2":"type-product","3":"status-publish","4":"has-post-thumbnail","6":"product_cat-kamagra-french-products","8":"first","9":"instock","10":"taxable","11":"shipping-taxable","12":"product-type-simple"},"uagb_featured_image_src":{"full":["https:\/\/www.1kamagrauk.com\/wp-content\/uploads\/2019\/12\/Tadoba-Tablets.jpg",400,400,false],"thumbnail":["https:\/\/www.1kamagrauk.com\/wp-content\/uploads\/2019\/12\/Tadoba-Tablets-150x150.jpg",150,150,true],"medium":["https:\/\/www.1kamagrauk.com\/wp-content\/uploads\/2019\/12\/Tadoba-Tablets-300x300.jpg",300,300,true],"medium_large":["https:\/\/www.1kamagrauk.com\/wp-content\/uploads\/2019\/12\/Tadoba-Tablets.jpg",400,400,false],"large":["https:\/\/www.1kamagrauk.com\/wp-content\/uploads\/2019\/12\/Tadoba-Tablets.jpg",400,400,false],"1536x1536":["https:\/\/www.1kamagrauk.com\/wp-content\/uploads\/2019\/12\/Tadoba-Tablets.jpg",400,400,false],"2048x2048":["https:\/\/www.1kamagrauk.com\/wp-content\/uploads\/2019\/12\/Tadoba-Tablets.jpg",400,400,false],"woocommerce_thumbnail":["https:\/\/www.1kamagrauk.com\/wp-content\/uploads\/2019\/12\/Tadoba-Tablets-300x300.jpg",300,300,true],"woocommerce_single":["https:\/\/www.1kamagrauk.com\/wp-content\/uploads\/2019\/12\/Tadoba-Tablets-300x300.jpg",300,300,true],"woocommerce_gallery_thumbnail":["https:\/\/www.1kamagrauk.com\/wp-content\/uploads\/2019\/12\/Tadoba-Tablets-100x100.jpg",100,100,true]},"uagb_author_info":{"display_name":false,"author_link":"https:\/\/www.1kamagrauk.com\/fr\/author"},"uagb_comment_info":0,"uagb_excerpt":"Tadoba 20 mg est un m\u00e9dicament du nouvel \u00e2ge class\u00e9 dans le groupe de m\u00e9dicaments inhibiteurs de la PDE 5. Tadoba est une marque d\u00e9pos\u00e9e pour le compos\u00e9 de tadalafil qui est un m\u00e9dicament scientifiquement approuv\u00e9 et cliniquement prouv\u00e9 pour le traitement de l'\u00e9rection faible ou du dysfonctionnement complet du p\u00e9nis. Le m\u00e9dicament est fabriqu\u00e9...","_links":{"self":[{"href":"https:\/\/www.1kamagrauk.com\/fr\/wp-json\/wp\/v2\/product\/20365","targetHints":{"allow":["GET"]}}],"collection":[{"href":"https:\/\/www.1kamagrauk.com\/fr\/wp-json\/wp\/v2\/product"}],"about":[{"href":"https:\/\/www.1kamagrauk.com\/fr\/wp-json\/wp\/v2\/types\/product"}],"replies":[{"embeddable":true,"href":"https:\/\/www.1kamagrauk.com\/fr\/wp-json\/wp\/v2\/comments?post=20365"}],"wp:featuredmedia":[{"embeddable":true,"href":"https:\/\/www.1kamagrauk.com\/fr\/wp-json\/wp\/v2\/media\/19696"}],"wp:attachment":[{"href":"https:\/\/www.1kamagrauk.com\/fr\/wp-json\/wp\/v2\/media?parent=20365"}],"wp:term":[{"taxonomy":"product_brand","embeddable":true,"href":"https:\/\/www.1kamagrauk.com\/fr\/wp-json\/wp\/v2\/product_brand?post=20365"},{"taxonomy":"product_cat","embeddable":true,"href":"https:\/\/www.1kamagrauk.com\/fr\/wp-json\/wp\/v2\/product_cat?post=20365"},{"taxonomy":"product_tag","embeddable":true,"href":"https:\/\/www.1kamagrauk.com\/fr\/wp-json\/wp\/v2\/product_tag?post=20365"}],"curies":[{"name":"wp","href":"https:\/\/api.w.org\/{rel}","templated":true}]}}