{"id":20332,"date":"2019-12-10T02:05:39","date_gmt":"2019-12-10T01:05:39","guid":{"rendered":"https:\/\/www.kamagrauk.com\/product\/valif-20mg"},"modified":"2021-09-24T13:18:23","modified_gmt":"2021-09-24T12:18:23","slug":"valif-20mg-comprimes-htm","status":"publish","type":"product","link":"https:\/\/www.1kamagrauk.com\/fr\/valif-comprimes.htm","title":{"rendered":"Valif 20mg"},"content":{"rendered":"<h2>Achetez Vardenafil 20MG ou Valif 20MG en France et \u00e9vitez ces marques outrageusement ch\u00e8res<\/h2>\n<p align=\"justify\">Il n&#8217;est en aucun cas rationnel de d\u00e9bourser excessivement pour acheter un m\u00e9dicament anti-ED simplement parce que c&#8217;est une marque occidentale. Chez KamagraUK.com, nous avons plus d&#8217;une d\u00e9cennie d&#8217;exp\u00e9rience dans le commerce de produits pharmaceutiques et pr\u00e9f\u00e9rons pr\u00e9senter \u00e0 nos clients certains des m\u00e9dicaments les plus rentables pour traiter leurs troubles sexuels. Dans le cas de Valif 20mg, c&#8217;est la marque la plus \u00e9conomique pour Vardenafil en France, et c&#8217;est un produit de l&#8217;un des fabricants pharmaceutiques de premi\u00e8re ligne\u2014Ajanta Pharma Ltd. Ajanta est un fabricant bas\u00e9 en Inde, mais la plupart des m\u00e9dicaments formul\u00e9s pour traiter les maladies sexuelles et enregistr\u00e9s dans le monde sont des m\u00e9dicaments enregistr\u00e9s et autoris\u00e9s qui doivent leur origine \u00e0 Ajanta.<\/p>\n<p align=\"justify\">C&#8217;est donc une entreprise inattaquable qui fabrique des m\u00e9dicaments de haute qualit\u00e9 et approuv\u00e9s par la FDA. Mais, il est regrettable qu&#8217;une marque comme Valif en France ne soit pas facilement disponible aupr\u00e8s d&#8217;autres commer\u00e7ants de m\u00e9dicaments &#8211; la raison \u00e9tant que la plupart des commer\u00e7ants pharmaceutiques ne d\u00e9tiennent pas la licence pour importer un m\u00e9dicament non indig\u00e8ne comme Valif en France. Contrairement \u00e0 la plupart des autres pharmacies en ligne, nous travaillons avec diligence pour importer le m\u00e9dicament bon march\u00e9 \u00e0 base d&#8217;avanalif comme Valif 20mg et visons \u00e0 familiariser les gens avec ces m\u00e9dicaments abordables mais efficaces.<\/p>\n<p align=\"justify\">Vous pouvez acheter Vardenafil sous la marque Valif 20mg \u00e0 un prix remarquablement bas sur cette plateforme. Si nous comparons le prix de ce m\u00e9dicament de marque de Vardenafil avec d&#8217;autres marques, alors la plupart des prix des m\u00e9dicaments enregistr\u00e9s locaux sont presque dix fois plus \u00e9lev\u00e9s.<\/p>\n<h2>Valif 20MG est uniquement disponible en ligne en France<\/h2>\n<p align=\"justify\">Si vous \u00eates quelqu&#8217;un qui pr\u00e9f\u00e8re prendre un mot de pharmacien sur le m\u00e9dicament avant de l&#8217;acheter \u00e0 la pharmacie locale du centre-ville, alors vous seriez d\u00e9\u00e7u si vous y alliez acheter Valif en France. Valif 20mg ou Vardenafil n&#8217;est pas disponible \u00e0 la vente dans les pharmacies conventionnelles de France. Les pharmacies construites en brique et en mortier ont l&#8217;obligation l\u00e9gale de ne pas commercialiser ces m\u00e9dicaments import\u00e9s. Par cons\u00e9quent, choisir une pharmacie en ligne comme la n\u00f4tre pour acheter du Vard\u00e9nafil en France est la seule option pour vous. En fait, il s&#8217;agit d&#8217;un <strong>b\u00e9n\u00e9diction d\u00e9guis\u00e9e <\/strong>, vous n&#8217;avez plus besoin de vous rendre dans une clinique m\u00e9dicale \u00e0 chaque fois pour obtenir l&#8217;ordonnance, ce qui est un besoin in\u00e9vitable d&#8217;acheter ces m\u00e9dicaments contre le dysfonctionnement \u00e9rectile dans les pharmacies locales. Ici, vous pouvez acheter du vard\u00e9nafil en France sans ordonnance, cela vous \u00e9vite non seulement les tracas, mais vous permet \u00e9galement d&#8217;\u00e9conomiser beaucoup d&#8217;argent.<\/p>\n<h2>Mode d&#8217;emploi :<\/h2>\n<ul>\n<li>Ne prenez Valif 20mg que si vous \u00eates diagnostiqu\u00e9 avec des probl\u00e8mes \u00e9rectiles.<\/li>\n<li>Prenez une dose d&#8217;un comprim\u00e9 de Valif \u00e0 20 mg au moins 30 minutes avant de vous livrer \u00e0 une activit\u00e9 sexuelle.<\/li>\n<li>Envisagez de prendre un repas moyen avant de consommer ce m\u00e9dicament.<\/li>\n<li>A la consommation d&#8217;un comprim\u00e9 de valif 20mg, stimuler patiemment l&#8217;organe reproducteur.<\/li>\n<li>\u00c9vitez de d\u00e9passer une dose de 20 mg \u00e0 la fois, car cela pourrait avoir des effets n\u00e9gatifs.<\/li>\n<\/ul>\n<h2>Effets secondaires l\u00e9gers de Valif 20mg :<\/h2>\n<ul>\n<li>Mal de t\u00eate<\/li>\n<li>Vertiges<\/li>\n<li>Rin\u00e7age<\/li>\n<\/ul>\n","protected":false},"excerpt":{"rendered":"<p align=\"justify\">Valif 20mg est le nom commercial enregistr\u00e9 pour un compos\u00e9 m\u00e9dicinal appel\u00e9 Vardenafil par un fabricant pharmaceutique appel\u00e9 Ajanta Pharma Ltd. Valif 20mg ou Vardenafil en France est un m\u00e9dicament oral m\u00e9dicalement approuv\u00e9 qui est administr\u00e9 aux patients atteints de dysfonction \u00e9rectile (DE). Valif 20mg est la marque la moins ch\u00e8re disponible pour Vardenafil en France qui est import\u00e9e de la maison du fabricant par nous avec la possession d&#8217;une licence d&#8217;importation de m\u00e9dicaments. Une dose de 20 mg de ce m\u00e9dicament \u00e0 base de vard\u00e9nafil peut commencer \u00e0 agir sur les tissus \u00e9rectiles morts en seulement 10 minutes. Nous livrons le m\u00e9dicament dans un emballage discret \u00e0 votre porte et nous nous effor\u00e7ons d&#8217;aider nos clients en r\u00e9solvant leurs probl\u00e8mes sexuels.<\/p>\n","protected":false},"featured_media":19698,"comment_status":"open","ping_status":"closed","template":"","meta":[],"product_brand":[],"product_cat":[218],"product_tag":[],"class_list":{"0":"post-20332","1":"product","2":"type-product","3":"status-publish","4":"has-post-thumbnail","6":"product_cat-kamagra-french-products","8":"first","9":"instock","10":"featured","11":"taxable","12":"shipping-taxable","13":"purchasable","14":"product-type-variable"},"_links":{"self":[{"href":"https:\/\/www.1kamagrauk.com\/fr\/wp-json\/wp\/v2\/product\/20332","targetHints":{"allow":["GET"]}}],"collection":[{"href":"https:\/\/www.1kamagrauk.com\/fr\/wp-json\/wp\/v2\/product"}],"about":[{"href":"https:\/\/www.1kamagrauk.com\/fr\/wp-json\/wp\/v2\/types\/product"}],"replies":[{"embeddable":true,"href":"https:\/\/www.1kamagrauk.com\/fr\/wp-json\/wp\/v2\/comments?post=20332"}],"wp:featuredmedia":[{"embeddable":true,"href":"https:\/\/www.1kamagrauk.com\/fr\/wp-json\/wp\/v2\/media\/19698"}],"wp:attachment":[{"href":"https:\/\/www.1kamagrauk.com\/fr\/wp-json\/wp\/v2\/media?parent=20332"}],"wp:term":[{"taxonomy":"product_brand","embeddable":true,"href":"https:\/\/www.1kamagrauk.com\/fr\/wp-json\/wp\/v2\/product_brand?post=20332"},{"taxonomy":"product_cat","embeddable":true,"href":"https:\/\/www.1kamagrauk.com\/fr\/wp-json\/wp\/v2\/product_cat?post=20332"},{"taxonomy":"product_tag","embeddable":true,"href":"https:\/\/www.1kamagrauk.com\/fr\/wp-json\/wp\/v2\/product_tag?post=20332"}],"curies":[{"name":"wp","href":"https:\/\/api.w.org\/{rel}","templated":true}]}}