{"id":20294,"date":"2019-12-17T21:54:48","date_gmt":"2021-09-16T10:48:08","guid":{"rendered":"https:\/\/www.kamagrauk.com\/product\/gelee-orale-apcalis"},"modified":"2026-02-28T10:00:17","modified_gmt":"2026-02-28T09:00:17","slug":"gelee-orale-apcalis","status":"publish","type":"product","link":"https:\/\/www.1kamagrauk.com\/fr\/apcalis-oral-gelee.htm","title":{"rendered":"Gel\u00e9e Orale Apcalis"},"content":{"rendered":"<h2>Utilisation de gel\u00e9e orale Apcalis 20mg SX<\/h2>\n<p align=\"justify\">Apcalis Oral gel\u00e9e est compos\u00e9 de 20 mg de compos\u00e9 de Tadalafil, ce qui en fait un m\u00e9dicament tr\u00e8s efficace pour traiter l&#8217;impuissance masculine. Les effets formidables de ces m\u00e9dicaments peuvent durer jusqu&#8217;\u00e0 36 heures et cela donne plus de temps pour profiter de l&#8217;intimit\u00e9 physique.<\/p>\n<p align=\"justify\">20mg SX Apcalis gel\u00e9e agit en inhibant les enzymes cGMP qui restreignent le bon flux sanguin. Il stimule \u00e9galement la circulation sanguine dans la r\u00e9gion g\u00e9nitale et aide \u00e0 obtenir des \u00e9rections plus dures. La forme g\u00e9lifi\u00e9e de ce m\u00e9dicament se dissout rapidement et commence \u00e0 fonctionner dans les 20 \u00e0 30 minutes suivant l&#8217;ingestion.<\/p>\n<h3>Posologie et disponibilit\u00e9 d&#8217;Apcalis en France<\/h3>\n<p align=\"justify\">La dose recommand\u00e9e d&#8217;Apcalis SX 20mg Oral gel\u00e9e est d&#8217;une gel\u00e9e par jour. Il faut suivre strictement la posologie pour obtenir les meilleurs r\u00e9sultats possibles. Cependant, la posologie peut \u00eatre r\u00e9duite \u00e0 5 mg en fonction de l&#8217;efficacit\u00e9 des effets.<\/p>\n<p align=\"justify\">Ce m\u00e9dicament est fabriqu\u00e9 sous forme de gel\u00e9e et peut donc \u00eatre facilement aval\u00e9. C&#8217;est une aubaine pour les personnes qui ont du mal \u00e0 avaler un comprim\u00e9 et qui ne peuvent finalement pas traiter la dysfonction \u00e9rectile.<\/p>\n<p align=\"justify\">Ce m\u00e9dicament doit \u00eatre pris avec un verre d&#8217;eau au moins 20 \u00e0 30 minutes avant toute activit\u00e9 sexuelle pr\u00e9vue. Apcalis 20mg est disponible \u00e0 des prix abordables en France. Des services de livraison et d&#8217;exp\u00e9dition dignes de confiance par le fournisseur de m\u00e9dicaments sont tr\u00e8s avantageux. On peut obtenir ces m\u00e9dicaments facilement \u00e0 leur porte.<\/p>\n<h3>Pr\u00e9cautions pour Apcalis SX gel\u00e9e<\/h3>\n<p align=\"justify\">La dose recommand\u00e9e d&#8217;Apcalis SX Oral gel\u00e9e ne doit pas \u00eatre d\u00e9pass\u00e9e car elle peut entra\u00eener de graves complications pour la sant\u00e9.<\/p>\n<p align=\"justify\">Apcalis gel\u00e9e ne doit pas \u00eatre utilis\u00e9 en association avec d&#8217;autres m\u00e9dicaments sur ordonnance ou m\u00e9dicaments.<\/p>\n","protected":false},"excerpt":{"rendered":"<p>Un grand nombre d&#8217;hommes en France souffrent de dysfonction \u00e9rectile. Il est devenu assez difficile pour eux de divulguer le trouble et de rechercher un traitement appropri\u00e9. Ils trouvent m\u00eame assez difficile de le partager avec leur partenaire. Apcalis SX 20mg Oral gel\u00e9e est l&#8217;un de ces m\u00e9dicaments qui aident \u00e0 traiter efficacement la dysfonction \u00e9rectile ou l&#8217;impuissance masculine. Apcalis 20mg est compos\u00e9 de Tadalafil qui agit en \u00e9largissant les vaisseaux sanguins et en augmentant la circulation sanguine dans la r\u00e9gion p\u00e9nienne d&#8217;un corps masculin. Apcalis aide \u00e0 obtenir une \u00e9rection forte et durable afin que l&#8217;on puisse savourer un rapport sexuel sain avec son partenaire. Kamagra France vous offre une chance d&#8217;am\u00e9liorer votre sant\u00e9 sexuelle avec l&#8217;aide d&#8217;apcalis SX 20mg. Ici, vous pouvez acheter des apcalis en France \u00e0 un prix tr\u00e8s bon march\u00e9. Nous nous concentrons toujours sur la fourniture d&#8217;une bonne m\u00e9decine \u00e0 faible co\u00fbt. Nous nous soucions toujours de votre sant\u00e9 et de votre argent.<\/p>\n","protected":false},"featured_media":19768,"comment_status":"open","ping_status":"closed","template":"","meta":{"_uag_custom_page_level_css":""},"product_brand":[],"product_cat":[218],"product_tag":[],"class_list":{"0":"post-20294","1":"product","2":"type-product","3":"status-publish","4":"has-post-thumbnail","6":"product_cat-kamagra-french-products","8":"first","9":"instock","10":"featured","11":"taxable","12":"shipping-taxable","13":"purchasable","14":"product-type-variable","15":"has-default-attributes"},"uagb_featured_image_src":{"full":["https:\/\/www.1kamagrauk.com\/wp-content\/uploads\/2019\/12\/Apcalis-20mg-SX.jpg",400,400,false],"thumbnail":["https:\/\/www.1kamagrauk.com\/wp-content\/uploads\/2019\/12\/Apcalis-20mg-SX-150x150.jpg",150,150,true],"medium":["https:\/\/www.1kamagrauk.com\/wp-content\/uploads\/2019\/12\/Apcalis-20mg-SX-300x300.jpg",300,300,true],"medium_large":["https:\/\/www.1kamagrauk.com\/wp-content\/uploads\/2019\/12\/Apcalis-20mg-SX.jpg",400,400,false],"large":["https:\/\/www.1kamagrauk.com\/wp-content\/uploads\/2019\/12\/Apcalis-20mg-SX.jpg",400,400,false],"1536x1536":["https:\/\/www.1kamagrauk.com\/wp-content\/uploads\/2019\/12\/Apcalis-20mg-SX.jpg",400,400,false],"2048x2048":["https:\/\/www.1kamagrauk.com\/wp-content\/uploads\/2019\/12\/Apcalis-20mg-SX.jpg",400,400,false],"woocommerce_thumbnail":["https:\/\/www.1kamagrauk.com\/wp-content\/uploads\/2019\/12\/Apcalis-20mg-SX-300x300.jpg",300,300,true],"woocommerce_single":["https:\/\/www.1kamagrauk.com\/wp-content\/uploads\/2019\/12\/Apcalis-20mg-SX-300x300.jpg",300,300,true],"woocommerce_gallery_thumbnail":["https:\/\/www.1kamagrauk.com\/wp-content\/uploads\/2019\/12\/Apcalis-20mg-SX-100x100.jpg",100,100,true]},"uagb_author_info":{"display_name":false,"author_link":"https:\/\/www.1kamagrauk.com\/fr\/author"},"uagb_comment_info":1,"uagb_excerpt":"Un grand nombre d'hommes en France souffrent de dysfonction \u00e9rectile. Il est devenu assez difficile pour eux de divulguer le trouble et de rechercher un traitement appropri\u00e9. Ils trouvent m\u00eame assez difficile de le partager avec leur partenaire. Apcalis SX 20mg Oral gel\u00e9e est l'un de ces m\u00e9dicaments qui aident \u00e0 traiter efficacement la dysfonction&hellip;","_links":{"self":[{"href":"https:\/\/www.1kamagrauk.com\/fr\/wp-json\/wp\/v2\/product\/20294","targetHints":{"allow":["GET"]}}],"collection":[{"href":"https:\/\/www.1kamagrauk.com\/fr\/wp-json\/wp\/v2\/product"}],"about":[{"href":"https:\/\/www.1kamagrauk.com\/fr\/wp-json\/wp\/v2\/types\/product"}],"replies":[{"embeddable":true,"href":"https:\/\/www.1kamagrauk.com\/fr\/wp-json\/wp\/v2\/comments?post=20294"}],"wp:featuredmedia":[{"embeddable":true,"href":"https:\/\/www.1kamagrauk.com\/fr\/wp-json\/wp\/v2\/media\/19768"}],"wp:attachment":[{"href":"https:\/\/www.1kamagrauk.com\/fr\/wp-json\/wp\/v2\/media?parent=20294"}],"wp:term":[{"taxonomy":"product_brand","embeddable":true,"href":"https:\/\/www.1kamagrauk.com\/fr\/wp-json\/wp\/v2\/product_brand?post=20294"},{"taxonomy":"product_cat","embeddable":true,"href":"https:\/\/www.1kamagrauk.com\/fr\/wp-json\/wp\/v2\/product_cat?post=20294"},{"taxonomy":"product_tag","embeddable":true,"href":"https:\/\/www.1kamagrauk.com\/fr\/wp-json\/wp\/v2\/product_tag?post=20294"}],"curies":[{"name":"wp","href":"https:\/\/api.w.org\/{rel}","templated":true}]}}