{"id":20261,"date":"2019-12-17T22:13:50","date_gmt":"2021-09-16T10:30:35","guid":{"rendered":"https:\/\/www.kamagrauk.com\/product\/cialis"},"modified":"2023-06-13T13:36:05","modified_gmt":"2023-06-13T12:36:05","slug":"cialis-2","status":"publish","type":"product","link":"https:\/\/www.1kamagrauk.com\/fr\/cialis-comprimes.htm","title":{"rendered":"Cialis"},"content":{"rendered":"<p align=\"justify\">Juste apr\u00e8s l&#8217;expiration de la licence sur Cialis, une grande passerelle s&#8217;est ouverte pour d&#8217;autres marques de m\u00e9dicaments contre la dysfonction \u00e9rectile, qui sont \u00e9galement enregistr\u00e9es et approuv\u00e9es par la FDA pour le traitement de l&#8217;incapacit\u00e9 \u00e9rectile chez l&#8217;homme. Malgr\u00e9 le co\u00fbt \u00e9lev\u00e9 du Cialis, le m\u00e9dicament a toujours \u00e9t\u00e9 tr\u00e8s demand\u00e9 sur le march\u00e9 pharmaceutique de d\u00e9tail.<\/p>\n<h2>Disponibilit\u00e9 des comprim\u00e9s de Cialis en France<\/h2>\n<p align=\"justify\">Il n&#8217;y a pas si longtemps, les gens n&#8217;avaient la possibilit\u00e9 d&#8217;acheter des m\u00e9dicaments que dans les pharmacies physiques. Mais, au cours des derni\u00e8res ann\u00e9es, la transition du mod\u00e8le commercial des magasins de m\u00e9decine physique aux pharmacies en ligne a suscit\u00e9 un grand succ\u00e8s pour les d\u00e9taillants ainsi que pour les patients, qui pouvaient d\u00e9sormais s&#8217;approvisionner en m\u00e9dicaments dans les pharmacies en ligne tout en \u00e9tant confortablement install\u00e9s. de leurs maisons. Dans le cas d&#8217;un m\u00e9dicament oral comme le Cialis ou le tadalafil de marque, les demandeurs de ce m\u00e9dicament pourraient l&#8217;acheter en ligne en t\u00e9l\u00e9chargeant une ordonnance d&#8217;un m\u00e9decin agr\u00e9\u00e9. Ceux qui ont choisi d&#8217;acheter du Cialis en ligne ont peut-\u00eatre vu la diff\u00e9rence de co\u00fbt du m\u00e9dicament sur les plateformes en ligne et les pharmacies physiques conventionnelles, en raison des divers co\u00fbts suppl\u00e9mentaires que les magasins physiques ajoutent aux produits pour r\u00e9cup\u00e9rer leurs d\u00e9penses.<\/p>\n<h2>Vous pouvez bient\u00f4t acheter du Cialis pas cher sur notre plateforme<\/h2>\n<p align=\"justify\">Les personnes qui ont suffisamment lu sur l&#8217;efficacit\u00e9 du Cialis ou de l&#8217;ingr\u00e9dient actif du m\u00e9dicament tadalafil et qui ont besoin d&#8217;un m\u00e9dicament puissant comme celui-ci peuvent envisager d&#8217;acheter le Cialis g\u00e9n\u00e9rique sur notre plateforme. Apr\u00e8s de nombreuses recherches approfondies, notre \u00e9quipe de Kamagrauk.com a d\u00e9couvert que les usines de fabrication de produits pharmaceutiques qui produisent toujours du tadalafil g\u00e9n\u00e9rique, mais en raison de sa forme g\u00e9n\u00e9rique, tr\u00e8s peu de fournisseurs pharmaceutiques ont le pouvoir de commercialiser le m\u00e9dicament et le fournir directement aux clients sans le faire enregistrer sous un nom de marque.<\/p>\n<p>En raison de notre pers\u00e9v\u00e9rance sur une longue p\u00e9riode, Kamagrauk.com a obtenu ces certifications qui nous ont permis de nous procurer du Cialis g\u00e9n\u00e9rique ou du tadalafil aupr\u00e8s des fabricants et de les fournir en ligne aux patients au prix le plus bas.<\/p>\n<p><i><b>Note gentille <\/b>: Nous sommes actuellement en train d&#8217;ajouter Generic Cialis \u00e0 notre inventaire. En raison de la rigueur des services d&#8217;approbation pharmaceutique comme la FDA, la production de Cialis g\u00e9n\u00e9rique est limit\u00e9e. Pour cette raison, nous n&#8217;avons pas encore \u00e9t\u00e9 en mesure d&#8217;ajouter suffisamment de stock de m\u00e9dicament. Nous pr\u00e9voyons d&#8217;en proposer la version g\u00e9n\u00e9rique en ligne prochainement. Vous pouvez v\u00e9rifier les mises \u00e0 jour sur notre site Web \u00e0 intervalles r\u00e9guliers pour conna\u00eetre la disponibilit\u00e9 des comprim\u00e9s de Cialis g\u00e9n\u00e9rique. <\/i><\/p>\n<h3>L&#8217;alternative des comprim\u00e9s de Cialis<\/h3>\n<p align=\"justify\">Son efficacit\u00e9 sur la dysfonction \u00e9rectile (DE) est difficile \u00e0 surpasser, mais \u00e9tant dans le secteur pharmaceutique depuis plus d&#8217;une d\u00e9cennie, nous pouvons affirmer que vous pouvez trouver sur notre plateforme certains des m\u00e9dicaments anti-impuissance les plus efficaces qui peuvent vous presque les m\u00eames r\u00e9sultats que Cialis ferait.<\/p>\n<h3>Voici quelques alternatives aux comprim\u00e9s de Cialis que vous pouvez choisir pour restaurer la capacit\u00e9 \u00e9rectile :<\/h3>\n<ul>\n<li><a href=\"https:\/\/www.kamagrauk.com\/fr\/erectalis.htm\">Comprim\u00e9s Eriactalis <\/a>\u2014Il a \u00e9t\u00e9 cliniquement prouv\u00e9 que ce m\u00e9dicament a presque le m\u00eame effet sur la dysfonction \u00e9rectile que le Cialis. Les comprim\u00e9s d&#8217;Eriactalis sont compos\u00e9s de tadalafil ; le m\u00eame ingr\u00e9dient actif a \u00e9t\u00e9 utilis\u00e9 dans la composition de Cialis. Eriactalis a une dur\u00e9e de vie de 18 heures, ce qui fait de ce m\u00e9dicament une alternative fiable au Cialis.<\/li>\n<li><a href=\"https:\/\/www.kamagrauk.com\/fr\/apcalis-oral-gelee.htm\">Gel\u00e9e Orale Apcalis <\/a>\u2014La gel\u00e9e orale Apcalis est l&#8217;un de ces m\u00e9dicaments qui aide \u00e0 traiter efficacement la dysfonction \u00e9rectile ou l&#8217;impuissance masculine. Ces comprim\u00e9s sont compos\u00e9s de Tadalafil qui agit en \u00e9largissant les vaisseaux sanguins et en augmentant la circulation sanguine dans la r\u00e9gion p\u00e9nienne du corps masculin. Apcalis Oral Jelly aide \u00e0 obtenir une \u00e9rection forte et durable afin que l&#8217;on puisse savourer un rapport sexuel sain avec le partenaire.<\/li>\n<\/ul>\n","protected":false},"excerpt":{"rendered":"<p>Cialis est un nom de marque utilis\u00e9 par les fabricants de produits pharmaceutiques nomm\u00e9s Eli Lily and Company. La licence exclusive d\u00e9tenue par le fabricant de Cialis a expir\u00e9 le 14 novembre 2017, ce qui a mis fin au monopole sur le prix exorbitant du m\u00e9dicament.<br \/>\nCialis a \u00e9t\u00e9 enregistr\u00e9 dans la classe des inhibiteurs de la PDE-5 et a \u00e9t\u00e9 tr\u00e8s populaire en France pour son efficacit\u00e9 sur la dysfonction \u00e9rectile (DE). Les fabricants de Cialis ont choisi le compos\u00e9 m\u00e9dical le plus puissant comme ingr\u00e9dient actif : le tadalafil. Le tadalafil est l&#8217;un des quatre (le sild\u00e9nafil, le vard\u00e9nafil et l&#8217;avanafil sont les trois autres) ingr\u00e9dients m\u00e9dicaux scientifiquement approuv\u00e9s qui sont connus pour traiter les tissus \u00e9rectiles endommag\u00e9s de l&#8217;organe reproducteur masculin. Parmi les quatre m\u00e9dicaments oraux efficaces class\u00e9s comme traitement de premi\u00e8re intention, le tadalafil pr\u00e9vaut parmi les autres en raison de sa dur\u00e9e de vie plus \u00e9lev\u00e9e et de son apparition rapide dans la restauration des capacit\u00e9s \u00e9rectiles.<\/p>\n","protected":false},"featured_media":19760,"comment_status":"open","ping_status":"closed","template":"","meta":{"_uag_custom_page_level_css":""},"product_brand":[],"product_cat":[218],"product_tag":[],"class_list":{"0":"post-20261","1":"product","2":"type-product","3":"status-publish","4":"has-post-thumbnail","6":"product_cat-kamagra-french-products","8":"first","9":"outofstock","10":"taxable","11":"shipping-taxable","12":"purchasable","13":"product-type-simple"},"uagb_featured_image_src":{"full":["https:\/\/www.1kamagrauk.com\/wp-content\/uploads\/2019\/12\/Cialis-10mg-Tablets.jpg",400,400,false],"thumbnail":["https:\/\/www.1kamagrauk.com\/wp-content\/uploads\/2019\/12\/Cialis-10mg-Tablets-150x150.jpg",150,150,true],"medium":["https:\/\/www.1kamagrauk.com\/wp-content\/uploads\/2019\/12\/Cialis-10mg-Tablets-300x300.jpg",300,300,true],"medium_large":["https:\/\/www.1kamagrauk.com\/wp-content\/uploads\/2019\/12\/Cialis-10mg-Tablets.jpg",400,400,false],"large":["https:\/\/www.1kamagrauk.com\/wp-content\/uploads\/2019\/12\/Cialis-10mg-Tablets.jpg",400,400,false],"1536x1536":["https:\/\/www.1kamagrauk.com\/wp-content\/uploads\/2019\/12\/Cialis-10mg-Tablets.jpg",400,400,false],"2048x2048":["https:\/\/www.1kamagrauk.com\/wp-content\/uploads\/2019\/12\/Cialis-10mg-Tablets.jpg",400,400,false],"woocommerce_thumbnail":["https:\/\/www.1kamagrauk.com\/wp-content\/uploads\/2019\/12\/Cialis-10mg-Tablets-300x300.jpg",300,300,true],"woocommerce_single":["https:\/\/www.1kamagrauk.com\/wp-content\/uploads\/2019\/12\/Cialis-10mg-Tablets-300x300.jpg",300,300,true],"woocommerce_gallery_thumbnail":["https:\/\/www.1kamagrauk.com\/wp-content\/uploads\/2019\/12\/Cialis-10mg-Tablets-100x100.jpg",100,100,true]},"uagb_author_info":{"display_name":false,"author_link":"https:\/\/www.1kamagrauk.com\/fr\/author"},"uagb_comment_info":2,"uagb_excerpt":"Cialis est un nom de marque utilis\u00e9 par les fabricants de produits pharmaceutiques nomm\u00e9s Eli Lily and Company. La licence exclusive d\u00e9tenue par le fabricant de Cialis a expir\u00e9 le 14 novembre 2017, ce qui a mis fin au monopole sur le prix exorbitant du m\u00e9dicament. Cialis a \u00e9t\u00e9 enregistr\u00e9 dans la classe des inhibiteurs&hellip;","_links":{"self":[{"href":"https:\/\/www.1kamagrauk.com\/fr\/wp-json\/wp\/v2\/product\/20261","targetHints":{"allow":["GET"]}}],"collection":[{"href":"https:\/\/www.1kamagrauk.com\/fr\/wp-json\/wp\/v2\/product"}],"about":[{"href":"https:\/\/www.1kamagrauk.com\/fr\/wp-json\/wp\/v2\/types\/product"}],"replies":[{"embeddable":true,"href":"https:\/\/www.1kamagrauk.com\/fr\/wp-json\/wp\/v2\/comments?post=20261"}],"wp:featuredmedia":[{"embeddable":true,"href":"https:\/\/www.1kamagrauk.com\/fr\/wp-json\/wp\/v2\/media\/19760"}],"wp:attachment":[{"href":"https:\/\/www.1kamagrauk.com\/fr\/wp-json\/wp\/v2\/media?parent=20261"}],"wp:term":[{"taxonomy":"product_brand","embeddable":true,"href":"https:\/\/www.1kamagrauk.com\/fr\/wp-json\/wp\/v2\/product_brand?post=20261"},{"taxonomy":"product_cat","embeddable":true,"href":"https:\/\/www.1kamagrauk.com\/fr\/wp-json\/wp\/v2\/product_cat?post=20261"},{"taxonomy":"product_tag","embeddable":true,"href":"https:\/\/www.1kamagrauk.com\/fr\/wp-json\/wp\/v2\/product_tag?post=20261"}],"curies":[{"name":"wp","href":"https:\/\/api.w.org\/{rel}","templated":true}]}}