{"id":20207,"date":"2019-12-17T22:27:55","date_gmt":"2021-09-16T10:13:04","guid":{"rendered":"https:\/\/www.kamagrauk.com\/product\/erectalis-generique-tadalafil"},"modified":"2021-09-17T11:10:15","modified_gmt":"2021-09-17T10:10:15","slug":"erectalis-2","status":"publish","type":"product","link":"https:\/\/www.1kamagrauk.com\/fr\/erectalis.htm","title":{"rendered":"Erectalis-G\u00e9n\u00e9rique Tadalafil"},"content":{"rendered":"<h2>Comment Erectalis (Tadalafil g\u00e9n\u00e9rique) est efficace sur la dysfonction \u00e9rectile?<\/h2>\n<p align=\"justify\">De nombreux patients ED connaissent peut-\u00eatre d\u00e9j\u00e0 le citrate de sild\u00e9nafil, le compos\u00e9 qui entre dans la composition du \u00ab Viagra \u00bb. Assez similaire au sild\u00e9nafil, un compos\u00e9 m\u00e9dicinal appel\u00e9 Tadalafil. En France, est utilis\u00e9 dans la synth\u00e8se d&#8217;Erectalis. Mais, le tadalafil a \u00e9t\u00e9 d\u00e9velopp\u00e9 \u00e0 l&#8217;aide de produits chimiques synth\u00e9tiques diff\u00e9rents et plus puissants, ce qui a rendu le compos\u00e9 beaucoup plus puissant et efficace sur les tissus \u00e9rectiles fragiles.<\/p>\n<p>Le tadalafil utilis\u00e9 dans Erectalis agit sur l&#8217;\u00e9rection avec le d\u00e9lai le plus court parmi d&#8217;autres compos\u00e9s (citrate de sild\u00e9nafil, avanafil et vard\u00e9nafil) de la classe de m\u00e9dicaments inhibiteurs de la PDE 5. Dans des tests scientifiques, l&#8217;affirmation du d\u00e9couvreur du tadalafil a \u00e9t\u00e9 \u00e9tay\u00e9e et il a \u00e9t\u00e9 prouv\u00e9 dans les tests que le tadalafil est 5 fois plus puissant que le sild\u00e9nafil. Par exemple, si le sild\u00e9nafil 100 mg est efficace sur la dysfonction \u00e9rectile, la dose de 20 mg de tadalafil produit le m\u00eame effet.<\/p>\n<p>Avec les d\u00e9clarations corrobor\u00e9es de la FDA, le fabricant des comprim\u00e9s Erectalis approuve le m\u00e9dicament comme l&#8217;un des traitements les plus efficaces pour la fragilit\u00e9 des tissus \u00e9rectiles. Les comprim\u00e9s Erectalis se dissolvent dans la circulation sanguine en quelques minutes et une fois que le syst\u00e8me digestif a absorb\u00e9 les mol\u00e9cules du m\u00e9dicament, tout blocage ou obstruction dans les art\u00e8res du corps s&#8217;ouvre. Par la suite, le sang pomp\u00e9 par le c\u0153ur se pr\u00e9cipite dans les veines non obstru\u00e9es et atteint la r\u00e9gion du p\u00e9nis. L&#8217;ensemble de ce processus prend environ 10 \u00e0 15 minutes et, une fois que l&#8217;utilisateur du m\u00e9dicament ressent le toucher stimulant sur l&#8217;organe, il ressent une tension progressive dans le p\u00e9nis flasque. Sur une stimulation appropri\u00e9e, quelques instants plus tard, l&#8217;individu \u00e9prouve une \u00e9rection de roche dure.<\/p>\n<h2>Pourquoi Erectalis est la meilleure marque pour le Tadalafil g\u00e9n\u00e9rique ?<\/h2>\n<p align=\"justify\">Les r\u00e9sultats b\u00e9n\u00e9fiques du tadalafil sur la dysfonction \u00e9rectile sont mondialement reconnus et ce fait a encourag\u00e9 de nombreux fabricants de produits pharmaceutiques \u00e0 enregistrer la version g\u00e9n\u00e9rique du m\u00e9dicament sous leurs propres noms commerciaux. \u00c0 l&#8217;heure actuelle, les comprim\u00e9s de tadalafil sont commercialis\u00e9s sous plus de 7 noms commerciaux diff\u00e9rents. Mais, sur ces 7 marques commercialis\u00e9es, seules quelques-unes ont r\u00e9ussi \u00e0 obtenir la certification de la Food and Drug Administration (FDA). Erectalis est l&#8217;une des marques de tadalafil g\u00e9n\u00e9rique certifi\u00e9e par la FDA. Mais, la raison qui maintient Erectalis \u00e0 un cran sup\u00e9rieur parmi la liste des autres marques de tadalafil est l&#8217;abordabilit\u00e9. Les comprim\u00e9s Erectalis co\u00fbtent beaucoup moins cher que les autres marques et sont faciles d&#8217;acc\u00e8s sans ordonnance. Par cons\u00e9quent, les personnes touch\u00e9es par un trouble sexuel comme la dysfonction \u00e9rectile et qui ont confiance dans les m\u00e9dicaments inhibiteurs de la PDE5 peuvent acheter du tadalafil sous le nom commercial d&#8217;Erectalis en France. Mais, il faut toujours se rappeler que prendre la bonne dose de m\u00e9dicament est la cl\u00e9 pour des r\u00e9sultats optimaux. Vous pouvez acheter du tadalafil en France chez nous au potentiel de 20 mg et ne d\u00e9passerez en aucun cas cette dose. Un surdosage peut finir par causer un probl\u00e8me grave comme le priapisme.<\/p>\n","protected":false},"excerpt":{"rendered":"<p align=\"justify\">Vous avez des probl\u00e8mes dans la vie sexuelle ? Si vous \u00eates constamment \u00e0 la recherche d&#8217;une solution m\u00e9dicale s\u00fbre et efficace qui contribue \u00e0 am\u00e9liorer votre vie sexuelle. Le Tadalafil G\u00e9n\u00e9rique est un produit qui est devenu tr\u00e8s recherch\u00e9 comme une aide pr\u00e9cieuse dans ce d\u00e9partement. Identique \u00e0 la marque &#8220;Erectalis Tablets&#8221; contient le m\u00eame ingr\u00e9dient actif &#8211; &#8220;Tadalafil&#8221;. Apr\u00e8s une recherche et un d\u00e9veloppement approfondis, erectalis contient 20 mg de tadalafil, qui agit en dilatant les vaisseaux sanguins du p\u00e9nis. Le tadalafil a augment\u00e9 le flux sanguin vers le p\u00e9nis, ce qui a entra\u00een\u00e9 des \u00e9rections plus fortes et plus durables, permettant une vie sexuelle plus \u00e9panouie. Le tadalafil agit pendant 36 \u00e0 48 heures, offrant suffisamment de temps pour une activit\u00e9 sexuelle de mani\u00e8re d\u00e9tendue.<\/p>\n","protected":false},"featured_media":19766,"comment_status":"open","ping_status":"closed","template":"","meta":{"_uag_custom_page_level_css":""},"product_brand":[],"product_cat":[218],"product_tag":[],"class_list":{"0":"post-20207","1":"product","2":"type-product","3":"status-publish","4":"has-post-thumbnail","6":"product_cat-kamagra-french-products","8":"first","9":"onbackorder","10":"taxable","11":"shipping-taxable","12":"purchasable","13":"product-type-simple"},"uagb_featured_image_src":{"full":["https:\/\/www.1kamagrauk.com\/wp-content\/uploads\/2019\/12\/Erectalis-Tadalafil-Tablets.jpg",400,400,false],"thumbnail":["https:\/\/www.1kamagrauk.com\/wp-content\/uploads\/2019\/12\/Erectalis-Tadalafil-Tablets-150x150.jpg",150,150,true],"medium":["https:\/\/www.1kamagrauk.com\/wp-content\/uploads\/2019\/12\/Erectalis-Tadalafil-Tablets-300x300.jpg",300,300,true],"medium_large":["https:\/\/www.1kamagrauk.com\/wp-content\/uploads\/2019\/12\/Erectalis-Tadalafil-Tablets.jpg",400,400,false],"large":["https:\/\/www.1kamagrauk.com\/wp-content\/uploads\/2019\/12\/Erectalis-Tadalafil-Tablets.jpg",400,400,false],"1536x1536":["https:\/\/www.1kamagrauk.com\/wp-content\/uploads\/2019\/12\/Erectalis-Tadalafil-Tablets.jpg",400,400,false],"2048x2048":["https:\/\/www.1kamagrauk.com\/wp-content\/uploads\/2019\/12\/Erectalis-Tadalafil-Tablets.jpg",400,400,false],"woocommerce_thumbnail":["https:\/\/www.1kamagrauk.com\/wp-content\/uploads\/2019\/12\/Erectalis-Tadalafil-Tablets-300x300.jpg",300,300,true],"woocommerce_single":["https:\/\/www.1kamagrauk.com\/wp-content\/uploads\/2019\/12\/Erectalis-Tadalafil-Tablets-300x300.jpg",300,300,true],"woocommerce_gallery_thumbnail":["https:\/\/www.1kamagrauk.com\/wp-content\/uploads\/2019\/12\/Erectalis-Tadalafil-Tablets-100x100.jpg",100,100,true]},"uagb_author_info":{"display_name":false,"author_link":"https:\/\/www.1kamagrauk.com\/fr\/author"},"uagb_comment_info":0,"uagb_excerpt":"Vous avez des probl\u00e8mes dans la vie sexuelle ? Si vous \u00eates constamment \u00e0 la recherche d'une solution m\u00e9dicale s\u00fbre et efficace qui contribue \u00e0 am\u00e9liorer votre vie sexuelle. Le Tadalafil G\u00e9n\u00e9rique est un produit qui est devenu tr\u00e8s recherch\u00e9 comme une aide pr\u00e9cieuse dans ce d\u00e9partement. Identique \u00e0 la marque \"Erectalis Tablets\" contient le&hellip;","_links":{"self":[{"href":"https:\/\/www.1kamagrauk.com\/fr\/wp-json\/wp\/v2\/product\/20207","targetHints":{"allow":["GET"]}}],"collection":[{"href":"https:\/\/www.1kamagrauk.com\/fr\/wp-json\/wp\/v2\/product"}],"about":[{"href":"https:\/\/www.1kamagrauk.com\/fr\/wp-json\/wp\/v2\/types\/product"}],"replies":[{"embeddable":true,"href":"https:\/\/www.1kamagrauk.com\/fr\/wp-json\/wp\/v2\/comments?post=20207"}],"wp:featuredmedia":[{"embeddable":true,"href":"https:\/\/www.1kamagrauk.com\/fr\/wp-json\/wp\/v2\/media\/19766"}],"wp:attachment":[{"href":"https:\/\/www.1kamagrauk.com\/fr\/wp-json\/wp\/v2\/media?parent=20207"}],"wp:term":[{"taxonomy":"product_brand","embeddable":true,"href":"https:\/\/www.1kamagrauk.com\/fr\/wp-json\/wp\/v2\/product_brand?post=20207"},{"taxonomy":"product_cat","embeddable":true,"href":"https:\/\/www.1kamagrauk.com\/fr\/wp-json\/wp\/v2\/product_cat?post=20207"},{"taxonomy":"product_tag","embeddable":true,"href":"https:\/\/www.1kamagrauk.com\/fr\/wp-json\/wp\/v2\/product_tag?post=20207"}],"curies":[{"name":"wp","href":"https:\/\/api.w.org\/{rel}","templated":true}]}}