{"id":20194,"date":"2019-12-07T03:49:19","date_gmt":"2021-09-16T10:10:15","guid":{"rendered":"https:\/\/www.kamagrauk.com\/product\/caverne"},"modified":"2022-02-21T12:02:36","modified_gmt":"2022-02-21T11:02:36","slug":"caverta-comprimes","status":"publish","type":"product","link":"https:\/\/www.1kamagrauk.com\/fr\/caverta","title":{"rendered":"Caverta"},"content":{"rendered":"<h2>Usage g\u00e9n\u00e9ral Caverta Comprim\u00e9s<\/h2>\n<p>Le composant principal de Caverta est le sild\u00e9nafil. Le sild\u00e9nafil affecte la r\u00e9ponse \u00e0 la stimulation sexuelle. Il agit en am\u00e9liorant la relaxation des muscles lisses \u00e0 l&#8217;aide d&#8217;oxyde nitrique, un produit chimique normalement lib\u00e9r\u00e9 en r\u00e9ponse \u00e0 une stimulation sexuelle. Cette relaxation des muscles lisses permet une augmentation du flux sanguin dans certaines zones du p\u00e9nis, ce qui conduit \u00e0 une \u00e9rection. Le sild\u00e9nafil est utilis\u00e9 pour le traitement de la dysfonction \u00e9rectile (impuissance) chez les hommes et de l&#8217;hypertension art\u00e9rielle pulmonaire. Le sild\u00e9nafil peut \u00e9galement \u00eatre utilis\u00e9 \u00e0 d&#8217;autres fins non \u00e9num\u00e9r\u00e9es ci-dessus.<\/p>\n<p>Kamagra France vous offre une chance d&#8217;am\u00e9liorer votre sant\u00e9 sexuelle \u00e0 l&#8217;aide de ces comprim\u00e9s. Ici, vous pouvez acheter des comprim\u00e9s Caverta \u00e0 un prix tr\u00e8s bon march\u00e9. Kamagra France se concentre toujours sur la bonne m\u00e9decine \u00e0 faible co\u00fbt, nous nous soucions toujours de votre sant\u00e9 et de votre argent.<\/p>\n<p><strong> Posologie et mode d&#8217;emploi Caverta Comprim\u00e9s<\/strong><\/p>\n<p>Il vient en dosage de 100 mg, Caverta est pris environ 0,5 \u00e0 1 heure avant l&#8217;activit\u00e9 sexuelle. Ne prenez pas de Viagra plus d&#8217;une fois par jour. Un repas riche en graisses peut retarder l&#8217;effet de ce m\u00e9dicament. Essayez de ne pas manger de pamplemousse ou de boire de jus de pamplemousse pendant que vous \u00eates trait\u00e9 par Sild\u00e9nafil.<\/p>\n<p><strong> Pr\u00e9cautions \u00e0 prendre lors de la prise des comprim\u00e9s Caverta<\/strong><\/p>\n<p>Avant de commencer \u00e0 prendre Sild\u00e9nafil ( Comprim\u00e9s Caverta), informez votre m\u00e9decin ou votre pharmacien si vous y \u00eates allergique; ou si vous avez d&#8217;autres allergies. Les personnes \u00e2g\u00e9es peuvent \u00eatre plus sensibles aux effets secondaires du m\u00e9dicament. Contre-indications Caverta est contre-indiqu\u00e9 chez les patients prenant un autre m\u00e9dicament pour traiter l&#8217;impuissance ou utilisant un m\u00e9dicament \u00e0 base de nitrate pour les douleurs thoraciques ou les probl\u00e8mes cardiaques. Ce m\u00e9dicament ne doit pas \u00eatre pris par les femmes et les enfants ainsi que chez les patients pr\u00e9sentant une hypersensibilit\u00e9 connue \u00e0 l&#8217;un des composants du comprim\u00e9.<\/p>\n","protected":false},"excerpt":{"rendered":"<p>Caverta est un m\u00e9dicament efficace pour le traitement de la dysfonction \u00e9rectile. Une dose de 100 mg de comprim\u00e9s de caverta r\u00e9gule le flux sanguin dans la r\u00e9gion p\u00e9nienne et renforce les tissus \u00e9rectiles. Les personnes souffrant d&#8217;impuissance peuvent recourir \u00e0 ce m\u00e9dicament pour obtenir une \u00e9rection rapide avec peu de stimulation&#8230;<\/p>\n","protected":false},"featured_media":19656,"comment_status":"open","ping_status":"closed","template":"","meta":{"_uag_custom_page_level_css":""},"product_brand":[],"product_cat":[218],"product_tag":[],"class_list":{"0":"post-20194","1":"product","2":"type-product","3":"status-publish","4":"has-post-thumbnail","6":"product_cat-kamagra-french-products","8":"first","9":"instock","10":"featured","11":"taxable","12":"shipping-taxable","13":"purchasable","14":"product-type-variable","15":"has-default-attributes"},"uagb_featured_image_src":{"full":["https:\/\/www.1kamagrauk.com\/wp-content\/uploads\/2019\/12\/Caverta-Tablets.jpg",400,400,false],"thumbnail":["https:\/\/www.1kamagrauk.com\/wp-content\/uploads\/2019\/12\/Caverta-Tablets-150x150.jpg",150,150,true],"medium":["https:\/\/www.1kamagrauk.com\/wp-content\/uploads\/2019\/12\/Caverta-Tablets-300x300.jpg",300,300,true],"medium_large":["https:\/\/www.1kamagrauk.com\/wp-content\/uploads\/2019\/12\/Caverta-Tablets.jpg",400,400,false],"large":["https:\/\/www.1kamagrauk.com\/wp-content\/uploads\/2019\/12\/Caverta-Tablets.jpg",400,400,false],"1536x1536":["https:\/\/www.1kamagrauk.com\/wp-content\/uploads\/2019\/12\/Caverta-Tablets.jpg",400,400,false],"2048x2048":["https:\/\/www.1kamagrauk.com\/wp-content\/uploads\/2019\/12\/Caverta-Tablets.jpg",400,400,false],"woocommerce_thumbnail":["https:\/\/www.1kamagrauk.com\/wp-content\/uploads\/2019\/12\/Caverta-Tablets-300x300.jpg",300,300,true],"woocommerce_single":["https:\/\/www.1kamagrauk.com\/wp-content\/uploads\/2019\/12\/Caverta-Tablets-300x300.jpg",300,300,true],"woocommerce_gallery_thumbnail":["https:\/\/www.1kamagrauk.com\/wp-content\/uploads\/2019\/12\/Caverta-Tablets-100x100.jpg",100,100,true]},"uagb_author_info":{"display_name":false,"author_link":"https:\/\/www.1kamagrauk.com\/fr\/author"},"uagb_comment_info":0,"uagb_excerpt":"Caverta est un m\u00e9dicament efficace pour le traitement de la dysfonction \u00e9rectile. Une dose de 100 mg de comprim\u00e9s de caverta r\u00e9gule le flux sanguin dans la r\u00e9gion p\u00e9nienne et renforce les tissus \u00e9rectiles. Les personnes souffrant d'impuissance peuvent recourir \u00e0 ce m\u00e9dicament pour obtenir une \u00e9rection rapide avec peu de stimulation...","_links":{"self":[{"href":"https:\/\/www.1kamagrauk.com\/fr\/wp-json\/wp\/v2\/product\/20194","targetHints":{"allow":["GET"]}}],"collection":[{"href":"https:\/\/www.1kamagrauk.com\/fr\/wp-json\/wp\/v2\/product"}],"about":[{"href":"https:\/\/www.1kamagrauk.com\/fr\/wp-json\/wp\/v2\/types\/product"}],"replies":[{"embeddable":true,"href":"https:\/\/www.1kamagrauk.com\/fr\/wp-json\/wp\/v2\/comments?post=20194"}],"wp:featuredmedia":[{"embeddable":true,"href":"https:\/\/www.1kamagrauk.com\/fr\/wp-json\/wp\/v2\/media\/19656"}],"wp:attachment":[{"href":"https:\/\/www.1kamagrauk.com\/fr\/wp-json\/wp\/v2\/media?parent=20194"}],"wp:term":[{"taxonomy":"product_brand","embeddable":true,"href":"https:\/\/www.1kamagrauk.com\/fr\/wp-json\/wp\/v2\/product_brand?post=20194"},{"taxonomy":"product_cat","embeddable":true,"href":"https:\/\/www.1kamagrauk.com\/fr\/wp-json\/wp\/v2\/product_cat?post=20194"},{"taxonomy":"product_tag","embeddable":true,"href":"https:\/\/www.1kamagrauk.com\/fr\/wp-json\/wp\/v2\/product_tag?post=20194"}],"curies":[{"name":"wp","href":"https:\/\/api.w.org\/{rel}","templated":true}]}}