{"id":20103,"date":"2019-12-07T03:38:07","date_gmt":"2019-12-07T02:38:07","guid":{"rendered":"https:\/\/www.kamagrauk.com\/product\/aurogre"},"modified":"2026-02-28T10:09:19","modified_gmt":"2026-02-28T09:09:19","slug":"aurogra-professionnel","status":"publish","type":"product","link":"https:\/\/www.1kamagrauk.com\/fr\/aurogra-comprimes.htm","title":{"rendered":"Aurogra"},"content":{"rendered":"<h2>Qu&#8217;est-ce qu&#8217;Aurogra Tablets et comment cela fonctionne-t-il pour les patients ED ?<\/h2>\n<p class=\"hidemobile\" align=\"justify\">Il est synth\u00e9tis\u00e9 \u00e0 partir du citrate de sild\u00e9nafil et est class\u00e9 comme m\u00e9dicament traitant la dysfonction \u00e9rectile; il est formul\u00e9 pour att\u00e9nuer ou \u00e9liminer le probl\u00e8me de dysfonctionnement sexuel chez les hommes. C&#8217;est un inhibiteur de la PDE-5 qui augmente le niveau d&#8217;oxyde nitrique dans le corps, ce qui aide \u00e0 \u00e9liminer les blocages dans les vaisseaux sanguins autour de l&#8217;organe reproducteur masculin. En raison de l&#8217;augmentation du flux sanguin, la r\u00e9gion du p\u00e9nis re\u00e7oit \u00e9galement un apport suffisant d&#8217;oxyg\u00e8ne qui aide finalement \u00e0 ressusciter la virilit\u00e9.<\/p>\n<p align=\"justify\">Une \u00e9rection faible ou un dysfonctionnement complet peut conduire \u00e0 l&#8217;humiliation dans certaines relations. Un homme ressent toujours un pincement au c\u0153ur chaque fois que les gens se moquent et remettent en question sa virilit\u00e9. Ce m\u00e9dicament est formul\u00e9 pour traiter le probl\u00e8me de ces personnes et les aide \u00e0 r\u00e9tablir la confiance et la romance dans leur vie.<\/p>\n<p align=\"justify\">Des ann\u00e9es de R&amp;D et apr\u00e8s de nombreux tests scientifiques, les Laboratoires Aurochem (une soci\u00e9t\u00e9 pharmaceutique de renomm\u00e9e mondiale) ont r\u00e9ussi \u00e0 proposer ce m\u00e9dicament \u00e0 un prix assez \u00e9conomique. Les personnes souffrant d&#8217;Ed peuvent d\u00e9sormais l&#8217;acheter en remplacement de ces pilules bleues co\u00fbteuses.<\/p>\n<p>Kamagra UK vous offre une chance d&#8217;am\u00e9liorer votre sant\u00e9 sexuelle avec l&#8217;aide des comprim\u00e9s Aurogra. Ici, vous pouvez acheter des comprim\u00e9s Aurogra \u00e0 un prix tr\u00e8s bon march\u00e9. Kamagra UK se concentrant toujours sur la bonne m\u00e9decine \u00e0 faible co\u00fbt, nous nous soucions toujours de votre sant\u00e9 et de votre argent.<\/p>\n<h2>Pourquoi est-il moins cher que les autres m\u00e9dicaments contre le dysfonctionnement \u00e9rectile ?<\/h2>\n<p align=\"justify\">Eh bien, la raison pour laquelle ce m\u00e9dicament est moins cher que les m\u00e9dicaments de la m\u00eame classe de m\u00e9dicaments r\u00e9side dans la r\u00e9gion g\u00e9ographique de son fabricant. Aurogra bon march\u00e9 est fabriqu\u00e9 et emball\u00e9 en Inde, en Asie. Le seul fabricant de ce m\u00e9dicament est Aurochem Laboratories Pvt. Ltd. L&#8217;entreprise, ainsi que son laboratoire et son usine de fabrication, sont situ\u00e9s sur un terrain o\u00f9 le co\u00fbt de la majorit\u00e9 des ingr\u00e9dients m\u00e9dicaux est trois fois inf\u00e9rieur \u00e0 celui du Royaume-Uni. En outre, le co\u00fbt d&#8217;emballage et d&#8217;autres co\u00fbts divers sont consid\u00e9rablement moindres dans l&#8217;est. Tous ces facteurs s&#8217;ajoutent \u00e0 la raison pour laquelle ce m\u00e9dicament est commun\u00e9ment appel\u00e9 aurogra bon march\u00e9.<\/p>\n<h3>Pharmacies en ligne contre les pharmacies conventionnelles !<\/h3>\n<p align=\"justify\">Tout d&#8217;abord, l&#8217;offre de ce m\u00e9dicament est si rare au Royaume-Uni et dans le reste des pays occidentaux que de nombreuses pharmacies ignorent m\u00eame le nom de ce m\u00e9dicament. M\u00eame si vous obtenez ce m\u00e9dicament dans l&#8217;une des pharmacies haut de gamme du centre-ville, ils peuvent vous facturer des frais assez \u00e9lev\u00e9s. Aurogra en ligne, au contraire, est un moyen facile d&#8217;acc\u00e9der au m\u00e9dicament. Vous pouvez l&#8217;acheter dans diverses pharmacies en ligne et ces plateformes sont rarement en rupture de stock. Non seulement l&#8217;achat d&#8217;aurogra en ligne vous offre la commodit\u00e9 de vous procurer le m\u00e9dicament tout en \u00e9tant assis dans le confort de votre canap\u00e9, mais vous pouvez \u00e9galement b\u00e9n\u00e9ficier de diff\u00e9rentes offres de r\u00e9duction dans le temps si vous choisissez d&#8217;acheter en ligne aurogra.<\/p>\n<h3>Quelle est la posologie recommand\u00e9e des comprim\u00e9s Aurogra 100 mg?<\/h3>\n<p align=\"justify\">L&#8217;ingr\u00e9dient actif et principal de ce m\u00e9dicament rend m\u00eame une petite dose de 100 mg tr\u00e8s efficace pour traiter la dysfonction \u00e9rectile. Les personnes qui l&#8217;ach\u00e8tent doivent suivre les directives mentionn\u00e9es pour le dosage de ce m\u00e9dicament et ne doivent pas choisir arbitrairement la quantit\u00e9 de ce m\u00e9dicament. Un comprim\u00e9 de 100 mg est recommand\u00e9 30 minutes avant le plan de tout acte v\u00e9n\u00e9rien. Le d\u00e9but de ce m\u00e9dicament Ed \u00e9conomique est d&#8217;environ 15 \u00e0 20 minutes et son effet peut rester dans le syst\u00e8me pendant pr\u00e8s de 6 heures.<\/p>\n<h3>Quelques mesures de pr\u00e9caution avant de le prendre<\/h3>\n<p align=\"justify\">Ind\u00e9pendamment de la puissance \u00e9lev\u00e9e et de tous les effets positifs de ce m\u00e9dicament sur le dysfonctionnement d&#8217;un organe reproducteur masculin, il peut n\u00e9anmoins y avoir des r\u00e9percussions si vous d\u00e9fiez les directives recommand\u00e9es. En suivant ces mesures, vous pouvez \u00e9viter ces situations ind\u00e9sirables :<br \/>\nCe m\u00e9dicament ED est strictement destin\u00e9 aux hommes qui souffrent d&#8217;un dysfonctionnement faible ou complet de l&#8217;\u00e9rection p\u00e9nienne,<br \/>\nce m\u00e9dicament ne doit pas \u00eatre envisag\u00e9 \u00e0 des fins r\u00e9cr\u00e9atives.<\/p>\n<p>Prenez une pilule uniquement avec de l&#8217;eau fra\u00eeche. La consommation de ce m\u00e9dicament doit \u00eatre \u00e9vit\u00e9e avec toute autre boisson, en particulier l&#8217;alcool.<\/p>\n<p>La consommation simultan\u00e9e de tout aliment gras avec la consommation d&#8217;Aurogra doit \u00eatre \u00e9vit\u00e9e, car elle peut ralentir le processus de digestion du corps et retarder l&#8217;apparition du m\u00e9dicament.<\/p>\n<h3>Certains effets secondaires<\/h3>\n<p align=\"justify\">Certains effets secondaires notables de ce m\u00e9dicament sont les suivants :<\/p>\n<p>&#8211; Vertiges<br \/>\n&#8211; La naus\u00e9e<br \/>\n&#8211; Fluctuation de la pression art\u00e9rielle.<\/p>\n","protected":false},"excerpt":{"rendered":"<h2>Acheter des comprim\u00e9s Aurogra en ligne au Royaume-Uni<\/h2>\n<p>Comprim\u00e9s Aurogra &#8211; C&#8217;est l&#8217;un des m\u00e9dicaments les moins chers pour traiter la dysfonction \u00e9rectile. Les comprim\u00e9s Aurogra et les comprim\u00e9s Kamagra contiennent tous deux le m\u00eame ingr\u00e9dient \u00ab citrate de sild\u00e9nafil \u00bb. Les comprim\u00e9s Aurogra sont synth\u00e9tis\u00e9s \u00e0 partir de citrate de sild\u00e9nafil et sont class\u00e9s comme m\u00e9dicament pour le traitement de la dysfonction \u00e9rectile.<\/p>\n","protected":false},"featured_media":19650,"comment_status":"open","ping_status":"closed","template":"","meta":[],"product_brand":[],"product_cat":[218],"product_tag":[],"class_list":{"0":"post-20103","1":"product","2":"type-product","3":"status-publish","4":"has-post-thumbnail","6":"product_cat-kamagra-french-products","8":"first","9":"instock","10":"featured","11":"taxable","12":"shipping-taxable","13":"purchasable","14":"product-type-variable","15":"has-default-attributes"},"_links":{"self":[{"href":"https:\/\/www.1kamagrauk.com\/fr\/wp-json\/wp\/v2\/product\/20103","targetHints":{"allow":["GET"]}}],"collection":[{"href":"https:\/\/www.1kamagrauk.com\/fr\/wp-json\/wp\/v2\/product"}],"about":[{"href":"https:\/\/www.1kamagrauk.com\/fr\/wp-json\/wp\/v2\/types\/product"}],"replies":[{"embeddable":true,"href":"https:\/\/www.1kamagrauk.com\/fr\/wp-json\/wp\/v2\/comments?post=20103"}],"wp:featuredmedia":[{"embeddable":true,"href":"https:\/\/www.1kamagrauk.com\/fr\/wp-json\/wp\/v2\/media\/19650"}],"wp:attachment":[{"href":"https:\/\/www.1kamagrauk.com\/fr\/wp-json\/wp\/v2\/media?parent=20103"}],"wp:term":[{"taxonomy":"product_brand","embeddable":true,"href":"https:\/\/www.1kamagrauk.com\/fr\/wp-json\/wp\/v2\/product_brand?post=20103"},{"taxonomy":"product_cat","embeddable":true,"href":"https:\/\/www.1kamagrauk.com\/fr\/wp-json\/wp\/v2\/product_cat?post=20103"},{"taxonomy":"product_tag","embeddable":true,"href":"https:\/\/www.1kamagrauk.com\/fr\/wp-json\/wp\/v2\/product_tag?post=20103"}],"curies":[{"name":"wp","href":"https:\/\/api.w.org\/{rel}","templated":true}]}}