{"id":20088,"date":"2019-12-17T22:44:12","date_gmt":"2019-12-17T21:44:12","guid":{"rendered":"https:\/\/www.kamagrauk.com\/product\/viagra-feminin"},"modified":"2023-01-05T11:40:38","modified_gmt":"2023-01-05T10:40:38","slug":"lovegra-comprimes","status":"publish","type":"product","link":"https:\/\/www.1kamagrauk.com\/fr\/lovegra-comprimes.htm","title":{"rendered":"Viagra f\u00e9minin"},"content":{"rendered":"<h2>Comment fonctionne le Viagra f\u00e9minin ?<\/h2>\n<p align=\"justify\">Chaque comprim\u00e9 pellicul\u00e9 de Female Viagra (100 mg de Lovegra) contient un ingr\u00e9dient actif appel\u00e9 citrate de sild\u00e9nafil, qui est le m\u00eame ingr\u00e9dient utilis\u00e9 dans le comprim\u00e9 de marque, Viagra. Le comprim\u00e9 de Lovegra (Female Viagra) devient efficace dans les 45 minutes suivant sa consommation et agit en augmentant le flux sanguin et la sensibilit\u00e9 dans la r\u00e9gion vaginale. Ceci, \u00e0 son tour, conduit \u00e0 une lubrification naturelle accrue et \u00e0 un plaisir sexuel accru pendant les rapports sexuels, ce qui porte la satisfaction sexuelle \u00e0 un tout nouveau niveau. Chaque comprim\u00e9 de Lovegra contient 100 mg de citrate de sild\u00e9nafil et il est important de prendre le bon dosage afin d&#8217;\u00e9viter les effets secondaires ind\u00e9sirables.<\/p>\n<table border=\"1px\" align=\"center\">\n<tbody>\n<tr>\n<td>Nom du m\u00e9dicament :<\/td>\n<td>Viagra pas cher pour les femmes (Lovegra)<\/td>\n<\/tr>\n<tr>\n<td>Force de la tablette :<\/td>\n<td>100 mg<\/td>\n<\/tr>\n<tr>\n<td>Forfaits disponibles :<\/td>\n<td>20, 52, 100 comprim\u00e9s<\/td>\n<\/tr>\n<tr>\n<td>Meilleur prix:<\/td>\n<td>0,69 \u00a3 par comprim\u00e9<\/td>\n<\/tr>\n<tr>\n<td>Best-seller:<\/td>\n<td>100 comprim\u00e9s x 100 mg \u00e0 82.04 \u20ac<\/td>\n<\/tr>\n<tr>\n<td>Paiement :<\/td>\n<td>Virement<\/td>\n<\/tr>\n<tr>\n<td>Livraison:<\/td>\n<td>En France (3-5 jours), Hors France (10-15 jours)<\/td>\n<\/tr>\n<tr>\n<td>R\u00e9ception :<\/td>\n<td>Pas besoin<\/td>\n<\/tr>\n<\/tbody>\n<\/table>\n<p>&nbsp;<\/p>\n<h3>Achetez du Viagra f\u00e9minin en France dans notre pharmacie en ligne<\/h3>\n<p align=\"justify\">La plupart des pharmacies n&#8217;envisagent que le commerce de m\u00e9dicaments sexuels destin\u00e9s aux hommes. Face \u00e0 l&#8217;augmentation constante du handicap sexuel chez les femmes, nous avons int\u00e9gr\u00e9 les comprim\u00e9s de Lovegra dans notre inventaire, qui a \u00e9galement commenc\u00e9 \u00e0 \u00eatre connu sous le nom de Viagra f\u00e9minin en France. Lovegra ou Viagra f\u00e9minin en France, peut \u00eatre achet\u00e9 dans notre pharmacie en ligne via un processus de commande simple.<br \/>\nKamagra France vous offre une chance d&#8217;am\u00e9liorer votre sant\u00e9 sexuelle avec l&#8217;aide du Viagra f\u00e9minin (comprim\u00e9s Lovegra 100mg). Ici, vous pouvez acheter 100 mg de Viagra pour femmes (Lovegra) \u00e0 un prix tr\u00e8s bon march\u00e9. Kamagra France se concentre toujours sur la bonne m\u00e9decine \u00e0 faible co\u00fbt, nous prenons toujours soin de votre sant\u00e9 et de votre argent.<\/p>\n<h3>Comment utiliser le Viagra f\u00e9minin pour une s\u00e9curit\u00e9 et une efficacit\u00e9 maximales<\/h3>\n<ul>\n<li>N&#8217;utilisez pas d&#8217;alcool, car cela r\u00e9duirait l&#8217;efficacit\u00e9 de ce m\u00e9dicament.<\/li>\n<li>Ne pas combiner avec d&#8217;autres m\u00e9dicaments.<\/li>\n<li>Ne prenez ce m\u00e9dicament que lorsque l&#8217;activit\u00e9 sexuelle est planifi\u00e9e.<\/li>\n<li>\u00c9vitez les repas copieux et gras pour permettre \u00e0 ce m\u00e9dicament d&#8217;agir efficacement.<\/li>\n<li>Ce produit est destin\u00e9 aux femmes qui souhaitent augmenter le plaisir sexuel.<\/li>\n<li>La dose maximale recommand\u00e9e est g\u00e9n\u00e9ralement de 100 mg.<\/li>\n<li>Ne prenez pas plus d&#8217;un comprim\u00e9 dans les 24 heures.<\/li>\n<\/ul>\n<p>&nbsp;<\/p>\n<h4>Instructions pour le dosage du Viagra f\u00e9minin<\/h4>\n<p align=\"justify\">La posologie normale de (Lovegra) Female Viagra est de 100 mg. Les femmes prenant ce m\u00e9dicament ne doivent pas d\u00e9passer la dose recommand\u00e9e pour \u00e9viter les effets secondaires excessifs. Il est recommand\u00e9 de le prendre 30 \u00e0 45 minutes avant l&#8217;activit\u00e9 sexuelle et jamais plus d&#8217;une fois dans les 24 heures. Conservez toujours ce m\u00e9dicament dans un endroit frais et sec. Conserver dans un endroit hors de port\u00e9e des enfants et des animaux domestiques.<\/p>\n<h4>Les effets secondaires possibles<\/h4>\n<p align=\"justify\">Normalement, il ne provoque pas d&#8217;effets secondaires majeurs pour la plupart des femmes. Cependant, vous pouvez ressentir de l\u00e9gers maux de t\u00eate, des rougeurs au visage, une sensibilit\u00e9 \u00e0 la lumi\u00e8re, des naus\u00e9es, des maux d&#8217;estomac et un nez bouch\u00e9. Ces effets secondaires sont toujours de nature b\u00e9nigne et disparaissent en quelques heures. Si vous ressentez des effets secondaires majeurs, tels qu&#8217;une perte temporaire de la vision ou une d\u00e9ficience auditive, arr\u00eatez de prendre ce m\u00e9dicament et consultez imm\u00e9diatement votre m\u00e9decin.<\/p>\n<h4>Avertissements &#8211; Qui devrait \u00e9viter ?<\/h4>\n<ul>\n<li>Femmes enceintes et allaitantes.<\/li>\n<li>Ne le prenez pas avec des nitrates.<\/li>\n<li>Ne pas utiliser si vous souffrez d&#8217;une grave maladie cardiaque, r\u00e9nale ou h\u00e9patique.<\/li>\n<li>Les personnes ayant une pression art\u00e9rielle basse ou \u00e9lev\u00e9e ne doivent pas prendre ce produit.<\/li>\n<li>\u00c9vitez ce m\u00e9dicament si vous souffrez de dr\u00e9panocytose, de cancer des os ou d&#8217;an\u00e9mie.<\/li>\n<li>Ce produit n&#8217;est pas destin\u00e9 aux personnes de moins de 18 ans.<\/li>\n<li>Ne pas m\u00e9langer avec des m\u00e9dicaments utilis\u00e9s pour le traitement du VIH ou des infections fongiques.<\/li>\n<\/ul>\n<h3>Viagra pour femme Livraison le lendemain<\/h3>\n<p align=\"justify\">Nous comprenons que lorsque vous tombez sur cette pharmacie en ligne, vous pouvez trouver le prix bon march\u00e9 d&#8217;un m\u00e9dicament comme Lovegra suffisamment attrayant pour \u00eatre achet\u00e9 de toute urgence. Vous souhaiterez peut-\u00eatre rechercher une option comme la livraison du Viagra le lendemain, dans l&#8217;espoir de ressentir l&#8217;effet positif de ce m\u00e9dicament d\u00e8s que possible. Mais, vous devez savoir que pour une livraison des commandes le lendemain, les compagnies maritimes facturent un montant \u00e9norme, ce qui n&#8217;est pas une d\u00e9pense raisonnable. Compte tenu des frais d&#8217;exp\u00e9dition \u00e9lev\u00e9s \u00e0 la charge des clients pour leurs commandes, nous d\u00e9conseillons fortement ce choix et sugg\u00e9rons aux acheteurs de choisir le service de livraison normal. La livraison normale des comprim\u00e9s de Lovegra co\u00fbte peu et garantit que l&#8217;exp\u00e9dition parvienne au destinataire entre 3 et 5 jours.<\/p>\n<h3>Payer via PayPal<\/h3>\n<p align=\"justify\">Nous aimerions informer nos clients situ\u00e9s en Europe qu&#8217;ils peuvent d\u00e9sormais effectuer les paiements de leurs commandes via PayPal. La m\u00e9thode de paiement PayPal r\u00e9duit tous les tracas des virements bancaires internationaux et rend l&#8217;exp\u00e9rience d&#8217;achat pharmaceutique plus pratique. Le mode de paiement PayPal n&#8217;est pas encore disponible pour nos clients bas\u00e9s en France et ils continueront \u00e0 utiliser le &#8220;virement bancaire&#8221; comme mode de paiement pour leurs achats pharmaceutiques en ligne.<\/p>\n","protected":false},"excerpt":{"rendered":"<p>Le Viagra f\u00e9minin (Lovegra) est un m\u00e9dicament sp\u00e9cialis\u00e9 pour les femmes qui ravive le d\u00e9sir d&#8217;activit\u00e9 sexuelle. Lovegra est connu sous le nom de Viagra f\u00e9minin ou Viagra pour femmes en France, en raison de la similitude de l&#8217;ingr\u00e9dient actif pr\u00e9sent dans les deux m\u00e9dicaments. Ce Viagra f\u00e9minin (Lovegra) fonctionne de la m\u00eame mani\u00e8re que le Viagra de Pfizer pour les patients ED. Non seulement les hommes, les femmes sont \u00e9galement confront\u00e9s au probl\u00e8me sexuel dans la vie. Les statistiques actuelles indiquent qu&#8217;un plus grand nombre de femmes deviennent frigides par rapport aux hommes. La perte de la libido dans une vie conjugale peut \u00e9galement provoquer des turbulences \u00e9motionnelles, ce qui entra\u00eene souvent une s\u00e9paration et des dommages dans les relations. Les pilules Lovegra (Viagra) 100 mg sont la meilleure option pour satisfaire et traiter facilement ses probl\u00e8mes sexuels. Nous proposons des pilules de viagra (Lovegra) bon march\u00e9 avec un service de livraison rapide en France qui vous aident \u00e0 obtenir rapidement votre viagra (lovegra) le moins cher.<\/p>\n","protected":false},"featured_media":19750,"comment_status":"open","ping_status":"closed","template":"","meta":{"_uag_custom_page_level_css":""},"product_brand":[],"product_cat":[218],"product_tag":[],"class_list":{"0":"post-20088","1":"product","2":"type-product","3":"status-publish","4":"has-post-thumbnail","6":"product_cat-kamagra-french-products","8":"first","9":"instock","10":"featured","11":"taxable","12":"shipping-taxable","13":"purchasable","14":"product-type-variable","15":"has-default-attributes"},"uagb_featured_image_src":{"full":["https:\/\/www.1kamagrauk.com\/wp-content\/uploads\/2019\/12\/Lovegra-Tablets.jpg",500,500,false],"thumbnail":["https:\/\/www.1kamagrauk.com\/wp-content\/uploads\/2019\/12\/Lovegra-Tablets-150x150.jpg",150,150,true],"medium":["https:\/\/www.1kamagrauk.com\/wp-content\/uploads\/2019\/12\/Lovegra-Tablets-300x300.jpg",300,300,true],"medium_large":["https:\/\/www.1kamagrauk.com\/wp-content\/uploads\/2019\/12\/Lovegra-Tablets.jpg",500,500,false],"large":["https:\/\/www.1kamagrauk.com\/wp-content\/uploads\/2019\/12\/Lovegra-Tablets.jpg",500,500,false],"1536x1536":["https:\/\/www.1kamagrauk.com\/wp-content\/uploads\/2019\/12\/Lovegra-Tablets.jpg",500,500,false],"2048x2048":["https:\/\/www.1kamagrauk.com\/wp-content\/uploads\/2019\/12\/Lovegra-Tablets.jpg",500,500,false],"woocommerce_thumbnail":["https:\/\/www.1kamagrauk.com\/wp-content\/uploads\/2019\/12\/Lovegra-Tablets-300x300.jpg",300,300,true],"woocommerce_single":["https:\/\/www.1kamagrauk.com\/wp-content\/uploads\/2019\/12\/Lovegra-Tablets-300x300.jpg",300,300,true],"woocommerce_gallery_thumbnail":["https:\/\/www.1kamagrauk.com\/wp-content\/uploads\/2019\/12\/Lovegra-Tablets-100x100.jpg",100,100,true]},"uagb_author_info":{"display_name":false,"author_link":"https:\/\/www.1kamagrauk.com\/fr\/author"},"uagb_comment_info":1,"uagb_excerpt":"Le Viagra f\u00e9minin (Lovegra) est un m\u00e9dicament sp\u00e9cialis\u00e9 pour les femmes qui ravive le d\u00e9sir d'activit\u00e9 sexuelle. Lovegra est connu sous le nom de Viagra f\u00e9minin ou Viagra pour femmes en France, en raison de la similitude de l'ingr\u00e9dient actif pr\u00e9sent dans les deux m\u00e9dicaments. Ce Viagra f\u00e9minin (Lovegra) fonctionne de la m\u00eame mani\u00e8re que&hellip;","_links":{"self":[{"href":"https:\/\/www.1kamagrauk.com\/fr\/wp-json\/wp\/v2\/product\/20088","targetHints":{"allow":["GET"]}}],"collection":[{"href":"https:\/\/www.1kamagrauk.com\/fr\/wp-json\/wp\/v2\/product"}],"about":[{"href":"https:\/\/www.1kamagrauk.com\/fr\/wp-json\/wp\/v2\/types\/product"}],"replies":[{"embeddable":true,"href":"https:\/\/www.1kamagrauk.com\/fr\/wp-json\/wp\/v2\/comments?post=20088"}],"wp:featuredmedia":[{"embeddable":true,"href":"https:\/\/www.1kamagrauk.com\/fr\/wp-json\/wp\/v2\/media\/19750"}],"wp:attachment":[{"href":"https:\/\/www.1kamagrauk.com\/fr\/wp-json\/wp\/v2\/media?parent=20088"}],"wp:term":[{"taxonomy":"product_brand","embeddable":true,"href":"https:\/\/www.1kamagrauk.com\/fr\/wp-json\/wp\/v2\/product_brand?post=20088"},{"taxonomy":"product_cat","embeddable":true,"href":"https:\/\/www.1kamagrauk.com\/fr\/wp-json\/wp\/v2\/product_cat?post=20088"},{"taxonomy":"product_tag","embeddable":true,"href":"https:\/\/www.1kamagrauk.com\/fr\/wp-json\/wp\/v2\/product_tag?post=20088"}],"curies":[{"name":"wp","href":"https:\/\/api.w.org\/{rel}","templated":true}]}}