{"id":20078,"date":"2019-12-07T03:27:30","date_gmt":"2021-09-16T09:07:10","guid":{"rendered":"https:\/\/www.kamagrauk.com\/product\/vilafinil-comprimes-200-mg"},"modified":"2021-09-17T11:17:22","modified_gmt":"2021-09-17T10:17:22","slug":"comprimes-vilafinil-htm","status":"publish","type":"product","link":"https:\/\/www.1kamagrauk.com\/fr\/vilafinil-comprimes.htm","title":{"rendered":"Vilafinil Comprim\u00e9s 200 mg"},"content":{"rendered":"<p align=\"justify\">Vilafinil est un m\u00e9dicament efficace favorisant l&#8217;\u00e9veil. C&#8217;est un nom de marque pour le compos\u00e9 actif Modafinil, qui agit en favorisant la vigilance et en aidant un individu \u00e0 rester actif toute la journ\u00e9e.<\/p>\n<p>La sant\u00e9 physique et mentale d&#8217;un individu peut \u00eatre affect\u00e9e par l&#8217;anxi\u00e9t\u00e9 et les probl\u00e8mes li\u00e9s au stress. De telles complications peuvent entra\u00eener des probl\u00e8mes de sant\u00e9 chroniques, qui peuvent \u00e9galement inclure une privation de sommeil. Par cons\u00e9quent, un sommeil insuffisant entra\u00eene une somnolence diurne et une activit\u00e9 mentale lente. De tous, la narcolepsie est un trouble du sommeil chronique, qui peut \u00eatre identifi\u00e9 par la fatigue, la somnolence excessive pendant la journ\u00e9e et la confusion. Dans ce cas, il peut aider \u00e0 combattre les complications et \u00e0 maintenir la sant\u00e9 mentale.<\/p>\n<h2>Comment Vilafinil traite-t-il la narcolepsie<\/h2>\n<p align=\"justify\">Modafinil compos\u00e9 Vilafinil 200 mg fonctionne en r\u00e9gulant le flux de dopamine, qui est le principal produit chimique pour am\u00e9liorer l&#8217;endurance mentale et aide \u00e0 promouvoir la vigilance. Vilafinil est un m\u00e9dicament efficace pour soulager la somnolence diurne, la fatigue, la l\u00e9thargie, la confusion et d&#8217;autres complications de la narcolepsie. Ces comprim\u00e9s procurent un soulagement symptomatique des troubles et aident \u00e9galement \u00e0 am\u00e9liorer la concentration et l&#8217;attention.<\/p>\n<h3>Posologie et mode d&#8217;emploi<\/h3>\n<ol>\n<li>Il est recommand\u00e9 de prendre un comprim\u00e9 de Vilafinil 200 mg par jour.<\/li>\n<li>Les individus peuvent prendre ces comprim\u00e9s avec ou sans nourriture.<\/li>\n<li>Il faut prendre ces comprim\u00e9s une heure avant le quart de travail pour \u00e9viter les siestes et conserver l&#8217;\u00e9veil.<\/li>\n<\/ol>\n<h3>Pr\u00e9cautions<\/h3>\n<p align=\"justify\">Les individus doivent \u00e9viter les alcools tout en prenant Vilafinil 200 mg. Il peut provoquer des effets ind\u00e9sirables. Toute personne souffrant de maladies cardiaques chroniques et de maladies pulmonaires doit consulter un m\u00e9decin agr\u00e9\u00e9 avant de prendre ce m\u00e9dicament pour lutter contre la somnolence diurne.<\/p>\n<p><strong><em>*Note-<\/em><\/strong><em>La prise de comprim\u00e9s de Vilafinil en dose excessive peut provoquer des effets secondaires l\u00e9gers, notamment des maux de t\u00eate, des naus\u00e9es et des \u00e9tourdissements.<\/em><\/p>\n","protected":false},"excerpt":{"rendered":"<p>L&#8217;anxi\u00e9t\u00e9 et le stress entra\u00eenent un certain nombre de complications qui peuvent affecter le bien-\u00eatre physique et mental. L&#8217;un des probl\u00e8mes de sant\u00e9 les plus chroniques caus\u00e9s par l&#8217;anxi\u00e9t\u00e9 est la privation de sommeil. Ce n&#8217;est pas simplement un trouble de sant\u00e9 unique, un sommeil insuffisant conduit \u00e0 la narcolepsie. Les personnes souffrant de&#8230;<\/p>\n","protected":false},"featured_media":19686,"comment_status":"open","ping_status":"closed","template":"","meta":[],"product_brand":[],"product_cat":[218],"product_tag":[],"class_list":{"0":"post-20078","1":"product","2":"type-product","3":"status-publish","4":"has-post-thumbnail","6":"product_cat-kamagra-french-products","8":"first","9":"onbackorder","10":"taxable","11":"shipping-taxable","12":"purchasable","13":"product-type-simple"},"_links":{"self":[{"href":"https:\/\/www.1kamagrauk.com\/fr\/wp-json\/wp\/v2\/product\/20078","targetHints":{"allow":["GET"]}}],"collection":[{"href":"https:\/\/www.1kamagrauk.com\/fr\/wp-json\/wp\/v2\/product"}],"about":[{"href":"https:\/\/www.1kamagrauk.com\/fr\/wp-json\/wp\/v2\/types\/product"}],"replies":[{"embeddable":true,"href":"https:\/\/www.1kamagrauk.com\/fr\/wp-json\/wp\/v2\/comments?post=20078"}],"wp:featuredmedia":[{"embeddable":true,"href":"https:\/\/www.1kamagrauk.com\/fr\/wp-json\/wp\/v2\/media\/19686"}],"wp:attachment":[{"href":"https:\/\/www.1kamagrauk.com\/fr\/wp-json\/wp\/v2\/media?parent=20078"}],"wp:term":[{"taxonomy":"product_brand","embeddable":true,"href":"https:\/\/www.1kamagrauk.com\/fr\/wp-json\/wp\/v2\/product_brand?post=20078"},{"taxonomy":"product_cat","embeddable":true,"href":"https:\/\/www.1kamagrauk.com\/fr\/wp-json\/wp\/v2\/product_cat?post=20078"},{"taxonomy":"product_tag","embeddable":true,"href":"https:\/\/www.1kamagrauk.com\/fr\/wp-json\/wp\/v2\/product_tag?post=20078"}],"curies":[{"name":"wp","href":"https:\/\/api.w.org\/{rel}","templated":true}]}}