{"id":19971,"date":"2019-12-17T23:11:57","date_gmt":"2019-12-17T22:11:57","guid":{"rendered":"https:\/\/www.kamagrauk.com\/product\/super-p-force-tablets"},"modified":"2021-10-01T10:58:38","modified_gmt":"2021-10-01T09:58:38","slug":"super-p-force-comprimes","status":"publish","type":"product","link":"https:\/\/www.1kamagrauk.com\/fr\/super-p-force-comprimes.htm","title":{"rendered":"Super P Force"},"content":{"rendered":"<div id=\"tw-container\" class=\"\" data-cp=\"1\" data-is-ver=\"false\" data-nnttsvi=\"1\" data-sm=\"1\" data-sugg-time=\"500\" data-sugg-url=\"https:\/\/clients1.google.com\/complete\/search\" data-uilc=\"en\">\n<div id=\"tw-ob\" class=\"tw-src-ltr\">\n<div class=\"oSioSc\">\n<div id=\"tw-target\">\n<div id=\"kAz1tf\" class=\"g9WsWb\">\n<div id=\"tw-target-text-container\" class=\"tw-ta-container F0azHf tw-nfl\" tabindex=\"0\">\n<div id=\"tw-container\" class=\"\" data-cp=\"1\" data-is-ver=\"false\" data-nnttsvi=\"1\" data-sm=\"1\" data-sugg-time=\"500\" data-sugg-url=\"https:\/\/clients1.google.com\/complete\/search\" data-uilc=\"en\">\n<div id=\"tw-ob\" class=\"tw-src-ltr\">\n<div class=\"oSioSc\">\n<div id=\"tw-target\">\n<div id=\"kAz1tf\" class=\"g9WsWb\">\n<div id=\"tw-target-text-container\" class=\"tw-ta-container F0azHf tw-nfl\" tabindex=\"0\">\n<p>Super P Force Tabletten enthalten Sildenafil Citrat ist der Wirkstoff, der bei Erektionsproblemen hilft, w\u00e4hrend Dapoxetin andererseits eine wirksame Behandlung f\u00fcr vorzeitige Ejakulation ist. Diese orale Kombinationsmedikation ist weithin als die wirksamste Methode zur gleichzeitigen Behandlung von vorzeitiger Ejakulation und Erektionsproblemen anerkannt.<\/p>\n<p><strong>Allgemeine Anwendung Super (Kamagra) P Force Tabletten<\/strong><\/p>\n<\/div>\n<\/div>\n<\/div>\n<\/div>\n<\/div>\n<\/div>\n<\/div>\n<\/div>\n<\/div>\n<\/div>\n<\/div>\n<\/div>\n<p>Super P Force Tablet est un m\u00e9dicament con\u00e7u pour traiter deux probl\u00e8mes masculins : la dysfonction \u00e9rectile masculine et l&#8217;\u00e9jaculation pr\u00e9coce. Ce sont des affections tr\u00e8s courantes chez les hommes entre 18 et 64 ans. Chaque comprim\u00e9 contient 100 mg de citrate de sild\u00e9nafil et 60 mg de dapox\u00e9tine.<\/p>\n<h3><strong>Posologie et mode d&#8217;emploi Comprim\u00e9s Super (Kamagra) P Force<\/strong><\/h3>\n<p>La posologie des comprim\u00e9s Super P Force est de 100 mg, \u00e0 prendre une fois par jour entre 30 minutes et 4 heures avant l&#8217;activit\u00e9 sexuelle pr\u00e9vue.<\/p>\n<h3><strong>Pr\u00e9caution et conseil<\/strong><\/h3>\n<p>Informez votre m\u00e9decin si vous souffrez d&#8217;hypotension ou d&#8217;hypertension, d&#8217;insuffisance cardiaque, de maladie coronarienne, de d\u00e9formations du p\u00e9nis, d&#8217;an\u00e9mie falciforme, de my\u00e9lome multiple, de leuc\u00e9mie, de r\u00e9tinite pigmentaire, ainsi que d&#8217;ant\u00e9c\u00e9dents de dysfonctionnement cardiaque, d&#8217;infarctus du myocarde, d&#8217;arythmie vasculaire, de vie -arythmie mena\u00e7ante, probl\u00e8mes cardiovasculaires, allergies. Ne prenez pas Super P Force avec d&#8217;autres m\u00e9dicaments contre la dysfonction \u00e9rectile.<\/p>\n","protected":false},"excerpt":{"rendered":"<p>La dysfonction \u00e9rectile et l&#8217;\u00e9jaculation pr\u00e9coce sont les deux principaux probl\u00e8mes sexuels affectant des millions d&#8217;hommes dans le monde. Bien que ces conditions soient un probl\u00e8me beaucoup plus courant chez les hommes de plus de 40 ans, ces probl\u00e8mes sont g\u00e9n\u00e9ralement \u00e9galement rencontr\u00e9s par les hommes plus jeunes \u00e0 un moment donn\u00e9. Pour cette raison, Sunrise Remedies a produit les comprim\u00e9s Super P Force, un m\u00e9dicament puissant pour le traitement de l&#8217;\u00e9jaculation pr\u00e9coce ainsi que de la dysfonction \u00e9rectile. Ce m\u00e9dicament est un m\u00e9lange de deux ingr\u00e9dients approuv\u00e9s par la FDA, le citrate de sild\u00e9nafil et la dapox\u00e9tine, qui agissent ensemble pour am\u00e9liorer vos performances sexuelles.<\/p>\n","protected":false},"featured_media":19758,"comment_status":"closed","ping_status":"closed","template":"","meta":{"_uag_custom_page_level_css":""},"product_brand":[],"product_cat":[218],"product_tag":[],"class_list":{"0":"post-19971","1":"product","2":"type-product","3":"status-publish","4":"has-post-thumbnail","6":"product_cat-kamagra-french-products","8":"first","9":"instock","10":"sale","11":"featured","12":"taxable","13":"shipping-taxable","14":"purchasable","15":"product-type-variable"},"uagb_featured_image_src":{"full":["https:\/\/www.1kamagrauk.com\/wp-content\/uploads\/2019\/12\/Super-p-force-Tablets-1.jpg",400,400,false],"thumbnail":["https:\/\/www.1kamagrauk.com\/wp-content\/uploads\/2019\/12\/Super-p-force-Tablets-1-150x150.jpg",150,150,true],"medium":["https:\/\/www.1kamagrauk.com\/wp-content\/uploads\/2019\/12\/Super-p-force-Tablets-1-300x300.jpg",300,300,true],"medium_large":["https:\/\/www.1kamagrauk.com\/wp-content\/uploads\/2019\/12\/Super-p-force-Tablets-1.jpg",400,400,false],"large":["https:\/\/www.1kamagrauk.com\/wp-content\/uploads\/2019\/12\/Super-p-force-Tablets-1.jpg",400,400,false],"1536x1536":["https:\/\/www.1kamagrauk.com\/wp-content\/uploads\/2019\/12\/Super-p-force-Tablets-1.jpg",400,400,false],"2048x2048":["https:\/\/www.1kamagrauk.com\/wp-content\/uploads\/2019\/12\/Super-p-force-Tablets-1.jpg",400,400,false],"woocommerce_thumbnail":["https:\/\/www.1kamagrauk.com\/wp-content\/uploads\/2019\/12\/Super-p-force-Tablets-1-300x300.jpg",300,300,true],"woocommerce_single":["https:\/\/www.1kamagrauk.com\/wp-content\/uploads\/2019\/12\/Super-p-force-Tablets-1-300x300.jpg",300,300,true],"woocommerce_gallery_thumbnail":["https:\/\/www.1kamagrauk.com\/wp-content\/uploads\/2019\/12\/Super-p-force-Tablets-1-100x100.jpg",100,100,true]},"uagb_author_info":{"display_name":false,"author_link":"https:\/\/www.1kamagrauk.com\/fr\/author"},"uagb_comment_info":0,"uagb_excerpt":"La dysfonction \u00e9rectile et l'\u00e9jaculation pr\u00e9coce sont les deux principaux probl\u00e8mes sexuels affectant des millions d'hommes dans le monde. Bien que ces conditions soient un probl\u00e8me beaucoup plus courant chez les hommes de plus de 40 ans, ces probl\u00e8mes sont g\u00e9n\u00e9ralement \u00e9galement rencontr\u00e9s par les hommes plus jeunes \u00e0 un moment donn\u00e9. Pour cette raison,&hellip;","_links":{"self":[{"href":"https:\/\/www.1kamagrauk.com\/fr\/wp-json\/wp\/v2\/product\/19971","targetHints":{"allow":["GET"]}}],"collection":[{"href":"https:\/\/www.1kamagrauk.com\/fr\/wp-json\/wp\/v2\/product"}],"about":[{"href":"https:\/\/www.1kamagrauk.com\/fr\/wp-json\/wp\/v2\/types\/product"}],"replies":[{"embeddable":true,"href":"https:\/\/www.1kamagrauk.com\/fr\/wp-json\/wp\/v2\/comments?post=19971"}],"wp:featuredmedia":[{"embeddable":true,"href":"https:\/\/www.1kamagrauk.com\/fr\/wp-json\/wp\/v2\/media\/19758"}],"wp:attachment":[{"href":"https:\/\/www.1kamagrauk.com\/fr\/wp-json\/wp\/v2\/media?parent=19971"}],"wp:term":[{"taxonomy":"product_brand","embeddable":true,"href":"https:\/\/www.1kamagrauk.com\/fr\/wp-json\/wp\/v2\/product_brand?post=19971"},{"taxonomy":"product_cat","embeddable":true,"href":"https:\/\/www.1kamagrauk.com\/fr\/wp-json\/wp\/v2\/product_cat?post=19971"},{"taxonomy":"product_tag","embeddable":true,"href":"https:\/\/www.1kamagrauk.com\/fr\/wp-json\/wp\/v2\/product_tag?post=19971"}],"curies":[{"name":"wp","href":"https:\/\/api.w.org\/{rel}","templated":true}]}}