{"id":20076,"date":"2021-09-16T10:04:24","date_gmt":"2021-09-16T09:04:24","guid":{"rendered":"https:\/\/www.kamagrauk.com\/politique-de-confidentialite-declaration-de-kamagrauk-com"},"modified":"2021-09-18T11:15:20","modified_gmt":"2021-09-18T10:15:20","slug":"politique-de-confidentialite-declaration-de-kamagrauk-com","status":"publish","type":"page","link":"https:\/\/www.1kamagrauk.com\/fr\/politique-de-confidentialite.htm","title":{"rendered":"Politique de confidentialit\u00e9 D\u00e9claration de kamagrauk.com"},"content":{"rendered":"\n<p>Merci de visiter www.kamagrauk.com (notre \u00ab Site \u00bb). Nous appr\u00e9cions la possibilit\u00e9 d&#8217;interagir avec vous sur Internet et nous nous engageons \u00e0 prot\u00e9ger et \u00e0 prot\u00e9ger votre vie priv\u00e9e. Le but de cette d\u00e9claration de confidentialit\u00e9 est de vous informer sur les types d&#8217;informations que nous pouvons collecter \u00e0 votre sujet lorsque vous visitez notre site, comment nous pouvons utiliser ces informations et si nous divulguons ces informations \u00e0 quiconque.<\/p>\n\n\n\n<h2 class=\"wp-block-heading\">Kamagrauk.com &#8211; Quelles informations nous collectons et comment nous les utilisons<\/h2>\n\n\n\n<p>Toute information que nous recueillons sur notre site tombe g\u00e9n\u00e9ralement dans la cat\u00e9gorie des informations personnellement identifiables.<\/p>\n\n\n\n<p>Informations personnellement identifiables : Il s&#8217;agit d&#8217;informations qui nous permettent de savoir pr\u00e9cis\u00e9ment qui vous \u00eates. En g\u00e9n\u00e9ral, vous pouvez visiter notre site sans nous dire qui vous \u00eates ni r\u00e9v\u00e9ler aucune information personnellement identifiable.<\/p>\n\n\n\n<p>Commande &#8211; Lorsque vous passez une commande sur notre site Web, nous collectons des informations personnellement identifiables (telles que le nom, les coordonn\u00e9es et les informations de facturation, la carte de cr\u00e9dit et d&#8217;autres informations de transaction). Nous utilisons ces informations pour livrer votre commande, traiter le paiement et communiquer avec vous sur l&#8217;\u00e9tat de votre commande. Les informations de carte de cr\u00e9dit soumises avec votre commande sont utilis\u00e9es uniquement pour le traitement des paiements et ne sont pas conserv\u00e9es sur notre site. Vous pouvez demander que votre achat soit exp\u00e9di\u00e9 par un transporteur public, auquel cas certaines informations seront partag\u00e9es avec le transporteur respectif \u00e0 des fins de livraison.<\/p>\n\n\n\n<p>Nous ne vous spammerons JAMAIS avec des e-mails SPAM inutiles<\/p>\n\n\n\n<p>Nous ne nous engagerons JAMAIS dans le SPAM Viagra.<\/p>\n\n\n\n<h2 class=\"wp-block-heading\">Kamagrauk.com &#8211; Partage de vos informations<\/h2>\n\n\n\n<p>Sauf indication contraire dans la pr\u00e9sente d\u00e9claration de confidentialit\u00e9, nous ne vendons, n&#8217;\u00e9changeons, ne louons ou ne retransmettons aucune information personnellement identifiable que nous recueillons en ligne, sauf si nous avons votre permission. Toute information personnellement identifiable que vous nous fournissez sera utilis\u00e9e pour vos achats et conserv\u00e9e sous forme de copie papier de la facture originale ainsi que dans notre syst\u00e8me de base de donn\u00e9es, qui g\u00e9n\u00e8re nos factures.<\/p>\n\n\n\n<h2 class=\"wp-block-heading\">Kamagrauk.com &#8211; Liens vers d&#8217;autres sites Web<\/h2>\n\n\n\n<p>Des liens vers des sites Web tiers peuvent \u00eatre fournis uniquement pour votre information et votre commodit\u00e9, ou pour fournir des informations suppl\u00e9mentaires<\/p>\n\n\n\n<p>Toute mise \u00e0 jour ou modification des termes de cette d\u00e9claration de confidentialit\u00e9 sera publi\u00e9e ici sur notre site et la date de la derni\u00e8re version publi\u00e9e ci-dessous Veuillez v\u00e9rifier fr\u00e9quemment, en particulier avant de soumettre des informations personnellement identifiables sur notre site, pour voir si cette d\u00e9claration de confidentialit\u00e9 a chang\u00e9.<\/p>\n\n\n\n<p>En utilisant notre site, vous reconnaissez accepter la pr\u00e9sente d\u00e9claration de confidentialit\u00e9 en vigueur au moment de l&#8217;utilisation.<\/p>\n\n\n\n<h3 class=\"wp-block-heading\">Nous contacter<\/h3>\n\n\n\n<p>Si vous avez des pr\u00e9occupations au sujet de notre utilisation de vos informations ou de cette d\u00e9claration de confidentialit\u00e9, veuillez nous envoyer un e-mail.<\/p>\n\n\n\n<p>Nous ferons tous les efforts raisonnables pour r\u00e9pondre \u00e0 vos pr\u00e9occupations et rem\u00e9dier \u00e0 tout probl\u00e8me que vous portez \u00e0 notre attention. Votre entreprise est importante pour nous et nous ferons tout notre possible pour assurer votre CONFIDENTIALIT\u00c9 ET VOTRE S\u00c9CURIT\u00c9.<\/p>\n","protected":false},"excerpt":{"rendered":"<p>Merci de visiter www.kamagrauk.com (notre \u00ab Site \u00bb). Nous appr\u00e9cions la possibilit\u00e9 d&#8217;interagir avec vous sur Internet et nous nous engageons \u00e0 prot\u00e9ger et \u00e0 prot\u00e9ger votre vie priv\u00e9e. Le but de cette d\u00e9claration de confidentialit\u00e9 est de vous informer sur les types d&#8217;informations que nous pouvons collecter \u00e0 votre sujet lorsque vous visitez notre &#8230; <a title=\"Politique de confidentialit\u00e9 D\u00e9claration de kamagrauk.com\" class=\"read-more\" href=\"https:\/\/www.1kamagrauk.com\/fr\/politique-de-confidentialite.htm\" aria-label=\"Read more about Politique de confidentialit\u00e9 D\u00e9claration de kamagrauk.com\">Read more<\/a><\/p>\n","protected":false},"author":1641,"featured_media":0,"parent":0,"menu_order":0,"comment_status":"closed","ping_status":"closed","template":"","meta":{"_uag_custom_page_level_css":"","footnotes":""},"class_list":["post-20076","page","type-page","status-publish"],"uagb_featured_image_src":{"full":false,"thumbnail":false,"medium":false,"medium_large":false,"large":false,"1536x1536":false,"2048x2048":false,"woocommerce_thumbnail":false,"woocommerce_single":false,"woocommerce_gallery_thumbnail":false},"uagb_author_info":{"display_name":false,"author_link":"https:\/\/www.1kamagrauk.com\/fr\/author\/763shelly"},"uagb_comment_info":0,"uagb_excerpt":"Merci de visiter www.kamagrauk.com (notre \u00ab Site \u00bb). Nous appr\u00e9cions la possibilit\u00e9 d&#8217;interagir avec vous sur Internet et nous nous engageons \u00e0 prot\u00e9ger et \u00e0 prot\u00e9ger votre vie priv\u00e9e. Le but de cette d\u00e9claration de confidentialit\u00e9 est de vous informer sur les types d&#8217;informations que nous pouvons collecter \u00e0 votre sujet lorsque vous visitez notre&hellip;","_links":{"self":[{"href":"https:\/\/www.1kamagrauk.com\/fr\/wp-json\/wp\/v2\/pages\/20076","targetHints":{"allow":["GET"]}}],"collection":[{"href":"https:\/\/www.1kamagrauk.com\/fr\/wp-json\/wp\/v2\/pages"}],"about":[{"href":"https:\/\/www.1kamagrauk.com\/fr\/wp-json\/wp\/v2\/types\/page"}],"author":[{"embeddable":true,"href":"https:\/\/www.1kamagrauk.com\/fr\/wp-json\/wp\/v2\/users\/1641"}],"replies":[{"embeddable":true,"href":"https:\/\/www.1kamagrauk.com\/fr\/wp-json\/wp\/v2\/comments?post=20076"}],"version-history":[{"count":0,"href":"https:\/\/www.1kamagrauk.com\/fr\/wp-json\/wp\/v2\/pages\/20076\/revisions"}],"wp:attachment":[{"href":"https:\/\/www.1kamagrauk.com\/fr\/wp-json\/wp\/v2\/media?parent=20076"}],"curies":[{"name":"wp","href":"https:\/\/api.w.org\/{rel}","templated":true}]}}