{"id":20579,"date":"2019-12-06T01:28:23","date_gmt":"2019-12-06T00:28:23","guid":{"rendered":"https:\/\/www.kamagrauk.com\/product\/kamagra-gelee"},"modified":"2026-02-28T10:12:24","modified_gmt":"2026-02-28T09:12:24","slug":"kamagra-gelee","status":"publish","type":"product","link":"https:\/\/www.1kamagrauk.com\/de\/kamagra-gelee","title":{"rendered":"Kamagra-Gelee"},"content":{"rendered":"<h3>Kamagra Gelee Infotafel<\/h3>\n<table width=\"100%\">\n<tbody>\n<tr>\n<th style=\"text-align: left;\">Attribut<\/th>\n<th style=\"text-align: left;\">Werte<\/th>\n<\/tr>\n<tr>\n<td>Dosis<\/td>\n<td>100mg<\/td>\n<\/tr>\n<tr>\n<td>Form<\/td>\n<td>Fl\u00fcssiges Gelee<\/td>\n<\/tr>\n<tr>\n<td>Herstellerin<\/td>\n<td>Ajanta Pharma Ltd<\/td>\n<\/tr>\n<tr>\n<td>Aktionsdauer<\/td>\n<td>4-6 Stunden<\/td>\n<\/tr>\n<tr>\n<td>Behandlung der Aktion<\/td>\n<td>20 Minuten<\/td>\n<\/tr>\n<tr>\n<td>Wirkstoff<\/td>\n<td>Sildenafilcitrat 100mg Tabletten<\/td>\n<\/tr>\n<tr>\n<td>Verpackung<\/td>\n<td>Beutel<\/td>\n<\/tr>\n<tr>\n<td>H\u00e4ufige Nebenwirkungen<\/td>\n<td>Kopfschmerzen, Magenverstimmung und Hitzewallungen<\/td>\n<\/tr>\n<tr>\n<td>Geschmack<\/td>\n<td>Lecker<\/td>\n<\/tr>\n<tr>\n<td>Verf\u00fcgbare Geschmacksrichtungen<\/td>\n<td>Minze, Schokolade, Banane, Orange, Mango, Erdbeere, Ananas, Vanille<\/td>\n<\/tr>\n<\/tbody>\n<\/table>\n<h3>Was ist Kamagra-Gelee?<\/h3>\n<p>Es ist eine sehr effektive und erschwingliche Behandlung f\u00fcr ED, es ist in 7 leckeren Geschmacksrichtungen erh\u00e4ltlich. Es handelt sich um Produkte der Ajanta-Apotheke, einem gro\u00dfen Pharmagiganten, der ED-Patienten durch dieses orale Medikament mit Fruchtgeschmack eine hervorragende Behandlungsoption bietet. Es ist mit Sildenafil Citrate formuliert und in Form von Beuteln erh\u00e4ltlich. M\u00e4nner k\u00f6nnen ihre verlorene M\u00e4nnlichkeit leicht wiederherstellen und ihrem Eheleben bei richtiger Anwendung W\u00fcrze verleihen. Kaufen Sie online Kamagra Jelly Deutschland, es ist sehr lecker und verbessert die Libido, ver\u00e4ndert die Gr\u00f6\u00dfe des m\u00e4nnlichen Organs, sorgt f\u00fcr eine sanftere Penetration und bietet M\u00e4nnern ausreichend Zeit, um mehrere Orgasmussitzungen zu genie\u00dfen.<\/p>\n<p>Kamagra Jelly Deutschland geh\u00f6rt zur Gruppe der Phosphodiesterase Typ 5 (PDE 5)-Hemmer, die im K\u00f6rper im Wesentlichen wirken, indem sie den Blutfluss zum Penis f\u00f6rdern, was dem Mann weiter hilft, eine Erektion zu haben und aufrechtzuerhalten, um sexuelle Befriedigung zu erfahren. Die Einnahme verspricht Ergebnisse, die 4-6 Stunden anhalten &amp; sich langfristig als sehr hilfreich gegen Prostatitis und Prostataadenom erwiesen haben<\/p>\n<p>Es wurde in der hochmodernen Infrastruktur unter Verwendung der neuesten Techniken unter der Aufsicht qualifizierter und erfahrener Forscher verarbeitet. Diese Forscher stellen sicher, dass sie strenge Qualit\u00e4tstests durchlaufen, bevor sie verpackt werden. Dar\u00fcber hinaus wird versichert, dass Kamagra Jelly Deutschland sorgf\u00e4ltig verpackt wird, um eine sichere Lieferung zu gew\u00e4hrleisten.<\/p>\n<p>Um den unterschiedlichen Online-Kundenpr\u00e4ferenzen in Deutschland gerecht zu werden, wird es in verschiedenen Geschmacksrichtungen angeboten, z.<\/p>\n<ul>\n<li>Minze<\/li>\n<li>Schokolade<\/li>\n<li>Banane<\/li>\n<li>Orange<\/li>\n<li>Mango<\/li>\n<li>Erdbeere<\/li>\n<li>Ananas<\/li>\n<li>Vanille<\/li>\n<\/ul>\n<p>F\u00fcr das Interesse der besten Online-Kunden in Deutschland sind Jellies online in unserem Gesch\u00e4ft zu g\u00fcnstigen Preisen erh\u00e4ltlich. Au\u00dferdem wird sichergestellt, dass sichere Zahlungsmethoden verwendet werden, um \u00c4rger f\u00fcr die Kunden zu vermeiden.<\/p>\n<h3><b>Lassen Sie uns verstehen, wie Kamagra Jelly auf Ihren K\u00f6rper wirkt<\/b><\/h3>\n<p>Es hat Sildenafil Citrate als Hauptbestandteil, das aus der Familie der PDE-5 der Vasodilatatoren stammt.<\/p>\n<p>Phosphodiesterase 5 hilft bei der Steuerung des Blutflusses zu den Lungenarterien. Thus, by stopping the working of PDE 5 inhibitors it results in relaxing the blood vessels. Dar\u00fcber hinaus senkt es den Blutdruck und erh\u00f6ht den Blutfluss zum Penis, um die Erektion zu unterst\u00fctzen.<\/p>\n<p>Da das PDE-5 schnell vom K\u00f6rper aufgenommen wird, wirkt Kamagra Oral Jelly schneller und zeigt Ergebnisse in etwa 20 Minuten.<\/p>\n<p><b>Kamagra Jelly Deutschland Empfohlene Dosierung<\/b><\/p>\n<p>Erstanwender sollten ihre ED-Behandlung mit einer kleineren Dosis von 50 mg beginnen. M\u00e4nner k\u00f6nnen die Dosis sp\u00e4ter auf 100 mg erh\u00f6hen, nachdem sie von ihrem Gesundheitsberater ein gr\u00fcnes Signal erhalten haben. Der Arzt bittet Erkrankte strikt, es nur einmal in 24 Stunden einzunehmen. Halten Sie sich also einfach an den Rat Ihres Arztes und vermeiden Sie \u00fcberm\u00e4\u00dfigen Konsum oder Missbrauch.<\/p>\n<p>Etwa eine halbe Stunde vor dem geplanten Geschlechtsverkehr sollten die M\u00e4nnchen einen Beutel Kamagra-Gelee schlucken. Sein schnell wirkendes Ergebnis macht M\u00e4nner innerhalb von 15 Minuten nach der Einnahme hart und h\u00e4lt sie f\u00fcr eine l\u00e4ngere Dauer des Liebesspiels lebendig. Vor der Anwendung m\u00fcssen M\u00e4nner sicherstellen, dass ihnen ausreichend Zeit zum Liebesspiel zur Verf\u00fcgung steht.<\/p>\n<p>M\u00e4nner, die auf n\u00fcchternen Magen einnahmen, fanden bessere Ergebnisse in Form einer felsenfesten Erektion und zufriedenstellenden Geschlechtsverkehrs. Dieses k\u00f6stliche Gelee bietet M\u00e4nnern, die es verabscheuten, bittere Pillen und Tabletten zu schlucken, eine bessere Option. Solange Sie dieses k\u00f6stliche Gelee einnehmen, vermeiden Sie einfach den Konsum von Alkohol, Nikotin, \u00f6ligen Lebensmitteln und Grapefruitprodukten.<\/p>\n<h3><strong>Kamagra-Gelee Lieferung am n\u00e4chsten Tag in Deutschland<\/strong><\/h3>\n<p>Wenn Ihr Lagerbestand schnell aufgebraucht ist und Sie dieses von der FDA regulierte orale Medikament dringend ben\u00f6tigen, k\u00f6nnen Sie immer auf unsere benutzerfreundliche und sichere digitale Plattform f\u00fcr Express-Lieferdienste bis vor Ihre Haust\u00fcr vertrauen. Unsere Lieferpartner haben den Ruf, diskret verpackte Medikamente innerhalb eines definierten Zeitrahmens zu liefern. Kamagra-Gelee auf Deutsch wurde aufgrund der hohen Versandkosten nicht bei der Masse beliebt und ist derzeit nicht betriebsbereit. Sie k\u00f6nnen jedoch den schnellen Lieferservice nutzen und die Medikamente an Ihrem bevorzugten Ort erhalten, ohne sich um ein \u00e4rztliches Rezept k\u00fcmmern zu m\u00fcssen.<\/p>\n<p>Kaufen Sie Kamagra Jelly Deutschland in unserem Shop KamagraUK.com versichert Ihnen echte Medikamente, zahlreiche Rabatte, sichere Zahlungsoptionen, schnellen Versand, Kundenbetreuung rund um die Uhr und diskrete Verpackungsdienste.<\/p>\n<h3>Verf\u00fcgbare Zahlungsoptionen: PayPal, Bank\u00fcberweisung<\/h3>\n<p>Wir befolgen alle Sicherheitsprotokolle, um sichere Online-Transaktionen auf unserer Website zu gew\u00e4hrleisten. Unser Ziel ist es, die Sicherheit der pers\u00f6nlichen Daten unserer Kunden zu gew\u00e4hrleisten. Wir m\u00f6chten, dass sich unsere Kunden w\u00e4hrend und nach jeder Online-Transaktion sicher f\u00fchlen.<\/p>\n<p>Um sichere Online-Transaktionen zu gew\u00e4hrleisten und eine schnelle Lieferung von Medikamenten zu erm\u00f6glichen, haben wir unseren digitalen Kunden mehrere Zahlungsm\u00f6glichkeiten angeboten:<\/p>\n<ul>\n<li>Jeder, der eine Kredit-\/Debitkarte einer beliebigen Bank besitzt, kann auf unserer sicheren digitalen Plattform ganz einfach Medikamente kaufen. Unsere Website erf\u00fcllt die h\u00f6chsten Sicherheitsstandards, um die Daten der Karteninhaber zu sch\u00fctzen.<\/li>\n<li>Kamagra Deutsch PayPal ist auch eine praktikable Option.<\/li>\n<li>Sie k\u00f6nnen die Medikamente auch \u00fcber andere Zahlungsarten wie Internetbanking\/Bank\u00fcberweisung kaufen.<\/li>\n<\/ul>\n<h3><strong>Verabreichungsrichtlinien von<\/strong> <strong>Kamagra Jelly f\u00fcr britische Kunden<\/strong><\/h3>\n<ul>\n<li>Es wird empfohlen, innerhalb von 24 Stunden ein Kamagra-Gelee zu sich zu nehmen.<\/li>\n<li>Dies wird in 20-60 Minuten zu profitieren beginnen. Es ist jedoch kein Aphrodisiakum, daher ist eine externe Stimulation erforderlich.<\/li>\n<li>Kamagra Jelly bleibt 4-6 Stunden im K\u00f6rper.<\/li>\n<li>F\u00fcr bessere Ergebnisse wird empfohlen, dieses Gelee mit einem Glas Wasser zu trinken.<\/li>\n<li>Vermeiden Sie den Verzehr nach fettigen oder schweren Mahlzeiten, da dies die Wirksamkeit beeintr\u00e4chtigen kann.<\/li>\n<li>Mischen Sie dieses Arzneimittel nicht mit Alkohol, da dies zu Schwindel, Kopfschmerzen, Benommenheit und Herzklopfen f\u00fchren kann. Vermeiden Sie w\u00e4hrend der Einnahme dieses Arzneimittels den regelm\u00e4\u00dfigen Verzehr von Grapefruits oder Grapefruitsaft, da dies den Blutspiegel erh\u00f6ht und die Wirksamkeit des Arzneimittels verz\u00f6gert.<\/li>\n<li>Es wird auch empfohlen, die Dosierung von Gelee in \u00dcbereinstimmung mit dem medizinischen Zustand und anderen eingenommenen Medikamenten zu nehmen.<\/li>\n<li>Sie m\u00fcssen Ihren Arzt konsultieren und Ihren Gesundheitszustand und andere Arzneimittel, die Sie einnehmen, besprechen, bevor Sie online kaufen und mit der Verwendung von Kamagra Jelly beginnen.<\/li>\n<li>Bei Auftreten von Unwohlsein und Nebenwirkungen Arzt aufsuchen.<\/li>\n<\/ul>\n<h3><b>Nebenwirkungen von Kamagra-Gelee<\/b><\/h3>\n<p>Es ist sicher, dass der Konsum f\u00fcr alle von Vorteil ist, aber in einigen F\u00e4llen k\u00f6nnen einige h\u00e4ufige Nebenwirkungen auftreten, darunter:<\/p>\n<ul>\n<li>Kopfschmerzen<\/li>\n<li>Sp\u00fclung<\/li>\n<li>Magenprobleme<\/li>\n<li>abnormes Sehen<\/li>\n<li>Ver\u00e4nderungen des Farbsehens (z. B. Blaustich)<\/li>\n<li>verschwommene Sicht<\/li>\n<li>verstopfte oder laufende Nase<\/li>\n<li>R\u00fcckenschmerzen<\/li>\n<li>Muskelschmerzen<\/li>\n<li>Brechreiz<\/li>\n<li>Schwindel<\/li>\n<li>Ausschlag<\/li>\n<li>Gesichtsr\u00f6tung oder -r\u00f6tung<\/li>\n<li>verstopfte Nase<\/li>\n<\/ul>\n<p>Diese Nebenwirkungen k\u00f6nnen durch Wasser geheilt werden.<\/p>\n<h3><strong>Vorschl\u00e4ge f\u00fcr Kamagra Jelly<\/strong><\/h3>\n<ul>\n<li>Es wird empfohlen, nur ein Gelee pro Tag zu sich zu nehmen.<\/li>\n<li>Vermeiden Sie den Verzehr von Grapefruit oder Produkten, die dieselben Enzyme enthalten<\/li>\n<li>Obwohl das Kamagra-Gelee absolut sicher f\u00fcr den Verzehr ist, wird dennoch empfohlen, f\u00fcr bessere Ergebnisse Ihren Arzt zu konsultieren, bevor Sie diese Gelees einnehmen, da sie Ihren Gesundheitszustand kennen und Ihre Medikamente und Allergien empfehlen<\/li>\n<li>Bei Auftreten von Schwindel, Taubheitsgef\u00fchl, \u00dcbelkeit w\u00e4hrend der sexuellen Aktivit\u00e4t oder Schmerzen oder Kribbeln in Brust, Armen oder Nacken, suchen Sie sofort einen Arzt auf.<\/li>\n<li>Es wird empfohlen, Sildenafil nicht zu verwenden, wenn Sie auch andere Nitratmedikamente wie Isosorbiddinitrat anwenden, um die M\u00f6glichkeit von Brustschmerzen oder Herzproblemen zu vermeiden.<\/li>\n<li>Au\u00dferdem wird Kamagra Jelly empfohlen, um die Verwendung zu vermeiden, wenn Sie andere Freizeitdrogen wie Poppers verwenden. Das Mischen zweier Enzyme kann zu einem enormen Abfall Ihres Blutdrucks f\u00fchren.<\/li>\n<li>Achten Sie f\u00fcr eine gute Qualit\u00e4t darauf, bei einem renommierten Anbieter einzukaufen.<\/li>\n<li>Erektionsprobleme werden auch sehr stark durch eine sitzende Lebensweise und psychologische Faktoren beeinflusst, einschlie\u00dflich Stress, Depressionen und schlechten Gewohnheiten wie Rauchen und Alkoholkonsum. Eine wirksame L\u00f6sung f\u00fcr dieses Problem besteht daher darin, die Lebensqualit\u00e4t zu verbessern, indem man aktiver bleibt, ein gesundes Gewicht ausbalanciert, den Alkoholkonsum reduziert und das Rauchen aufgibt.<\/li>\n<\/ul>\n<h3><strong>Warnung vor Kamagra-Gelee<\/strong><\/h3>\n<p>M\u00e4nner, die an den unten aufgef\u00fchrten Gesundheitsproblemen leiden, sollten es nur nach \u00e4rztlicher Empfehlung einnehmen, da es sonst zu Nebenwirkungen kommen kann;<\/p>\n<h3><strong>Herzerkrankungen wie: <\/strong><\/h3>\n<ul>\n<li>Aortenstenosen wie:<\/li>\n<li>Idiopathische hypertrophe Subaortenstenose<\/li>\n<li>Allgemeine ventrikul\u00e4re Ausflussobstruktion<\/li>\n<li>Schlaganfall<\/li>\n<li>Myokardinfarkt (Herzinfarkt) oder schwere Arrhythmie innerhalb der letzten 6 Monate<\/li>\n<li>Herzinsuffizienz oder koronare Herzkrankheit, die instabile Angina pectoris verursacht<\/li>\n<\/ul>\n<h3><strong>Bluthochdruckbedingte Erkrankungen, einschlie\u00dflich<\/strong><\/h3>\n<ul>\n<li>Hypertonie<\/li>\n<li>Hypotonie<\/li>\n<li>Stark beeintr\u00e4chtigte autonome Kontrolle des Blutdrucks<\/li>\n<li>Ruhehypotonie (niedriger Blutdruck) von (BP &lt;90\/50)<\/li>\n<li>Ruhehypertonie (Bluthochdruck) von (BD &gt;170\/110)<\/li>\n<\/ul>\n<p>Abgesehen von den oben genannten Bedingungen wird Kamagra Jelly auch Patienten empfohlen, die innerhalb der letzten 6 Monate operiert wurden, Magengeschw\u00fcre, Leberprobleme, Nierenprobleme haben oder sich einer Nierendialyse unterziehen.<\/p>\n<p>Au\u00dferdem wird Patienten mit HIV (insbesondere bei Behandlung mit Proteasehemmern), Organspendeempf\u00e4ngern und mit Problemen mit Blutzellen wie Sichelzellenan\u00e4mie, multiplem Myelom oder Leuk\u00e4mie davon abgeraten.<\/p>\n<h3>FAQ&#8217;s<\/h3>\n<dl>\n<dt>\n<h4>Was ist Kamagra-Gelee?<\/h4>\n<\/dt>\n<dd>Es ist ein orales Medikament in fl\u00fcssiger Form zur Behandlung einer m\u00e4nnlichen Sexualst\u00f6rung namens erektile Dysfunktion. Es besteht aus einem starken Inhaltsstoff namens Sildenafil Citrate, der schnell im K\u00f6rper wirkt und es M\u00e4nnern erm\u00f6glicht, bei k\u00f6rperlicher Erregung hart zu werden. Diese leistungsstarke Komponente erleichtert den Blutfluss zu den m\u00e4nnlichen Genitalien und bietet eine feste und lang anhaltende Erektion innerhalb von 15-20 Minuten nach der Einnahme. M\u00e4nner k\u00f6nnen bei richtiger Anwendung mehrere lustvolle Liebessitzungen genie\u00dfen. Diese Verf\u00fcgbarkeit von Kamagra-Gelee in k\u00f6stlichen Fruchtaromen hat \u00e4lteren ED-Patienten, die die Verwendung von harten Pillen und Tabletten verabscheuten und nach einem weicheren ED-Medikament suchten, eine bessere Option geboten.<\/dd>\n<dt>\n<h4>Wie verwendet man Kamagra-Gelee?<\/h4>\n<\/dt>\n<dd>Es sollte streng nach den Anweisungen eines Gesundheitsexperten verwendet werden. Es sollte etwa eine Stunde vor der geplanten intimen Sitzung eingenommen werden. es ist in Form von Beuteln erh\u00e4ltlich, die zerrissen und direkt in den Mund geschluckt werden k\u00f6nnen. Sie k\u00f6nnen den Inhalt auch in einen L\u00f6ffel dr\u00fccken und in den Mund nehmen. Dieses schnell einziehende Arzneimittel sollte einmal t\u00e4glich eingenommen werden. Es zeigt hervorragende Ergebnisse, wenn es auf n\u00fcchternen Magen eingenommen wird.<\/dd>\n<dt>\n<h4>Wie lange ist Kamagra Gelee haltbar?<\/h4>\n<\/dt>\n<dd>Es ist mit einer Kategorie von Medikamenten verwandt, die als PDE-5-Hemmer bezeichnet werden und innerhalb von 15-20 Minuten nach der Einnahme wirksam werden. Die positive Wirkung dieses Medikaments h\u00e4lt im K\u00f6rper der M\u00e4nner 4-6 Stunden an und steigert ihre Libido f\u00fcr eine felsenfeste Erektion. Es ist in 100 mg mit hohem Potenzial erh\u00e4ltlich und erm\u00f6glicht es M\u00e4nnern, ihre inneren Gel\u00fcste und geheimen W\u00fcnsche zu erf\u00fcllen. M\u00e4nner haben mehrere Orgasmus-Sitzungen mit der korrekten Anwendung dieses von der FDA regulierten Arzneimittels experimentiert.<\/dd>\n<dt>\n<h4>Warum sollten Sie Kamagra-Gelee kaufen?<\/h4>\n<\/dt>\n<dd>Ajanta Apotheke, ein renommierter Pharmariese in Indien, hat das Problem impotenter M\u00e4nner verstanden und ein kosteng\u00fcnstiges ED-Medikament eingef\u00fchrt, um das eheliche Leben von M\u00e4nnern wiederherzustellen. Es funktioniert \u00e4hnlich wie die blaue Pille Viagra und ist zu einem Bruchteil der Kosten erh\u00e4ltlich. Es ist ein schnell wirkendes Medikament, das im K\u00f6rper der M\u00e4nner schneller absorbiert wird als jedes andere ED-Medikament. Zweitens bietet es \u00e4lteren ED-Patienten eine k\u00f6stliche Option, die es als l\u00e4stig empfanden, bittere Pillen und Tabletten zu schlucken und die am wenigsten an einer chirurgischen Behandlung interessiert waren. Es ist in leckeren Fruchtaromen wie Minze, Schokolade, Banane, Orange, Mango, Erdbeere, Ananas und Vanille erh\u00e4ltlich und kann bequem per Mausklick online bestellt werden.<\/dd>\n<dt>\n<h4>Wie wirkt Kamagra Jelly in Ihrem K\u00f6rper?<\/h4>\n<\/dt>\n<dd>Es beeinflusst die Funktion von PDE-Enzymen, die die Hauptursache f\u00fcr schlaffe Erektionen sind, und verbessert die Funktion von cGMP, um die Qualit\u00e4t der Erektion zu verbessern. Sein Hauptinhaltsstoff, Sildenafil Citrate, entspannt die glatten Muskeln des m\u00e4nnlichen Organs und f\u00f6rdert die Blutzirkulation in den m\u00e4nnlichen Fortpflanzungsorganen, wodurch M\u00e4nnern eine k\u00fchne und starke Erektion f\u00fcr einen lustvollen Geschlechtsverkehr geboten wird. Die starke Wirkung dieses Medikaments bleibt f\u00fcr die n\u00e4chsten 4-6 Stunden im K\u00f6rper der M\u00e4nner. Bitte beachten Sie, dass nur Ergebnisse angezeigt werden, wenn M\u00e4nner beim Geschlechtsverkehr sexuell stimuliert werden.<\/dd>\n<dt>\n<h4>Wo kann ich Kamagra-Gelee kaufen?<\/h4>\n<\/dt>\n<dd>Online-Pharma-Shops in Gro\u00dfbritannien sind das beste Ziel. Sie verkaufen echte Medikamente namhafter Pharmaunternehmen zu einem niedrigeren Preis als physische Drogerien und erleichtern die Lieferung von Medikamenten am Wohnort der K\u00e4ufer. Wenn Sie eine Bestellung auf ihrer Website aufgeben, k\u00f6nnen Sie wertvolle Zeit und Geld sparen. Die Online-Bestellung bietet den K\u00e4ufern auch absolute Vertraulichkeit. Die Medikamente werden in diskreten Verpackungen per Expressversand an die Haust\u00fcr der K\u00e4ufer geliefert. Wenn Sie sich zwischen einem rezeptfreien Laden oder einer E-Apotheke entscheiden m\u00fcssen, w\u00e4hlen Sie immer letztere.<\/dd>\n<\/dl>\n<p><script type=\"application\/ld+json\">\n    {\n      \"@context\": \"https:\/\/schema.org\",\n      \"@type\": \"FAQPage\",\n      \"mainEntity\": [{\n        \"@type\": \"Question\",\n        \"name\": \"How long does Kamagra Jelly last for?\",\n        \"acceptedAnswer\": {\n          \"@type\": \"Answer\",\n          \"text\": \"It is related to a category of medications called PDE 5 inhibitors which become functional within 15-20 minutes after ingestion. The positive impact of this medication lasts in the body of the males for 4-6 hours and boosts their libido for acquiring a rock solid erection. It is available in high potential 100 mg and enables men to accomplish their inner cravings and secret desires. Men have experimented multiple orgasmic sessions with the correct use of this FDA regulated medicine.\"\n        }\n      }, {\n        \"@type\": \"Question\",\n        \"name\": \"Where can I buy Kamagra Jelly?\",\n        \"acceptedAnswer\": {\n          \"@type\": \"Answer\",\n          \"text\": \"Online pharmaceutical stores in the UK are the best destination . They sell genuine medication of reputable pharmaceutical companies at a lower price than physical drug stores and facilitate the delivery of medicines at the residence of the buyers. By placing an order on their site, you can save your valuable time and money. Online ordering also offers complete confidentiality to the buyers. The medicines are delivered in discreet packaging at the doorstep of the buyers through express delivery options. If you have to decide between an over the counter store or an e-pharmacy, always select the latter.\"\n        }\n      }, {\n        \"@type\": \"Question\",\n        \"name\": \"Why you should buy Kamagra Jelly?\",\n        \"acceptedAnswer\": {\n          \"@type\": \"Answer\",\n          \"text\": \"Ajanta pharmacy, a reputable pharmaceutical giant in India, understood the problem of impotent males and introduced a cost-effective ED medication to restore the conjugal life of males. It works similarly like the blue pill Viagra and is available at a fraction of its cost. It is a fast-acting medication which gets absorbed quickly in the body of the males than any other ED drug. Secondly, it has offered a delicious option to elderly ED patients, who found it annoying to swallow bitter pills and tablets and were least interested in getting surgical treatment. It is available in delicious fruit flavours such as Mint, Chocolate, Banana, Orange, Mango, Strawberry, Pineapple, and Vanilla and can be easily ordered online with just a click of a mouse.\"\n        }\n      }, {\n        \"@type\": \"Question\",\n        \"name\": \"How Kamagra Jelly Works In Your Body?\",\n        \"acceptedAnswer\": {\n          \"@type\": \"Answer\",\n          \"text\": \"It impacts the functioning of PDE enzymes, which are the main cause of flaccid erection, and improves the functioning of cGMP to improve the quality of erection. Its principal ingredient, Sildenafil Citrate, relaxes the smooth muscles of the male organ and boosts the circulation of blood to the male reproductive part, thereby, offering a bold and sturdy erection to males for pleasurable intercourse. The powerful effect of this medication stays in the body of the males for the next 4-6 hours. Please note that only shows result when males are sexually stimulated during intercourse.\"\n        }\n      },\n\t  {\n        \"@type\": \"Question\",\n        \"name\": \"What is Kamagra Jelly?\",\n        \"acceptedAnswer\": {\n          \"@type\": \"Answer\",\n          \"text\": \"It\u2019s an oral medication in liquid form for the treatment of a male sexual disorder called erectile dysfunction. It consists of a powerful ingredient called Sildenafil Citrate which acts fast in the body and enables men to get hard when physically aroused. This powerful component eases the flow of blood to the male genitalia and offers a firm and long-lasting erection within 15-20 minutes after its ingestion. Men can relish multiple sessions of pleasurable lovemaking sessions with its correct use. This availability of Kamagra jelly in delicious fruit flavours has offered a better option to elderly ED patients, who detested the use of hard pills and tablets and were looking for a softer ED drug.\"\n        }\n      }, {\n        \"@type\": \"Question\",\n        \"name\": \"How to use Kamagra Jelly?\",\n        \"acceptedAnswer\": {\n          \"@type\": \"Answer\",\n          \"text\":\"It should be used strictly as per the instructions of a health care expert. It should be taken about an hour before the planned intimate session. it is available in the form of sachets which can be torn and swallowed into the mouth directly. You can also squeeze the contents into a spoon and put it in the mouth. This quick-absorbing medicine should be taken once in a day. It shows excellent results when taken on an empty stomach.\"}\n        }]\n    }\n    <\/script><\/p>\n","protected":false},"excerpt":{"rendered":"<p>Online Kamagra Jelly ist weithin gefragt f\u00fcr erstaunliche Ergebnisse bei der Behandlung der erektilen Dysfunktion. Um mehr M\u00e4nnern zu helfen, ihre sexuellen Probleme zu behandeln und ihre Lebensqualit\u00e4t zu verbessern.<\/p>\n<p>Kaufen Sie Kamagra Jelly Deutschland Kunden wird jetzt zu budgetfreundlichen Preisen angeboten. Mehrere Geschmacksrichtungen wie Minze und Vanille sind ebenfalls erh\u00e4ltlich. Dar\u00fcber hinaus wird die Informationssicherheit der Besteller gew\u00e4hrleistet.<\/p>\n","protected":false},"featured_media":19635,"comment_status":"open","ping_status":"closed","template":"","meta":{"_uag_custom_page_level_css":""},"product_brand":[],"product_cat":[219],"product_tag":[],"class_list":{"0":"post-20579","1":"product","2":"type-product","3":"status-publish","4":"has-post-thumbnail","6":"product_cat-kamagra-uk-german","8":"first","9":"instock","10":"featured","11":"taxable","12":"shipping-taxable","13":"purchasable","14":"product-type-variable"},"uagb_featured_image_src":{"full":["https:\/\/www.1kamagrauk.com\/wp-content\/uploads\/2019\/12\/Kamagra-Jelly-2.jpg",400,400,false],"thumbnail":["https:\/\/www.1kamagrauk.com\/wp-content\/uploads\/2019\/12\/Kamagra-Jelly-2-150x150.jpg",150,150,true],"medium":["https:\/\/www.1kamagrauk.com\/wp-content\/uploads\/2019\/12\/Kamagra-Jelly-2-300x300.jpg",300,300,true],"medium_large":["https:\/\/www.1kamagrauk.com\/wp-content\/uploads\/2019\/12\/Kamagra-Jelly-2.jpg",400,400,false],"large":["https:\/\/www.1kamagrauk.com\/wp-content\/uploads\/2019\/12\/Kamagra-Jelly-2.jpg",400,400,false],"1536x1536":["https:\/\/www.1kamagrauk.com\/wp-content\/uploads\/2019\/12\/Kamagra-Jelly-2.jpg",400,400,false],"2048x2048":["https:\/\/www.1kamagrauk.com\/wp-content\/uploads\/2019\/12\/Kamagra-Jelly-2.jpg",400,400,false],"woocommerce_thumbnail":["https:\/\/www.1kamagrauk.com\/wp-content\/uploads\/2019\/12\/Kamagra-Jelly-2-300x300.jpg",300,300,true],"woocommerce_single":["https:\/\/www.1kamagrauk.com\/wp-content\/uploads\/2019\/12\/Kamagra-Jelly-2-300x300.jpg",300,300,true],"woocommerce_gallery_thumbnail":["https:\/\/www.1kamagrauk.com\/wp-content\/uploads\/2019\/12\/Kamagra-Jelly-2-100x100.jpg",100,100,true]},"uagb_author_info":{"display_name":false,"author_link":"https:\/\/www.1kamagrauk.com\/de\/author"},"uagb_comment_info":9,"uagb_excerpt":"Online Kamagra Jelly ist weithin gefragt f\u00fcr erstaunliche Ergebnisse bei der Behandlung der erektilen Dysfunktion. Um mehr M\u00e4nnern zu helfen, ihre sexuellen Probleme zu behandeln und ihre Lebensqualit\u00e4t zu verbessern. Kaufen Sie Kamagra Jelly Deutschland Kunden wird jetzt zu budgetfreundlichen Preisen angeboten. Mehrere Geschmacksrichtungen wie Minze und Vanille sind ebenfalls erh\u00e4ltlich. Dar\u00fcber hinaus wird die&hellip;","_links":{"self":[{"href":"https:\/\/www.1kamagrauk.com\/de\/wp-json\/wp\/v2\/product\/20579","targetHints":{"allow":["GET"]}}],"collection":[{"href":"https:\/\/www.1kamagrauk.com\/de\/wp-json\/wp\/v2\/product"}],"about":[{"href":"https:\/\/www.1kamagrauk.com\/de\/wp-json\/wp\/v2\/types\/product"}],"replies":[{"embeddable":true,"href":"https:\/\/www.1kamagrauk.com\/de\/wp-json\/wp\/v2\/comments?post=20579"}],"wp:featuredmedia":[{"embeddable":true,"href":"https:\/\/www.1kamagrauk.com\/de\/wp-json\/wp\/v2\/media\/19635"}],"wp:attachment":[{"href":"https:\/\/www.1kamagrauk.com\/de\/wp-json\/wp\/v2\/media?parent=20579"}],"wp:term":[{"taxonomy":"product_brand","embeddable":true,"href":"https:\/\/www.1kamagrauk.com\/de\/wp-json\/wp\/v2\/product_brand?post=20579"},{"taxonomy":"product_cat","embeddable":true,"href":"https:\/\/www.1kamagrauk.com\/de\/wp-json\/wp\/v2\/product_cat?post=20579"},{"taxonomy":"product_tag","embeddable":true,"href":"https:\/\/www.1kamagrauk.com\/de\/wp-json\/wp\/v2\/product_tag?post=20579"}],"curies":[{"name":"wp","href":"https:\/\/api.w.org\/{rel}","templated":true}]}}