{"id":20578,"date":"2019-12-06T01:42:31","date_gmt":"2021-09-17T08:13:50","guid":{"rendered":"https:\/\/www.kamagrauk.com\/product\/buy-hard-on-jellies"},"modified":"2021-09-18T08:01:26","modified_gmt":"2021-09-18T07:01:26","slug":"kaufen-hart-auf-gelees","status":"publish","type":"product","link":"https:\/\/www.1kamagrauk.com\/de\/hart-auf-gelee.htm","title":{"rendered":"Kaufen Sie Hart auf Gelee"},"content":{"rendered":"<h2>WIE FUNKTIONIEREN HART AUF GELEE (100 mg) F\u00dcR M\u00c4NNER?<\/h2>\n<div id=\"tw-container\" class=\"\" data-cp=\"1\" data-is-ver=\"false\" data-nnttsvi=\"1\" data-sm=\"1\" data-sugg-time=\"500\" data-sugg-url=\"https:\/\/clients1.google.com\/complete\/search\" data-uilc=\"en\">\n<div>\n<div>\n<div id=\"tw-ob\" class=\"tw-src-ltr\">\n<div class=\"oSioSc\">\n<div id=\"tw-target\">\n<div id=\"kAz1tf\" class=\"g9WsWb\">\n<div id=\"tw-target-text-container\" class=\"tw-ta-container F0azHf tw-nfl\" tabindex=\"0\">\n<pre id=\"tw-target-text\" class=\"tw-data-text tw-text-large XcVN5d tw-ta\" dir=\"ltr\" data-placeholder=\"Translation\"><\/pre>\n<\/div>\n<\/div>\n<\/div>\n<\/div>\n<\/div>\n<\/div>\n<\/div>\n<\/div>\n<div class=\"KFFQ0c xKf9F\">Kaufen Sie Hart auf Gelee wurde von Aurochem Laboratories entwickelt und wird schnell in den Blutkreislauf aufgenommen, wodurch die Blutzirkulation zum Penis verbessert wird, wodurch dieser erigiert wird. Dieses Medikament enth\u00e4lt Sildenafilcitrat, das als PDE5-Hemmer wirkt, dessen Funktion darin besteht, die Wirkung von Enzymen zu blockieren, die zum Abklingen der Erektionen f\u00fchren. Infolgedessen wird der Penis aufrecht und bleibt bei sexueller Stimulation bis zu 6 Stunden lang aufrecht. Es sollte beachtet werden, dass dieses Arzneimittel bei allen ED-Medikamenten eine sexuelle Stimulation erfordert, um effektiv zu wirken.<\/div>\n<p>Kamagra Deutsch bietet Ihnen die M\u00f6glichkeit, Ihre sexuelle Gesundheit mit Hilfe von kaufen Hart auf Gelee zu verbessern. Hier k\u00f6nnen Sie Hart auf Gelee zu einem sehr g\u00fcnstigen Preis kaufen. Kamagra English konzentriert sich immer auf gute Medizin zu geringen Kosten, wir k\u00fcmmern uns um Ihre Gesundheit und Ihr Geld.<\/p>\n<h2>RICHTLINIEN F\u00dcR VERWENDUNG, DOSIERUNG UND LAGERUNG<\/h2>\n<p align=\"justify\"><strong>Anwendung<\/strong>: Um sicherzustellen, dass Kaufen Sie Hart auf Gelee effektiv und sicher f\u00fcr Sie wirkt, nehmen Sie es 15 bis 30 Minuten vor der sexuellen Aktivit\u00e4t ein. Nur eine Einzeldosis von 100 mg sollte innerhalb von 24 Stunden eingenommen werden und das Medikament nicht einnehmen, wenn Sie keine sexuellen Aktivit\u00e4ten planen. Nur eine Einzeldosis von 100 mg sollte innerhalb von 24 Stunden eingenommen werden und das Medikament nicht einnehmen, WENN SIE keine sexuellen Aktivit\u00e4ten planen.<\/p>\n<p align=\"justify\"><strong>Dosierung<\/strong>: Nehmen Sie dieses Gelee gem\u00e4\u00df der empfohlenen Dosierung ein. \u00dcberschreiten Sie niemals die empfohlene H\u00f6chstdosis, die einen einzelnen 100-mg-Beutel pro 24 Stunden betr\u00e4gt. Wenn Sie das Medikament versehentlich \u00fcberdosiert haben und verst\u00e4rkte Nebenwirkungen haben, suchen Sie einen Arzt auf, um medizinische Komplikationen zu vermeiden. Es sollte nur bei Bedarf und nicht t\u00e4glich konsumiert werden, wenn kein Sex geplant ist. Um optimale Ergebnisse zu erzielen, warten Sie, bis das Gelee vollst\u00e4ndig vom K\u00f6rper aufgenommen wurde, was normalerweise etwa 20 Minuten nach der Einnahme der Fall ist. Nehmen Sie immer die normale empfohlene Dosis ein, die eine einzelne 100-mg-Gelee ist.<\/p>\n<p align=\"justify\"><strong>Lagerung<\/strong>: Das Arzneimittel sollte bei Raumtemperatur zwischen 15 und 30 \u00b0C (59 bis 86 \u00b0F) in den Originalbeuteln aufbewahrt werden. Vermeiden Sie die Lagerung an Orten mit \u00fcberm\u00e4\u00dfiger Feuchtigkeit oder direkter Hitze oder Sonneneinstrahlung. Bewahren Sie das Medikament immer an einem sicheren und trockenen Ort au\u00dferhalb der Reichweite von Haustieren und Kindern auf.<\/p>\n<h3>Sicherheitsinformationen, Warnungen und Vorsichtsma\u00dfnahmen f\u00fcr\u00a0Hart auf Gelee(100 mg)<\/h3>\n<ul>\n<li>Bevor Sie dieses Gelee einnehmen, stellen Sie sicher, dass Sie alles \u00fcber die Verwendung verstanden haben<\/li>\n<li>Mischen Sie es nicht mit anderen Medikamenten gegen erektile Dysfunktion, um medizinische Komplikationen zu vermeiden<\/li>\n<li>Vermeiden Sie den Konsum, wenn Sie Nitrate einnehmen oder allergisch gegen Sildenafilcitrat sind<\/li>\n<li>Suchen Sie einen Arzt auf, wenn Sie an ernsthaften Erkrankungen leiden<\/li>\n<li>Nehmen Sie dieses Medikament nicht ein, wenn Sie bereits Medikamente zur Behandlung von Herz-, Leber- oder Nierenproblemen, Blutdruck oder Schlaflosigkeit einnehmen<\/li>\n<li>Mischen Sie dieses Medikament nicht mit anderen Medikamenten zur Behandlung von Depressionen, Schlaganf\u00e4llen, Krebs, Diabetes oder Sehst\u00f6rungen<\/li>\n<li>Es wird nicht f\u00fcr Personen empfohlen, die in der Vergangenheit Drogenmissbrauch oder schwere psychische Erkrankungen hatten<\/li>\n<\/ul>\n<h3>M\u00f6gliche Nebenwirkungen von\u00a0 Hart auf 100 mg Gelees<\/h3>\n<p align=\"justify\">Genau wie andere Medikamente kann Kaufen Sie Hart auf Gelee\u00a0auch einige geringf\u00fcgige Nebenwirkungen verursachen, die nachlassen, wenn das Medikament den K\u00f6rper verl\u00e4sst. Einige h\u00e4ufige geringf\u00fcgige Nebenwirkungen sind:<\/p>\n<ul>\n<li>Kopfschmerzen<\/li>\n<li>Sodbrennen<\/li>\n<li>Verstopfte oder laufende Nase<\/li>\n<li>Magenprobleme<\/li>\n<li>Durchfall<\/li>\n<li>Schwindel<\/li>\n<li>Gesichtsr\u00f6tung<\/li>\n<\/ul>\n<p align=\"justify\">Wenn diese Nebenwirkungen nicht nachlassen und Sie weiterhin st\u00f6ren, suchen Sie einen Arzt auf. Denken Sie daran, dass dieses Medikament in sehr seltenen F\u00e4llen zu verl\u00e4ngerten Erektionen oder schweren Seh- oder H\u00f6rst\u00f6rungen f\u00fchren kann. Sollte dies bei Ihnen der Fall sein, suchen Sie umgehend einen Arzt auf.<\/p>\n","protected":false},"excerpt":{"rendered":"<p>Wie der Name schon sagt, ist\u00a0Hart auf Gelee\u00a0eine fl\u00fcssige Form von Sildenafilcitrat, die als Alternative zu Tabletten zur Behandlung von erektiler Dysfunktion verwendet wird. Durch seine Geleeform wird es schneller vom K\u00f6rper aufgenommen und wirkt in nur 15 bis 20 Minuten. Die Wirkung dieses Medikaments h\u00e4lt etwa sechs Stunden an und gibt M\u00e4nnern genug Zeit, um ohne Eile sexuelle Leistungen zu erbringen. Der zus\u00e4tzliche Vorteil dieses Gelees ist, dass es jetzt online in mehreren gro\u00dfartig schmeckenden Geschmacksrichtungen erh\u00e4ltlich ist, darunter Kirsche, Orange, Zitrone, Banane, Mango, Minze, Erdbeere, Ananas usw.<\/p>\n","protected":false},"featured_media":19641,"comment_status":"open","ping_status":"closed","template":"","meta":[],"product_brand":[],"product_cat":[219],"product_tag":[],"class_list":{"0":"post-20578","1":"product","2":"type-product","3":"status-publish","4":"has-post-thumbnail","6":"product_cat-kamagra-uk-german","8":"first","9":"onbackorder","10":"taxable","11":"shipping-taxable","12":"product-type-simple"},"_links":{"self":[{"href":"https:\/\/www.1kamagrauk.com\/de\/wp-json\/wp\/v2\/product\/20578","targetHints":{"allow":["GET"]}}],"collection":[{"href":"https:\/\/www.1kamagrauk.com\/de\/wp-json\/wp\/v2\/product"}],"about":[{"href":"https:\/\/www.1kamagrauk.com\/de\/wp-json\/wp\/v2\/types\/product"}],"replies":[{"embeddable":true,"href":"https:\/\/www.1kamagrauk.com\/de\/wp-json\/wp\/v2\/comments?post=20578"}],"wp:featuredmedia":[{"embeddable":true,"href":"https:\/\/www.1kamagrauk.com\/de\/wp-json\/wp\/v2\/media\/19641"}],"wp:attachment":[{"href":"https:\/\/www.1kamagrauk.com\/de\/wp-json\/wp\/v2\/media?parent=20578"}],"wp:term":[{"taxonomy":"product_brand","embeddable":true,"href":"https:\/\/www.1kamagrauk.com\/de\/wp-json\/wp\/v2\/product_brand?post=20578"},{"taxonomy":"product_cat","embeddable":true,"href":"https:\/\/www.1kamagrauk.com\/de\/wp-json\/wp\/v2\/product_cat?post=20578"},{"taxonomy":"product_tag","embeddable":true,"href":"https:\/\/www.1kamagrauk.com\/de\/wp-json\/wp\/v2\/product_tag?post=20578"}],"curies":[{"name":"wp","href":"https:\/\/api.w.org\/{rel}","templated":true}]}}