{"id":20563,"date":"2019-12-06T04:40:14","date_gmt":"2021-09-17T07:51:40","guid":{"rendered":"https:\/\/www.kamagrauk.com\/product\/modalert-modafinil-tabletten"},"modified":"2021-09-24T13:08:34","modified_gmt":"2021-09-24T12:08:34","slug":"kaufen-modafinil","status":"publish","type":"product","link":"https:\/\/www.1kamagrauk.com\/de\/modalert-tabletten.htm","title":{"rendered":"Modalert &#8211; Modafinil Tabletten"},"content":{"rendered":"<p align=\"justify\">Modalert geh\u00f6rt zur eugeroischen Klasse von Medikamenten und eingehende Untersuchungen haben ergeben, dass das Medikament einen Off-Label-Gebrauch zur Verbesserung der kognitiven Funktion des Gehirns haben kann. Modalert besteht aus einer konzentrierten Form von Modafinil, einem von der FDA zugelassenen medizinischen Wirkstoff zur Behandlung von Narkolepsie und Schichtarbeitsst\u00f6rungen. Das wachmachende Mittel wird von Sun Pharmaceuticals Limited, einem der weltweit t\u00e4tigen Pharmahersteller, hergestellt.<\/p>\n<h2>Modafinil \u2013 der in Modalert verwendete Wirkstoff half dem Verteidigungspersonal<\/h2>\n<p align=\"justify\">Die Wirksamkeit von Modalert-Tabletten beruht auf dem Wirkstoff, der in der Formulierung des Arzneimittels verwendet wird; Modafinil wird als eugeroic eingestuft und enth\u00e4lt auch Eigenschaften von Nootropika oder Smart Drugs. Modafinil ist aufgrund seiner geringen Wahrscheinlichkeit eines Drogenmissbrauchs im Regierungsministerium als geplante IV-Substanz registriert. Laut den Quellen haben verschiedene Verteidigungsabteilungen mehrerer L\u00e4nder diese medizinische Verbindung verwendet, um die eingesetzten Truppen w\u00e4hrend der langwierigen Missionen in Alarmbereitschaft zu halten. Die Armeetruppen in Kriegssituationen m\u00fcssen in Kriegssituationen oft ihre Aufgaben ohne Schlaf ausf\u00fchren. Die von den Beamten ver\u00f6ffentlichten Erkl\u00e4rungen deuten darauf hin, dass der Einsatz von Modafinil der gesamten Truppe half, den Schlafmangelzustand w\u00e4hrend der Missionen zu bek\u00e4mpfen.<\/p>\n<h3>Die empfohlenen Dosen von Modalert-Tabletten<\/h3>\n<ul>\n<li>Zun\u00e4chst m\u00fcssen Sie Ihren Gesundheitszustand diagnostizieren. Falls Sie unter pl\u00f6tzlichen Schlafanf\u00e4llen leiden oder vom narkoleptischen Syndrom betroffen sind, beginnen Sie mit einer milden Dosis von 100 mg Modalert-Tabletten, indem Sie die gesamte 200 mg-Tablette in zwei H\u00e4lften teilen. Nach und nach k\u00f6nnen Sie die Dosis auf bis zu 200 mg erh\u00f6hen, damit Sie eine st\u00e4ndige Besserung der unwillkommenen Schlafattacken erfahren.<\/li>\n<li>Wenn Sie zu denjenigen geh\u00f6ren, die zu ungeraden Schichtzeiten verpflichtet sind und deren Folgen in Form einer Schichtarbeitsschlafst\u00f6rung (SWSD) haben, k\u00f6nnen Sie eine Stunde vor Beginn Ihres Arbeitsplans eine Dosis Modalert 200 mg einnehmen .<\/li>\n<li>Um die gehirnverst\u00e4rkende Wirkung dieses auf Modafinil basierenden Medikaments zu erleben, k\u00f6nnen Einzelpersonen zu Beginn des Tages eine regelm\u00e4\u00dfige Dosis von 200 mg Modalert-Tabletten einnehmen.<\/li>\n<\/ul>\n<p align=\"justify\"><strong><em>Bitte beachten Sie<\/em><\/strong>: Patienten mit Herz-Kreislauf-Erkrankungen, Bluthochdruck und Lebererkrankungen sollten die Anwendung dieses eugeroischen Mittels nicht zuf\u00e4llig beginnen. F\u00fcr solche Personen wird eine vorherige Konsultation mit einem Arzt empfohlen, bevor dieses Medikament verwendet wird.<\/p>\n","protected":false},"excerpt":{"rendered":"<p>Modalert ist eine Markenversion des generischen Modafinil-Pr\u00e4parats. Modalert kostet viel billiger als das allgemein bekannte Provigil, hat aber die gleiche Wirksamkeit und Eigenschaften, die Krankheiten wie Narkolepsie, Schlafapnoe und Schichtarbeitsst\u00f6rungen behandeln k\u00f6nnen. Modalert wird von Sub Pharmaceuticals Limited hergestellt und ist &#8230;<\/p>\n","protected":false},"featured_media":19689,"comment_status":"open","ping_status":"closed","template":"","meta":{"_uag_custom_page_level_css":""},"product_brand":[],"product_cat":[219],"product_tag":[],"class_list":{"0":"post-20563","1":"product","2":"type-product","3":"status-publish","4":"has-post-thumbnail","6":"product_cat-kamagra-uk-german","8":"first","9":"instock","10":"featured","11":"taxable","12":"shipping-taxable","13":"purchasable","14":"product-type-variable","15":"has-default-attributes"},"uagb_featured_image_src":{"full":["https:\/\/www.1kamagrauk.com\/wp-content\/uploads\/2019\/12\/Modalert-Tablets.jpg",400,400,false],"thumbnail":["https:\/\/www.1kamagrauk.com\/wp-content\/uploads\/2019\/12\/Modalert-Tablets-150x150.jpg",150,150,true],"medium":["https:\/\/www.1kamagrauk.com\/wp-content\/uploads\/2019\/12\/Modalert-Tablets-300x300.jpg",300,300,true],"medium_large":["https:\/\/www.1kamagrauk.com\/wp-content\/uploads\/2019\/12\/Modalert-Tablets.jpg",400,400,false],"large":["https:\/\/www.1kamagrauk.com\/wp-content\/uploads\/2019\/12\/Modalert-Tablets.jpg",400,400,false],"1536x1536":["https:\/\/www.1kamagrauk.com\/wp-content\/uploads\/2019\/12\/Modalert-Tablets.jpg",400,400,false],"2048x2048":["https:\/\/www.1kamagrauk.com\/wp-content\/uploads\/2019\/12\/Modalert-Tablets.jpg",400,400,false],"woocommerce_thumbnail":["https:\/\/www.1kamagrauk.com\/wp-content\/uploads\/2019\/12\/Modalert-Tablets-300x300.jpg",300,300,true],"woocommerce_single":["https:\/\/www.1kamagrauk.com\/wp-content\/uploads\/2019\/12\/Modalert-Tablets-300x300.jpg",300,300,true],"woocommerce_gallery_thumbnail":["https:\/\/www.1kamagrauk.com\/wp-content\/uploads\/2019\/12\/Modalert-Tablets-100x100.jpg",100,100,true]},"uagb_author_info":{"display_name":false,"author_link":"https:\/\/www.1kamagrauk.com\/de\/author"},"uagb_comment_info":0,"uagb_excerpt":"Modalert ist eine Markenversion des generischen Modafinil-Pr\u00e4parats. Modalert kostet viel billiger als das allgemein bekannte Provigil, hat aber die gleiche Wirksamkeit und Eigenschaften, die Krankheiten wie Narkolepsie, Schlafapnoe und Schichtarbeitsst\u00f6rungen behandeln k\u00f6nnen. Modalert wird von Sub Pharmaceuticals Limited hergestellt und ist ...","_links":{"self":[{"href":"https:\/\/www.1kamagrauk.com\/de\/wp-json\/wp\/v2\/product\/20563","targetHints":{"allow":["GET"]}}],"collection":[{"href":"https:\/\/www.1kamagrauk.com\/de\/wp-json\/wp\/v2\/product"}],"about":[{"href":"https:\/\/www.1kamagrauk.com\/de\/wp-json\/wp\/v2\/types\/product"}],"replies":[{"embeddable":true,"href":"https:\/\/www.1kamagrauk.com\/de\/wp-json\/wp\/v2\/comments?post=20563"}],"wp:featuredmedia":[{"embeddable":true,"href":"https:\/\/www.1kamagrauk.com\/de\/wp-json\/wp\/v2\/media\/19689"}],"wp:attachment":[{"href":"https:\/\/www.1kamagrauk.com\/de\/wp-json\/wp\/v2\/media?parent=20563"}],"wp:term":[{"taxonomy":"product_brand","embeddable":true,"href":"https:\/\/www.1kamagrauk.com\/de\/wp-json\/wp\/v2\/product_brand?post=20563"},{"taxonomy":"product_cat","embeddable":true,"href":"https:\/\/www.1kamagrauk.com\/de\/wp-json\/wp\/v2\/product_cat?post=20563"},{"taxonomy":"product_tag","embeddable":true,"href":"https:\/\/www.1kamagrauk.com\/de\/wp-json\/wp\/v2\/product_tag?post=20563"}],"curies":[{"name":"wp","href":"https:\/\/api.w.org\/{rel}","templated":true}]}}