{"id":20548,"date":"2019-12-06T01:37:40","date_gmt":"2021-09-17T07:47:16","guid":{"rendered":"https:\/\/www.kamagrauk.com\/product\/100mg-hard-on-tabletten"},"modified":"2021-09-17T08:47:16","modified_gmt":"2021-09-17T07:47:16","slug":"kaufe-harte-auf-tabletten","status":"publish","type":"product","link":"https:\/\/www.1kamagrauk.com\/de\/100mg-hard-on-tabletten","title":{"rendered":"100mg Hard ON Tabletten"},"content":{"rendered":"<h2>ARBEITSMECHANISMUS UND INHALTSSTOFFE F\u00dcR HART AUF TABLETTEN (100 mg)<\/h2>\n<p align=\"justify\">Von Aurochem Laboratories formuliert, enthalten Buy Hard On Tablets Sildenafilcitrat als Hauptbestandteil. Das Arzneimittel wirkt, indem es hilft, die Blutgef\u00e4\u00dfe um den Penis herum zu erweitern, wodurch mehr Blut in das Fortpflanzungsorgan flie\u00dfen kann, was wiederum zu h\u00e4rteren, gr\u00f6\u00dferen Erektionen f\u00fcr die Zeit f\u00fchrt, in der das Medikament im K\u00f6rper aktiv bleibt. Dieses Arzneimittel wirkt jedoch nur, wenn Sie beim Geschlechtsverkehr sexuell stimuliert werden.<\/p>\n<p>Kamagra Deutsch bietet Ihnen die M\u00f6glichkeit, Ihre sexuelle Gesundheit mit Hilfe von Hard on Tablets Tabletten zu verbessern. Hier k\u00f6nnen Sie Hard on Tablets sehr g\u00fcnstig kaufen. Kamagra Deutsch konzentriert sich immer auf gute Medizin zu niedrigen Kosten, wir k\u00fcmmern uns immer um Ihre Gesundheit und Ihr Geld.<\/p>\n<h2>WAS SIE WISSEN M\u00dcSSEN, BEVOR SIE SILDENAFIL HARD AUF Pillen einnehmen<\/h2>\n<ul>\n<li>Vermeiden Sie die Einnahme dieses Medikaments, wenn Sie Nitrate oder andere ED-Medikamente einnehmen<\/li>\n<li>Nicht einnehmen, wenn Sie allergisch gegen Sildenafil oder andere Inhaltsstoffe dieser Pillen sind<\/li>\n<li>Suchen Sie einen Arzt auf, wenn Sie schwere Herzprobleme haben oder Drogenmissbrauch in der Vorgeschichte haben<\/li>\n<li>Vermeiden Sie, wenn Sie an Sichelzellenan\u00e4mie, Leuk\u00e4mie (Krebs der Blutk\u00f6rperchen) leiden.<\/li>\n<li>Nehmen Sie sie nicht ein, wenn Sie an einer Deformierung des Penis oder der Peyronie-Krankheit leiden<\/li>\n<li>Vermeiden Sie, wenn Sie ein Magengeschw\u00fcr oder ein Blutungsproblem (wie H\u00e4mophilie) haben.<\/li>\n<li>Wenden Sie sich an Ihren Arzt, wenn Sie an der seltenen erblichen Augenerkrankung Retinitis pigmentosa . leiden<\/li>\n<li>Nicht einnehmen, wenn Sie einen Schlaganfall oder Herzinfarkt hatten oder Leber- und Lungenprobleme haben<\/li>\n<li>Vermeiden Sie, wenn Sie jemals an einem Augenproblem gelitten haben, nicht-arteritische anteriore isch\u00e4mische Optikusneuropathie (NAION)<\/li>\n<\/ul>\n<h3>WIE MAN BILLIG HART AUF TABLETTEN EINNAHME (100 mg) &#8211; Anwendung, Dosierung &amp; Lagerung<\/h3>\n<ul>\n<li>Nehmen Sie dieses Arzneimittel immer genau wie empfohlen ein<\/li>\n<li>Nehmen Sie es nicht mehr als einmal innerhalb von 24 Stunden ein<\/li>\n<li>\u00dcberschreiten Sie niemals die H\u00f6chstdosis von 100 mg, da dies gef\u00e4hrliche Nebenwirkungen haben kann<\/li>\n<li>Schlucken Sie die Tablette im Ganzen mit einem Glas Wasser<\/li>\n<li>Nehmen Sie dieses Arzneimittel mindestens 30 bis 45 Minuten vor der geplanten sexuellen Aktivit\u00e4t ein<\/li>\n<li>Mischen Sie es nicht mit Alkohol, Grapefruits, schweren Mahlzeiten oder anderen ED-Medikamenten<\/li>\n<li>Bewahren Sie es an einem k\u00fchlen und trockenen Ort au\u00dferhalb der Reichweite von Haustieren und Kindern auf<\/li>\n<\/ul>\n<h3>M\u00d6GLICHE NEBENWIRKUNGEN VON HART AUF PILLEN VON Aurochem Laboratories<\/h3>\n<p align=\"justify\"><strong>H\u00e4ufige<\/strong><strong>Nebenwirkungen k\u00f6nnen sein<\/strong>: Kopfschmerzen, Gesichtsr\u00f6tung, Verdauungsst\u00f6rungen und Sehst\u00f6rungen wie Farbt\u00f6nung beim Sehen, Lichtempfindlichkeit, verschwommenes Sehen oder weniger scharfes Sehen. Andere Nebenwirkungen k\u00f6nnen eine verstopfte Nase oder Schwindel sein.<\/p>\n<p align=\"justify\"><strong>Gelegentliche<\/strong> <strong>.<\/strong> <strong>Nebenwirkungen k\u00f6nnen sein<\/strong>: Erbrechen, Hautausschlag, Augenreizung, blutunterlaufene Augen, Doppelbilder, abnormes Augengef\u00fchl, tr\u00e4nende Augen, Herzklopfen oder unregelm\u00e4\u00dfiger Herzschlag, Muskelschmerzen, Schwindel, Ohrensausen, \u00dcbelkeit, Mundtrockenheit, Brustschmerzen und M\u00fcdigkeit.<\/p>\n<p align=\"justify\"><strong>Seltene<\/strong><strong>Wirkungen<\/strong>: Hoher Blutdruck, niedriger Blutdruck, Ohnmacht, Nasenbluten, pl\u00f6tzliche Abnahme oder Verlust des H\u00f6rverm\u00f6gens und schmerzhafte und verl\u00e4ngerte Erektionen, die l\u00e4nger als 6 Stunden anhalten.<\/p>\n<p align=\"justify\"><strong>Wenn bei Ihnen seltene und schwerwiegende Nebenwirkungen auftreten, ist es wichtig, sofort Ihren Arzt aufzusuchen. <\/strong><\/p>\n","protected":false},"excerpt":{"rendered":"<p><strong>Hard On Tablets<\/strong> sind ein Sildenafil-Citrat-Behandlungsmittel, das zu einer Gruppe von Phosphodiesterase-Typ-5-(PDE-5)-Hemmern geh\u00f6rt. Es dauert etwa 20 bis 30 Minuten, bis diese Tabletten aktiv werden und die positive Wirkung h\u00e4lt bis zu 6 Stunden im K\u00f6rper an, so dass ein Mann eine feste Erektion erreichen und beim Sex effektiv arbeiten kann. Sie sind als 100 mg Tabletten in voller St\u00e4rke erh\u00e4ltlich, die eine maximale Wirksamkeit gew\u00e4hrleisten. Wenn eine niedrigere Dosis erforderlich ist, kann dies durch Aufteilen der Pillen in zwei Teile erreicht werden.<\/p>\n","protected":false},"featured_media":19779,"comment_status":"open","ping_status":"closed","template":"","meta":{"_uag_custom_page_level_css":""},"product_brand":[],"product_cat":[219],"product_tag":[],"class_list":{"0":"post-20548","1":"product","2":"type-product","3":"status-publish","4":"has-post-thumbnail","6":"product_cat-kamagra-uk-german","8":"first","9":"onbackorder","10":"taxable","11":"shipping-taxable","12":"purchasable","13":"product-type-simple"},"uagb_featured_image_src":{"full":["https:\/\/www.1kamagrauk.com\/wp-content\/uploads\/2019\/12\/100mg-Hard-ON-Tablets.jpg",400,400,false],"thumbnail":["https:\/\/www.1kamagrauk.com\/wp-content\/uploads\/2019\/12\/100mg-Hard-ON-Tablets-150x150.jpg",150,150,true],"medium":["https:\/\/www.1kamagrauk.com\/wp-content\/uploads\/2019\/12\/100mg-Hard-ON-Tablets-300x300.jpg",300,300,true],"medium_large":["https:\/\/www.1kamagrauk.com\/wp-content\/uploads\/2019\/12\/100mg-Hard-ON-Tablets.jpg",400,400,false],"large":["https:\/\/www.1kamagrauk.com\/wp-content\/uploads\/2019\/12\/100mg-Hard-ON-Tablets.jpg",400,400,false],"1536x1536":["https:\/\/www.1kamagrauk.com\/wp-content\/uploads\/2019\/12\/100mg-Hard-ON-Tablets.jpg",400,400,false],"2048x2048":["https:\/\/www.1kamagrauk.com\/wp-content\/uploads\/2019\/12\/100mg-Hard-ON-Tablets.jpg",400,400,false],"woocommerce_thumbnail":["https:\/\/www.1kamagrauk.com\/wp-content\/uploads\/2019\/12\/100mg-Hard-ON-Tablets-300x300.jpg",300,300,true],"woocommerce_single":["https:\/\/www.1kamagrauk.com\/wp-content\/uploads\/2019\/12\/100mg-Hard-ON-Tablets-300x300.jpg",300,300,true],"woocommerce_gallery_thumbnail":["https:\/\/www.1kamagrauk.com\/wp-content\/uploads\/2019\/12\/100mg-Hard-ON-Tablets-100x100.jpg",100,100,true]},"uagb_author_info":{"display_name":false,"author_link":"https:\/\/www.1kamagrauk.com\/de\/author"},"uagb_comment_info":0,"uagb_excerpt":"Hard On Tablets sind ein Sildenafil-Citrat-Behandlungsmittel, das zu einer Gruppe von Phosphodiesterase-Typ-5-(PDE-5)-Hemmern geh\u00f6rt. Es dauert etwa 20 bis 30 Minuten, bis diese Tabletten aktiv werden und die positive Wirkung h\u00e4lt bis zu 6 Stunden im K\u00f6rper an, so dass ein Mann eine feste Erektion erreichen und beim Sex effektiv arbeiten kann. Sie sind als 100&hellip;","_links":{"self":[{"href":"https:\/\/www.1kamagrauk.com\/de\/wp-json\/wp\/v2\/product\/20548","targetHints":{"allow":["GET"]}}],"collection":[{"href":"https:\/\/www.1kamagrauk.com\/de\/wp-json\/wp\/v2\/product"}],"about":[{"href":"https:\/\/www.1kamagrauk.com\/de\/wp-json\/wp\/v2\/types\/product"}],"replies":[{"embeddable":true,"href":"https:\/\/www.1kamagrauk.com\/de\/wp-json\/wp\/v2\/comments?post=20548"}],"wp:featuredmedia":[{"embeddable":true,"href":"https:\/\/www.1kamagrauk.com\/de\/wp-json\/wp\/v2\/media\/19779"}],"wp:attachment":[{"href":"https:\/\/www.1kamagrauk.com\/de\/wp-json\/wp\/v2\/media?parent=20548"}],"wp:term":[{"taxonomy":"product_brand","embeddable":true,"href":"https:\/\/www.1kamagrauk.com\/de\/wp-json\/wp\/v2\/product_brand?post=20548"},{"taxonomy":"product_cat","embeddable":true,"href":"https:\/\/www.1kamagrauk.com\/de\/wp-json\/wp\/v2\/product_cat?post=20548"},{"taxonomy":"product_tag","embeddable":true,"href":"https:\/\/www.1kamagrauk.com\/de\/wp-json\/wp\/v2\/product_tag?post=20548"}],"curies":[{"name":"wp","href":"https:\/\/api.w.org\/{rel}","templated":true}]}}