{"id":20516,"date":"2019-03-27T05:37:16","date_gmt":"2019-03-27T05:37:16","guid":{"rendered":"https:\/\/www.kamagrauk.com\/product\/kamagra-100-mg"},"modified":"2026-03-25T11:34:40","modified_gmt":"2026-03-25T10:34:40","slug":"kamagra-100mg","status":"publish","type":"product","link":"https:\/\/www.1kamagrauk.com\/de\/kamagra-tabletten.htm","title":{"rendered":"Kamagra 100mg"},"content":{"rendered":"<h2><strong>Was ist Kamagra 100mg UK?<\/strong><\/h2>\n<p>It is an immensely popular all across world as an effective treatment for erectile dysfunction. Online Kamagra 100 mg deutsch wird mit modernster Technologie unter der Aufsicht erfahrener Forscher und Fachleute von Ajanta Pharma Ltd. hergestellt und von \u00c4rzten Patienten empfohlen, die keine gesunden Erektionen haben k\u00f6nnen. Mit zahlreichen online ver\u00f6ffentlichten Studien wurde festgestellt, dass M\u00e4nner, die diese Goldtabletten konsumierten, von lang anhaltenden Erektionen und befriedigendem Geschlechtsverkehr mit seltenen bis keinen Nebenwirkungen berichteten.<\/p>\n<p>Kamagra 100mg wird mit qualit\u00e4tsgepr\u00fcften Inhaltsstoffen formuliert, wobei der Hauptbestandteil <strong>Sildenafil Citrate<\/strong> ist, ein starker PDE-5-Hemmer. Mit diesem Inhaltsstoff sorgt das Arzneimittel daf\u00fcr, die Durchblutung der Genitalien bei M\u00e4nnern zu f\u00f6rdern und eine starke Erektion zu unterst\u00fctzen. Die Wirkung der 100-mg-Pille bleibt 4-6 Stunden im K\u00f6rper, aber einige medizinische Berichte haben best\u00e4tigt, dass die Vorteile lange im K\u00f6rper bleiben. Um die Vorteile zu erfahren, ist innerhalb von 20-60 Minuten nach Einnahme der Tablette eine k\u00f6rperliche Stimulation erforderlich. F\u00fcr die besseren Ergebnisse wird Kamagra 100mg empfohlen, Alkohol oder Traubensaft zu vermeiden. F\u00fcr den Fall, dass Sie allergisch auf Sildenafil-Zitrat oder einen anderen Inhaltsstoff der Goldtablette reagieren, wird empfohlen, zuerst Ihren Arzt in Gro\u00dfbritannien zu konsultieren, bevor Sie diese Pille einnehmen.<\/p>\n<h3><strong>Wie Kamagra 100 mg Sildenafil wirkt<\/strong><\/h3>\n<p>Mit seiner auf Sildenafil Citrate basierenden Formulierung wirkt Kamagra 100mg im K\u00f6rper, indem es PDE5 (Phosphodiesterase) einschr\u00e4nkt. Es ist ein Enzym im K\u00f6rper, das im Wesentlichen das cGMP abbaut, das den Blutfluss zum Penis steuert. Durch die Pflege des zyklischen Guanosinmonophosphats im Corpus cavernosum f\u00fchrt es zu einer Muskelentspannung und f\u00f6rdert eine verbesserte Durchblutung des schwammartigen Gewebes in den Genitalien. Es wird haupts\u00e4chlich durch die Bindung von Stickoxid verursacht, das an Guanylatcyclase-Rezeptoren im Penis bindet. Mehr die Durchblutung des Penis, besser die Erektionen, auf diese Weise sorgt Kamagra 100mg durch eine verbesserte und kontinuierliche Durchblutung des Penis aus gutem Grund f\u00fcr bessere und ges\u00fcndere Erektionen.<\/p>\n<h3 id=\"DS\"><strong>Kamagra 100 Dosierung <\/strong><\/h3>\n<p>Es muss gem\u00e4\u00df den Anweisungen eines zertifizierten Gesundheitsexperten konsumiert werden. M\u00e4nner sollten sich immer an die vorgeschriebene Dosierung halten, um die bestm\u00f6glichen Ergebnisse zu erzielen. Nehmen Sie nur 1 Tablette einmal am Tag ein. Vermeiden Sie Missbrauch oder Missbrauch. Wenn Sie die Einnahme einer Tagesdosis vergessen haben, vermeiden Sie beim n\u00e4chsten Mal die Einnahme der doppelten Dosis. Es kann einige Nebenwirkungen verursachen.<\/p>\n<p>Bewahren Sie dieses Arzneimittel an einem trockenen oder k\u00fchlen Ort auf. Dieses ED-Medikament sollte von Haustieren oder Kindern ferngehalten werden<\/p>\n<h3><strong>Kamagra Tabletten Lieferung am n\u00e4chsten Tag<\/strong><\/h3>\n<p>Unser Bestreben ist es, die K\u00e4ufer innerhalb von 24 Stunden vor der Haust\u00fcr zu erreichen. Kamagra 100 Lieferung am n\u00e4chsten Tag in Deutschland wurde haupts\u00e4chlich nur f\u00fcr diesen Zweck eingef\u00fchrt. Derzeit liefern wir aufgrund von Lockdown-Richtlinien in mehreren Teilen der Deutschen nicht am n\u00e4chsten Tag aus. Sie haben jedoch weiterhin die M\u00f6glichkeit, den Express-Lieferservice in Anspruch zu nehmen. Durch diesen Service k\u00f6nnen Sie mit der Lieferung der Medikamente innerhalb von 3-5 Tagen an Ihre Postanschrift rechnen.<\/p>\n<h3><strong>Kamagra 100mg Nebenwirkungen<\/strong><\/h3>\n<p>Durch jahrelange Forschung und Tests wurde best\u00e4tigt, dass das angebotene Kamagra 100 mg absolut sicher in der Anwendung ist, aber in einigen F\u00e4llen k\u00f6nnen bei Patienten einige der Nebenwirkungen aufgrund ihres bestehenden Gesundheitszustands oder der Einnahme anderer Medikamente auftreten. Normalerweise dauern die leichten Nebenwirkungen nur ein paar Stunden an, aber wenn sie lange anhalten, sollten Sie sofort Ihren Arzt in Gro\u00dfbritannien aufsuchen.<\/p>\n<p>Die h\u00e4ufigsten Nebenwirkungen dieser Pillen sind Dehydration, die leicht durch eine erh\u00f6hte Wasseraufnahme behandelt werden kann. Unter anderen leichten Nebenwirkungen sind Magenverstimmung, Kopfschmerzen, Hitzewallungen, verschwommenes Sehen, laufende Nase, Hautausschl\u00e4ge, R\u00fcckenschmerzen, Muskelschmerzen, Schwindel und \u00dcbelkeit. Diese Nebenwirkungen werden normalerweise zu Beginn der Anwendung des Arzneimittels beobachtet, da der K\u00f6rper Zeit braucht, um sich an die neuen Inhaltsstoffe anzupassen.<\/p>\n<h3><strong>Schwere Nebenwirkungen (gelegentlich)<\/strong><\/h3>\n<p>Seltene Nebenwirkungen, die im Zusammenhang mit der Einnahme von Kamagra 100mg sind unten aufgef\u00fchrten Bedenken, f\u00fcr den Fall, dass Sie eine dieser Erfahrungen, m\u00fcssen Sie Ihren Arzt konsultieren;<\/p>\n<ul>\n<li>Priapismus; es ist ein Zustand, bei dem die Erektion l\u00e4nger als 4 Stunden anh\u00e4lt. Dies ist eine seltene Nebenwirkung, die jedoch bei Auftreten sofort einen Arzt aufsuchen muss.<\/li>\n<li>Unerwarteter Sehverlust in einem oder beiden Augen. Es kann mit einem Augenproblem zusammenh\u00e4ngen, das als nicht-arteriitische anteriore isch\u00e4mische Optikusneuropathie (NAION) bezeichnet wird.<\/li>\n<li>Unerwartete Abnahme oder vollst\u00e4ndiger Verlust des H\u00f6rverm\u00f6gens von einem f\u00fcr beide Ohren.<\/li>\n<li>Ohrensausen (Tinnitus) oder Schwindel<\/li>\n<li>Wenn Sie einige dieser Symptome haben, beenden Sie die Einnahme von Cobra 120 mg und wenden Sie sich sofort an einen Arzt.<\/li>\n<\/ul>\n<p><strong>Was sind Kamagra-Tabletten?<\/strong><\/p>\n<p>Kamagra Tabletten 100 mg sind ein von der FDA zugelassenes orales Medikament zur Behandlung der erektilen Dysfunktion bei M\u00e4nnern. M\u00e4nner, die Schwierigkeiten haben, w\u00e4hrend des Geschlechtsverkehrs eine Erektion zu erreichen und aufrechtzuerhalten, k\u00f6nnen darauf vertrauen, dass sie aufrecht bleibt und eine angenehme intime Sitzung genie\u00dfen.<\/p>\n<p><strong>Wof\u00fcr werden Kamagra-Tabletten verwendet?<\/strong><\/p>\n<p>Kamagra 100mg Tabletten werden haupts\u00e4chlich zur Beseitigung von Erektionsproblemen bei impotenten M\u00e4nnern eingesetzt. Formuliert mit einem Kernelement namens Sildenafil Citrate, gibt es eine ausreichende Menge Blut an den reproduktiven Teil der M\u00e4nnchen ab und erm\u00f6glicht es ihnen, hart zu werden, wenn sie beim Geschlechtsverkehr k\u00f6rperlich erregt sind. M\u00e4nner werden innerhalb einer halben Stunde nach der Einnahme steif und bleiben w\u00e4hrend des gesamten Geschlechtsverkehrs erregt. Diese Tablette stellt den nat\u00fcrlichen Erektionsprozess wieder her und verj\u00fcngt das Sexualleben der M\u00e4nner in Gro\u00dfbritannien.<\/p>\n<p><strong>Wie wirken Kamagra 100mg Tabletten?<\/strong><\/p>\n<p>Kamagra-Tabletten 100 mg bestehen aus einem starken Inhaltsstoff namens Sildenafil-Citrat. Dieses Kernelement f\u00f6rdert die Durchblutung der Penisregion des Mannes und l\u00f6st eine starke und kr\u00e4ftige Erektion aus. Es beeinflusst die Funktion von PDE5-Hemmern und verst\u00e4rkt die positive Wirkung von cGMP auf den Schwellk\u00f6rper, was zu einer festen und lang anhaltenden Erektion f\u00fchrt. Dieses Arzneimittel sollte etwa eine Stunde vor der geplanten Intimsitzung eingenommen werden. Herk\u00f6mmliche Wirkungen von 100 mg sind 30 Minuten nach der Anwendung zu sehen und halten 4 bis 6 Stunden im K\u00f6rper an. M\u00e4nner k\u00f6nnen bei der vorgeschriebenen Anwendung eine anhaltende Erektion, eine sanftere Penetration und mehrere Orgasmen genie\u00dfen.<\/p>\n<p><strong>Wie sind Kamagra 100 mg Tabletten einzunehmen?<\/strong><\/p>\n<p>Bevor Sie sich f\u00fcr die Einnahme von Kamagra 100 mg Tabletten entscheiden, ist eine vorherige Beratung mit einem Gesundheitsexperten erforderlich. Es sollte etwa eine Stunde vor dem geplanten Geschlechtsverkehr mit einem Glas Wasser geschluckt werden. Es kann mit oder ohne Nahrung eingenommen werden, es ist jedoch ratsam, w\u00e4hrend der Einnahme keine fettigen Mahlzeiten zu sich zu nehmen. In 24 Stunden sollte nur eine Tablette eingenommen werden. Bitte denken Sie daran, dass dieses Arzneimittel nur eingenommen werden sollte, wenn Sie gen\u00fcgend Zeit f\u00fcr die Kopulation haben.<\/p>\n<p><strong>Wie lange h\u00e4lt Kamagra 100 mg Tablette?<\/strong><\/p>\n<p>Die Wirksamkeit h\u00e4lt im K\u00f6rper der M\u00e4nnchen 4-6 Stunden an. W\u00e4hrend der Periode k\u00f6nnen M\u00e4nner leicht eine Erektion erreichen und aufrechterhalten und mit verschiedenen Liebespositionen experimentieren. Kamagra 100mg verbessert die Libido und das Durchhalteverm\u00f6gen von M\u00e4nnern und bietet ihnen die M\u00f6glichkeit, leidenschaftlichen Geschlechtsverkehr zu genie\u00dfen.<\/p>\n<p><strong>Wo kann ich Kamagra 100 mg Tabletten kaufen?<\/strong><\/p>\n<p>Wenn Sie zum ersten Mal ED-Medikamente einnehmen, m\u00fcssen Sie beim Kauf dieses Medikaments m\u00f6glicherweise besonders vorsichtig sein. Vermeiden Sie illegale Websites und OTC-L\u00e4den, um diese erektionssteigernde Pille zu kaufen. Zertifizierte Online-Apotheken mit schnellen Lieferservices in deutscher Sprache sollten beim Kauf von Kamagra 100mg Tabletten bevorzugt werden. Sie bieten nicht nur einen erschwinglichen Preis und ein sicheres Zahlungsportal f\u00fcr sichere Online-Transaktionen, sondern erm\u00f6glichen auch eine schnellere Lieferung des Arzneimittels in einem diskreten Paket an Ihre Haust\u00fcr.<\/p>\n","protected":false},"excerpt":{"rendered":"<p>Es ist eine vielversprechende L\u00f6sung f\u00fcr M\u00e4nner, die unter erektiler Dysfunktion leiden. Der Online-Kauf von Kamagra 100 mg Deutschland ist absolut sicher zu konsumieren und stellt sicher, dass es innerhalb von 20-30 Minuten nach dem Verzehr Vorteile bringt. Allerdings k\u00f6nnen die Vorteile nach der k\u00f6rperlichen Stimulation gesehen werden und f\u00fcr bessere Ergebnisse, k\u00f6nnen Sie Kamagra 100mg Tablette online in Gro\u00dfbritannien kaufen, um den Lebensstil zu verbessern als gut.<\/p>\n","protected":false},"featured_media":19853,"comment_status":"open","ping_status":"closed","template":"","meta":{"_uag_custom_page_level_css":""},"product_brand":[],"product_cat":[219],"product_tag":[],"class_list":{"0":"post-20516","1":"product","2":"type-product","3":"status-publish","4":"has-post-thumbnail","6":"product_cat-kamagra-uk-german","8":"first","9":"instock","10":"featured","11":"taxable","12":"shipping-taxable","13":"purchasable","14":"product-type-variable"},"uagb_featured_image_src":{"full":["https:\/\/www.1kamagrauk.com\/wp-content\/uploads\/2019\/03\/kamagra-tablets.jpg",225,225,false],"thumbnail":["https:\/\/www.1kamagrauk.com\/wp-content\/uploads\/2019\/03\/kamagra-tablets-150x150.jpg",150,150,true],"medium":["https:\/\/www.1kamagrauk.com\/wp-content\/uploads\/2019\/03\/kamagra-tablets.jpg",225,225,false],"medium_large":["https:\/\/www.1kamagrauk.com\/wp-content\/uploads\/2019\/03\/kamagra-tablets.jpg",225,225,false],"large":["https:\/\/www.1kamagrauk.com\/wp-content\/uploads\/2019\/03\/kamagra-tablets.jpg",225,225,false],"1536x1536":["https:\/\/www.1kamagrauk.com\/wp-content\/uploads\/2019\/03\/kamagra-tablets.jpg",225,225,false],"2048x2048":["https:\/\/www.1kamagrauk.com\/wp-content\/uploads\/2019\/03\/kamagra-tablets.jpg",225,225,false],"woocommerce_thumbnail":["https:\/\/www.1kamagrauk.com\/wp-content\/uploads\/2019\/03\/kamagra-tablets.jpg",225,225,false],"woocommerce_single":["https:\/\/www.1kamagrauk.com\/wp-content\/uploads\/2019\/03\/kamagra-tablets.jpg",225,225,false],"woocommerce_gallery_thumbnail":["https:\/\/www.1kamagrauk.com\/wp-content\/uploads\/2019\/03\/kamagra-tablets-100x100.jpg",100,100,true]},"uagb_author_info":{"display_name":false,"author_link":"https:\/\/www.1kamagrauk.com\/de\/author"},"uagb_comment_info":9,"uagb_excerpt":"Es ist eine vielversprechende L\u00f6sung f\u00fcr M\u00e4nner, die unter erektiler Dysfunktion leiden. Der Online-Kauf von Kamagra 100 mg Deutschland ist absolut sicher zu konsumieren und stellt sicher, dass es innerhalb von 20-30 Minuten nach dem Verzehr Vorteile bringt. Allerdings k\u00f6nnen die Vorteile nach der k\u00f6rperlichen Stimulation gesehen werden und f\u00fcr bessere Ergebnisse, k\u00f6nnen Sie Kamagra&hellip;","_links":{"self":[{"href":"https:\/\/www.1kamagrauk.com\/de\/wp-json\/wp\/v2\/product\/20516","targetHints":{"allow":["GET"]}}],"collection":[{"href":"https:\/\/www.1kamagrauk.com\/de\/wp-json\/wp\/v2\/product"}],"about":[{"href":"https:\/\/www.1kamagrauk.com\/de\/wp-json\/wp\/v2\/types\/product"}],"replies":[{"embeddable":true,"href":"https:\/\/www.1kamagrauk.com\/de\/wp-json\/wp\/v2\/comments?post=20516"}],"wp:featuredmedia":[{"embeddable":true,"href":"https:\/\/www.1kamagrauk.com\/de\/wp-json\/wp\/v2\/media\/19853"}],"wp:attachment":[{"href":"https:\/\/www.1kamagrauk.com\/de\/wp-json\/wp\/v2\/media?parent=20516"}],"wp:term":[{"taxonomy":"product_brand","embeddable":true,"href":"https:\/\/www.1kamagrauk.com\/de\/wp-json\/wp\/v2\/product_brand?post=20516"},{"taxonomy":"product_cat","embeddable":true,"href":"https:\/\/www.1kamagrauk.com\/de\/wp-json\/wp\/v2\/product_cat?post=20516"},{"taxonomy":"product_tag","embeddable":true,"href":"https:\/\/www.1kamagrauk.com\/de\/wp-json\/wp\/v2\/product_tag?post=20516"}],"curies":[{"name":"wp","href":"https:\/\/api.w.org\/{rel}","templated":true}]}}