{"id":20507,"date":"2019-12-07T03:10:10","date_gmt":"2019-12-07T02:10:10","guid":{"rendered":"https:\/\/www.kamagrauk.com\/product\/silagra"},"modified":"2021-09-24T13:05:58","modified_gmt":"2021-09-24T12:05:58","slug":"silagra-tabletten","status":"publish","type":"product","link":"https:\/\/www.1kamagrauk.com\/de\/silagra-tabletten.htm","title":{"rendered":"Silagra"},"content":{"rendered":"<p align=\"justify\">Erektile Dysfunktion f\u00fchrt nicht nur zu einem Mangel an sexueller Aktivit\u00e4t, sondern kann auch Ihre Beziehung ruinieren. Aus diesem Grund wird ein sicheres und wirksames Medikament zur Behandlung der erektilen Dysfunktion (Impotenz) ben\u00f6tigt. Silagra Tablets ist ein sicheres und wirksames Medikament zur Behandlung von Erektionsproblemen bei M\u00e4nnern und wird von \u00c4rzten und Forschern allgemein empfohlen. Es ist eine generische Version von Viagra und geh\u00f6rt zu einer Gruppe von Arzneimitteln, die als Phosphodiesterase-Typ-5-Hemmer bezeichnet werden. Dieses Produkt hat aus folgenden Gr\u00fcnden bestimmte Vorteile gegen\u00fcber \u00e4hnlichen ED-Tabletten:<\/p>\n<ul>\n<li>G\u00fcnstiger und genauso wirksam wie herk\u00f6mmliches Viagra<\/li>\n<li>Funktioniert reibungslos, um erektile Dysfunktion sicher und effektiv zu behandeln<\/li>\n<li>Von der FDA zugelassenes Medikament, das sich im Laufe der Jahre von Millionen von M\u00e4nnern bew\u00e4hrt hat<\/li>\n<li>Hergestellt unter strenger Qualit\u00e4tskontrolle von der renommierten Firma Cipla<\/li>\n<\/ul>\n<p>Kamagra Deutsch bietet Ihnen die M\u00f6glichkeit, Ihre sexuelle Gesundheit mit Hilfe von Silagra Tabletten zu verbessern. Hier k\u00f6nnen Sie Silagra sehr g\u00fcnstig kaufen. Kamagra Deutsch konzentriert sich immer auf gute Medizin zu niedrigen Kosten, wir k\u00fcmmern uns immer um Ihre Gesundheit und Ihr Geld.<\/p>\n<h2>Silagra &#8211; WIE FUNKTIONIERT ES?<\/h2>\n<p align=\"justify\">Silagra-Tabletten werden innerhalb von 30 bis 40 Minuten nach der Einnahme wirksam und bleiben etwa 6 Stunden lang wirksam. Es enth\u00e4lt Sildenafilcitrat, das die Blutgef\u00e4\u00dfe im Penis erweitert und dadurch mehr Blut in den Penisbereich flie\u00dfen l\u00e4sst, sodass Sie h\u00e4rtere, l\u00e4nger anhaltende Erektionen f\u00fcr eine befriedigende sexuelle Aktivit\u00e4t aufrechterhalten k\u00f6nnen. Dieses Medikament wirkt jedoch nur, wenn Sie sexuell stimuliert werden. Nehmen Sie nicht mehr als eine Tablette pro Tag ein, um unerw\u00fcnschte Nebenwirkungen zu vermeiden.<\/p>\n<h2>SO VERWENDEN SIE SILAGRA TABLETTEN F\u00dcR MAXIMALE VORTEILE<\/h2>\n<ul>\n<li>30 bis 45 Minuten vor der sexuellen Aktivit\u00e4t mit einem Glas Wasser schlucken<\/li>\n<li>Nicht mit Alkohol oder anderen ED-Medikamenten kombinieren, um sch\u00e4dliche Wirkungen zu vermeiden<\/li>\n<li>Vermeiden Sie fetthaltige Mahlzeiten mit diesem Medikament, da dies seine Wirksamkeit verringern kann<\/li>\n<li>Stellen Sie sicher, dass Sie sexuell stimuliert sind, damit dieses Arzneimittel wirkt<\/li>\n<li>Nehmen Sie dieses Medikament nicht ein, wenn keine sexuelle Aktivit\u00e4t geplant ist<\/li>\n<li>Befolgen Sie immer die empfohlene Dosierung, damit es effektiv wirken kann<\/li>\n<\/ul>\n<h2>HINWEISE F\u00dcR DOSIERUNG UND LAGERUNG<\/h2>\n<p align=\"justify\">Versuchen Sie bei der ersten Einnahme von Silagra eine Anfangsdosis von 50 mg, indem Sie die Pille in zwei Teile teilen. Wenn Sie mit 50 mg nicht das gew\u00fcnschte Ergebnis erzielen k\u00f6nnen, erh\u00f6hen Sie die Dosierung auf eine volle 100 mg Pille. \u00dcberschreiten Sie niemals die empfohlene Tagesh\u00f6chstdosis von 100 mg, um zus\u00e4tzliche Nebenwirkungen zu vermeiden. Bewahren Sie dieses Arzneimittel au\u00dferhalb der Reichweite von Kindern und Haustieren auf und bewahren Sie es an einem k\u00fchlen und trockenen Ort vor Feuchtigkeit und direkter Sonneneinstrahlung auf.<\/p>\n<h3>M\u00d6GLICHE NEBENWIRKUNGEN von Silagra Tabletten<\/h3>\n<p align=\"justify\">W\u00e4hrend die meisten M\u00e4nner keine schwerwiegenden Nebenwirkungen mit Silagra-Tabletten haben, k\u00f6nnen sie gelegentlich einige leichte Nebenwirkungen verursachen, darunter leichter Schwindel, Magenverstimmung, leichte \u00dcbelkeit, verstopfte Nase, Empfindlichkeit gegen\u00fcber hellem Licht, Blaustich beim Sehen usw. Diese Nebenwirkungen sind milder Natur und verschwinden innerhalb weniger Stunden. Schwerwiegende Nebenwirkungen wie verl\u00e4ngerte Erektionen von mehr als 4 Stunden, vor\u00fcbergehender Sehverlust oder H\u00f6rver\u00e4nderungen sind sehr selten und erfordern bei Auftreten sofortige \u00e4rztliche Hilfe.<\/p>\n<h3>WARNHINWEISE \u2013 WER SOLLTE SILAGRA TABLETTEN VERMEIDEN?<\/h3>\n<ul>\n<li>Dieses Medikament wird nicht f\u00fcr Menschen mit niedrigem oder hohem Blutdruck empfohlen<\/li>\n<li>Vermeiden Sie, wenn Sie an einer nicht arteritischen anterioren isch\u00e4mischen Optikusneuropathie (NAION) leiden.<\/li>\n<li>Nicht anwenden, wenn Sie an Retinitis pigmentosa (einer schweren Augenerkrankung) leiden.<\/li>\n<li>Nehmen Sie dieses Medikament nicht ein, wenn Sie eine Allergie gegen Sildenafilcitrat entwickeln<\/li>\n<li>Menschen mit Herz-, Leber- und Nierenproblemen sollten zuerst \u00e4rztlichen Rat einholen<\/li>\n<li>Es sollte von Personen vermieden werden, die nitrathaltige Arzneimittel einnehmen<\/li>\n<li>Es sollte von Personen vermieden werden, die nitrathaltige Arzneimittel einnehmen<\/li>\n<\/ul>\n","protected":false},"excerpt":{"rendered":"<p>Dies ist die Alternative zu blauen Pillen. Die Kosten f\u00fcr eine 100-mg-Tablette sind billiger als die blaue 100-mg-Pille. Es hat die gleiche Wirksamkeit bei der Behandlung von erektiler Dysfunktion \u2013 Sildenafil Citrate. Es hilft dem Benutzer, eine harte Erektion f\u00fcr eine nachhaltige Zeit aufrechtzuerhalten.<\/p>\n","protected":false},"featured_media":19645,"comment_status":"open","ping_status":"closed","template":"","meta":{"_uag_custom_page_level_css":""},"product_brand":[],"product_cat":[219],"product_tag":[],"class_list":{"0":"post-20507","1":"product","2":"type-product","3":"status-publish","4":"has-post-thumbnail","6":"product_cat-kamagra-uk-german","8":"first","9":"instock","10":"featured","11":"taxable","12":"shipping-taxable","13":"purchasable","14":"product-type-variable","15":"has-default-attributes"},"uagb_featured_image_src":{"full":["https:\/\/www.1kamagrauk.com\/wp-content\/uploads\/2019\/12\/Silagra-Tablets.jpg",400,400,false],"thumbnail":["https:\/\/www.1kamagrauk.com\/wp-content\/uploads\/2019\/12\/Silagra-Tablets-150x150.jpg",150,150,true],"medium":["https:\/\/www.1kamagrauk.com\/wp-content\/uploads\/2019\/12\/Silagra-Tablets-300x300.jpg",300,300,true],"medium_large":["https:\/\/www.1kamagrauk.com\/wp-content\/uploads\/2019\/12\/Silagra-Tablets.jpg",400,400,false],"large":["https:\/\/www.1kamagrauk.com\/wp-content\/uploads\/2019\/12\/Silagra-Tablets.jpg",400,400,false],"1536x1536":["https:\/\/www.1kamagrauk.com\/wp-content\/uploads\/2019\/12\/Silagra-Tablets.jpg",400,400,false],"2048x2048":["https:\/\/www.1kamagrauk.com\/wp-content\/uploads\/2019\/12\/Silagra-Tablets.jpg",400,400,false],"woocommerce_thumbnail":["https:\/\/www.1kamagrauk.com\/wp-content\/uploads\/2019\/12\/Silagra-Tablets-300x300.jpg",300,300,true],"woocommerce_single":["https:\/\/www.1kamagrauk.com\/wp-content\/uploads\/2019\/12\/Silagra-Tablets-300x300.jpg",300,300,true],"woocommerce_gallery_thumbnail":["https:\/\/www.1kamagrauk.com\/wp-content\/uploads\/2019\/12\/Silagra-Tablets-100x100.jpg",100,100,true]},"uagb_author_info":{"display_name":false,"author_link":"https:\/\/www.1kamagrauk.com\/de\/author"},"uagb_comment_info":0,"uagb_excerpt":"Dies ist die Alternative zu blauen Pillen. Die Kosten f\u00fcr eine 100-mg-Tablette sind billiger als die blaue 100-mg-Pille. Es hat die gleiche Wirksamkeit bei der Behandlung von erektiler Dysfunktion \u2013 Sildenafil Citrate. Es hilft dem Benutzer, eine harte Erektion f\u00fcr eine nachhaltige Zeit aufrechtzuerhalten.","_links":{"self":[{"href":"https:\/\/www.1kamagrauk.com\/de\/wp-json\/wp\/v2\/product\/20507","targetHints":{"allow":["GET"]}}],"collection":[{"href":"https:\/\/www.1kamagrauk.com\/de\/wp-json\/wp\/v2\/product"}],"about":[{"href":"https:\/\/www.1kamagrauk.com\/de\/wp-json\/wp\/v2\/types\/product"}],"replies":[{"embeddable":true,"href":"https:\/\/www.1kamagrauk.com\/de\/wp-json\/wp\/v2\/comments?post=20507"}],"wp:featuredmedia":[{"embeddable":true,"href":"https:\/\/www.1kamagrauk.com\/de\/wp-json\/wp\/v2\/media\/19645"}],"wp:attachment":[{"href":"https:\/\/www.1kamagrauk.com\/de\/wp-json\/wp\/v2\/media?parent=20507"}],"wp:term":[{"taxonomy":"product_brand","embeddable":true,"href":"https:\/\/www.1kamagrauk.com\/de\/wp-json\/wp\/v2\/product_brand?post=20507"},{"taxonomy":"product_cat","embeddable":true,"href":"https:\/\/www.1kamagrauk.com\/de\/wp-json\/wp\/v2\/product_cat?post=20507"},{"taxonomy":"product_tag","embeddable":true,"href":"https:\/\/www.1kamagrauk.com\/de\/wp-json\/wp\/v2\/product_tag?post=20507"}],"curies":[{"name":"wp","href":"https:\/\/api.w.org\/{rel}","templated":true}]}}