{"id":20490,"date":"2019-12-07T03:23:45","date_gmt":"2019-12-07T02:23:45","guid":{"rendered":"https:\/\/www.kamagrauk.com\/product\/levitra-vardenafil-tabletten"},"modified":"2026-02-28T10:09:55","modified_gmt":"2026-02-28T09:09:55","slug":"levitra-tabletten","status":"publish","type":"product","link":"https:\/\/www.1kamagrauk.com\/de\/levitra-tabletten.htm","title":{"rendered":"Levitra &#8211; Vardenafil-Tabletten"},"content":{"rendered":"<h2>Was ist Levitra oder Vardenafil; wie funktioniert es?<\/h2>\n<p align=\"justify\">Levitra ist eine renommierte Marke f\u00fcr generische Vardenafil. Levitra ist von der FDA zugelassen und als PDE5-Hemmer eingestuft, der die abbauende Wirkung von cGMP in den Muskelzellen blockiert, die die Blutgef\u00e4\u00dfe auskleiden, die Blut in die Penisregion transportieren.<br \/>\nLevitra wurde als das potente und wirksame Medikament gegen Impotenz f\u00fcr M\u00e4nner bezeichnet. Der Wirkstoff von Levitra-Tabletten \u2013 Vardenafil ist ein starkes chemisches Mittel, das die Blockaden in den Blutgef\u00e4\u00dfen \u00f6ffnet, die auf das m\u00e4nnliche Fortpflanzungsorgan gerichtet sind. Dies f\u00fchrt zu einer Erh\u00f6hung des sauerstoffreichen Blutflusses in den Penis und hilft, die Erektion des Fortpflanzungsorgans zu unterst\u00fctzen. Es setzt 20 bis 30 Minuten ein und die Wirkung kann bis zu 10 Stunden im System anhalten.<\/p>\n<h3>Der einfachste Weg<\/h3>\n<p align=\"justify\">Obwohl viele Menschen Levitra heutzutage gut kennen, stehen sie immer vor der Schwierigkeit, das Medikament zum richtigen Zeitpunkt zu beschaffen. Der Grund daf\u00fcr ist die Lieferknappheit auf dem Pharmamarkt, aber bei Kamagrauk.com versichern wir, dass die Versorgung der leidenden Patienten mit ED von diesem frei flie\u00dfend ist. Wir halten einen Vorrat der gefragtesten Medikamente wie Levitra bereit, den wir w\u00e4hrend der Knappheit abwickeln. Dies hilft uns, unseren Kundenstamm, der ihr Vertrauen uns anvertraut und beim Kauf von Ed-Medikamenten und anderen qualit\u00e4tsgepr\u00fcften Medikamenten vollst\u00e4ndig auf uns angewiesen ist, eine ununterbrochene Versorgung mit Ed-Medikamenten zu gew\u00e4hrleisten.<br \/>\nKamagra Deutsch bietet Ihnen die M\u00f6glichkeit, damit Ihre sexuelle Gesundheit zu verbessern. Hier k\u00f6nnen Sie es zu einem sehr g\u00fcnstigen Preis kaufen. Kamagra Deutsch konzentriert sich immer auf gute Medizin zu niedrigen Kosten, wir k\u00fcmmern uns immer um Ihre Gesundheit und Ihr Geld.<\/p>\n<h3>Wie kann ein Online-Kauf von Levitra-Tabletten ein gutes Schn\u00e4ppchen sein?<\/h3>\n<p align=\"justify\">Levitra ist keine einheimische Droge im Deutschen. Es ist ein Markenmedikament des renommiertesten deutschen Pharmaunternehmens namens Bayer AG. Da dieses Medikament bei Ed-Patienten sehr gefragt ist, addieren die Apotheken, die dieses Medikament importieren, die verschiedenen Kosten zum Gesamtpreis dieses Medikaments, was es zu einem sehr teuren Mittel f\u00fcr die Patienten macht, sobald es im Laden zum Verkauf steht. Sie k\u00f6nnen vermeiden, einen so hohen Preis f\u00fcr den Kauf von Levitra-Tabletten zu zahlen, wenn Sie mit Bedacht denken und Levitra online von einer Plattform wie unserer kaufen m\u00f6chten, auf der wir das Medikament direkt von den Herstellern beziehen, was uns hilft, Levitra online zu einem vergleichsweise hohen Preis an die Kunden zu liefern billigerer Preis. Sie k\u00f6nnen Levitra auch online kaufen und von unseren erm\u00e4\u00dfigten Angeboten f\u00fcr geb\u00fcndelte Pakete profitieren.<\/p>\n<h3>Levitra: Anweisungen und Dosierungen, die Sie befolgen sollten<\/h3>\n<ul>\n<li>Erstanwender k\u00f6nnen die Levitra-Tabletten 20 mg in zwei H\u00e4lften teilen und mit einer Dosis von 10 mg beginnen.<\/li>\n<li>Nehmen Sie die empfohlene Dosis von Levitra-Tabletten mindestens 30 Minuten vor dem Plan einer sexuellen Aktivit\u00e4t ein und versuchen Sie, das Organ f\u00fcr schnelle Ergebnisse zu stimulieren.<\/li>\n<li>Bestehende Benutzer k\u00f6nnen eine Dosis von 20 mg Levitra-Tabletten auf einmal einnehmen, sollten die Menge jedoch nicht \u00fcberschreiten.<\/li>\n<\/ul>\n<p align=\"justify\"><b>Once you choose to Levitra, you should pay attention to the following precautionary measures before you start a dose of this anti-impotency drug:<\/b><\/p>\n<ul>\n<li>Nehmen Sie dieses Medikament nicht ein, wenn Sie andere Medikamente einnehmen, die Nitrate enthalten.<\/li>\n<li>Vermeiden Sie dieses Produkt, wenn Sie allergisch gegen Vardenafil oder einen anderen Bestandteil davon sind.<\/li>\n<li>Wenn Sie in der Vorgeschichte schwere Herz-, Nieren- und Leberprobleme haben, konsultieren Sie bitte einen Arzt, bevor Sie es versuchen.<\/li>\n<li>Verzichten Sie unbedingt auf eine Dosis, wenn Sie Medikamente gegen HIV oder Pilzinfektionen einnehmen.<\/li>\n<\/ul>\n<p align=\"\">Es hat fast kein Potenzial f\u00fcr Drogenmissbrauch, aber je nach medizinischem Hintergrund des Benutzers k\u00f6nnen folgende leichte Nebenwirkungen sichtbar sein:<\/p>\n<ul>\n<li>Schwindel<\/li>\n<li>Gesichtsr\u00f6tung<\/li>\n<li>Verstopfte Nase<\/li>\n<li>Brechreiz<\/li>\n<li>Magenprobleme<\/li>\n<\/ul>\n","protected":false},"excerpt":{"rendered":"<p align=\"justify\">Levitra (Vardenafil) Tabletten zur Behandlung der erektilen Dysfunktion, erh\u00e4ltlich in 20 mg St\u00e4rken. Levitra (hergestellt von Bayer), auch als Vardenafil bekannt, ist sehr eng mit \u00e4hnlichen Behandlungen der erektilen Dysfunktion verwandt, Sildenafil (Viagra), Tadalafil (Cialis) und Avanafil (Spedra). Es hat einen sehr geringen molekularen Unterschied zu Viagra\/Sildenafil, was ihm eine l\u00e4ngere Wirkung verleiht.<\/p>\n<ul>\n<li>Schnell wirkende Schmelztabletten erh\u00e4ltlich<\/li>\n<li>H\u00e4lt 12 Stunden<\/li>\n<\/ul>\n","protected":false},"featured_media":19647,"comment_status":"open","ping_status":"closed","template":"","meta":{"_uag_custom_page_level_css":""},"product_brand":[],"product_cat":[219],"product_tag":[],"class_list":{"0":"post-20490","1":"product","2":"type-product","3":"status-publish","4":"has-post-thumbnail","6":"product_cat-kamagra-uk-german","8":"first","9":"instock","10":"featured","11":"taxable","12":"shipping-taxable","13":"purchasable","14":"product-type-variable"},"uagb_featured_image_src":{"full":["https:\/\/www.1kamagrauk.com\/wp-content\/uploads\/2019\/12\/Generic-Levitra-Tablets.jpg",400,400,false],"thumbnail":["https:\/\/www.1kamagrauk.com\/wp-content\/uploads\/2019\/12\/Generic-Levitra-Tablets-150x150.jpg",150,150,true],"medium":["https:\/\/www.1kamagrauk.com\/wp-content\/uploads\/2019\/12\/Generic-Levitra-Tablets-300x300.jpg",300,300,true],"medium_large":["https:\/\/www.1kamagrauk.com\/wp-content\/uploads\/2019\/12\/Generic-Levitra-Tablets.jpg",400,400,false],"large":["https:\/\/www.1kamagrauk.com\/wp-content\/uploads\/2019\/12\/Generic-Levitra-Tablets.jpg",400,400,false],"1536x1536":["https:\/\/www.1kamagrauk.com\/wp-content\/uploads\/2019\/12\/Generic-Levitra-Tablets.jpg",400,400,false],"2048x2048":["https:\/\/www.1kamagrauk.com\/wp-content\/uploads\/2019\/12\/Generic-Levitra-Tablets.jpg",400,400,false],"woocommerce_thumbnail":["https:\/\/www.1kamagrauk.com\/wp-content\/uploads\/2019\/12\/Generic-Levitra-Tablets-300x300.jpg",300,300,true],"woocommerce_single":["https:\/\/www.1kamagrauk.com\/wp-content\/uploads\/2019\/12\/Generic-Levitra-Tablets-300x300.jpg",300,300,true],"woocommerce_gallery_thumbnail":["https:\/\/www.1kamagrauk.com\/wp-content\/uploads\/2019\/12\/Generic-Levitra-Tablets-100x100.jpg",100,100,true]},"uagb_author_info":{"display_name":false,"author_link":"https:\/\/www.1kamagrauk.com\/de\/author"},"uagb_comment_info":1,"uagb_excerpt":"Levitra (Vardenafil) Tabletten zur Behandlung der erektilen Dysfunktion, erh\u00e4ltlich in 20 mg St\u00e4rken. Levitra (hergestellt von Bayer), auch als Vardenafil bekannt, ist sehr eng mit \u00e4hnlichen Behandlungen der erektilen Dysfunktion verwandt, Sildenafil (Viagra), Tadalafil (Cialis) und Avanafil (Spedra). Es hat einen sehr geringen molekularen Unterschied zu Viagra\/Sildenafil, was ihm eine l\u00e4ngere Wirkung verleiht. Schnell wirkende&hellip;","_links":{"self":[{"href":"https:\/\/www.1kamagrauk.com\/de\/wp-json\/wp\/v2\/product\/20490","targetHints":{"allow":["GET"]}}],"collection":[{"href":"https:\/\/www.1kamagrauk.com\/de\/wp-json\/wp\/v2\/product"}],"about":[{"href":"https:\/\/www.1kamagrauk.com\/de\/wp-json\/wp\/v2\/types\/product"}],"replies":[{"embeddable":true,"href":"https:\/\/www.1kamagrauk.com\/de\/wp-json\/wp\/v2\/comments?post=20490"}],"wp:featuredmedia":[{"embeddable":true,"href":"https:\/\/www.1kamagrauk.com\/de\/wp-json\/wp\/v2\/media\/19647"}],"wp:attachment":[{"href":"https:\/\/www.1kamagrauk.com\/de\/wp-json\/wp\/v2\/media?parent=20490"}],"wp:term":[{"taxonomy":"product_brand","embeddable":true,"href":"https:\/\/www.1kamagrauk.com\/de\/wp-json\/wp\/v2\/product_brand?post=20490"},{"taxonomy":"product_cat","embeddable":true,"href":"https:\/\/www.1kamagrauk.com\/de\/wp-json\/wp\/v2\/product_cat?post=20490"},{"taxonomy":"product_tag","embeddable":true,"href":"https:\/\/www.1kamagrauk.com\/de\/wp-json\/wp\/v2\/product_tag?post=20490"}],"curies":[{"name":"wp","href":"https:\/\/api.w.org\/{rel}","templated":true}]}}