{"id":20400,"date":"2019-12-10T01:56:27","date_gmt":"2019-12-10T00:56:27","guid":{"rendered":"https:\/\/www.kamagrauk.com\/product\/tadalafil-tabletten"},"modified":"2026-02-28T10:01:41","modified_gmt":"2026-02-28T09:01:41","slug":"tadalafil-soft-tabletten-htm","status":"publish","type":"product","link":"https:\/\/www.1kamagrauk.com\/de\/tadalafil-soft-tabletten.htm","title":{"rendered":"Tadalafil-Tabletten"},"content":{"rendered":"<h2>Tadalafil-Tabletten &#8211; Info-Tabelle<\/h2>\n<table width=\"100%\">\n<tbody>\n<tr>\n<th>Attribut<\/th>\n<th>Werte<\/th>\n<\/tr>\n<tr>\n<td>Dosis<\/td>\n<td>20 mg<\/td>\n<\/tr>\n<tr>\n<td>Form<\/td>\n<td>Kautabletten<\/td>\n<\/tr>\n<tr>\n<td>Herstellerin<\/td>\n<td>Eli Lilly und Company<\/td>\n<\/tr>\n<tr>\n<td>Aktionsdauer<\/td>\n<td>Bis zu 36 Stunden<\/td>\n<\/tr>\n<tr>\n<td>Behandlung der Aktion<\/td>\n<td>10-15 Minuten<\/td>\n<\/tr>\n<tr>\n<td>Hauptbestandteil<\/td>\n<td>Tadalafil<\/td>\n<\/tr>\n<tr>\n<td>Verpackung<\/td>\n<td>Blase<\/td>\n<\/tr>\n<tr>\n<td>H\u00e4ufige Nebenwirkungen<\/td>\n<td>Kopfschmerzen, \u00dcbelkeit und Verdauungsst\u00f6rungen<\/td>\n<\/tr>\n<\/tbody>\n<\/table>\n<h2>Kaufen Sie Tadalafil 20 mg auf Kamagrauk online in Deutschland<\/h2>\n<p>Bei Kamagrauk garantiert die Online-Bestellung ED-Patienten ein Produkt von h\u00f6chster Qualit\u00e4t zu einem niedrigeren Preis als in jeder physischen Drogerie. Es spart den Online-K\u00e4ufern wertvolle Zeit und Geld und sch\u00fctzt sie vor Produktf\u00e4lschungen. Daher sollte der Kauf von Tadalafil 20 mg Tabletten online Deutsch die bevorzugte Option f\u00fcr M\u00e4nner mit schlaffer Erektion sein.<\/p>\n<h2>Dosierungsanweisungen von Tadalafil-Tabletten:<\/h2>\n<ul>\n<li>Erw\u00e4gen Sie die Einnahme von Tadalafil mindestens 30 Minuten vor dem Plan einer sexuellen Aktivit\u00e4t.<\/li>\n<li>Tadalafil-Tabletten sind eine umgewandelte Version von normalen Harttabletten. Nehmen Sie diese Tablette jedes Mal mit einem Potenzial von 20 mg ein.<\/li>\n<li>Dieses Arzneimittel kann mit frischem Wasser geschluckt sowie gekaut und dann geschluckt werden.<\/li>\n<li>Allow the medicine to kick into the system after consumption, which takes about 10 to 15 minutes.<\/li>\n<li>Nach der Einnahme dieses Arzneimittels k\u00f6nnen Sie eine gewisse Spannung im Organ sp\u00fcren, bei gleichzeitiger richtiger Stimulation kann die Person eine feste Erektion erlangen.<\/li>\n<\/ul>\n<h2>Lagerung von Tadalafil-Tabletten<\/h2>\n<p>Tadalafil sollte bei einer kontrollierten Raumtemperatur zwischen 15-30 Grad C in einer fest verschlossenen Packung gelagert werden und muss vor Feuchtigkeit und Hitze gesch\u00fctzt werden. Make sure that it is out of reach of children and pets.<\/p>\n<h2>Tadalafil 20 mg Lieferung am n\u00e4chsten Tag in English<\/h2>\n<p>Alle Bestellungen, die auf unserer Website eingehen, werden noch am selben Tag bearbeitet. Sie m\u00fcssen nur die gew\u00fcnschte Medikamentenmenge ausw\u00e4hlen und online bezahlen. Sobald die Zahlung auf unserem Konto eingegangen ist, versenden wir die Medikamente fr\u00fchestens \u00fcber unsere Kurierpartner an den bevorzugten Lieferort der Kunden.<\/p>\n<p>Mehrere Zahlungsm\u00f6glichkeiten in Form von Pay Pal, Kreditkarte und Debitkarte<\/p>\n<p>Online-Kunden stehen mehrere Optionen in Form von Kreditkarte \/ Debitkarte \/ Bank\u00fcberweisung und Pay Pal zur Verf\u00fcgung, um eine Online-Zahlung auf unserer Website zu t\u00e4tigen und das Medikament zu kaufen. Unsere digitale Plattform verf\u00fcgt \u00fcber eine 128-Bit-SSL-Zertifizierung, die sichere Online-Transaktionen gew\u00e4hrleistet.<\/p>\n<h2>H\u00e4ufig gestellte Fragen zu Tadalafil 20 mg<\/h2>\n<h4>Wie wirkt Tadalafil?<\/h4>\n<blockquote><p>Innerhalb von 20 Minuten nach der Einnahme beginnen die Tabletten, ihre Ergebnisse bei \u00e4u\u00dferer Stimulation zu zeigen. Sein Verbrauch profitiert bei der Behandlung der erektilen Dysfunktion und Impotenz, indem er den Blutfluss zu den Genitalien erh\u00f6ht. Die entspannten Blutmuskeln f\u00f6rdern eine bessere Durchblutung der Genitalien, was dazu beitr\u00e4gt, die Erektion f\u00fcr ein angenehmes sexuelles Erlebnis zu erreichen und aufrechtzuerhalten.<\/p><\/blockquote>\n<h4>Wo kann man Tadalafil kaufen?<\/h4>\n<blockquote><p>Online-Pharmashops wie KamagraUK.com sind das beste Ziel, um Tadalafil soft 20 mg online zu kaufen. Wir bieten nicht nur echte Medikamente zu erschwinglichen Preisen an, sondern bieten auch eine schnelle Lieferung von Medikamenten in einer diskreten Verpackung an den Wohnsitz des K\u00e4ufers.<\/p><\/blockquote>\n<h4>Tadalafil 20 mg wie lange ist es haltbar?<\/h4>\n<blockquote><p>Tadalafil 20 mg wird innerhalb von 20 Minuten nach der Einnahme wirksam und bleibt fast 36 Stunden lang im K\u00f6rper der M\u00e4nner lebendig, wodurch ihnen ausreichend Zeit f\u00fcr mehrere Orgasmussitzungen geboten wird.<\/p><\/blockquote>\n<h4>Was ist Tadalafil?<\/h4>\n<blockquote><p>Tadalafil soft 20 mg ist ein von der FDA zugelassenes Medikament zur Behandlung von erektiler Dysfunktion und m\u00e4nnlicher Impotenz. Sein Hauptelement, Tadalafil, stellt den nat\u00fcrlichen Erektionsprozess wieder her und bietet M\u00e4nnern eine gesunde und solide Erektion f\u00fcr einen zufriedenstellenden Geschlechtsverkehr.<\/p><\/blockquote>\n","protected":false},"excerpt":{"rendered":"<p>Tadalafil 20 mg ist ein von der FDA zugelassenes kaubares ED-Medikament, das M\u00e4nnern innerhalb von 15-20 Minuten nach der Anwendung eine sofortige Erektion bietet. Es stellt die Erektionsfunktion bei M\u00e4nnern wieder her und ist bei \u00e4lteren M\u00e4nnern sehr beliebt, die das Schlucken bitterer Pillen und Tabletten zur ED-Behandlung verabscheuten. Tadalafil 20 mg l\u00f6st sich leicht im Mund auf, wird im Magen-Darm-Trakt resorbiert und zeigt schnellere Ergebnisse als Dragees. Unser Online-Shop bietet Tadalafil 20 mg Tabletten zu budgetfreundlichen Preisen und zielt darauf ab, dass sie nur in den H\u00e4nden von Patienten sicher geliefert werden, die bestellt haben, um ihre Informationen sicher und gesch\u00fctzt aufzubewahren.<\/p>\n","protected":false},"featured_media":19777,"comment_status":"open","ping_status":"closed","template":"","meta":{"_uag_custom_page_level_css":""},"product_brand":[],"product_cat":[219],"product_tag":[],"class_list":{"0":"post-20400","1":"product","2":"type-product","3":"status-publish","4":"has-post-thumbnail","6":"product_cat-kamagra-uk-german","8":"first","9":"instock","10":"featured","11":"taxable","12":"shipping-taxable","13":"purchasable","14":"product-type-variable"},"uagb_featured_image_src":{"full":["https:\/\/www.1kamagrauk.com\/wp-content\/uploads\/2019\/12\/Tadalafil-Soft-Tablets-1.jpg",400,400,false],"thumbnail":["https:\/\/www.1kamagrauk.com\/wp-content\/uploads\/2019\/12\/Tadalafil-Soft-Tablets-1-150x150.jpg",150,150,true],"medium":["https:\/\/www.1kamagrauk.com\/wp-content\/uploads\/2019\/12\/Tadalafil-Soft-Tablets-1-300x300.jpg",300,300,true],"medium_large":["https:\/\/www.1kamagrauk.com\/wp-content\/uploads\/2019\/12\/Tadalafil-Soft-Tablets-1.jpg",400,400,false],"large":["https:\/\/www.1kamagrauk.com\/wp-content\/uploads\/2019\/12\/Tadalafil-Soft-Tablets-1.jpg",400,400,false],"1536x1536":["https:\/\/www.1kamagrauk.com\/wp-content\/uploads\/2019\/12\/Tadalafil-Soft-Tablets-1.jpg",400,400,false],"2048x2048":["https:\/\/www.1kamagrauk.com\/wp-content\/uploads\/2019\/12\/Tadalafil-Soft-Tablets-1.jpg",400,400,false],"woocommerce_thumbnail":["https:\/\/www.1kamagrauk.com\/wp-content\/uploads\/2019\/12\/Tadalafil-Soft-Tablets-1-300x300.jpg",300,300,true],"woocommerce_single":["https:\/\/www.1kamagrauk.com\/wp-content\/uploads\/2019\/12\/Tadalafil-Soft-Tablets-1-300x300.jpg",300,300,true],"woocommerce_gallery_thumbnail":["https:\/\/www.1kamagrauk.com\/wp-content\/uploads\/2019\/12\/Tadalafil-Soft-Tablets-1-100x100.jpg",100,100,true]},"uagb_author_info":{"display_name":false,"author_link":"https:\/\/www.1kamagrauk.com\/de\/author"},"uagb_comment_info":1,"uagb_excerpt":"Tadalafil 20 mg ist ein von der FDA zugelassenes kaubares ED-Medikament, das M\u00e4nnern innerhalb von 15-20 Minuten nach der Anwendung eine sofortige Erektion bietet. Es stellt die Erektionsfunktion bei M\u00e4nnern wieder her und ist bei \u00e4lteren M\u00e4nnern sehr beliebt, die das Schlucken bitterer Pillen und Tabletten zur ED-Behandlung verabscheuten. Tadalafil 20 mg l\u00f6st sich leicht&hellip;","_links":{"self":[{"href":"https:\/\/www.1kamagrauk.com\/de\/wp-json\/wp\/v2\/product\/20400","targetHints":{"allow":["GET"]}}],"collection":[{"href":"https:\/\/www.1kamagrauk.com\/de\/wp-json\/wp\/v2\/product"}],"about":[{"href":"https:\/\/www.1kamagrauk.com\/de\/wp-json\/wp\/v2\/types\/product"}],"replies":[{"embeddable":true,"href":"https:\/\/www.1kamagrauk.com\/de\/wp-json\/wp\/v2\/comments?post=20400"}],"wp:featuredmedia":[{"embeddable":true,"href":"https:\/\/www.1kamagrauk.com\/de\/wp-json\/wp\/v2\/media\/19777"}],"wp:attachment":[{"href":"https:\/\/www.1kamagrauk.com\/de\/wp-json\/wp\/v2\/media?parent=20400"}],"wp:term":[{"taxonomy":"product_brand","embeddable":true,"href":"https:\/\/www.1kamagrauk.com\/de\/wp-json\/wp\/v2\/product_brand?post=20400"},{"taxonomy":"product_cat","embeddable":true,"href":"https:\/\/www.1kamagrauk.com\/de\/wp-json\/wp\/v2\/product_cat?post=20400"},{"taxonomy":"product_tag","embeddable":true,"href":"https:\/\/www.1kamagrauk.com\/de\/wp-json\/wp\/v2\/product_tag?post=20400"}],"curies":[{"name":"wp","href":"https:\/\/api.w.org\/{rel}","templated":true}]}}