{"id":20369,"date":"2019-12-10T01:46:02","date_gmt":"2019-12-10T00:46:02","guid":{"rendered":"https:\/\/www.kamagrauk.com\/product\/cenforce"},"modified":"2026-02-28T10:02:34","modified_gmt":"2026-02-28T09:02:34","slug":"vollstreckung","status":"publish","type":"product","link":"https:\/\/www.1kamagrauk.com\/de\/cenforce-tabletten.htm","title":{"rendered":"Cenforce"},"content":{"rendered":"<h2>Warum Cenforce 100 anstelle anderer ED-Medikamente kaufen?<\/h2>\n<p align=\"justify\">Es gibt heute Dutzende von registrierten Arzneimitteln auf dem pharmazeutischen Einzelhandelsmarkt, die von Arzneimittelaufsichtsbeh\u00f6rden als ED-Arzneimittel zugelassen sind. Aber auf dem westlichen Pharmamarkt sind die Kosten f\u00fcr diese Medikamente, die f\u00fcr die sexuelle Gesundheit von M\u00e4nnern relevant sind, \u00fcberm\u00e4\u00dfig h\u00f6her als die Kosten f\u00fcr die generische Version desselben Medikaments in den \u00f6stlichen L\u00e4ndern. Im Fall von <strong>Cenforce 100<\/strong> ist der in dem Medikament verwendete Wirkstoff Sildenafil Citrate 100 mg ein Generikum, das in den 1990er Jahren entdeckt wurde. Urspr\u00fcnglich hielt der Pharmariese Pfizer die Patentrechte an diesem Wirkstoff, doch sp\u00e4ter nach Ablauf der Lizenz erhielten andere Pharmahersteller den Spielraum, die Formulierung nachzuahmen und ihre eigenen Marken zu registrieren. Cenforce Soft Tablet ist auch eine neue Marke, die f\u00fcr das generische Sildenafil in Deutsch registriert ist. Cenforce 100 Deutsch wird in Indien von einem Pharmaunternehmen namens Centurion Laboratories hergestellt. Die geografische Lage der Produktionsst\u00e4tte des Arzneimittels ist der Schl\u00fcssel zu seinen niedrigen Kosten. W\u00e4hrend Cenforce 100 mg Tabletten f\u00fcr knapp \u00fcber \u20ac 0,6 (pro Pille) erh\u00e4ltlich sind, kosten andere Marken von Sildenafilcitrat in Gro\u00dfbritannien eine satte Summe.<\/p>\n<p>Kamagra Deutsch bietet Ihnen die M\u00f6glichkeit, Ihre sexuelle Gesundheit mit Hilfe von Cenforce Deutsch zu verbessern. Hier k\u00f6nnen Sie Cenforce 100 Deutsch zu einem sehr g\u00fcnstigen Preis kaufen. Kamagra Deutsch konzentriert sich immer auf gute Medizin zu niedrigen Kosten, wir k\u00fcmmern uns immer um Ihre Gesundheit und Ihr Geld.<\/p>\n<h3>So verwenden Sie Cenforce 100:<\/h3>\n<ul>\n<li>Nehmen Sie einfach einen Cenforce 100 aus der Blisterpackung und legen Sie ihn auf die Zunge.<\/li>\n<li>Kauen Sie das Arzneimittel gr\u00fcndlich und nach und nach l\u00f6st es sich vollst\u00e4ndig im Mund auf.<\/li>\n<li>Ziehen Sie nach der Einnahme einer 100 mg Cenforce-Softtablette auf Sildenafil-Basis eine Stimulierung des Fortpflanzungsorgans in Betracht.<\/li>\n<li>Sie werden das Einsetzen des Arzneimittels auf Ihrem Penisgewebe innerhalb von 15 Minuten nach Einnahme dieses Arzneimittels feststellen.<\/li>\n<li>Schon bald werden Sie Spannung im Penis sp\u00fcren und eine langanhaltende Erektion erreichen.<\/li>\n<\/ul>\n<h3>Andere Alternativen zu Cenforce:<\/h3>\n<ul>\n<li><a href=\"https:\/\/www.kamagrauk.com\/de\/kamagra-gelee\"><strong>Kamagra Jelly<\/strong><\/a> \u2013 Dies ist ein neu entwickeltes Medikament, das Sildenafil Citrate in k\u00f6stlicher Geleeform enth\u00e4lt, um erektile Dysfunktion zu behandeln. Es ist leicht zu schlucken und wird innerhalb von 15 Minuten f\u00fcr 6 Stunden im System aktiv.<\/li>\n<li>Apcalis Oral Jelly \u2013 Apcalis Oral Jelly ist eines dieser Medikamente, das bei der wirksamen Behandlung von erektiler Dysfunktion oder m\u00e4nnlicher Impotenz hilft. Diese Tabletten bestehen aus Tadalafil, das die Blutgef\u00e4\u00dfe erweitert und die Blutzirkulation in der Penisregion des m\u00e4nnlichen K\u00f6rpers erh\u00f6ht. Apcalis Oral Jelly hilft dabei, eine starke und lang anhaltende Erektion zu erreichen, so dass man einen gesunden Geschlechtsverkehr mit dem Partner genie\u00dfen kann.<\/li>\n<li>Cialis-Tabletten \u2013 Cialis-Tabletten (Tadalafil-Tabletten) zur Behandlung der erektilen Dysfunktion. Cialis Tabletten enth\u00e4lt &#8220;Tadalafil&#8221;, das medizinisch als PDE5-Hemmer bekannt ist. Tadalafil hemmt das PDE5-Enzym. Es ist an der Regulierung des Blutflusses im Penis w\u00e4hrend der Erektion beteiligt. Cialis Tabletten unterst\u00fctzen die sexuelle Leistungsf\u00e4higkeit und Beziehungen. Cialis Tabletten profitieren von einer langen Wirkungsdauer. Die 10 mg und die 20 mg Cialis-Tabletten sind beide 36 Stunden lang wirksam.<\/li>\n<li>Weiche Kamagra-Tabletten \u2013 Kaufen Sie Kamagra-Weichtabletten, dieses modifizierte orale Medikament ist ein kaubares und leicht zu schluckendes ED-Medikament, das von der FDA zugelassen ist und innerhalb von 15 Minuten nach dem Verzehr bei der Funktionsst\u00f6rung eines m\u00e4nnlichen Fortpflanzungsorgans wirkt.<\/li>\n<\/ul>\n<h3>Cenforce 100 Nebenwirkungen<\/h3>\n<ul>\n<li>Leichte Kopfschmerzen<\/li>\n<li>\u00dcbelkeit erregendes Gef\u00fchl<\/li>\n<li>Appetitlosigkeit<\/li>\n<li>Sp\u00fclen<\/li>\n<\/ul>\n","protected":false},"excerpt":{"rendered":"<h2 align=\"justify\">Cenforce 100 Deutsch<\/h2>\n<p align=\"justify\">Cenforce 100 Deutsch ist ein kaubares Medikament, das von der Medizin als wirksamer PDE5-Hemmer oder Vasodilatator zur Behandlung von erektiler Dysfunktion bei M\u00e4nnern zugelassen ist. Das Medikament wird von einem renommierten Unternehmen namens Centurion Laboratories hergestellt und ist ein billigerer Ersatz f\u00fcr Viagra. Aufgrund der kaubaren Form l\u00f6st sich das Arzneimittel schnell im Blutkreislauf auf und beginnt den Verlust des Gewebes in der Penisregion auszugleichen. Cenforce-Tabletten sind in einer Dosis von 100 mg erh\u00e4ltlich und bestehen aus dem Wirkstoff Sildenafil Citrate. Der Wirkstoff des Medikaments Sildenafil Citrate 100mg ist von der FDA zugelassen und der erste jemals entdeckte Wirkstoff zur Behandlung von ED.<\/p>\n","protected":false},"featured_media":19691,"comment_status":"open","ping_status":"closed","template":"","meta":[],"product_brand":[],"product_cat":[219],"product_tag":[],"class_list":{"0":"post-20369","1":"product","2":"type-product","3":"status-publish","4":"has-post-thumbnail","6":"product_cat-kamagra-uk-german","8":"first","9":"instock","10":"featured","11":"taxable","12":"shipping-taxable","13":"purchasable","14":"product-type-variable","15":"has-default-attributes"},"_links":{"self":[{"href":"https:\/\/www.1kamagrauk.com\/de\/wp-json\/wp\/v2\/product\/20369","targetHints":{"allow":["GET"]}}],"collection":[{"href":"https:\/\/www.1kamagrauk.com\/de\/wp-json\/wp\/v2\/product"}],"about":[{"href":"https:\/\/www.1kamagrauk.com\/de\/wp-json\/wp\/v2\/types\/product"}],"replies":[{"embeddable":true,"href":"https:\/\/www.1kamagrauk.com\/de\/wp-json\/wp\/v2\/comments?post=20369"}],"wp:featuredmedia":[{"embeddable":true,"href":"https:\/\/www.1kamagrauk.com\/de\/wp-json\/wp\/v2\/media\/19691"}],"wp:attachment":[{"href":"https:\/\/www.1kamagrauk.com\/de\/wp-json\/wp\/v2\/media?parent=20369"}],"wp:term":[{"taxonomy":"product_brand","embeddable":true,"href":"https:\/\/www.1kamagrauk.com\/de\/wp-json\/wp\/v2\/product_brand?post=20369"},{"taxonomy":"product_cat","embeddable":true,"href":"https:\/\/www.1kamagrauk.com\/de\/wp-json\/wp\/v2\/product_cat?post=20369"},{"taxonomy":"product_tag","embeddable":true,"href":"https:\/\/www.1kamagrauk.com\/de\/wp-json\/wp\/v2\/product_tag?post=20369"}],"curies":[{"name":"wp","href":"https:\/\/api.w.org\/{rel}","templated":true}]}}