{"id":20367,"date":"2019-12-10T01:59:19","date_gmt":"2021-09-16T11:22:00","guid":{"rendered":"https:\/\/www.kamagrauk.com\/product\/tadoba-tabletten"},"modified":"2021-09-17T11:15:37","modified_gmt":"2021-09-17T10:15:37","slug":"tadoba-tabletten-htm","status":"publish","type":"product","link":"https:\/\/www.1kamagrauk.com\/de\/tadoba-tabletten.htm","title":{"rendered":"Tadoba-Tabletten"},"content":{"rendered":"<p align=\"justify\">Tadoba 20 mg ist ein New Age-Medikament, das in die Gruppe der PDE-5-Inhibitoren eingeordnet ist. Tadoba ist ein eingetragener Markenname f\u00fcr Tadalafil, ein wissenschaftlich anerkanntes und klinisch erprobtes Arzneimittel zur Behandlung von schwacher Erektion oder vollst\u00e4ndiger Dysfunktion des Penis. Das Medikament wird von einem renommierten Pharmaunternehmen namens Yayanti Pharmaceuticals mit Sitz in Indien hergestellt. Da der Wirkstoff des Arzneimittels Tadalafil ist, ist eine Dosis von 20 mg ideal, um eine nachhaltige Erektion zu erreichen.<\/p>\n<h2>Wie ist Tadalafil auf Deutsch unter dem Handelsnamen Tadoba leicht online verf\u00fcgbar?<\/h2>\n<p align=\"justify\">Tadalafil auf Deutsch ist ein gesetzlich anerkannter Wirkstoff, der bei Erektionsproblemen bei M\u00e4nnern wirkt. Das einzige Problem ist, dass die auf Deutsch erh\u00e4ltlichen Marken f\u00fcr Tadalafil extrem teuer sind, was die Leute davon abh\u00e4lt, dieses Medikament zu kaufen. Aber das Aufkommen dieser neuen Marke namens Tadoba ist ein Ausrutscher unter anderen teuren deutschen Marken f\u00fcr Tadalafil-Tabletten. Der Hersteller von Tadoba ist bekannt f\u00fcr seine un\u00fcbertroffenen Low-Cost-Produktionsstrategien bei der Herstellung hochwertiger Medikamente.<\/p>\n<p align=\"justify\">Einen \u00e4hnlichen Fall gibt es bei Tadoba 20mg, das Medikament ist ein Ersatz f\u00fcr teure Cialis-Tabletten auf Deutsch, aber genauso wirksam wie letztere. Wenn wir bis vor ein paar Jahren dar\u00fcber sprechen, war es aufgrund der geringen Produktionsrate des Medikaments \u00e4u\u00dferst unpraktisch, Medikamente auf Tadalfil-Basis zu kaufen.<\/p>\n<p align=\"justify\">Der Gegensatz von geringerer Produktion und h\u00f6herer Nachfrage nach dem Arzneimittel f\u00fchrte zu \u00fcberh\u00f6hten Kosten f\u00fcr Tadalafil im pharmazeutischen Einzelhandelsmarkt. Aber es war ein Gl\u00fcck f\u00fcr die Menschen in Deutschland, da einige der asiatischen Pharmamarken es geschafft haben, in den westlichen Markt einzudringen, und Tadoba ist eine solche Marke, die einem indischen Pharmahersteller heimisch ist. Die neu registrierte Marke Tadoba-Tabletten (Tadalafil) ist jedoch nur \u00fcber Online-Apotheken wie uns erh\u00e4ltlich, und die herk\u00f6mmlichen Apotheken z\u00f6gern weiterhin, die importierten Medikamente auf Lager zu halten.<\/p>\n<p align=\"justify\">Nichtsdestotrotz arbeiten wir immer proaktiv, um unseren Kunden zu dienen, und stellen daher sicher, dass der Bestand dieses kosteng\u00fcnstigen und wirksamen Arzneimittels wie Tadalafil immer gepflegt wird. Sie m\u00fcssten sich also nicht mehr zur\u00fcckhalten, um ein ED-Medikament zu kaufen, wenn Sie an die hohen Preise denken. Wir stehen Ihnen \u00fcber unsere rund um die Uhr ge\u00f6ffnete Website zur Verf\u00fcgung, um Ihnen bei der L\u00f6sung Ihrer sexuellen Probleme zu helfen.<\/p>\n<h2>Gebrauchsanweisung f\u00fcr Tadoba 20mg<\/h2>\n<ul>\n<li>Es wird empfohlen, eine Einzeldosis Tadoba 20 mg f\u00fcr ED-Patienten mit frischem Wasser etwa 30 Minuten vor der Planung eines Geschlechtsakts einzunehmen.<\/li>\n<li>Das Arzneimittel wird dringend empfohlen f\u00fcr ED-Patienten und Personen, bei denen offiziell keine ED diagnostiziert wurde, sollten die Einnahme dieses PDE5-Medikaments abbrechen.<\/li>\n<li>Nach der Einnahme von Tadoba-Tabletten wird empfohlen, das Fortpflanzungsorgan k\u00f6rperlich zu stimulieren.<\/li>\n<li>Aufgrund der verlorenen anhaltenden Wirkung dieses Arzneimittels wird empfohlen, dieses Arzneimittel mindestens innerhalb der n\u00e4chsten 15 Stunden einzunehmen. Dies ist erforderlich, damit die Verbindung aus dem System abflie\u00dfen kann. Dies w\u00fcrde das unvorhersehbare Gef\u00fchl von Erektionen zu ungew\u00f6hnlichen Zeiten vermeiden.<\/li>\n<\/ul>\n<h2>Nebenwirkungen von Tadoba:<\/h2>\n<ul>\n<li>Sporadische Kopfschmerzen<\/li>\n<li>Verdauungsproblem<\/li>\n<li>Brechreiz<\/li>\n<\/ul>\n","protected":false},"excerpt":{"rendered":"<p>Tadoba 20 mg ist ein New Age-Medikament, das in die Gruppe der PDE-5-Inhibitoren eingeordnet ist. Tadoba ist ein eingetragener Markenname f\u00fcr Tadalafil, ein wissenschaftlich anerkanntes und klinisch erprobtes Arzneimittel zur Behandlung von schwacher Erektion oder vollst\u00e4ndiger Dysfunktion des Penis. Das Medikament wird hergestellt&#8230;<\/p>\n","protected":false},"featured_media":19697,"comment_status":"open","ping_status":"closed","template":"","meta":[],"product_brand":[],"product_cat":[219],"product_tag":[],"class_list":{"0":"post-20367","1":"product","2":"type-product","3":"status-publish","4":"has-post-thumbnail","6":"product_cat-kamagra-uk-german","8":"first","9":"instock","10":"taxable","11":"shipping-taxable","12":"product-type-simple"},"_links":{"self":[{"href":"https:\/\/www.1kamagrauk.com\/de\/wp-json\/wp\/v2\/product\/20367","targetHints":{"allow":["GET"]}}],"collection":[{"href":"https:\/\/www.1kamagrauk.com\/de\/wp-json\/wp\/v2\/product"}],"about":[{"href":"https:\/\/www.1kamagrauk.com\/de\/wp-json\/wp\/v2\/types\/product"}],"replies":[{"embeddable":true,"href":"https:\/\/www.1kamagrauk.com\/de\/wp-json\/wp\/v2\/comments?post=20367"}],"wp:featuredmedia":[{"embeddable":true,"href":"https:\/\/www.1kamagrauk.com\/de\/wp-json\/wp\/v2\/media\/19697"}],"wp:attachment":[{"href":"https:\/\/www.1kamagrauk.com\/de\/wp-json\/wp\/v2\/media?parent=20367"}],"wp:term":[{"taxonomy":"product_brand","embeddable":true,"href":"https:\/\/www.1kamagrauk.com\/de\/wp-json\/wp\/v2\/product_brand?post=20367"},{"taxonomy":"product_cat","embeddable":true,"href":"https:\/\/www.1kamagrauk.com\/de\/wp-json\/wp\/v2\/product_cat?post=20367"},{"taxonomy":"product_tag","embeddable":true,"href":"https:\/\/www.1kamagrauk.com\/de\/wp-json\/wp\/v2\/product_tag?post=20367"}],"curies":[{"name":"wp","href":"https:\/\/api.w.org\/{rel}","templated":true}]}}