{"id":20321,"date":"2019-12-17T21:54:48","date_gmt":"2021-09-16T10:56:29","guid":{"rendered":"https:\/\/www.kamagrauk.com\/product\/apcalis-oral-jelly"},"modified":"2026-02-28T10:00:17","modified_gmt":"2026-02-28T09:00:17","slug":"apcalis-oral-gelee","status":"publish","type":"product","link":"https:\/\/www.1kamagrauk.com\/de\/apcalis-oral-gelee.htm","title":{"rendered":"Apcalis Oral Gelee"},"content":{"rendered":"<h2>Apcalis 20mg SX Oral Gelee Anwendung<\/h2>\n<p align=\"justify\">Apcalis Oral Gelee besteht aus 20 mg Tadalafil-Verbindung, was es zu einem wirksamen Medikament zur Behandlung von m\u00e4nnlicher Impotenz macht. Die enorme Wirkung dieser Medikamente kann bis zu 36 Stunden anhalten und bietet mehr Zeit, um k\u00f6rperliche Intimit\u00e4t zu genie\u00dfen.<\/p>\n<p align=\"justify\">20 mg SX Apcalis Gelee wirkt, indem es cGMP-Enzyme hemmt, die den richtigen Blutfluss einschr\u00e4nken. Es stimuliert auch die Durchblutung im Genitalbereich und hilft bei h\u00e4rteren Erektionen. Die Geleeform dieses Arzneimittels l\u00f6st sich schnell auf und beginnt innerhalb von 20 bis 30 Minuten nach der Einnahme zu wirken.<\/p>\n<h3>Dosierung und Verf\u00fcgbarkeit von Apcalis auf Deutsch<\/h3>\n<p align=\"justify\">Die empfohlene Dosierung von Apcalis SX 20 mg Oral Gelee betr\u00e4gt ein Gelee pro Tag. Man sollte die Dosierung strikt einhalten, um bestm\u00f6gliche Ergebnisse zu erzielen. Die Dosierung kann jedoch je nach Wirksamkeit der Effekte auf 5 mg reduziert werden.<\/p>\n<p align=\"justify\">Dieses Arzneimittel wird in Geleeform hergestellt und kann daher leicht geschluckt werden. Es ist ein Segen f\u00fcr diejenigen, die Schwierigkeiten haben, eine Tablette zu schlucken und die erektile Dysfunktion letztendlich nicht behandeln k\u00f6nnen.<\/p>\n<p align=\"justify\">Dieses Arzneimittel sollte mindestens 20 bis 30 Minuten vor der geplanten sexuellen Aktivit\u00e4t mit einem Glas Wasser eingenommen werden. Apcalis 20mg ist in deutscher Sprache zu taschenfreundlichen Preisen erh\u00e4ltlich. Vertrauensw\u00fcrdige Liefer- und Versanddienste des Arzneimittellieferanten sind durchaus von Vorteil. Man kann diese Medikamente leicht vor der Haust\u00fcr bekommen.<\/p>\n<h3>Vorsichtsma\u00dfnahmen f\u00fcr Apcalis SX Gelee<\/h3>\n<p align=\"justify\">Die empfohlene Dosierung von Apcalis SX Oral Gelee sollte nicht \u00fcberschritten werden, da dies zu schweren gesundheitlichen Komplikationen f\u00fchren kann.<\/p>\n<p align=\"justify\">Apcalis Gelee sollte nicht in Kombination mit anderen verschreibungspflichtigen Medikamenten oder Medikamenten verwendet werden.<\/p>\n","protected":false},"excerpt":{"rendered":"<p>Viele deutsche M\u00e4nner leiden an Erektionsst\u00f6rungen. Es ist f\u00fcr sie ziemlich schwierig geworden, die St\u00f6rung aufzudecken und eine angemessene Behandlung zu suchen. Sie finden es sogar schwer genug, es mit ihrem Partner zu teilen. Apcalis SX 20mg Oral Gelee ist eines dieser Medikamente, die bei der wirksamen Behandlung von erektiler Dysfunktion oder m\u00e4nnlicher Impotenz helfen. Apcalis 20 mg besteht aus Tadalafil, das die Blutgef\u00e4\u00dfe erweitert und die Blutzirkulation in der Penisregion eines m\u00e4nnlichen K\u00f6rpers erh\u00f6ht. Apcalis hilft dabei, eine starke und lang anhaltende Erektion zu erreichen, so dass man einen gesunden Geschlechtsverkehr mit dem Partner genie\u00dfen kann. Kamagra Deutsch bietet Ihnen die M\u00f6glichkeit, Ihre sexuelle Gesundheit mit Hilfe von Apcalis SX 20mg zu verbessern. Hier k\u00f6nnen Sie Apcalis auf Deutsch sehr g\u00fcnstig kaufen. Wir konzentrieren uns immer darauf, gute Medizin zu niedrigen Kosten anzubieten. Wir k\u00fcmmern uns immer um Ihre Gesundheit und Ihr Geld.<\/p>\n","protected":false},"featured_media":19769,"comment_status":"open","ping_status":"closed","template":"","meta":{"_uag_custom_page_level_css":""},"product_brand":[],"product_cat":[219],"product_tag":[],"class_list":{"0":"post-20321","1":"product","2":"type-product","3":"status-publish","4":"has-post-thumbnail","6":"product_cat-kamagra-uk-german","8":"first","9":"instock","10":"featured","11":"taxable","12":"shipping-taxable","13":"purchasable","14":"product-type-variable","15":"has-default-attributes"},"uagb_featured_image_src":{"full":["https:\/\/www.1kamagrauk.com\/wp-content\/uploads\/2019\/12\/Apcalis-20mg-SX.jpg",400,400,false],"thumbnail":["https:\/\/www.1kamagrauk.com\/wp-content\/uploads\/2019\/12\/Apcalis-20mg-SX-150x150.jpg",150,150,true],"medium":["https:\/\/www.1kamagrauk.com\/wp-content\/uploads\/2019\/12\/Apcalis-20mg-SX-300x300.jpg",300,300,true],"medium_large":["https:\/\/www.1kamagrauk.com\/wp-content\/uploads\/2019\/12\/Apcalis-20mg-SX.jpg",400,400,false],"large":["https:\/\/www.1kamagrauk.com\/wp-content\/uploads\/2019\/12\/Apcalis-20mg-SX.jpg",400,400,false],"1536x1536":["https:\/\/www.1kamagrauk.com\/wp-content\/uploads\/2019\/12\/Apcalis-20mg-SX.jpg",400,400,false],"2048x2048":["https:\/\/www.1kamagrauk.com\/wp-content\/uploads\/2019\/12\/Apcalis-20mg-SX.jpg",400,400,false],"woocommerce_thumbnail":["https:\/\/www.1kamagrauk.com\/wp-content\/uploads\/2019\/12\/Apcalis-20mg-SX-300x300.jpg",300,300,true],"woocommerce_single":["https:\/\/www.1kamagrauk.com\/wp-content\/uploads\/2019\/12\/Apcalis-20mg-SX-300x300.jpg",300,300,true],"woocommerce_gallery_thumbnail":["https:\/\/www.1kamagrauk.com\/wp-content\/uploads\/2019\/12\/Apcalis-20mg-SX-100x100.jpg",100,100,true]},"uagb_author_info":{"display_name":false,"author_link":"https:\/\/www.1kamagrauk.com\/de\/author"},"uagb_comment_info":1,"uagb_excerpt":"Viele deutsche M\u00e4nner leiden an Erektionsst\u00f6rungen. Es ist f\u00fcr sie ziemlich schwierig geworden, die St\u00f6rung aufzudecken und eine angemessene Behandlung zu suchen. Sie finden es sogar schwer genug, es mit ihrem Partner zu teilen. Apcalis SX 20mg Oral Gelee ist eines dieser Medikamente, die bei der wirksamen Behandlung von erektiler Dysfunktion oder m\u00e4nnlicher Impotenz helfen.&hellip;","_links":{"self":[{"href":"https:\/\/www.1kamagrauk.com\/de\/wp-json\/wp\/v2\/product\/20321","targetHints":{"allow":["GET"]}}],"collection":[{"href":"https:\/\/www.1kamagrauk.com\/de\/wp-json\/wp\/v2\/product"}],"about":[{"href":"https:\/\/www.1kamagrauk.com\/de\/wp-json\/wp\/v2\/types\/product"}],"replies":[{"embeddable":true,"href":"https:\/\/www.1kamagrauk.com\/de\/wp-json\/wp\/v2\/comments?post=20321"}],"wp:featuredmedia":[{"embeddable":true,"href":"https:\/\/www.1kamagrauk.com\/de\/wp-json\/wp\/v2\/media\/19769"}],"wp:attachment":[{"href":"https:\/\/www.1kamagrauk.com\/de\/wp-json\/wp\/v2\/media?parent=20321"}],"wp:term":[{"taxonomy":"product_brand","embeddable":true,"href":"https:\/\/www.1kamagrauk.com\/de\/wp-json\/wp\/v2\/product_brand?post=20321"},{"taxonomy":"product_cat","embeddable":true,"href":"https:\/\/www.1kamagrauk.com\/de\/wp-json\/wp\/v2\/product_cat?post=20321"},{"taxonomy":"product_tag","embeddable":true,"href":"https:\/\/www.1kamagrauk.com\/de\/wp-json\/wp\/v2\/product_tag?post=20321"}],"curies":[{"name":"wp","href":"https:\/\/api.w.org\/{rel}","templated":true}]}}