{"id":20309,"date":"2019-12-07T04:01:12","date_gmt":"2021-09-16T10:56:20","guid":{"rendered":"https:\/\/www.kamagrauk.com\/product\/super-p-force-gelee"},"modified":"2022-05-17T08:51:56","modified_gmt":"2022-05-17T07:51:56","slug":"super-p-force-gelee-htm","status":"publish","type":"product","link":"https:\/\/www.1kamagrauk.com\/de\/super-p-gelee.htm","title":{"rendered":"Super P Force Gelee"},"content":{"rendered":"<h2>Super P Force <span class=\"Y2IQFc\" lang=\"de\">Gelee<\/span>\u00a0Info-Tabelle<\/h2>\n<table width=\"100%\">\n<tbody>\n<tr>\n<th>Attribut<\/th>\n<th>Werte<\/th>\n<\/tr>\n<tr>\n<td>Dosis<\/td>\n<td>160 mg<\/td>\n<\/tr>\n<tr>\n<td>Form<\/td>\n<td>Fl\u00fcssiges Gelee<\/td>\n<\/tr>\n<tr>\n<td>Herstellerin<\/td>\n<td>Sunrise Remedies Pvt Ltd<\/td>\n<\/tr>\n<tr>\n<td>Aktionsdauer<\/td>\n<td>4-6 Stunden<\/td>\n<\/tr>\n<tr>\n<td>Behandlung der Aktion<\/td>\n<td>15 &#8211; 20 Minuten<\/td>\n<\/tr>\n<tr>\n<td>Wirkstoff<\/td>\n<td>Sildenafilcitrat 100 mg + Dapoxetin 60 mg<\/td>\n<\/tr>\n<tr>\n<td>Verpackung<\/td>\n<td>Beutel<\/td>\n<\/tr>\n<tr>\n<td>H\u00e4ufige Nebenwirkungen<\/td>\n<td>Kopfschmerzen, \u00dcbelkeit und Schwindel<\/td>\n<\/tr>\n<\/tbody>\n<\/table>\n<h2>Super P Force <span class=\"Y2IQFc\" lang=\"de\">Gelee <\/span>160 mg: Wirkmechanismus<\/h2>\n<p>Super P Force <span class=\"Y2IQFc\" lang=\"de\">Gelee <\/span>160 mg ist eine Kombination aus zwei wirksamen Elementen, Sildenafil Citrate und Dapoxetin Hydrochloride, die zur Behandlung von erektiler Dysfunktion sowie vorzeitiger Ejakulation verwendet wird. Sildenafil Citrate stimuliert die Durchblutung des Fortpflanzungsorgans des m\u00e4nnlichen K\u00f6rpers. Dies bewirkt, dass die Sinne eine starke und feste Erektion aufbauen. Andererseits besteht die Hauptfunktion von Dapoxetine Hydrochlorid darin, die vorzeitige Entladung zu kontrollieren. Es erh\u00f6ht die Widerstandskraft des Fortpflanzungsorgans (Penis) und hemmt die Ejakulation. Dapoxetinhydrochlorid ist das erste bekannte Antidepressivum, das zur Behandlung von vorzeitiger Ejakulation eingesetzt werden kann. Mit dem kombinierten Wirkmechanismus dieser beiden leistungsstarken Komponenten f\u00f6rdert Super P Force Gelee 160 mg die Produktion von cGMP-Enzymen im Blutkreislauf. Dies beschleunigt die richtige Durchblutung in der Penisregion und das Erreichen der gew\u00fcnschten Befriedigung und Zufriedenheit beim Geschlechtsverkehr.<\/p>\n<h2>Super P Force <span class=\"Y2IQFc\" lang=\"de\">Gelee <\/span>160 mg: Anwendungsrichtlinien<\/h2>\n<p>Super P Force <span class=\"Y2IQFc\" lang=\"de\">Gelee <\/span>160 mg wird zur Behandlung von erektiler Dysfunktion und vorzeitiger Ejakulation verwendet. Es dauert 15 bis 20 Minuten, bis dieses Medikament seine erw\u00fcnschten Wirkungen zeigt, sobald es eingenommen wird. Die wunderbare Wirkung von Super P Force <span class=\"Y2IQFc\" lang=\"de\">Gelee <\/span>160 mg kann 4-6 Stunden nach der Anwendung anhalten. Dieses Medikament kann von gesunden M\u00e4nnern im Alter von 18 bis 64 Jahren verwendet werden. Super P Force <span class=\"Y2IQFc\" lang=\"de\">Gelee <\/span>zeigt nur Ergebnisse, wenn das M\u00e4nnchen w\u00e4hrend der Kopulation sexuell stimuliert wird. Die hervorstechenden Eigenschaften dieses Medikaments machen es sehr fruchtbar und wirksam bei der Behandlung von sexuellen St\u00f6rungen.<\/p>\n<h2>Super P Force <span class=\"Y2IQFc\" lang=\"de\">Gelee <\/span>160 mg: Dosierung und Lagerung<\/h2>\n<ul>\n<li>Die empfohlene Dosis von Super P Force Gelee 160 mg betr\u00e4gt einen Beutel pro Tag. Es wird dringend empfohlen, die vorgeschriebene Dosis nicht zu \u00fcberschreiten.<\/li>\n<li>Es sollte etwa eine halbe Stunde vor k\u00f6rperlicher Aktivit\u00e4t oder Geschlechtsverkehr eingenommen werden.<\/li>\n<li>Es sollte ein k\u00fchler und trockener Ort gew\u00e4hlt werden, um dieses Medikament aufzubewahren. Stellen Sie sicher, dass Super P Force Gelee 160 mg nicht in direkten Kontakt mit Feuchtigkeit, \u00fcberm\u00e4\u00dfiger Hitze oder Sonnenlicht kommt.<\/li>\n<li>Dieses Medikament muss an einem Ort gestapelt werden, den Kinder und Haustiere nicht erreichen k\u00f6nnen.<\/li>\n<\/ul>\n<h2>Super P Force <span class=\"Y2IQFc\" lang=\"de\">Gelee <\/span>160 mg: Sicherheitsvorkehrungen und Warnungen<\/h2>\n<ul>\n<li>Super P Force Gelee 160 mg ist nur f\u00fcr erwachsene M\u00e4nner bestimmt. M\u00e4nner unter 18 Jahren und Frauen sollten dieses Medikament nicht einnehmen.<\/li>\n<li>Dieses Medikament sollte vermieden werden, wenn die betroffene Person mit einem anderen Medikament zur Heilung von erektiler Dysfunktion oder vorzeitiger Ejakulation behandelt wird.<\/li>\n<li>Bei nicht arteritischer anteriorer isch\u00e4mischer Optikusneuropathie (NAION) sollte Super P Force Gelee 160 mg nicht eingenommen werden, da es sonst zu schweren Nebenwirkungen kommen kann.<\/li>\n<li>M\u00e4nner, die mit chronischen Brustschmerzen, Lungenkomplikationen oder Nieren- oder Lebererkrankungen zu k\u00e4mpfen haben, sollten auf die Anwendung verzichten.<\/li>\n<li>Falls jemand allergisch gegen Sildenafil Citrate oder Dapoxetine ist, muss er auf jeden Fall den Konsum von Super P Force Gelee 160 mg vermeiden.<\/li>\n<\/ul>\n<h2>Super P Force <span class=\"Y2IQFc\" lang=\"de\">Gelee <\/span>160 mg: Nebenwirkungen<\/h2>\n<p>Bei den meisten M\u00e4nnern, die Super P Force <span class=\"Y2IQFc\" lang=\"de\">Gelee <\/span>160 mg einnahmen, traten fast vernachl\u00e4ssigbare Nebenwirkungen auf. Es gibt jedoch bestimmte milde Nebenwirkungen wie:<\/p>\n<ul>\n<li>Kopfschmerzen<\/li>\n<li>Flush oder R\u00f6tung<\/li>\n<li>Magenverstimmung<\/li>\n<li>Durchfall<\/li>\n<li>Schwindel oder leichte Bewusstlosigkeit<\/li>\n<li>Verstopfte Nase<\/li>\n<li>Verschwommene Sicht<\/li>\n<\/ul>\n<p>Dies sind leichte Nebenwirkungen, die durch Super P Force <span class=\"Y2IQFc\" lang=\"de\">Gelee <\/span>160 mg verursacht werden und innerhalb weniger Stunden verschwinden. Auf der anderen Seite kann ein Missbrauch oder \u00fcberm\u00e4\u00dfiger Gebrauch einige schwere Nebenwirkungen wie verl\u00e4ngerte Erektionen oder Harnwegsinfektionen verursachen. Falls diese milden Wirkungen \u00fcber einen l\u00e4ngeren Zeitraum anhalten oder eine der schweren Wirkungen auftritt, muss so schnell wie m\u00f6glich ein Arzt aufgesucht werden.<\/p>\n","protected":false},"excerpt":{"rendered":"<p>Super P Force <span class=\"Y2IQFc\" lang=\"de\">Gelee <\/span>160 mg ist ein von der FDA reguliertes Medikament, das haupts\u00e4chlich zur Behandlung von zwei m\u00e4nnlichen Sexualst\u00f6rungen verwendet wird, n\u00e4mlich erektile Dysfunktion und vorzeitige Ejakulation. Es wird mit zwei leistungsstarken Inhaltsstoffen betrieben &#8211; Sildenafil Citrate 100 mg und Dapoxetine Hydrochloride 60 mg. Dieses Medikament wird von Sunrise Remedies Pvt. hergestellt. GmbH. Es ist in einem Beutel mit 5 g erh\u00e4ltlich, der diese beiden Elemente in der empfohlenen Menge enth\u00e4lt. Es kann leicht eingenommen werden und ist die beste L\u00f6sung f\u00fcr M\u00e4nner, die keine bitteren Pillen und Tabletten zur Behandlung von m\u00e4nnlicher Impotenz schlucken m\u00f6chten. Seine Tendenz, sich im Mund aufzul\u00f6sen, macht es funktioneller als ein normales Medikament gegen Impotenz. Super P Force <span class=\"Y2IQFc\" lang=\"de\">Gelee <\/span>160 mg ist ein starkes und wirksames Medikament und hilft dabei, beim Geschlechtsverkehr oder in der k\u00f6rperlichen Intimit\u00e4t vollkommenes Vergn\u00fcgen zu erlangen.<\/p>\n","protected":false},"featured_media":19663,"comment_status":"open","ping_status":"closed","template":"","meta":{"_uag_custom_page_level_css":""},"product_brand":[],"product_cat":[219],"product_tag":[],"class_list":{"0":"post-20309","1":"product","2":"type-product","3":"status-publish","4":"has-post-thumbnail","6":"product_cat-kamagra-uk-german","8":"first","9":"instock","10":"featured","11":"taxable","12":"shipping-taxable","13":"purchasable","14":"product-type-variable","15":"has-default-attributes"},"uagb_featured_image_src":{"full":["https:\/\/www.1kamagrauk.com\/wp-content\/uploads\/2019\/12\/Super-P-Force-Jelly.jpg",400,400,false],"thumbnail":["https:\/\/www.1kamagrauk.com\/wp-content\/uploads\/2019\/12\/Super-P-Force-Jelly-150x150.jpg",150,150,true],"medium":["https:\/\/www.1kamagrauk.com\/wp-content\/uploads\/2019\/12\/Super-P-Force-Jelly-300x300.jpg",300,300,true],"medium_large":["https:\/\/www.1kamagrauk.com\/wp-content\/uploads\/2019\/12\/Super-P-Force-Jelly.jpg",400,400,false],"large":["https:\/\/www.1kamagrauk.com\/wp-content\/uploads\/2019\/12\/Super-P-Force-Jelly.jpg",400,400,false],"1536x1536":["https:\/\/www.1kamagrauk.com\/wp-content\/uploads\/2019\/12\/Super-P-Force-Jelly.jpg",400,400,false],"2048x2048":["https:\/\/www.1kamagrauk.com\/wp-content\/uploads\/2019\/12\/Super-P-Force-Jelly.jpg",400,400,false],"woocommerce_thumbnail":["https:\/\/www.1kamagrauk.com\/wp-content\/uploads\/2019\/12\/Super-P-Force-Jelly-300x300.jpg",300,300,true],"woocommerce_single":["https:\/\/www.1kamagrauk.com\/wp-content\/uploads\/2019\/12\/Super-P-Force-Jelly-300x300.jpg",300,300,true],"woocommerce_gallery_thumbnail":["https:\/\/www.1kamagrauk.com\/wp-content\/uploads\/2019\/12\/Super-P-Force-Jelly-100x100.jpg",100,100,true]},"uagb_author_info":{"display_name":false,"author_link":"https:\/\/www.1kamagrauk.com\/de\/author"},"uagb_comment_info":0,"uagb_excerpt":"Super P Force Gelee 160 mg ist ein von der FDA reguliertes Medikament, das haupts\u00e4chlich zur Behandlung von zwei m\u00e4nnlichen Sexualst\u00f6rungen verwendet wird, n\u00e4mlich erektile Dysfunktion und vorzeitige Ejakulation. Es wird mit zwei leistungsstarken Inhaltsstoffen betrieben - Sildenafil Citrate 100 mg und Dapoxetine Hydrochloride 60 mg. Dieses Medikament wird von Sunrise Remedies Pvt. hergestellt. GmbH.&hellip;","_links":{"self":[{"href":"https:\/\/www.1kamagrauk.com\/de\/wp-json\/wp\/v2\/product\/20309","targetHints":{"allow":["GET"]}}],"collection":[{"href":"https:\/\/www.1kamagrauk.com\/de\/wp-json\/wp\/v2\/product"}],"about":[{"href":"https:\/\/www.1kamagrauk.com\/de\/wp-json\/wp\/v2\/types\/product"}],"replies":[{"embeddable":true,"href":"https:\/\/www.1kamagrauk.com\/de\/wp-json\/wp\/v2\/comments?post=20309"}],"wp:featuredmedia":[{"embeddable":true,"href":"https:\/\/www.1kamagrauk.com\/de\/wp-json\/wp\/v2\/media\/19663"}],"wp:attachment":[{"href":"https:\/\/www.1kamagrauk.com\/de\/wp-json\/wp\/v2\/media?parent=20309"}],"wp:term":[{"taxonomy":"product_brand","embeddable":true,"href":"https:\/\/www.1kamagrauk.com\/de\/wp-json\/wp\/v2\/product_brand?post=20309"},{"taxonomy":"product_cat","embeddable":true,"href":"https:\/\/www.1kamagrauk.com\/de\/wp-json\/wp\/v2\/product_cat?post=20309"},{"taxonomy":"product_tag","embeddable":true,"href":"https:\/\/www.1kamagrauk.com\/de\/wp-json\/wp\/v2\/product_tag?post=20309"}],"curies":[{"name":"wp","href":"https:\/\/api.w.org\/{rel}","templated":true}]}}