{"id":20223,"date":"2019-12-17T22:27:55","date_gmt":"2021-09-16T10:19:28","guid":{"rendered":"https:\/\/www.kamagrauk.com\/product\/erectalis-generika-tadalafil"},"modified":"2021-09-17T11:09:26","modified_gmt":"2021-09-17T10:09:26","slug":"erektalis","status":"publish","type":"product","link":"https:\/\/www.1kamagrauk.com\/de\/erectalis.htm","title":{"rendered":"Erectalis-Generika Tadalafil"},"content":{"rendered":"<h2>Wie wirksam ist Erectalis (Generika Tadalafil) bei erektiler Dysfunktion?<\/h2>\n<p align=\"justify\">Viele der ED-Patienten kennen m\u00f6glicherweise bereits Sildenafilcitrat \u2013 die Verbindung, die in der Zusammensetzung von \u201eViagra\u201c verwendet wird. Ganz \u00e4hnlich wie Sildenafil, ein Arzneimittel namens Tadalafil. Auf Deutsch wird es bei der Synthese von Erectalis verwendet. Tadalafil wurde jedoch unter Verwendung anderer und st\u00e4rkerer synthetischer Chemikalien entwickelt, die die Verbindung bei gebrechlichem Schwellk\u00f6rper viel st\u00e4rker und wirksamer machten.<\/p>\n<p>Tadalafil, das in Erectalis verwendet wird, wirkt auf die Erektion mit dem k\u00fcrzesten Einsetzen unter anderen Verbindungen (Sildenafil Citrate, Avanafil &amp; Vardenafil) in der Wirkstoffklasse der PDE 5-Hemmer. In wissenschaftlichen Tests wurde die Behauptung des Entdeckers von Tadalafil untermauert und es wurde in den Tests nachgewiesen, dass Tadalafil 5-mal st\u00e4rker ist als Sildenafil. Wenn zum Beispiel Sildenafil 100 mg bei ED wirksam ist, dann erzeugt die Dosis von Tadalafil 20 mg die gleiche Wirkung.<\/p>\n<p>Mit den best\u00e4tigten Aussagen der FDA bef\u00fcrwortet der Hersteller von Erectalis-Tabletten das Medikament als eine der wirksamsten Behandlungen f\u00fcr die Gebrechlichkeit von Schwellk\u00f6rpern. Erectalis-Tabletten l\u00f6sen sich in wenigen Minuten im Blutkreislauf auf und sobald das Verdauungssystem die Molek\u00fcle des Arzneimittels absorbiert hat, \u00f6ffnen sich jegliche Blockaden oder Verstopfungen in den Arterien des K\u00f6rpers. Anschlie\u00dfend str\u00f6mt das vom Herzen gepumpte Blut durch die freien Venen und erreicht die Penisregion. Dieser gesamte Vorgang dauert etwa 10 bis 15 Minuten und danach, sobald der Benutzer des Medikaments die stimulierende Ber\u00fchrung des Organs sp\u00fcrt, erf\u00e4hrt er eine allm\u00e4hliche Spannung im schlaffen Penis. Bei richtiger Stimulation erlebt die Person Momente sp\u00e4ter eine harte Erektion.<\/p>\n<h2>Warum ist Erectalis die beste Marke f\u00fcr generisches Tadalafil?<\/h2>\n<p align=\"justify\">Die positiven Ergebnisse von Tadalafil bei ED sind weltweit anerkannt und diese Tatsache hat viele Pharmahersteller dazu veranlasst, die generische Version des Medikaments unter ihrem eigenen eingetragenen Handelsnamen zu registrieren. Derzeit werden Tadalafil-Tabletten unter mehr als 7 verschiedenen Handelsnamen gehandelt. Aber von diesen 7 gehandelten Marken haben es nur wenige geschafft, die Zertifizierung von der Food and Drug Administration (FDA) zu erhalten. Erectalis ist eine der von der FDA zertifizierten Marken f\u00fcr generisches Tadalafil. Aber der Grund, der Erectalis in der Liste der anderen Tadalafil-Marken auf einem h\u00f6heren Niveau h\u00e4lt, ist die Erschwinglichkeit. Erectalis-Tabletten kosten viel billiger als andere Marken und sind ohne Rezept leicht zug\u00e4nglich. Daher k\u00f6nnen Menschen, die von einer sexuellen St\u00f6rung wie ED betroffen sind und an PDE5-Hemmer glauben, Tadalafil unter dem Handelsnamen Erectalis auf Deutsch kaufen. Es sollte jedoch immer daran erinnert werden, dass die Einnahme der richtigen Dosis des Arzneimittels der Schl\u00fcssel f\u00fcr optimale Ergebnisse ist. Sie k\u00f6nnen bei uns Tadalafil in deutscher Sprache im Potenzial von 20 mg kaufen und d\u00fcrfen diese Dosis auf keinen Fall \u00fcberschreiten. Eine \u00dcberdosis kann zu einem ernsthaften Problem wie Priapismus f\u00fchren.<\/p>\n","protected":false},"excerpt":{"rendered":"<p align=\"justify\">Haben Sie Probleme im Sexualleben? Wenn Sie st\u00e4ndig nach einer sicheren und wirksamen L\u00f6sung f\u00fcr Medikamente suchen, die Ihnen helfen, Ihr Sexualleben zu verbessern. Generisches Tadalafil ist ein Produkt, das als wertvolle Hilfe in dieser Abteilung sehr gefragt ist. Identisch mit der Marke &#8220;Erectalis Tablets&#8221; enth\u00e4lt den gleichen Wirkstoff &#8211; &#8220;Tadalafil&#8221;. Nach umfangreicher Forschung und Entwicklung enth\u00e4lt erectalis 20 mg Tadalafil, das durch Erweiterung der Blutgef\u00e4\u00dfe im Penis wirkt. Tadalafil erh\u00f6ht die Durchblutung des Penis, was zu st\u00e4rkeren und l\u00e4nger anhaltenden Erektionen f\u00fchrt und ein erf\u00fcllteres Sexualleben erm\u00f6glicht. Tadalafil wirkt 36 bis 48 Stunden lang und bietet ausreichend Zeit f\u00fcr entspannte sexuelle Aktivit\u00e4ten.<\/p>\n","protected":false},"featured_media":19767,"comment_status":"open","ping_status":"closed","template":"","meta":[],"product_brand":[],"product_cat":[219],"product_tag":[],"class_list":{"0":"post-20223","1":"product","2":"type-product","3":"status-publish","4":"has-post-thumbnail","6":"product_cat-kamagra-uk-german","8":"first","9":"onbackorder","10":"taxable","11":"shipping-taxable","12":"purchasable","13":"product-type-simple"},"_links":{"self":[{"href":"https:\/\/www.1kamagrauk.com\/de\/wp-json\/wp\/v2\/product\/20223","targetHints":{"allow":["GET"]}}],"collection":[{"href":"https:\/\/www.1kamagrauk.com\/de\/wp-json\/wp\/v2\/product"}],"about":[{"href":"https:\/\/www.1kamagrauk.com\/de\/wp-json\/wp\/v2\/types\/product"}],"replies":[{"embeddable":true,"href":"https:\/\/www.1kamagrauk.com\/de\/wp-json\/wp\/v2\/comments?post=20223"}],"wp:featuredmedia":[{"embeddable":true,"href":"https:\/\/www.1kamagrauk.com\/de\/wp-json\/wp\/v2\/media\/19767"}],"wp:attachment":[{"href":"https:\/\/www.1kamagrauk.com\/de\/wp-json\/wp\/v2\/media?parent=20223"}],"wp:term":[{"taxonomy":"product_brand","embeddable":true,"href":"https:\/\/www.1kamagrauk.com\/de\/wp-json\/wp\/v2\/product_brand?post=20223"},{"taxonomy":"product_cat","embeddable":true,"href":"https:\/\/www.1kamagrauk.com\/de\/wp-json\/wp\/v2\/product_cat?post=20223"},{"taxonomy":"product_tag","embeddable":true,"href":"https:\/\/www.1kamagrauk.com\/de\/wp-json\/wp\/v2\/product_tag?post=20223"}],"curies":[{"name":"wp","href":"https:\/\/api.w.org\/{rel}","templated":true}]}}