{"id":20210,"date":"2019-12-07T03:49:19","date_gmt":"2021-09-16T10:16:17","guid":{"rendered":"https:\/\/www.kamagrauk.com\/product\/caverta"},"modified":"2022-02-21T12:02:58","modified_gmt":"2022-02-21T11:02:58","slug":"caverta-tabletten","status":"publish","type":"product","link":"https:\/\/www.1kamagrauk.com\/de\/caverta-tabletten.htm","title":{"rendered":"Caverta"},"content":{"rendered":"<h2>Allgemeine Anwendung Caverta Tabletten<\/h2>\n<p>Der Hauptbestandteil von Caverta ist Sildenafil. Sildenafil beeinflusst die Reaktion auf sexuelle Stimulation. Es wirkt, indem es die Entspannung der glatten Muskulatur mit Stickstoffmonoxid verbessert, einer Chemikalie, die normalerweise als Reaktion auf sexuelle Stimulation freigesetzt wird. Diese Entspannung der glatten Muskulatur erm\u00f6glicht einen erh\u00f6hten Blutfluss in bestimmte Bereiche des Penis, was zu einer Erektion f\u00fchrt. Sildenafil wird zur Behandlung der erektilen Dysfunktion (Impotenz) bei M\u00e4nnern und der pulmonalen arteriellen Hypertonie angewendet. Sildenafil kann auch f\u00fcr andere, oben nicht aufgef\u00fchrte Zwecke verwendet werden.<\/p>\n<p>Kamagra Deutsch bietet Ihnen die M\u00f6glichkeit, Ihre sexuelle Gesundheit mit Hilfe dieser Tabletten zu verbessern. Hier k\u00f6nnen Sie Caverta Tabletten zu einem sehr g\u00fcnstigen Preis kaufen. Kamagra Deutsch konzentriert sich immer auf gute Medizin zu niedrigen Kosten, wir k\u00fcmmern uns immer um Ihre Gesundheit und Ihr Geld.<\/p>\n<p><strong> Dosierung und Anwendung Caverta Tabletten<\/strong><\/p>\n<p>Es kommt in einer Dosierung von 100 mg, Caverta wird ungef\u00e4hr 0,5-1 Stunde vor der sexuellen Aktivit\u00e4t eingenommen. Nehmen Sie Viagra nicht mehr als einmal t\u00e4glich ein. Eine fettreiche Mahlzeit kann die Wirkungszeit dieses Arzneimittels verz\u00f6gern. Versuchen Sie, w\u00e4hrend der Behandlung mit Sildenafil keine Grapefruit zu essen oder Grapefruitsaft zu trinken.<\/p>\n<p><strong> Vorsichtsma\u00dfnahmen bei der Einnahme von Caverta-Tabletten<\/strong><\/p>\n<p>Bevor Sie mit der Einnahme von Sildenafil (Caverta Tabletten) beginnen, informieren Sie Ihren Arzt oder Apotheker, wenn Sie allergisch dagegen sind; oder wenn Sie andere Allergien haben. \u00c4ltere Menschen k\u00f6nnen empfindlicher auf die Nebenwirkungen des Arzneimittels reagieren. Kontraindikationen Caverta ist kontraindiziert bei Patienten, die ein anderes Arzneimittel zur Behandlung von Impotenz einnehmen oder ein Nitratmedikament gegen Brustschmerzen oder Herzprobleme anwenden. Dieses Arzneimittel sollte nicht von Frauen und Kindern sowie von Patienten mit bekannter \u00dcberempfindlichkeit gegen einen der Bestandteile der Tablette eingenommen werden.<\/p>\n","protected":false},"excerpt":{"rendered":"<p>Caverta ist ein wirksames Medikament zur Behandlung der erektilen Dysfunktion. Eine Dosis Caverta Tabletten 100 mg reguliert den Blutfluss in die Penisregion und st\u00e4rkt die Schwellk\u00f6rper. Menschen, die an Impotenz leiden, k\u00f6nnen auf dieses Medikament zur\u00fcckgreifen, um mit geringer Stimulation eine schnelle Erektion zu erreichen&#8230;<\/p>\n","protected":false},"featured_media":19657,"comment_status":"open","ping_status":"closed","template":"","meta":{"_uag_custom_page_level_css":""},"product_brand":[],"product_cat":[219],"product_tag":[],"class_list":{"0":"post-20210","1":"product","2":"type-product","3":"status-publish","4":"has-post-thumbnail","6":"product_cat-kamagra-uk-german","8":"first","9":"instock","10":"featured","11":"taxable","12":"shipping-taxable","13":"purchasable","14":"product-type-variable","15":"has-default-attributes"},"uagb_featured_image_src":{"full":["https:\/\/www.1kamagrauk.com\/wp-content\/uploads\/2019\/12\/Caverta-Tablets.jpg",400,400,false],"thumbnail":["https:\/\/www.1kamagrauk.com\/wp-content\/uploads\/2019\/12\/Caverta-Tablets-150x150.jpg",150,150,true],"medium":["https:\/\/www.1kamagrauk.com\/wp-content\/uploads\/2019\/12\/Caverta-Tablets-300x300.jpg",300,300,true],"medium_large":["https:\/\/www.1kamagrauk.com\/wp-content\/uploads\/2019\/12\/Caverta-Tablets.jpg",400,400,false],"large":["https:\/\/www.1kamagrauk.com\/wp-content\/uploads\/2019\/12\/Caverta-Tablets.jpg",400,400,false],"1536x1536":["https:\/\/www.1kamagrauk.com\/wp-content\/uploads\/2019\/12\/Caverta-Tablets.jpg",400,400,false],"2048x2048":["https:\/\/www.1kamagrauk.com\/wp-content\/uploads\/2019\/12\/Caverta-Tablets.jpg",400,400,false],"woocommerce_thumbnail":["https:\/\/www.1kamagrauk.com\/wp-content\/uploads\/2019\/12\/Caverta-Tablets-300x300.jpg",300,300,true],"woocommerce_single":["https:\/\/www.1kamagrauk.com\/wp-content\/uploads\/2019\/12\/Caverta-Tablets-300x300.jpg",300,300,true],"woocommerce_gallery_thumbnail":["https:\/\/www.1kamagrauk.com\/wp-content\/uploads\/2019\/12\/Caverta-Tablets-100x100.jpg",100,100,true]},"uagb_author_info":{"display_name":false,"author_link":"https:\/\/www.1kamagrauk.com\/de\/author"},"uagb_comment_info":0,"uagb_excerpt":"Caverta ist ein wirksames Medikament zur Behandlung der erektilen Dysfunktion. Eine Dosis Caverta Tabletten 100 mg reguliert den Blutfluss in die Penisregion und st\u00e4rkt die Schwellk\u00f6rper. Menschen, die an Impotenz leiden, k\u00f6nnen auf dieses Medikament zur\u00fcckgreifen, um mit geringer Stimulation eine schnelle Erektion zu erreichen...","_links":{"self":[{"href":"https:\/\/www.1kamagrauk.com\/de\/wp-json\/wp\/v2\/product\/20210","targetHints":{"allow":["GET"]}}],"collection":[{"href":"https:\/\/www.1kamagrauk.com\/de\/wp-json\/wp\/v2\/product"}],"about":[{"href":"https:\/\/www.1kamagrauk.com\/de\/wp-json\/wp\/v2\/types\/product"}],"replies":[{"embeddable":true,"href":"https:\/\/www.1kamagrauk.com\/de\/wp-json\/wp\/v2\/comments?post=20210"}],"wp:featuredmedia":[{"embeddable":true,"href":"https:\/\/www.1kamagrauk.com\/de\/wp-json\/wp\/v2\/media\/19657"}],"wp:attachment":[{"href":"https:\/\/www.1kamagrauk.com\/de\/wp-json\/wp\/v2\/media?parent=20210"}],"wp:term":[{"taxonomy":"product_brand","embeddable":true,"href":"https:\/\/www.1kamagrauk.com\/de\/wp-json\/wp\/v2\/product_brand?post=20210"},{"taxonomy":"product_cat","embeddable":true,"href":"https:\/\/www.1kamagrauk.com\/de\/wp-json\/wp\/v2\/product_cat?post=20210"},{"taxonomy":"product_tag","embeddable":true,"href":"https:\/\/www.1kamagrauk.com\/de\/wp-json\/wp\/v2\/product_tag?post=20210"}],"curies":[{"name":"wp","href":"https:\/\/api.w.org\/{rel}","templated":true}]}}