{"id":20184,"date":"2019-12-07T03:42:29","date_gmt":"2021-09-16T10:03:44","guid":{"rendered":"https:\/\/www.kamagrauk.com\/product\/eriacta"},"modified":"2023-04-21T11:53:17","modified_gmt":"2023-04-21T10:53:17","slug":"eriacta-2","status":"publish","type":"product","link":"https:\/\/www.1kamagrauk.com\/de\/eriacta-tabletten.htm","title":{"rendered":"Eriacta"},"content":{"rendered":"<h2>Eriacta 100mg Info-Tabelle<\/h2>\n<table width=\"100%\">\n<tbody>\n<tr>\n<th>Attribut<\/th>\n<th>Werte<\/th>\n<\/tr>\n<tr>\n<td>Dosis<\/td>\n<td>100 mg<\/td>\n<\/tr>\n<tr>\n<td>Form<\/td>\n<td>Tablets<\/td>\n<\/tr>\n<tr>\n<td>Herstellerin<\/td>\n<td>Ranbaxy Laboratories Ltd<\/td>\n<\/tr>\n<tr>\n<td>Aktionsdauer<\/td>\n<td>30-60 Minuten<\/td>\n<\/tr>\n<tr>\n<td>Behandlung der Aktion<\/td>\n<td>34 Stunden<\/td>\n<\/tr>\n<tr>\n<td>Wirkstoff<\/td>\n<td>Sildenafilcitrat (100 mg)<\/td>\n<\/tr>\n<tr>\n<td>Verpackung<\/td>\n<td>Blase<\/td>\n<\/tr>\n<tr>\n<td>H\u00e4ufige Nebenwirkungen<\/td>\n<td>Schwindel, Gesichtsr\u00f6tung, verstopfte Nase<\/td>\n<\/tr>\n<\/tbody>\n<\/table>\n<h2>Eriacta Tabletten 100 mg: Wirkmechanismus<\/h2>\n<p>Eriacta Tablet 100 mg besteht aus dem Wirkstoff Sildenafilcitrat. Diese potente Komponente ist nur bei sexueller Stimulation funktionsf\u00e4hig und wirksam. Es ist ein PDE-Hemmer, der die Penisarterien entspannt und den Blutstrom in die Penisregion des Mannes f\u00fcr eine starke und lang anhaltende Erektion bef\u00f6rdert. M\u00e4nner k\u00f6nnen nach der Einnahme fast 4 Stunden lang fest bleiben und zahlreiche Sitzungen des lustvollen Geschlechtsverkehrs genie\u00dfen.<\/p>\n<h2>Eriacta Tabletten 100 mg: Dosierung und Anfahrt<\/h2>\n<p>Es ist ratsam, Eriacta Tabletten 100 mg etwa eine Stunde vor der k\u00f6rperlichen Intimit\u00e4t einzunehmen. Es wird empfohlen, nur einmal t\u00e4glich eine Tablette einzunehmen. Dies ist die erforderliche H\u00f6chstdosis, die von renommierten Medizinern verordnet wird. Vermeiden Sie \u00fcberm\u00e4\u00dfigen Gebrauch oder Missbrauch, um unerw\u00fcnschte Nebenwirkungen zu vermeiden.<\/p>\n<h3>Aufbewahrung von Eriacta-Tabletten<\/h3>\n<p>Eriacta-Tabletten 100 mg sollten an einem k\u00fchlen und trockenen Ort ohne Sonnenlicht aufbewahrt werden. Es sollte vor Feuchtigkeit und au\u00dferhalb der Reichweite von Kindern und Haustieren aufbewahrt werden.<\/p>\n<h2>Eriacta 100 mg Tabletten zum Verkauf: Kennen Sie diese f\u00fcr optimale Gewinne<\/h2>\n<ul>\n<li>Eriacta 100 mg Tabletten k\u00f6nnen mit oder ohne Nahrung eingenommen werden. Es sollte mindestens 60 Minuten vor der geplanten k\u00f6rperlichen Intimit\u00e4t eingenommen werden.<\/li>\n<li>Vermeiden Sie die Einnahme dieses Arzneimittels mit oder nach einer fettreichen Mahlzeit. Dies verlangsamt den Wirkmechanismus von Sildenafil und Sie erhalten m\u00f6glicherweise keine ausreichenden Ergebnisse.<\/li>\n<li>Versuchen Sie, Alkohol zu vermeiden, w\u00e4hrend Sie Eriacta 100 mg Tabletten einnehmen. Es enth\u00e4lt Sildenafil und kann die F\u00e4higkeit, eine feste Erektion zu erreichen, reduzieren.<\/li>\n<li>Vermeiden Sie die Einnahme dieses Arzneimittels zusammen mit anderen Arzneimitteln oder Arzneimitteln zur Behandlung der erektilen Dysfunktion.<\/li>\n<li>Es sollte immer dann eingenommen werden, wenn Sie gen\u00fcgend Zeit f\u00fcr den Geschlechtsverkehr haben.<\/li>\n<li>Es ist zu beachten, dass die sexuelle Stimulation die wichtigste Voraussetzung f\u00fcr die effiziente Wirkung dieses Medikaments ist.<\/li>\n<li>Wenn die gew\u00fcnschte Erektion mit einer Einzeldosis Eriacta-Tabletten nicht erreicht wird, ist es ratsam, einen Arzt zu konsultieren, um die richtigen Richtlinien f\u00fcr die Dosis zu erhalten.<\/li>\n<\/ul>\n<h2>Eriacta Sicherheitsvorkehrungen und Warnungen<\/h2>\n<p>Es ist wichtig, einen Arzt oder medizinisches Fachpersonal zu konsultieren, wenn jemand plant, ein so starkes Medikament mit Sildenafilcitrat zu beginnen. Dies ist umso wichtiger, wenn die betroffene Person mit Allergien oder allergischen Reaktionen auf bestimmte Medikamente jongliert. M\u00e4nner, die an vorbestehenden medizinischen Komplikationen leiden, m\u00fcssen ihre medizinischen Berichte vor der Anwendung einem Arzt vorlegen. Die wichtigste Tatsache, die Sie sich merken sollten, ist, dass dieses Medikament nicht f\u00fcr jeden bestimmt ist. Hier sind ein paar Richtlinien, die Sie bei der Auswahl beachten sollten.<\/p>\n<ul>\n<li>Personen, die mit anderen Medikamenten auf Nitratbasis behandelt werden, d\u00fcrfen diese nicht anwenden.<\/li>\n<li>Bei Retinitis pigmentosa, einer seltenen Augenerkrankung, sollte dieses Medikament vermieden werden.<\/li>\n<li>Es sollte vermieden werden, wenn der Benutzer allergisch gegen Sildenafil Citrate oder einen anderen in diesem Arzneimittel enthaltenen Wirkstoff ist.<\/li>\n<li>Im Falle von schweren Herz-, Nieren- und Leberproblemen in der Vorgeschichte ist dieses Medikament sehr vermeidbar.<\/li>\n<li>Vermeiden Sie es, es mit einer Kombination von Medikamenten oder Medikamenten gegen HIV oder Pilzinfektionen einzunehmen.<\/li>\n<li>Wenn eine Person an nicht-arteritischer anteriorer isch\u00e4mischer Optikusneuropathie (NAION) leidet, h\u00e4tte strikt darauf verzichtet werden sollen.<\/li>\n<li>Vermeiden Sie die Einnahme eines solchen Arzneimittels, wenn eine Erkrankung vorliegt, die Blutungen verursacht, wie z. B. ein Magengeschw\u00fcr.<\/li>\n<li>Bei Sichelzellan\u00e4mie, Knochenkrebs oder Leuk\u00e4mie wird empfohlen, dieses Medikament vollst\u00e4ndig zu vermeiden.<\/li>\n<\/ul>\n<h2>Eriacta Tabletten 100 mg: Nebenwirkungen<\/h2>\n<p>Bei den meisten M\u00e4nnern, die Eriacta 100 mg Tabletten einnehmen, traten keine so schwerwiegenden Nebenwirkungen auf. Dar\u00fcber hinaus wurde klinisch getestet und medizinisch untersucht, dass Eriacta Tabletten 100 mg im Vergleich zu anderen Medikamenten zur Behandlung der erektilen Dysfunktion die geringsten negativen Nebenwirkungen aufweisen. Es wurden jedoch einige milde Nebenwirkungen festgestellt, darunter Schwindel, Gesichtsr\u00f6tung, verstopfte Nase, \u00dcbelkeit, Sehst\u00f6rungen und Magenverstimmung. Diese Nebenwirkungen halten nicht lange an und klingen innerhalb weniger Stunden ab. Auf der anderen Seite gibt es auch einige schwerwiegende Nebenwirkungen. Davon sind Erektionen mit einer Dauer von mehr als 4 Stunden, vor\u00fcbergehender Sehverlust oder H\u00f6rst\u00f6rungen zu sehen, aber sehr selten. Falls eine dieser Nebenwirkungen auftritt, wird empfohlen, umgehend einen Arzt aufzusuchen.<\/p>\n<h2>H\u00e4ufig gestellte Fragen zu Eriacta-Tabletten<\/h2>\n<h4>Wo kann ich Eriacta UK ohne Arzt kaufen?<\/h4>\n<p>Jeder mit Grundkenntnissen im Online-Einkauf kann Eriacta UK ohne \u00e4rztliches Rezept zu einem erschwinglichen Preis auf der benutzerfreundlichen Plattform von KamagraUK.com kaufen<\/p>\n<h4>Was sind die Kontraindikationen von Eriacta online?<\/h4>\n<p>Augenerkrankungen, Nierenerkrankungen, Herz-Kreislauf-Probleme und Allergien sind einige der Kontraindikationen von Eriacta 100 mg Tabletten<\/p>\n<h4>Sind Eriacta-Tabletten sicher?<\/h4>\n<p>Eriacta-Tabletten sind sicher, wenn sie gem\u00e4\u00df der vorgeschriebenen Dosis und unter Aufsicht eines leitenden Gesundheitsexperten angewendet werden.<\/p>\n<h4>Was sind die Verwendungen von Eriacta 100 mg Tabletten?<\/h4>\n<p>Eriacta 100 mg Tabletten werden haupts\u00e4chlich zur Behandlung von erektiler Dysfunktion und pulmonaler arterieller Hypertonie (PAH) verwendet.<\/p>\n","protected":false},"excerpt":{"rendered":"<p>Eriacta Tablet 100 mg ist ein orales Arzneimittel, das h\u00e4ufig zur Behandlung von erektiler Dysfunktion verwendet wird. Dieses Medikament hilft M\u00e4nnern, w\u00e4hrend des gesamten Liebesakts fest zu werden und h\u00e4rter zu bleiben. Es wird mit einer starken Komponente namens Sildenafil Citrate hergestellt, die wirkt, indem sie die Strompenilregion eines m\u00e4nnlichen K\u00f6rpers f\u00f6rdert. Dies f\u00fchrt zu einer starken Erektion und garantiert ein ausgedehnteres und erf\u00fcllendes sexuelles Erlebnis.<\/p>\n","protected":false},"featured_media":19653,"comment_status":"open","ping_status":"closed","template":"","meta":{"_uag_custom_page_level_css":""},"product_brand":[],"product_cat":[219],"product_tag":[],"class_list":{"0":"post-20184","1":"product","2":"type-product","3":"status-publish","4":"has-post-thumbnail","6":"product_cat-kamagra-uk-german","8":"first","9":"instock","10":"taxable","11":"shipping-taxable","12":"product-type-simple"},"uagb_featured_image_src":{"full":["https:\/\/www.1kamagrauk.com\/wp-content\/uploads\/2019\/12\/Eriacta-Tablets.jpg",400,400,false],"thumbnail":["https:\/\/www.1kamagrauk.com\/wp-content\/uploads\/2019\/12\/Eriacta-Tablets-150x150.jpg",150,150,true],"medium":["https:\/\/www.1kamagrauk.com\/wp-content\/uploads\/2019\/12\/Eriacta-Tablets-300x300.jpg",300,300,true],"medium_large":["https:\/\/www.1kamagrauk.com\/wp-content\/uploads\/2019\/12\/Eriacta-Tablets.jpg",400,400,false],"large":["https:\/\/www.1kamagrauk.com\/wp-content\/uploads\/2019\/12\/Eriacta-Tablets.jpg",400,400,false],"1536x1536":["https:\/\/www.1kamagrauk.com\/wp-content\/uploads\/2019\/12\/Eriacta-Tablets.jpg",400,400,false],"2048x2048":["https:\/\/www.1kamagrauk.com\/wp-content\/uploads\/2019\/12\/Eriacta-Tablets.jpg",400,400,false],"woocommerce_thumbnail":["https:\/\/www.1kamagrauk.com\/wp-content\/uploads\/2019\/12\/Eriacta-Tablets-300x300.jpg",300,300,true],"woocommerce_single":["https:\/\/www.1kamagrauk.com\/wp-content\/uploads\/2019\/12\/Eriacta-Tablets-300x300.jpg",300,300,true],"woocommerce_gallery_thumbnail":["https:\/\/www.1kamagrauk.com\/wp-content\/uploads\/2019\/12\/Eriacta-Tablets-100x100.jpg",100,100,true]},"uagb_author_info":{"display_name":false,"author_link":"https:\/\/www.1kamagrauk.com\/de\/author"},"uagb_comment_info":1,"uagb_excerpt":"Eriacta Tablet 100 mg ist ein orales Arzneimittel, das h\u00e4ufig zur Behandlung von erektiler Dysfunktion verwendet wird. Dieses Medikament hilft M\u00e4nnern, w\u00e4hrend des gesamten Liebesakts fest zu werden und h\u00e4rter zu bleiben. Es wird mit einer starken Komponente namens Sildenafil Citrate hergestellt, die wirkt, indem sie die Strompenilregion eines m\u00e4nnlichen K\u00f6rpers f\u00f6rdert. Dies f\u00fchrt zu&hellip;","_links":{"self":[{"href":"https:\/\/www.1kamagrauk.com\/de\/wp-json\/wp\/v2\/product\/20184","targetHints":{"allow":["GET"]}}],"collection":[{"href":"https:\/\/www.1kamagrauk.com\/de\/wp-json\/wp\/v2\/product"}],"about":[{"href":"https:\/\/www.1kamagrauk.com\/de\/wp-json\/wp\/v2\/types\/product"}],"replies":[{"embeddable":true,"href":"https:\/\/www.1kamagrauk.com\/de\/wp-json\/wp\/v2\/comments?post=20184"}],"wp:featuredmedia":[{"embeddable":true,"href":"https:\/\/www.1kamagrauk.com\/de\/wp-json\/wp\/v2\/media\/19653"}],"wp:attachment":[{"href":"https:\/\/www.1kamagrauk.com\/de\/wp-json\/wp\/v2\/media?parent=20184"}],"wp:term":[{"taxonomy":"product_brand","embeddable":true,"href":"https:\/\/www.1kamagrauk.com\/de\/wp-json\/wp\/v2\/product_brand?post=20184"},{"taxonomy":"product_cat","embeddable":true,"href":"https:\/\/www.1kamagrauk.com\/de\/wp-json\/wp\/v2\/product_cat?post=20184"},{"taxonomy":"product_tag","embeddable":true,"href":"https:\/\/www.1kamagrauk.com\/de\/wp-json\/wp\/v2\/product_tag?post=20184"}],"curies":[{"name":"wp","href":"https:\/\/api.w.org\/{rel}","templated":true}]}}