{"id":20168,"date":"2019-12-17T22:40:15","date_gmt":"2019-12-17T21:40:15","guid":{"rendered":"https:\/\/www.kamagrauk.com\/product\/kamagra-soft-tabletten"},"modified":"2021-09-24T13:03:31","modified_gmt":"2021-09-24T12:03:31","slug":"kamagra-soft-tabletten-2","status":"publish","type":"product","link":"https:\/\/www.1kamagrauk.com\/de\/kamagra-weiche-tabletten.htm","title":{"rendered":"Kamagra Soft-Tabletten"},"content":{"rendered":"<h2>Wie funktioniert es?<\/h2>\n<p align=\"justify\">Dieses starke Medikament wird von angesehenen Gremien wie der Food &amp; Drug Association (FDA) zur Behandlung von Impotenz und erektiler Dysfunktion empfohlen. Kamagra Soft-Tabletten l\u00f6sen sich schnell im Mund auf; Dies erm\u00f6glicht eine schnelle Aufnahme in den Blutkreislauf, was zu einem sehr schnellen Wirkungseintritt dieses Produkts f\u00fchrt \u2013 deshalb ist es so beliebt. Es besteht aus einem Wirkstoff namens Sildenafil, der den Blutfluss in den Penis f\u00f6rdert und h\u00e4rtere und l\u00e4nger anhaltende Erektionen verursacht. Sildenafil wirkt, indem es die Muskeln in den Arterienw\u00e4nden des Penis entspannt und so die Qualit\u00e4t des Penisblutflusses f\u00fcr eine verbesserte sexuelle Leistungsf\u00e4higkeit verbessert.<\/p>\n<p>Kamagra Deutsch bietet Ihnen die M\u00f6glichkeit, Ihre sexuelle Gesundheit mit Hilfe von Kamagra Soft Tabletten zu verbessern. Hier k\u00f6nnen Sie Kamagra Soft Tablets zu einem sehr g\u00fcnstigen Preis kaufen. Kamagra Deutsch konzentriert sich immer auf gute Medizin zu niedrigen Kosten, wir k\u00fcmmern uns immer um Ihre Gesundheit und Ihr Geld.<\/p>\n<h3>Kamagra Soft Tabletten Lieferung am n\u00e4chsten Tag in Deutsch<\/h3>\n<p align=\"justify\">Wir verstehen, dass Sie ein wirksames Arzneimittel wie Kamagra Softtabletten manchmal nicht mehr vorr\u00e4tig haben und Sie das Arzneimittel schon am n\u00e4chsten Tag dringend erwerben m\u00fcssen. Wir empfehlen Ihnen jedoch, den Kauf des Arzneimittels zu planen, w\u00e4hrend Sie einige Tabletten dieser Kamagra-Variante als Backup haben. Leider bieten wir vorerst keine Lieferung von Kamagra Softtabletten am n\u00e4chsten Tag an und w\u00fcrden allen K\u00e4ufern des Arzneimittels empfehlen, unsere normale Lieferoption zu w\u00e4hlen, da diese nur einen geringen Betrag kostet. Der normale Liefermodus Ihrer Bestellungen stellt sicher, dass Sie Ihre erwartete Bestellung innerhalb von 5 bis 7 Tagen erhalten.<\/p>\n<p>&nbsp;<\/p>\n<h3>Zahlung \u00fcber PayPal durchf\u00fchren (europ\u00e4ische Kunden)<\/h3>\n<p align=\"justify\">In Europa ans\u00e4ssige Kunden k\u00f6nnen jetzt ihre Bestellungen in unserer Apotheke aufgeben und Zahlungen \u00fcber die schnelle und einfache PayPal-Option vornehmen. Kunden ben\u00f6tigen jetzt keine Master- oder Visa-Karte, sondern erhalten bei der Bestellung einen Zahlungslink von unserer Apotheke. Durch Klicken auf den im Posteingang erhaltenen Zahlungslink k\u00f6nnen Zahlungen f\u00fcr die Bestellungen sicher und schnell get\u00e4tigt werden. F\u00fcr in Deutschland ans\u00e4ssige K\u00e4ufer von Kamagra ist PayPal noch nicht verf\u00fcgbar und sie leisten alle Zahlungen nur per Bank\u00fcberweisung.<\/p>\n<h2>Kamagra Soft Tabletten: Vorsichtsma\u00dfnahmen und Warnungen<\/h2>\n<p>&nbsp;<\/p>\n<ul>\n<li>Verwenden Sie Kamagra Soft Tabletten nicht, wenn Sie unter 18 Jahre alt sind<\/li>\n<li>Vermeiden Sie Alkohol, da dies die Wirksamkeit dieses Produkts beeintr\u00e4chtigen kann<\/li>\n<li>Nicht mit oder unmittelbar nach einer fettreichen Mahlzeit einnehmen, da dies die Wirkung dieses Arzneimittels verz\u00f6gern kann<\/li>\n<li>Nehmen Sie dieses Medikament nicht ein, wenn Sie an einer Herz-, Leber- oder Nierenerkrankung leiden<\/li>\n<li>Verwenden Sie dieses Arzneimittel nur, wenn Sie sexuelle Aktivit\u00e4ten planen<\/li>\n<li>Personen mit einer Allergie gegen Sildenafil sollten dieses Medikament meiden<\/li>\n<li>Vermeiden Sie dieses Medikament, wenn Sie andere Medikamente einnehmen, die Nitratbestandteile enthalten<\/li>\n<\/ul>\n<h2>Kamagra Soft-Tabletten: Verwendung &amp; Lagerung<\/h2>\n<p align=\"justify\">Es sollte nur bei Bedarf eingenommen werden. Nehmen Sie niemals mehr als die empfohlene Dosis ein, da sonst einige unerw\u00fcnschte Nebenwirkungen auftreten k\u00f6nnen, einschlie\u00dflich Brustschmerzen, \u00dcbelkeit, M\u00fcdigkeit, Ohnmacht, unregelm\u00e4\u00dfiger Herzschlag, Kopfschmerzen usw. Lagern Sie es immer an einem k\u00fchlen und trockenen Ort, fern von Feuchtigkeit, Sonnenlicht, Kindern und Haustieren.<\/p>\n<h2>M\u00f6gliche Nebenwirkungen<\/h2>\n<p align=\"justify\">Im Allgemeinen sind keine schwerwiegenden Nebenwirkungen von Kamagra Soft-Tabletten bekannt. Wenn Sie jedoch nicht gem\u00e4\u00df den empfohlenen Richtlinien einnehmen, k\u00f6nnen einige leichte negative Nebenwirkungen wie Gesichtsr\u00f6tung, Kopfschmerzen, verstopfte oder verstopfte Nase, leichte \u00dcbelkeit, Sehst\u00f6rungen oder Empfindlichkeit gegen\u00fcber hellem Sonnenlicht auftreten, die innerhalb von 4 bis 5 Stunden abklingen sollten . Wenn Sie schwerwiegende Nebenwirkungen wie eine verl\u00e4ngerte Erektion, H\u00f6rprobleme oder sogar einen vor\u00fcbergehenden Sehverlust bemerken, melden Sie dies sofort Ihrem Arzt.<\/p>\n","protected":false},"excerpt":{"rendered":"<p>Kamagra Soft Tablets sind im Deutschen sehr bekannt, denn daf\u00fcr gibt es zwei Gr\u00fcnde. Erstens ist es perfekt f\u00fcr diejenigen, die keine harten Pillen einnehmen. Zweitens l\u00f6st es sich schnell auf, wird also im Vergleich zu Pillen sehr schnell im K\u00f6rper wirksamer. Kamagra Soft Tabletten haben den gleichen Wirkstoff wie Viagra, eine chemische Verbindung namens Sildenafil. Es ist also eine weitere Viagra-Alternative. Es enth\u00e4lt auch eine Dosis von 100 mg Sildenafil. Sildenafil ist eines der beliebtesten Medikamente gegen erektile Dysfunktion. Viagra und Kamagra Soft Tablets enthalten beide den Wirkstoff Sildenafil und sind damit die beste und g\u00fcnstigste Alternative zu Viagra. Kamagra Soft Tablet ist g\u00fcnstiger als Viagra Jelly erh\u00e4ltlich.<\/p>\n","protected":false},"featured_media":23733,"comment_status":"open","ping_status":"closed","template":"","meta":{"_uag_custom_page_level_css":""},"product_brand":[],"product_cat":[219],"product_tag":[],"class_list":{"0":"post-20168","1":"product","2":"type-product","3":"status-publish","4":"has-post-thumbnail","6":"product_cat-kamagra-uk-german","8":"first","9":"instock","10":"featured","11":"taxable","12":"shipping-taxable","13":"purchasable","14":"product-type-variable"},"uagb_featured_image_src":{"full":["https:\/\/www.1kamagrauk.com\/wp-content\/uploads\/2019\/12\/kamagra-soft.gif",398,359,false],"thumbnail":["https:\/\/www.1kamagrauk.com\/wp-content\/uploads\/2019\/12\/kamagra-soft-150x150.gif",150,150,true],"medium":["https:\/\/www.1kamagrauk.com\/wp-content\/uploads\/2019\/12\/kamagra-soft-300x271.gif",300,271,true],"medium_large":["https:\/\/www.1kamagrauk.com\/wp-content\/uploads\/2019\/12\/kamagra-soft.gif",398,359,false],"large":["https:\/\/www.1kamagrauk.com\/wp-content\/uploads\/2019\/12\/kamagra-soft.gif",398,359,false],"1536x1536":["https:\/\/www.1kamagrauk.com\/wp-content\/uploads\/2019\/12\/kamagra-soft.gif",398,359,false],"2048x2048":["https:\/\/www.1kamagrauk.com\/wp-content\/uploads\/2019\/12\/kamagra-soft.gif",398,359,false],"woocommerce_thumbnail":["https:\/\/www.1kamagrauk.com\/wp-content\/uploads\/2019\/12\/kamagra-soft-300x300.gif",300,300,true],"woocommerce_single":["https:\/\/www.1kamagrauk.com\/wp-content\/uploads\/2019\/12\/kamagra-soft-300x271.gif",300,271,true],"woocommerce_gallery_thumbnail":["https:\/\/www.1kamagrauk.com\/wp-content\/uploads\/2019\/12\/kamagra-soft-100x100.gif",100,100,true]},"uagb_author_info":{"display_name":false,"author_link":"https:\/\/www.1kamagrauk.com\/de\/author"},"uagb_comment_info":0,"uagb_excerpt":"Kamagra Soft Tablets sind im Deutschen sehr bekannt, denn daf\u00fcr gibt es zwei Gr\u00fcnde. Erstens ist es perfekt f\u00fcr diejenigen, die keine harten Pillen einnehmen. Zweitens l\u00f6st es sich schnell auf, wird also im Vergleich zu Pillen sehr schnell im K\u00f6rper wirksamer. Kamagra Soft Tabletten haben den gleichen Wirkstoff wie Viagra, eine chemische Verbindung namens&hellip;","_links":{"self":[{"href":"https:\/\/www.1kamagrauk.com\/de\/wp-json\/wp\/v2\/product\/20168","targetHints":{"allow":["GET"]}}],"collection":[{"href":"https:\/\/www.1kamagrauk.com\/de\/wp-json\/wp\/v2\/product"}],"about":[{"href":"https:\/\/www.1kamagrauk.com\/de\/wp-json\/wp\/v2\/types\/product"}],"replies":[{"embeddable":true,"href":"https:\/\/www.1kamagrauk.com\/de\/wp-json\/wp\/v2\/comments?post=20168"}],"wp:featuredmedia":[{"embeddable":true,"href":"https:\/\/www.1kamagrauk.com\/de\/wp-json\/wp\/v2\/media\/23733"}],"wp:attachment":[{"href":"https:\/\/www.1kamagrauk.com\/de\/wp-json\/wp\/v2\/media?parent=20168"}],"wp:term":[{"taxonomy":"product_brand","embeddable":true,"href":"https:\/\/www.1kamagrauk.com\/de\/wp-json\/wp\/v2\/product_brand?post=20168"},{"taxonomy":"product_cat","embeddable":true,"href":"https:\/\/www.1kamagrauk.com\/de\/wp-json\/wp\/v2\/product_cat?post=20168"},{"taxonomy":"product_tag","embeddable":true,"href":"https:\/\/www.1kamagrauk.com\/de\/wp-json\/wp\/v2\/product_tag?post=20168"}],"curies":[{"name":"wp","href":"https:\/\/api.w.org\/{rel}","templated":true}]}}