{"id":20131,"date":"2019-12-17T22:44:12","date_gmt":"2019-12-17T21:44:12","guid":{"rendered":"https:\/\/www.kamagrauk.com\/product\/viagra-fuer-frauen"},"modified":"2023-01-05T11:40:38","modified_gmt":"2023-01-05T10:40:38","slug":"lovegra-tabletten","status":"publish","type":"product","link":"https:\/\/www.1kamagrauk.com\/de\/lovegra-tabletten.htm","title":{"rendered":"Viagra f\u00fcr Frauen"},"content":{"rendered":"<h2>Wie funktioniert Viagra f\u00fcr Frauen?<\/h2>\n<p align=\"justify\">Jede Filmtablette Viagra f\u00fcr Frauen (100 mg Lovegra) enth\u00e4lt einen Wirkstoff namens Sildenafilcitrat, der derselbe Inhaltsstoff ist, der in der Markentablette Viagra verwendet wird. Lovegra (weibliches Viagra) Tablet wird innerhalb von 45 Minuten nach Einnahme wirksam und wirkt, indem es den Blutfluss und die Empfindlichkeit im Vaginalbereich erh\u00f6ht. Dies wiederum f\u00fchrt zu einer erh\u00f6hten nat\u00fcrlichen Schmierung und einem gesteigerten sexuellen Vergn\u00fcgen beim Geschlechtsverkehr und dies hebt die sexuelle Befriedigung auf ein ganz neues Niveau. Jede Lovegra-Tablette enth\u00e4lt 100 mg Sildenafilcitrat und es ist wichtig, die richtige Dosierung einzunehmen, um unerw\u00fcnschte Nebenwirkungen zu vermeiden.<\/p>\n<table border=\"1px\" align=\"center\">\n<tbody>\n<tr>\n<td>Medikamentenname:<\/td>\n<td>G\u00fcnstiges Viagra f\u00fcr Frauen (Lovegra)<\/td>\n<\/tr>\n<tr>\n<td>Tablettenst\u00e4rke:<\/td>\n<td>100 mg<\/td>\n<\/tr>\n<tr>\n<td>Verf\u00fcgbare Pakete:<\/td>\n<td>20, 52, 100 Tabletten<\/td>\n<\/tr>\n<tr>\n<td>Bestpreis:<\/td>\n<td>\u00a30.69 Per Tablet<\/td>\n<\/tr>\n<tr>\n<td>Verkaufsschlager<\/td>\n<td>100 Tabletten x 100 mg zu 82,04 \u20ac<\/td>\n<\/tr>\n<tr>\n<td>Zahlung:<\/td>\n<td>Bank\u00fcberweisung<\/td>\n<\/tr>\n<tr>\n<td>Lieferung:<\/td>\n<td>Auf Deutsch (3-5 Tage), Au\u00dfer deutsch (10-15 Tage)<\/td>\n<\/tr>\n<tr>\n<td>RX:<\/td>\n<td>Nicht ben\u00f6tigt<\/td>\n<\/tr>\n<\/tbody>\n<\/table>\n<p>&nbsp;<\/p>\n<h3>Kaufen Sie Viagra f\u00fcr Frauen auf Deutsch in unserer Online-Apotheke<\/h3>\n<p align=\"justify\">Die meisten Apotheken erw\u00e4gen nur den Handel mit Sexualmedikamenten, die f\u00fcr M\u00e4nner bestimmt sind. Aufgrund der st\u00e4ndigen Zunahme sexueller Behinderungen bei Frauen haben wir Lovegra-Tabletten in unseren Bestand aufgenommen, die auf Deutsch auch als weibliches Viagra bekannt sind. Lovegra oder weibliches Viagra in deutscher Sprache k\u00f6nnen Sie in unserer Online-Apotheke \u00fcber einen einfachen Bestellvorgang erwerben.<br \/>\nKamagra Deutsch bietet Ihnen die M\u00f6glichkeit, Ihre sexuelle Gesundheit mit Hilfe von Female Viagra (Lovegra 100mg Tabletten) zu verbessern. Hier k\u00f6nnen Sie 100mg Viagra f\u00fcr Frauen (Lovegra) zu einem sehr g\u00fcnstigen Preis kaufen. Kamagra Deutsch konzentriert sich immer auf gute Medizin zu niedrigen Kosten, wir k\u00fcmmern uns immer um Ihre Gesundheit und Ihr Geld.<\/p>\n<h3>So verwenden Sie Viagra f\u00fcr Frauen f\u00fcr maximale Sicherheit und Wirksamkeit<\/h3>\n<ul>\n<li>Verwenden Sie keinen Alkohol, da dies die Wirksamkeit dieses Arzneimittels verringert.<\/li>\n<li>Nicht mit anderen Medikamenten kombinieren.<\/li>\n<li>Nehmen Sie dieses Medikament nur ein, wenn sexuelle Aktivit\u00e4ten geplant sind.<\/li>\n<li>Vermeiden Sie gro\u00dfe und fetthaltige Mahlzeiten, damit dieses Medikament effektiv wirken kann.<\/li>\n<li>Dieses Produkt ist f\u00fcr Frauen gedacht, die das sexuelle Vergn\u00fcgen steigern m\u00f6chten.<\/li>\n<li>Die empfohlene H\u00f6chstdosis betr\u00e4gt normalerweise 100 mg.<\/li>\n<li>Nehmen Sie innerhalb von 24 Stunden nicht mehr als eine Tablette ein.<\/li>\n<\/ul>\n<p>&nbsp;<\/p>\n<h4>Anweisungen zur Dosierung von Viagra f\u00fcr Frauen<\/h4>\n<p align=\"justify\">Die normale Dosierung von (Lovegra) Female Viagra betr\u00e4gt 100 mg. Frauen, die dieses Medikament einnehmen, sollten die empfohlene Dosierung nicht \u00fcberschreiten, um \u00fcberm\u00e4\u00dfige Nebenwirkungen zu vermeiden. Es wird empfohlen, es 30 bis 45 Minuten vor der sexuellen Aktivit\u00e4t einzunehmen und nie mehr als einmal innerhalb von 24 Stunden. Bewahren Sie dieses Medikament immer an einem k\u00fchlen und trockenen Ort auf. An einem Ort au\u00dferhalb der Reichweite von Kindern und Haustieren aufbewahren.<\/p>\n<h4>M\u00f6gliche Nebenwirkungen<\/h4>\n<p align=\"justify\">Normalerweise verursacht es bei den meisten Frauen keine gr\u00f6\u00dferen Nebenwirkungen. Sie k\u00f6nnen jedoch leichte Kopfschmerzen, Gesichtsr\u00f6tung, Lichtempfindlichkeit, \u00dcbelkeit, Magenverstimmung und eine verstopfte Nase versp\u00fcren. Diese Nebenwirkungen sind immer milder Natur und vergehen innerhalb weniger Stunden. Wenn bei Ihnen schwerwiegende Nebenwirkungen auftreten, wie z. B. vor\u00fcbergehender Sehverlust oder H\u00f6rst\u00f6rungen, beenden Sie die Einnahme dieses Arzneimittels und konsultieren Sie sofort Ihren Arzt.<\/p>\n<h4>Warnungen &#8211; Wer sollte vermeiden?<\/h4>\n<ul>\n<li>Schwangere und stillende Frauen.<\/li>\n<li>Nehmen Sie es nicht mit Nitraten ein.<\/li>\n<li>Nicht anwenden, wenn Sie an einer schweren Herz-, Nieren- oder Lebererkrankung leiden.<\/li>\n<li>Personen mit niedrigem oder hohem Blutdruck sollten dieses Produkt nicht einnehmen.<\/li>\n<li>Vermeiden Sie dieses Medikament, wenn Sie an Sichelzellan\u00e4mie, Knochenkrebs oder An\u00e4mie leiden.<\/li>\n<li>Dieses Produkt ist nicht f\u00fcr Personen unter 18 Jahren bestimmt.<\/li>\n<li>Nicht mit Arzneimitteln zur Behandlung von HIV oder Pilzinfektionen mischen.<\/li>\n<\/ul>\n<h3>Viagra f\u00fcr Frauen Lieferung am n\u00e4chsten Tag<\/h3>\n<p align=\"justify\">Wir verstehen, dass Sie, wenn Sie auf diese Online-Apotheke gesto\u00dfen sind, den g\u00fcnstigen Preis eines Arzneimittels wie Lovegra attraktiv genug finden, um es dringend zu kaufen. M\u00f6glicherweise m\u00f6chten Sie nach einer Option wie Viagra zur Lieferung am n\u00e4chsten Tag suchen, in der Hoffnung, die positive Wirkung dieses Arzneimittels so schnell wie m\u00f6glich zu erleben. Sie sollten sich jedoch bewusst sein, dass die Versandunternehmen f\u00fcr eine Lieferung am n\u00e4chsten Tag einen satten Betrag berechnen, der keinen vern\u00fcnftigen Aufwand darstellt. Angesichts der hohen Versandkosten, die von den Kunden f\u00fcr ihre Bestellungen zu tragen sind, raten wir dringend von dieser Wahl ab und empfehlen den K\u00e4ufern, den normalen Lieferservice zu w\u00e4hlen. Die normale Lieferung von Lovegra-Tabletten kostet einen mageren Betrag und stellt sicher, dass die Sendung zwischen 3 und 5 Tagen beim Empf\u00e4nger ankommt.<\/p>\n<h3>\u00dcber PayPal bezahlen<\/h3>\n<p align=\"justify\">Wir m\u00f6chten unseren Kunden in Europa mitteilen, dass sie ihre Bestellungen jetzt \u00fcber PayPal bezahlen k\u00f6nnen. Die PayPal-Zahlungsmethode verk\u00fcrzt den ganzen Aufwand internationaler Bank\u00fcberweisungen und macht den Einkauf von Arzneimitteln bequemer. Die Zahlungsart PayPal ist f\u00fcr unsere in Deutschland ans\u00e4ssigen Kunden noch nicht verf\u00fcgbar und sie werden weiterhin mit &#8220;Bank\u00fcberweisung&#8221; als Zahlungsmethode f\u00fcr ihre Online-Arzneimittelk\u00e4ufe fortfahren.<\/p>\n","protected":false},"excerpt":{"rendered":"<p>Female Viagra (Lovegra) ist ein spezialisiertes Medikament f\u00fcr Frauen, das den Wunsch nach sexueller Aktivit\u00e4t wiederbelebt. Lovegra ist auf Deutsch als Viagra f\u00fcr Frauen oder Viagra f\u00fcr Frauen bekannt, aufgrund der \u00c4hnlichkeit des in beiden Arzneimitteln enthaltenen Wirkstoffs. Dieses weibliche Viagra (Lovegra) funktioniert auf \u00e4hnliche Weise wie das Viagra von Pfizer bei ED-Patienten. Nicht nur M\u00e4nner und Frauen sind auch mit dem sexuellen Problem im Leben konfrontiert. Aktuelle Statistiken zeigen, dass Frauen im Vergleich zu M\u00e4nnern h\u00e4ufiger frigide werden. Der Verlust des Sexualtriebs im Eheleben kann auch emotionale Turbulenzen verursachen und dies f\u00fchrt oft zu Trennungen und Sch\u00e4den in Beziehungen. Lovegra (Viagra) 100 mg Tabletten sind die beste Option, um ihre sexuellen Probleme leicht zu erf\u00fcllen und zu behandeln. Wir bieten g\u00fcnstige Viagra (Lovegra) Pillen mit einem schnellen deutschen Lieferservice an, die helfen, schnell Ihr g\u00fcnstigstes Viagra (Lovegra) zu bekommen.<\/p>\n","protected":false},"featured_media":19751,"comment_status":"open","ping_status":"closed","template":"","meta":{"_uag_custom_page_level_css":""},"product_brand":[],"product_cat":[219],"product_tag":[],"class_list":{"0":"post-20131","1":"product","2":"type-product","3":"status-publish","4":"has-post-thumbnail","6":"product_cat-kamagra-uk-german","8":"first","9":"instock","10":"featured","11":"taxable","12":"shipping-taxable","13":"purchasable","14":"product-type-variable","15":"has-default-attributes"},"uagb_featured_image_src":{"full":["https:\/\/www.1kamagrauk.com\/wp-content\/uploads\/2019\/12\/Lovegra-Tablets.jpg",500,500,false],"thumbnail":["https:\/\/www.1kamagrauk.com\/wp-content\/uploads\/2019\/12\/Lovegra-Tablets-150x150.jpg",150,150,true],"medium":["https:\/\/www.1kamagrauk.com\/wp-content\/uploads\/2019\/12\/Lovegra-Tablets-300x300.jpg",300,300,true],"medium_large":["https:\/\/www.1kamagrauk.com\/wp-content\/uploads\/2019\/12\/Lovegra-Tablets.jpg",500,500,false],"large":["https:\/\/www.1kamagrauk.com\/wp-content\/uploads\/2019\/12\/Lovegra-Tablets.jpg",500,500,false],"1536x1536":["https:\/\/www.1kamagrauk.com\/wp-content\/uploads\/2019\/12\/Lovegra-Tablets.jpg",500,500,false],"2048x2048":["https:\/\/www.1kamagrauk.com\/wp-content\/uploads\/2019\/12\/Lovegra-Tablets.jpg",500,500,false],"woocommerce_thumbnail":["https:\/\/www.1kamagrauk.com\/wp-content\/uploads\/2019\/12\/Lovegra-Tablets-300x300.jpg",300,300,true],"woocommerce_single":["https:\/\/www.1kamagrauk.com\/wp-content\/uploads\/2019\/12\/Lovegra-Tablets-300x300.jpg",300,300,true],"woocommerce_gallery_thumbnail":["https:\/\/www.1kamagrauk.com\/wp-content\/uploads\/2019\/12\/Lovegra-Tablets-100x100.jpg",100,100,true]},"uagb_author_info":{"display_name":false,"author_link":"https:\/\/www.1kamagrauk.com\/de\/author"},"uagb_comment_info":1,"uagb_excerpt":"Female Viagra (Lovegra) ist ein spezialisiertes Medikament f\u00fcr Frauen, das den Wunsch nach sexueller Aktivit\u00e4t wiederbelebt. Lovegra ist auf Deutsch als Viagra f\u00fcr Frauen oder Viagra f\u00fcr Frauen bekannt, aufgrund der \u00c4hnlichkeit des in beiden Arzneimitteln enthaltenen Wirkstoffs. Dieses weibliche Viagra (Lovegra) funktioniert auf \u00e4hnliche Weise wie das Viagra von Pfizer bei ED-Patienten. Nicht nur&hellip;","_links":{"self":[{"href":"https:\/\/www.1kamagrauk.com\/de\/wp-json\/wp\/v2\/product\/20131","targetHints":{"allow":["GET"]}}],"collection":[{"href":"https:\/\/www.1kamagrauk.com\/de\/wp-json\/wp\/v2\/product"}],"about":[{"href":"https:\/\/www.1kamagrauk.com\/de\/wp-json\/wp\/v2\/types\/product"}],"replies":[{"embeddable":true,"href":"https:\/\/www.1kamagrauk.com\/de\/wp-json\/wp\/v2\/comments?post=20131"}],"wp:featuredmedia":[{"embeddable":true,"href":"https:\/\/www.1kamagrauk.com\/de\/wp-json\/wp\/v2\/media\/19751"}],"wp:attachment":[{"href":"https:\/\/www.1kamagrauk.com\/de\/wp-json\/wp\/v2\/media?parent=20131"}],"wp:term":[{"taxonomy":"product_brand","embeddable":true,"href":"https:\/\/www.1kamagrauk.com\/de\/wp-json\/wp\/v2\/product_brand?post=20131"},{"taxonomy":"product_cat","embeddable":true,"href":"https:\/\/www.1kamagrauk.com\/de\/wp-json\/wp\/v2\/product_cat?post=20131"},{"taxonomy":"product_tag","embeddable":true,"href":"https:\/\/www.1kamagrauk.com\/de\/wp-json\/wp\/v2\/product_tag?post=20131"}],"curies":[{"name":"wp","href":"https:\/\/api.w.org\/{rel}","templated":true}]}}