{"id":20122,"date":"2019-12-07T03:38:07","date_gmt":"2019-12-07T02:38:07","guid":{"rendered":"https:\/\/www.kamagrauk.com\/product\/aurogra"},"modified":"2026-02-28T10:09:19","modified_gmt":"2026-02-28T09:09:19","slug":"aurogra-professionell","status":"publish","type":"product","link":"https:\/\/www.1kamagrauk.com\/de\/aurogra-tabletten.htm","title":{"rendered":"Aurogra"},"content":{"rendered":"<h2>Was ist Aurogra Tabletten und wie wirkt es bei ED-Patienten?<\/h2>\n<p class=\"hidemobile\" align=\"justify\">Es wird aus Sildenafilcitrat synthetisiert und wird als Medikament zur Behandlung von ED eingestuft; Es wurde entwickelt, um das Problem der sexuellen Dysfunktion bei M\u00e4nnern abzuschw\u00e4chen oder zu beseitigen. Es ist ein PDE-5-Hemmer, der den Stickoxidspiegel im K\u00f6rper erh\u00f6ht, was hilft, die Blockaden in den Blutgef\u00e4\u00dfen um das m\u00e4nnliche Fortpflanzungsorgan zu beseitigen. Aufgrund des erh\u00f6hten Blutflusses wird auch die Penisregion reichlich mit Sauerstoff versorgt, was schlie\u00dflich dazu beitr\u00e4gt, die M\u00e4nnlichkeit wiederzubeleben.<\/p>\n<p align=\"justify\">Eine schwache Erektion oder eine komplette Dysfunktion k\u00f6nnen in manchen Beziehungen zu Dem\u00fctigungen f\u00fchren. Ein Mann sp\u00fcrt immer den Stich, wenn Leute ihn verspotten und seine M\u00e4nnlichkeit in Frage stellen. Dieses Medikament wurde entwickelt, um das Problem solcher Personen zu behandeln und ihnen zu helfen, Vertrauen und Romantik in ihrem Leben wiederherzustellen.<\/p>\n<p align=\"justify\">Jahrelange Forschung und Entwicklung und nach zahlreichen wissenschaftlichen Tests ist es Aurochem Laboratories (einem weltweit renommierten Pharmaunternehmen) gelungen, dieses Medikament zu einem recht g\u00fcnstigen Preis anzubieten. Menschen, die an Ed leiden, k\u00f6nnen es jetzt als Ersatz f\u00fcr diese teuren blauen Pillen kaufen.<\/p>\n<p>Kamagra Deutsch bietet Ihnen die M\u00f6glichkeit, Ihre sexuelle Gesundheit mit Hilfe von Aurogra Tabletten zu verbessern. Hier k\u00f6nnen Sie Aurogra Tabletten zu einem sehr g\u00fcnstigen Preis kaufen. Kamagra UK konzentriert sich immer auf gute Medizin zu niedrigen Kosten, wir k\u00fcmmern uns immer um Ihre Gesundheit und Ihr Geld.<\/p>\n<h2>Warum ist es billiger als andere ED-Medikamente?<\/h2>\n<p align=\"justify\">Nun, der Grund daf\u00fcr, dass dieses Medikament billiger ist als Medikamente derselben Medikamentenklasse, liegt in der geografischen Region seines Herstellers. Billige Aurogra wird in Indien, Asien, hergestellt und verpackt. Der einzige Hersteller dieses Medikaments ist Aurochem Laboratories Pvt. GmbH. Das Unternehmen befindet sich zusammen mit seinem Labor und seiner Produktionsst\u00e4tte auf einem Land, auf dem die Kosten f\u00fcr die meisten medizinischen Inhaltsstoffe dreimal niedriger sind als in Gro\u00dfbritannien. Auch die Verpackungskosten und sonstigen sonstigen Kosten sind dort im Osten deutlich geringer. Alle diese Faktoren zusammengenommen machen den Grund daf\u00fcr aus, dass dieses Medikament im Volksmund als billiges Aurogra bezeichnet wird.<\/p>\n<h3>Online gegen konventionelle Apotheken!<\/h3>\n<p align=\"justify\">Erstens ist das Angebot dieses Medikaments in Gro\u00dfbritannien und im Rest der westlichen L\u00e4nder so knapp, dass viele Apotheken den Namen dieses Medikaments sogar nicht kennen. Selbst wenn Sie dieses Medikament in einer der Premium-Apotheken in der Innenstadt erhalten, k\u00f6nnen sie Ihnen dennoch ziemlich hohe Geb\u00fchren in Rechnung stellen. Im Gegensatz dazu ist Aurogra online eine einfache M\u00f6glichkeit, auf das Medikament zuzugreifen. Sie k\u00f6nnen es in verschiedenen Online-Apotheken kaufen und diese Plattformen sind kaum vorr\u00e4tig. Wenn Sie aurogra online kaufen, haben Sie nicht nur die M\u00f6glichkeit, das Medikament bequem auf Ihrem Sofa zu besorgen, sondern Sie k\u00f6nnen auch verschiedene Rabattangebote in Anspruch nehmen, wenn Sie sich f\u00fcr den Online-Kauf von aurogra entscheiden.<\/p>\n<h3>Was ist die empfohlene Dosierung von Aurogra 100 mg Tabletten?<\/h3>\n<p align=\"justify\">Der aktive und wichtigste Inhaltsstoff dieses Arzneimittels macht selbst eine kleine Dosis von 100 mg sehr wirksam, um die erektile Dysfunktion zu behandeln. Menschen, die es kaufen, m\u00fcssen die angegebenen Richtlinien f\u00fcr die Dosierung dieses Arzneimittels befolgen und d\u00fcrfen die Menge dieses Arzneimittels nicht willk\u00fcrlich w\u00e4hlen. Eine Tablette von 100 mg wird 30 Minuten vor dem geplanten Geschlechtsakt empfohlen. Der Wirkungseintritt dieses sparsamen Ed-Medikaments betr\u00e4gt etwa 15-20 Minuten und seine Wirkung kann fast 6 Stunden im System verbleiben.<\/p>\n<h3>Einige Vorsichtsma\u00dfnahmen vor der Einnahme<\/h3>\n<p align=\"justify\">Ungeachtet der hohen Potenz und all der positiven Auswirkungen dieses Medikaments auf die Dysfunktion eines m\u00e4nnlichen Fortpflanzungsorgans kann es dennoch einige Auswirkungen geben, wenn Sie die empfohlenen Richtlinien missachten. Durch Befolgen dieser Ma\u00dfnahmen k\u00f6nnen Sie diese unerw\u00fcnschten Situationen verhindern:<br \/>\n&#x2714;Dieses ED-Medikament ist ausschlie\u00dflich f\u00fcr M\u00e4nner bestimmt, die an einer schwachen oder vollst\u00e4ndigen Dysfunktion der Peniserektion leiden.<br \/>\ndieses Medikament darf nicht f\u00fcr Freizeitzwecke in Betracht gezogen werden.<\/p>\n<p>&#x2714; Nehmen Sie eine Pille nur mit frischem Wasser ein. Die Einnahme dieses Arzneimittels sollte zusammen mit anderen Getr\u00e4nken, insbesondere Alkohol, vermieden werden.<\/p>\n<p>&#x2714; Die gleichzeitige Einnahme von fetthaltigen Nahrungsmitteln mit dem Verzehr von Aurogra sollte unterlassen werden, da dies den Verdauungsprozess des K\u00f6rpers verlangsamen und den Beginn des Arzneimittels verz\u00f6gern kann.<\/p>\n<h3>Some Side-effects<\/h3>\n<p align=\"justify\">Einige bemerkenswerte Nebenwirkungen dieses Medikaments sind wie folgt:<\/p>\n<p>&#8211; Schwindel<br \/>\n&#8211; Brechreiz<br \/>\n&#8211; Blutdruckschwankungen.<\/p>\n","protected":false},"excerpt":{"rendered":"<h2>Aurogra Tabletten online kaufen English<\/h2>\n<p>Aurogra Tabletten &#8211; Es ist eines der billigsten Medikamente zur Behandlung von erektiler Dysfunktion. Aurogra Tablets &amp; Kamagra Tablets haben beide den gleichen Inhaltsstoff &#8220;Sildenafil Citrate&#8221;. Aurogra Tabletten werden aus Sildenafilcitrat synthetisiert und als Medikament zur Behandlung von ED eingestuft.<\/p>\n","protected":false},"featured_media":19651,"comment_status":"open","ping_status":"closed","template":"","meta":{"_uag_custom_page_level_css":""},"product_brand":[],"product_cat":[219],"product_tag":[],"class_list":{"0":"post-20122","1":"product","2":"type-product","3":"status-publish","4":"has-post-thumbnail","6":"product_cat-kamagra-uk-german","8":"first","9":"instock","10":"featured","11":"taxable","12":"shipping-taxable","13":"purchasable","14":"product-type-variable","15":"has-default-attributes"},"uagb_featured_image_src":{"full":["https:\/\/www.1kamagrauk.com\/wp-content\/uploads\/2019\/12\/Aurogra-Professional.jpg",400,400,false],"thumbnail":["https:\/\/www.1kamagrauk.com\/wp-content\/uploads\/2019\/12\/Aurogra-Professional-150x150.jpg",150,150,true],"medium":["https:\/\/www.1kamagrauk.com\/wp-content\/uploads\/2019\/12\/Aurogra-Professional-300x300.jpg",300,300,true],"medium_large":["https:\/\/www.1kamagrauk.com\/wp-content\/uploads\/2019\/12\/Aurogra-Professional.jpg",400,400,false],"large":["https:\/\/www.1kamagrauk.com\/wp-content\/uploads\/2019\/12\/Aurogra-Professional.jpg",400,400,false],"1536x1536":["https:\/\/www.1kamagrauk.com\/wp-content\/uploads\/2019\/12\/Aurogra-Professional.jpg",400,400,false],"2048x2048":["https:\/\/www.1kamagrauk.com\/wp-content\/uploads\/2019\/12\/Aurogra-Professional.jpg",400,400,false],"woocommerce_thumbnail":["https:\/\/www.1kamagrauk.com\/wp-content\/uploads\/2019\/12\/Aurogra-Professional-300x300.jpg",300,300,true],"woocommerce_single":["https:\/\/www.1kamagrauk.com\/wp-content\/uploads\/2019\/12\/Aurogra-Professional-300x300.jpg",300,300,true],"woocommerce_gallery_thumbnail":["https:\/\/www.1kamagrauk.com\/wp-content\/uploads\/2019\/12\/Aurogra-Professional-100x100.jpg",100,100,true]},"uagb_author_info":{"display_name":false,"author_link":"https:\/\/www.1kamagrauk.com\/de\/author"},"uagb_comment_info":1,"uagb_excerpt":"Aurogra Tabletten online kaufen English Aurogra Tabletten - Es ist eines der billigsten Medikamente zur Behandlung von erektiler Dysfunktion. Aurogra Tablets &amp; Kamagra Tablets haben beide den gleichen Inhaltsstoff \"Sildenafil Citrate\". Aurogra Tabletten werden aus Sildenafilcitrat synthetisiert und als Medikament zur Behandlung von ED eingestuft.","_links":{"self":[{"href":"https:\/\/www.1kamagrauk.com\/de\/wp-json\/wp\/v2\/product\/20122","targetHints":{"allow":["GET"]}}],"collection":[{"href":"https:\/\/www.1kamagrauk.com\/de\/wp-json\/wp\/v2\/product"}],"about":[{"href":"https:\/\/www.1kamagrauk.com\/de\/wp-json\/wp\/v2\/types\/product"}],"replies":[{"embeddable":true,"href":"https:\/\/www.1kamagrauk.com\/de\/wp-json\/wp\/v2\/comments?post=20122"}],"wp:featuredmedia":[{"embeddable":true,"href":"https:\/\/www.1kamagrauk.com\/de\/wp-json\/wp\/v2\/media\/19651"}],"wp:attachment":[{"href":"https:\/\/www.1kamagrauk.com\/de\/wp-json\/wp\/v2\/media?parent=20122"}],"wp:term":[{"taxonomy":"product_brand","embeddable":true,"href":"https:\/\/www.1kamagrauk.com\/de\/wp-json\/wp\/v2\/product_brand?post=20122"},{"taxonomy":"product_cat","embeddable":true,"href":"https:\/\/www.1kamagrauk.com\/de\/wp-json\/wp\/v2\/product_cat?post=20122"},{"taxonomy":"product_tag","embeddable":true,"href":"https:\/\/www.1kamagrauk.com\/de\/wp-json\/wp\/v2\/product_tag?post=20122"}],"curies":[{"name":"wp","href":"https:\/\/api.w.org\/{rel}","templated":true}]}}