{"id":20081,"date":"2019-12-07T03:27:30","date_gmt":"2021-09-16T09:15:54","guid":{"rendered":"https:\/\/www.kamagrauk.com\/product\/vilafinil-tabletten-200-mg"},"modified":"2021-09-17T11:16:36","modified_gmt":"2021-09-17T10:16:36","slug":"vilafinil-tabletten-htm","status":"publish","type":"product","link":"https:\/\/www.1kamagrauk.com\/de\/vilafinil-tabletten.htm","title":{"rendered":"Vilafinil Tabletten 200 mg"},"content":{"rendered":"<p align=\"justify\">Vilafinil ist ein wirksames Medikament zur F\u00f6rderung der Wachheit. Es ist ein Markenname f\u00fcr den Wirkstoff Modafinil, der die Wachsamkeit f\u00f6rdert und dem Einzelnen hilft, den ganzen Tag aktiv zu bleiben.<\/p>\n<p>Die k\u00f6rperliche und geistige Gesundheit einer Person kann durch Angst- und stressbedingte Probleme beeintr\u00e4chtigt werden. Solche Komplikationen k\u00f6nnen zu chronischen Gesundheitsproblemen f\u00fchren, die auch Schlafentzug beinhalten k\u00f6nnen. Folglich f\u00fchrt unzureichender Schlaf zu Tagesschl\u00e4frigkeit und einer langsamen geistigen Aktivit\u00e4t. Narkolepsie ist vor allem eine chronische Schlafst\u00f6rung, die durch M\u00fcdigkeit, \u00fcberm\u00e4\u00dfige Schl\u00e4frigkeit tags\u00fcber und Verwirrtheit gekennzeichnet ist. In diesem Fall kann es helfen, die Komplikationen zu bek\u00e4mpfen und die psychische Gesundheit zu erhalten.<\/p>\n<h2>Wie behandelt Vilafinil Narkolepsie?<\/h2>\n<p align=\"justify\">Modafinil besteht aus Vilafinil 200 mg und reguliert den Dopaminfluss, der die wichtigste Chemikalie ist, um die geistige Ausdauer zu verbessern und die Wachsamkeit zu f\u00f6rdern. Vilafinil ist ein wirksames Arzneimittel zur Linderung von Tagesschl\u00e4frigkeit, M\u00fcdigkeit, Lethargie, Verwirrung und anderen Komplikationen der Narkolepsie. Diese Tabletten bieten eine symptomatische Linderung der St\u00f6rungen und helfen auch, die Konzentration und Aufmerksamkeit zu verbessern.<\/p>\n<h3>Dosierung und Anfahrt<\/h3>\n<ol>\n<li>Es wird empfohlen, t\u00e4glich eine Tablette Vilafinil 200 mg einzunehmen.<\/li>\n<li>Einzelpersonen k\u00f6nnen diese Tabletten mit oder ohne Nahrung einnehmen.<\/li>\n<li>Diese Tabletten m\u00fcssen eine Stunde vor der Arbeitsschicht eingenommen werden, um Nickerchen zu vermeiden und wach zu bleiben.<\/li>\n<\/ol>\n<h3>Vorsichtsma\u00dfnahmen<\/h3>\n<p align=\"justify\">Personen m\u00fcssen w\u00e4hrend der Einnahme von Vilafinil 200 mg Alkohol vermeiden. Es kann nachteilige Auswirkungen haben. Jede Person, die an chronischen Herz- und Lungenerkrankungen leidet, muss vor der Einnahme dieses Arzneimittels zur Bek\u00e4mpfung der Tagesschl\u00e4frigkeit einen zertifizierten Arzt konsultieren.<\/p>\n<p><strong><em>*Hinweis:<\/em><\/strong><em>Die Einnahme von Vilafinil-Tabletten in einer \u00dcberdosierung kann leichte Nebenwirkungen wie Kopfschmerzen, \u00dcbelkeit und Schwindel verursachen.<\/em><\/p>\n","protected":false},"excerpt":{"rendered":"<p>Angst und Stress bringen eine Reihe von Komplikationen mit sich, die sowohl das k\u00f6rperliche als auch das seelische Wohlbefinden beeintr\u00e4chtigen k\u00f6nnen. Eines der chronischsten Gesundheitsprobleme, die durch Angstzust\u00e4nde verursacht werden, ist Schlafentzug. Dies ist nicht nur eine einzelne Gesundheitsst\u00f6rung, unzureichender Schlaf f\u00fchrt zu Narkolepsie. Personen, die an&#8230;<\/p>\n","protected":false},"featured_media":19687,"comment_status":"open","ping_status":"closed","template":"","meta":[],"product_brand":[],"product_cat":[219],"product_tag":[],"class_list":{"0":"post-20081","1":"product","2":"type-product","3":"status-publish","4":"has-post-thumbnail","6":"product_cat-kamagra-uk-german","8":"first","9":"onbackorder","10":"taxable","11":"shipping-taxable","12":"purchasable","13":"product-type-simple"},"_links":{"self":[{"href":"https:\/\/www.1kamagrauk.com\/de\/wp-json\/wp\/v2\/product\/20081","targetHints":{"allow":["GET"]}}],"collection":[{"href":"https:\/\/www.1kamagrauk.com\/de\/wp-json\/wp\/v2\/product"}],"about":[{"href":"https:\/\/www.1kamagrauk.com\/de\/wp-json\/wp\/v2\/types\/product"}],"replies":[{"embeddable":true,"href":"https:\/\/www.1kamagrauk.com\/de\/wp-json\/wp\/v2\/comments?post=20081"}],"wp:featuredmedia":[{"embeddable":true,"href":"https:\/\/www.1kamagrauk.com\/de\/wp-json\/wp\/v2\/media\/19687"}],"wp:attachment":[{"href":"https:\/\/www.1kamagrauk.com\/de\/wp-json\/wp\/v2\/media?parent=20081"}],"wp:term":[{"taxonomy":"product_brand","embeddable":true,"href":"https:\/\/www.1kamagrauk.com\/de\/wp-json\/wp\/v2\/product_brand?post=20081"},{"taxonomy":"product_cat","embeddable":true,"href":"https:\/\/www.1kamagrauk.com\/de\/wp-json\/wp\/v2\/product_cat?post=20081"},{"taxonomy":"product_tag","embeddable":true,"href":"https:\/\/www.1kamagrauk.com\/de\/wp-json\/wp\/v2\/product_tag?post=20081"}],"curies":[{"name":"wp","href":"https:\/\/api.w.org\/{rel}","templated":true}]}}