{"id":20073,"date":"2019-12-17T23:00:18","date_gmt":"2021-09-16T09:03:09","guid":{"rendered":"https:\/\/www.kamagrauk.com\/product\/super-hard-on"},"modified":"2021-09-18T12:09:43","modified_gmt":"2021-09-18T11:09:43","slug":"super-hart-auf-tabletten","status":"publish","type":"product","link":"https:\/\/www.1kamagrauk.com\/de\/super-hart-auf-tabletten.htm","title":{"rendered":"Super Hart auf Tabletten"},"content":{"rendered":"<h2>Super Hart auf Tabletten 120mg &#8211; Die ultimative Medizin zur Steigerung der sexuellen Leistungsf\u00e4higkeit<\/h2>\n<p align=\"justify\">Super hart auf X Power Tabletten enthalten 120 mg Sidenafilcitrat, was sie zu einer st\u00e4rkeren Option als die 100 mg Standard-Kamagra-Tablette macht. Es lohnt sich das zus\u00e4tzliche Geld, die Erektion kann bis zu 1 Stunde l\u00e4nger dauern und hat in den meisten F\u00e4llen eine bessere Verh\u00e4rtung des Penis. Dieses Medikament ist ideal f\u00fcr M\u00e4nner, die:<\/p>\n<ul>\n<li>Erreiche eine harte Erektion in 20 bis 30 Minuten<\/li>\n<li>Verbessern Sie die allgemeine sexuelle Ausdauer, Energie und Ausdauer im Bett x Leistung 1 Stunde und h\u00e4rtere Erektion<\/li>\n<li>Erh\u00f6hen Sie die Zeit, die Sie mit dem Genu\u00df des Geschlechtsverkehrs verbringen<\/li>\n<li>Entspanne die Blutgef\u00e4\u00dfe, um die Durchblutung des Penis zu verbessern<\/li>\n<\/ul>\n<p>Kamagra Deutsch bietet Ihnen die M\u00f6glichkeit, Ihre sexuelle Leistungsf\u00e4higkeit durch super hart auf tabletten zu verbessern. Hier k\u00f6nnen Sie diese Tabletten zu einem sehr g\u00fcnstigen Preis kaufen. Kamagra Deutsch konzentriert sich immer auf gute Medizin zu niedrigen Kosten, wir k\u00fcmmern uns immer um Ihre Gesundheit und Ihr Geld.<\/p>\n<h2>Wie wirken Super hart auf 120 mg Tabletten f\u00fcr M\u00e4nner?<\/h2>\n<p align=\"justify\">Super hart auf besteht aus Sildenafil (einer von der FDA zugelassenen Chemikalie gegen erektile Dysfunktion). Sildenafil hilft dem K\u00f6rper, die Penismuskulatur zu entspannen, was die Durchblutung des m\u00e4nnlichen Fortpflanzungsorgans erh\u00f6ht, was zu einer effektiven Erektion f\u00fchrt. Es ist ein sicheres und effektives neues Tablet, um sowohl mit ED-Problemen umzugehen als auch alle sozialen Probleme, die mit einem unbefriedigenden Sexualleben verbunden sind, verschwinden einfach \u00fcber Nacht.<\/p>\n<h2>Gebrauchs-, Dosierungs- und Lagerungshinweise<\/h2>\n<ul>\n<li>30 bis 45 Minuten vor dem Geschlechtsverkehr mit einem Glas Wasser einnehmen<\/li>\n<li>Nehmen Sie nur eine Tablette pro Tag ein und \u00fcberschreiten Sie nicht 120 mg dieser Tablette<\/li>\n<li>Wenn Sie die empfohlene Dosierung \u00fcberschreiten, suchen Sie einen Arzt auf<\/li>\n<li>Lagern Sie dieses Medikament bei Raumtemperatur zwischen 15-30 Grad C<\/li>\n<li>Bewahren Sie Hard On X Power 120 mg an einem trockenen und k\u00fchlen Ort fern von Haustieren und Kindern auf<\/li>\n<\/ul>\n<h3>Warnungen und Vorsichtsma\u00dfnahmen von Aurochem Laboratories<\/h3>\n<p align=\"justify\">Bevor Sie super hart auf tabletten 120 mg gegen erektile Dysfunktion einnehmen, wenden Sie sich an Ihren Arzt, wenn Sie jemals an Nieren-, Leber- oder Herzproblemen gelitten haben. Informieren Sie ihn oder sie, wenn Sie jemals einen Herzinfarkt oder Schlaganfall hatten oder wenn Sie in der Vorgeschichte Herz-Kreislauf-Probleme hatten. Diese Tabletten sollten nicht von M\u00e4nnern eingenommen werden, die eine Vorgeschichte von Drogen- oder Alkoholmissbrauch hatten. Sie sollten auch von Menschen mit Sehst\u00f6rungen wie Retinitis pigmentosa vermieden werden. Nehmen Sie dieses Arzneimittel nicht ein, wenn Sie allergisch gegen Sildenafil oder Dapoxetin oder andere Bestandteile des Arzneimittels sind. Au\u00dferdem sollte dieses Medikament nicht von M\u00e4nnern mit Bluthochdruck, koronarer Herzkrankheit, Sichelzellenan\u00e4mie, Multiplen eingenommen werden<br \/>\nMyelom oder Leuk\u00e4mie oder von M\u00e4nnern, die an der Peyronie-Krankheit leiden. Nehmen Sie dieses Medikament nicht ein, wenn Sie unter 18 Jahre alt sind.<\/p>\n<h3>Super Hart auf Tabletten\u00a0120 mg &#8211; M\u00f6gliche Wechselwirkungen mit anderen Medikamenten<\/h3>\n<p align=\"justify\">Super hart auf tabletten 120 mg von Aurochem Laboratories kann m\u00f6glicherweise mit bestimmten Arzneimitteln interagieren, darunter Nitrate (Amylnitrit, Isosorbidmononitrat, Nitroglycerin), Cisaprid, bestimmte Arzneimittel gegen Bluthochdruck, Arzneimittel zur Behandlung von HIV-Infektionen oder AIDS, Anti- d\u00e4mpfende Medikamente, Schlafmittel, Medikamente gegen Pilzinfektionen, Erythromycin, Rifampin, Methscopolamin und Medikamente auf Nitratbasis.<\/p>\n<h3>M\u00f6gliche Nebenwirkungen mit Super hart auf Tabletten 120mg Online<\/h3>\n<p align=\"justify\">Obwohl Super hart auf tabletten 120 mg sehr sicher und wirksam ist, kann es zu einigen unerw\u00fcnschten Nebenwirkungen \u00e4hnlich denen anderer Sildenafil-Medikamente f\u00fchren. Einige h\u00e4ufige Nebenwirkungen im Zusammenhang mit der Anwendung dieses Medikaments k\u00f6nnen Brustschmerzen, schneller oder unregelm\u00e4\u00dfiger Herzschlag, H\u00f6rver\u00e4nderungen, verschwommenes Sehen, allergische Reaktionen wie Hautausschlag, Schwellungen von Gesicht, H\u00e4nden und Lippen, Verdauungsst\u00f6rungen, Magenverstimmung, Taubheitsgef\u00fchl sein der H\u00e4nde und F\u00fc\u00dfe, Schwindel oder Kopfschmerzen. Diese Effekte verschwinden im Allgemeinen innerhalb von 5 Stunden, aber suchen Sie einen Arzt auf, wenn sie l\u00e4nger andauern.<\/p>\n<p align=\"justify\">Seltene und schwerwiegende Nebenwirkungen: Super hart auf tabletten 120 mg kann bei Missbrauch oder \u00dcberdosierung zu bestimmten schwerwiegenden Nebenwirkungen f\u00fchren, die verl\u00e4ngerte und schmerzhafte Erektionen oder schwere Seh- und H\u00f6rprobleme umfassen k\u00f6nnen. Sprechen Sie sofort mit Ihrem Arzt, wenn Sie eine dieser Nebenwirkungen bemerken, um weitere Komplikationen zu vermeiden.<\/p>\n","protected":false},"excerpt":{"rendered":"<p>Dies wirkt auf vielf\u00e4ltige Weise auf das beeintr\u00e4chtigte Fortpflanzungsorgan, indem es die Erektion st\u00e4rkt und die Ejakulation verz\u00f6gert. Es hat einen schnellen Wirkungseintritt und die Wirkung dieses Arzneimittels h\u00e4lt bis zu 6 Stunden im System an. Nutzen Sie jetzt die laufenden Rabatte auf dieses Medikament!<\/p>\n","protected":false},"featured_media":19771,"comment_status":"open","ping_status":"closed","template":"","meta":{"_uag_custom_page_level_css":""},"product_brand":[],"product_cat":[219],"product_tag":[],"class_list":{"0":"post-20073","1":"product","2":"type-product","3":"status-publish","4":"has-post-thumbnail","6":"product_cat-kamagra-uk-german","8":"first","9":"onbackorder","10":"taxable","11":"shipping-taxable","12":"product-type-simple"},"uagb_featured_image_src":{"full":["https:\/\/www.1kamagrauk.com\/wp-content\/uploads\/2019\/12\/Hard-ON-Tablets-100mg.jpg",400,400,false],"thumbnail":["https:\/\/www.1kamagrauk.com\/wp-content\/uploads\/2019\/12\/Hard-ON-Tablets-100mg-150x150.jpg",150,150,true],"medium":["https:\/\/www.1kamagrauk.com\/wp-content\/uploads\/2019\/12\/Hard-ON-Tablets-100mg-300x300.jpg",300,300,true],"medium_large":["https:\/\/www.1kamagrauk.com\/wp-content\/uploads\/2019\/12\/Hard-ON-Tablets-100mg.jpg",400,400,false],"large":["https:\/\/www.1kamagrauk.com\/wp-content\/uploads\/2019\/12\/Hard-ON-Tablets-100mg.jpg",400,400,false],"1536x1536":["https:\/\/www.1kamagrauk.com\/wp-content\/uploads\/2019\/12\/Hard-ON-Tablets-100mg.jpg",400,400,false],"2048x2048":["https:\/\/www.1kamagrauk.com\/wp-content\/uploads\/2019\/12\/Hard-ON-Tablets-100mg.jpg",400,400,false],"woocommerce_thumbnail":["https:\/\/www.1kamagrauk.com\/wp-content\/uploads\/2019\/12\/Hard-ON-Tablets-100mg-300x300.jpg",300,300,true],"woocommerce_single":["https:\/\/www.1kamagrauk.com\/wp-content\/uploads\/2019\/12\/Hard-ON-Tablets-100mg-300x300.jpg",300,300,true],"woocommerce_gallery_thumbnail":["https:\/\/www.1kamagrauk.com\/wp-content\/uploads\/2019\/12\/Hard-ON-Tablets-100mg-100x100.jpg",100,100,true]},"uagb_author_info":{"display_name":false,"author_link":"https:\/\/www.1kamagrauk.com\/de\/author"},"uagb_comment_info":0,"uagb_excerpt":"Dies wirkt auf vielf\u00e4ltige Weise auf das beeintr\u00e4chtigte Fortpflanzungsorgan, indem es die Erektion st\u00e4rkt und die Ejakulation verz\u00f6gert. Es hat einen schnellen Wirkungseintritt und die Wirkung dieses Arzneimittels h\u00e4lt bis zu 6 Stunden im System an. Nutzen Sie jetzt die laufenden Rabatte auf dieses Medikament!","_links":{"self":[{"href":"https:\/\/www.1kamagrauk.com\/de\/wp-json\/wp\/v2\/product\/20073","targetHints":{"allow":["GET"]}}],"collection":[{"href":"https:\/\/www.1kamagrauk.com\/de\/wp-json\/wp\/v2\/product"}],"about":[{"href":"https:\/\/www.1kamagrauk.com\/de\/wp-json\/wp\/v2\/types\/product"}],"replies":[{"embeddable":true,"href":"https:\/\/www.1kamagrauk.com\/de\/wp-json\/wp\/v2\/comments?post=20073"}],"wp:featuredmedia":[{"embeddable":true,"href":"https:\/\/www.1kamagrauk.com\/de\/wp-json\/wp\/v2\/media\/19771"}],"wp:attachment":[{"href":"https:\/\/www.1kamagrauk.com\/de\/wp-json\/wp\/v2\/media?parent=20073"}],"wp:term":[{"taxonomy":"product_brand","embeddable":true,"href":"https:\/\/www.1kamagrauk.com\/de\/wp-json\/wp\/v2\/product_brand?post=20073"},{"taxonomy":"product_cat","embeddable":true,"href":"https:\/\/www.1kamagrauk.com\/de\/wp-json\/wp\/v2\/product_cat?post=20073"},{"taxonomy":"product_tag","embeddable":true,"href":"https:\/\/www.1kamagrauk.com\/de\/wp-json\/wp\/v2\/product_tag?post=20073"}],"curies":[{"name":"wp","href":"https:\/\/api.w.org\/{rel}","templated":true}]}}