{"id":20018,"date":"2019-12-17T23:11:57","date_gmt":"2019-12-17T22:11:57","guid":{"rendered":"https:\/\/www.kamagrauk.com\/product\/super-p-kraft"},"modified":"2021-10-01T10:59:00","modified_gmt":"2021-10-01T09:59:00","slug":"super-p-force-tabletten","status":"publish","type":"product","link":"https:\/\/www.1kamagrauk.com\/de\/super-p-force-tabletten.htm","title":{"rendered":"Super-P-Kraft"},"content":{"rendered":"<p>Super P Force Tabletten enthalten Sildenafil Citrat ist der Wirkstoff, der bei Erektionsproblemen hilft, w\u00e4hrend Dapoxetin andererseits eine wirksame Behandlung f\u00fcr vorzeitige Ejakulation ist. Diese orale Kombinationsmedikation ist weithin als die wirksamste Methode zur gleichzeitigen Behandlung von vorzeitiger Ejakulation und Erektionsproblemen anerkannt.<\/p>\n<h2>Allgemeine Anwendung Super (Kamagra) P Force Tabletten<\/h2>\n<p>Super P Force Tablet ist ein Medikament, das entwickelt wurde, um zwei m\u00e4nnliche Probleme zusammen zu behandeln: m\u00e4nnliche erektile Dysfunktion und vorzeitige Ejakulation. Dies sind sehr h\u00e4ufige Erkrankungen bei M\u00e4nnern zwischen 18 und 64 Jahren. Jede Tablette enth\u00e4lt 100 mg Sildenafil Citrate und 60 mg Dapoxetin.<\/p>\n<h3>Dosierung und Anwendung Super (Kamagra) P Force Tabletten<\/h3>\n<p>Die Dosierung von Super P Force Tabletten betr\u00e4gt 100 mg. Nehmen Sie es einmal t\u00e4glich zwischen 30 Minuten und 4 Stunden vor der geplanten sexuellen Aktivit\u00e4t ein.<\/p>\n<h3>Vorsorge und Beratung<\/h3>\n<p>Informieren Sie Ihren Arzt, wenn Sie Hypotonie oder Hypertonie, Herzinsuffizienz, koronare Herzkrankheit, Deformationen des Penis, Sichelzellenan\u00e4mie, multiples Myelom, Leuk\u00e4mie, Retinitis pigmentosa und auch eine Vorgeschichte von Herzfunktionsst\u00f6rungen, Myokardinfarkt, Schlaganfall, Herzrhythmusst\u00f6rungen haben -bedrohliche Herzrhythmusst\u00f6rungen, Herz-Kreislauf-Probleme, Allergien. Nehmen Sie Super P Force nicht zusammen mit anderen ED-Medikamenten ein.<\/p>\n","protected":false},"excerpt":{"rendered":"<p>Erektile Dysfunktion und vorzeitige Ejakulation sind die beiden wichtigsten sexuellen Probleme, von denen Millionen von M\u00e4nnern auf der ganzen Welt betroffen sind. Obwohl diese Erkrankungen bei M\u00e4nnern \u00fcber 40 ein viel h\u00e4ufigeres Problem darstellen, treten diese Probleme in der Regel irgendwann auch bei j\u00fcngeren M\u00e4nnern auf. Aus diesem Grund hat Sunrise Remedies Super P Force Tabletten entwickelt, ein starkes Medikament zur Behandlung von vorzeitiger Ejakulation sowie erektiler Dysfunktion. Dieses Medikament ist eine Mischung aus zwei von der FDA zugelassenen Inhaltsstoffen, Sildenafilcitrat und Dapoxetin, die zusammenarbeiten, um Ihre sexuelle Leistungsf\u00e4higkeit zu verbessern.<\/p>\n","protected":false},"featured_media":19759,"comment_status":"closed","ping_status":"closed","template":"","meta":[],"product_brand":[],"product_cat":[219],"product_tag":[],"class_list":{"0":"post-20018","1":"product","2":"type-product","3":"status-publish","4":"has-post-thumbnail","6":"product_cat-kamagra-uk-german","8":"first","9":"instock","10":"sale","11":"featured","12":"taxable","13":"shipping-taxable","14":"purchasable","15":"product-type-variable"},"_links":{"self":[{"href":"https:\/\/www.1kamagrauk.com\/de\/wp-json\/wp\/v2\/product\/20018","targetHints":{"allow":["GET"]}}],"collection":[{"href":"https:\/\/www.1kamagrauk.com\/de\/wp-json\/wp\/v2\/product"}],"about":[{"href":"https:\/\/www.1kamagrauk.com\/de\/wp-json\/wp\/v2\/types\/product"}],"replies":[{"embeddable":true,"href":"https:\/\/www.1kamagrauk.com\/de\/wp-json\/wp\/v2\/comments?post=20018"}],"wp:featuredmedia":[{"embeddable":true,"href":"https:\/\/www.1kamagrauk.com\/de\/wp-json\/wp\/v2\/media\/19759"}],"wp:attachment":[{"href":"https:\/\/www.1kamagrauk.com\/de\/wp-json\/wp\/v2\/media?parent=20018"}],"wp:term":[{"taxonomy":"product_brand","embeddable":true,"href":"https:\/\/www.1kamagrauk.com\/de\/wp-json\/wp\/v2\/product_brand?post=20018"},{"taxonomy":"product_cat","embeddable":true,"href":"https:\/\/www.1kamagrauk.com\/de\/wp-json\/wp\/v2\/product_cat?post=20018"},{"taxonomy":"product_tag","embeddable":true,"href":"https:\/\/www.1kamagrauk.com\/de\/wp-json\/wp\/v2\/product_tag?post=20018"}],"curies":[{"name":"wp","href":"https:\/\/api.w.org\/{rel}","templated":true}]}}