{"id":19976,"date":"2019-12-17T23:06:47","date_gmt":"2019-12-17T22:06:47","guid":{"rendered":"https:\/\/www.kamagrauk.com\/product\/super-kamagra-tablets"},"modified":"2026-01-02T10:20:10","modified_gmt":"2026-01-02T09:20:10","slug":"super-kamagra-tabletten","status":"publish","type":"product","link":"https:\/\/www.1kamagrauk.com\/de\/super-kamagra-tabletten","title":{"rendered":"Super Kamagra"},"content":{"rendered":"<h2>Super Kamagra Deutsch 160 mg Infotabelle<\/h2>\n<table width=\"100%\">\n<tbody>\n<tr>\n<th style=\"text-align: left;\">Attribut<\/th>\n<th style=\"text-align: left;\">Werte<\/th>\n<\/tr>\n<tr>\n<td>Dosis<\/td>\n<td>160 mg<\/td>\n<\/tr>\n<tr>\n<td>Form<\/td>\n<td>Tablets<\/td>\n<\/tr>\n<tr>\n<td>Herstellerin<\/td>\n<td>Ajanta Pharma Ltd<\/td>\n<\/tr>\n<tr>\n<td>Aktionsdauer<\/td>\n<td>4-6 Stunden<\/td>\n<\/tr>\n<tr>\n<td>Behandlung der Aktion<\/td>\n<td>30-60 Minuten<\/td>\n<\/tr>\n<tr>\n<td>Wirkstoff<\/td>\n<td>Sildenafilcitrat (100 mg) + Dapoxetin (60 mg)<\/td>\n<\/tr>\n<tr>\n<td>Leckereien<\/td>\n<td>Erektile Dysfunktion + vorzeitige Ejakulation<\/td>\n<\/tr>\n<tr>\n<td>Verpackung<\/td>\n<td>Blase<\/td>\n<\/tr>\n<tr>\n<td>H\u00e4ufige Nebenwirkungen<\/td>\n<td>Kopfschmerzen, Magenverstimmung und Hitzewallungen<\/td>\n<\/tr>\n<\/tbody>\n<\/table>\n<h2>Detaillierte Informationen zu Super Kamagra<\/h2>\n<p>Super Kamagra 160 mg ist ein starkes Arzneimittel, das von franz\u00f6sischen und europ\u00e4ischen \u00c4rzten zur Behandlung der erektilen Dysfunktion weithin empfohlen wird. Diese Tabletten wurden gem\u00e4\u00df einer genauen Zusammensetzung von qualit\u00e4tsgepr\u00fcften Inhaltsstoffen wie Sildenafil Citrate und Dapoxetine verarbeitet. Dar\u00fcber hinaus werden diese unter State-of-the-Art-Infrastruktur mit neuester Technologie und unter Einhaltung der Industriestandards getestet. Somit besitzen Super Kamagra 160 mg Tabletten die F\u00e4higkeit, vorzeitige Ejakulation und die Unf\u00e4higkeit, zu gewinnen und aufrechtzuerhalten, zu behandeln. Diese Tabletten k\u00f6nnen ohne Rezept verwendet werden. Die Grundzutaten (Sildenafil Citrate &amp; Dapoxetine) von Super Kamagra wirken im K\u00f6rper, indem sie die Blutgef\u00e4\u00dfe entspannen und den Blutfluss zu den Genitalien f\u00f6rdern, was den Penis hart und aufgerichtet f\u00fcr befriedigenden Geschlechtsverkehr macht. Die Inhaltsstoffe k\u00f6nnen innerhalb von 20 bis 30 Minuten nach dem Verzehr schnell vom K\u00f6rper aufgenommen werden und ihre Wirkung kann 4 bis 6 Stunden im K\u00f6rper bleiben, planen Sie Ihre Aktivit\u00e4t daher entsprechend. Au\u00dferdem wird Super Kamagra empfohlen, diese Pillen mit einem Glas Wasser f\u00fcr eine bessere Absorption einzunehmen, da der K\u00f6rper dadurch schnell bis in den Magen gedr\u00fcckt wird. Obwohl Super Kamagra v\u00f6llig frei von Nebenwirkungen ist, m\u00fcssen Sie Ihren Arzt konsultieren, wenn Sie Unbehagen wie Schwindel, Kopfschmerzen, Gelenkschmerzen und Erbrechen versp\u00fcren. Wir empfehlen allen Online-Super-Kamagra-Kunden, um bessere Ergebnisse zu erzielen, konsultieren Sie Ihren Hausarzt, bevor Sie mit der Behandlung beginnen, da er sich Ihres Gesundheitszustands und der Medikamente bewusst ist, die Sie bereits verwenden.<\/p>\n<h2>Super Kamagra deutschland Tabletten empfohlene Dosierung<\/h2>\n<ul>\n<li>Die empfohlene Dosierung von Super Kamagra 160 mg betr\u00e4gt 1 Tablette pro Tag.<\/li>\n<li>Man sollte die Dosierung strikt einhalten, um w\u00fcnschenswerte Ergebnisse zu erzielen.<\/li>\n<li>Es sollte mindestens eine halbe Stunde vor dem geplanten Liebesspiel eingenommen werden.<\/li>\n<li>Diese Tabletten m\u00fcssen an einem k\u00fchlen und trockenen Ort au\u00dferhalb der Reichweite von Haustieren und Kindern aufbewahrt werden.<\/li>\n<\/ul>\n<h2>Vorteile von Super Kamagra Deutschland<\/h2>\n<ul>\n<li>Behandelt sowohl erektile Dysfunktion als auch vorzeitige Ejakulation<\/li>\n<li>Schnelles Handeln und schnellere Ergebnisse<\/li>\n<li>H\u00e4lt M\u00e4nner 4-6 Stunden lang lebendig<\/li>\n<li>Bietet eine stabile und verl\u00e4ngerte Erektion<\/li>\n<li>Sorgt f\u00fcr lustvollen Verkehr<\/li>\n<li>Bietet multiple Orgasmen<\/li>\n<\/ul>\n<h2>Super Kamagra Anwendungstipps f\u00fcr beste Ergebnisse<\/h2>\n<ul>\n<li>Super Kamagra 160 mg Tabletten sollten etwa eine Stunde vor dem geplanten Liebesspiel mit einem Glas Wasser geschluckt werden.<\/li>\n<li>Nehmen Sie dieses Arzneimittel immer ein, wenn Sie gen\u00fcgend Zeit f\u00fcr den Geschlechtsverkehr haben.<\/li>\n<li>Dieses Arzneimittel zeigt nur Ergebnisse, wenn M\u00e4nner w\u00e4hrend des Geschlechtsverkehrs k\u00f6rperlich erregt werden.<\/li>\n<li>Vermeiden Sie fettige oder fettige Speisen, da dies den Beginn dieses Medikaments verz\u00f6gern kann.<\/li>\n<li>Alkohol oder Grapefruitprodukte sollten niemals mit Super Kamagra kombiniert werden.<\/li>\n<\/ul>\n<h2>Super Kamagra Next Day Express Lieferoptionen auf Deutsch<\/h2>\n<p>Super Kamagra kaufen Auf Deutsch ist die Lieferung am n\u00e4chsten Tag aufgrund der Sperrregeln derzeit nicht m\u00f6glich, aber Sie k\u00f6nnen sich f\u00fcr Express-Lieferdienste von unserer benutzerfreundlichen digitalen Plattform entscheiden. Alle Bestellungen, die auf unserer Website eingehen, werden am selben Tag innerhalb einer Stunde nach Zahlungsbest\u00e4tigung bearbeitet und innerhalb von 24 Stunden durch unsere vertrauensw\u00fcrdigen Lieferpartner versandt. Wir treffen \u00e4u\u00dferste Vorsichtsma\u00dfnahmen, um die Medikamente in gut verschlossenen Blisterpackungen zu verpacken, damit sie sicher bei Ihnen ankommen.<\/p>\n<h2>Um Super Kamagra Deutsch zu kaufen Die verf\u00fcgbaren Zahlungsoptionen sind Paypal, Kreditkarte, Debitkarte und Bank\u00fcberweisung<\/h2>\n<p>Jeder mit Computer- und Internet-Grundkenntnissen kann unsere Website besuchen und die gew\u00fcnschte Menge Super Kamagra kaufen. Um den Online-Einkauf sicherer und stressfreier zu machen, haben wir unseren Kunden mehrere Zahlungsoptionen angeboten. Wir akzeptieren <strong>Kreditkarte und Debitkarte<\/strong> aller g\u00e4ngigen Gro\u00dfbanken. K\u00e4ufer m\u00fcssen lediglich die Kartendaten auf unserer sicheren Website eingeben. Dar\u00fcber hinaus k\u00f6nnen Sie Super Kamagra auch schneller und einfacher online \u00fcber Kamagra German Pay Pal kaufen. <strong>Pay Pal<\/strong> bietet K\u00e4ufern von Super Kamagra ausreichende Sicherheit bei Finanztransaktionen und ist eine sichere Option f\u00fcr die Online-Zahlung. Dar\u00fcber hinaus m\u00fcssen Sie Ihre Finanzinformationen nicht jedes Mal eingeben, wenn Sie bei uns auf unserer Website einkaufen. Alle Informationen, die bei Online-Transaktionen auf unserer Website weitergegeben werden, werden vertraulich behandelt. Unser Ziel ist es, Ihr Einkaufserlebnis f\u00fcr unsere gesch\u00e4tzten Kunden sicherer und sicherer zu machen.<\/p>\n<h2>Unsere Qualit\u00e4tssicherung f\u00fcr Super Kamagra Tabletten<\/h2>\n<p>Alle auf unserer Website aufgef\u00fchrten Medikamente werden gem\u00e4\u00df den definierten Standards der Food and Drug Administration formuliert. Unsere Medikamente sind erschwinglich, sicher und klinisch getestet, um hinter verschlossenen T\u00fcren eine bessere Leistung zu erzielen. Millionen von impotenten M\u00e4nnern haben ihre Erektionsprobleme bei richtiger Anwendung wiederhergestellt. Super Kamagra Online-Kauf auf Deutsch spart Ihnen wertvolle Zeit und Geld und erm\u00f6glicht Ihnen l\u00e4ngere Liebesspiele mit Ihrer weiblichen Begleitung.<\/p>\n<h2>Super Kamagra Deutsch FAQs<\/h2>\n<ul>\n<li>\n<h4>Wo kann ich Super Kamagra kaufen?<\/h4>\n<p>Online-Apotheken in deutscher Sprache sollten die bevorzugte Option sein Es gibt mehrere Vorteile wie<\/p>\n<ul>\n<li>Garantie f\u00fcr von der FDA zugelassene Medikamente<\/li>\n<li>Bezahlbarer Preis<\/li>\n<li>Schnelle Lieferung in Deutsch<\/li>\n<li>Diskrete Verpackung<\/li>\n<li>Rund um die Uhr Kundenbetreuung<\/li>\n<\/ul>\n<\/li>\n<li>\n<h4>Warum sollten Sie Super Kamagra bevorzugen?<\/h4>\n<p>Da es sich um eine Dual-Power-Pille handelt, behandelt sie sowohl erektile Dysfunktion als auch vorzeitige Ejakulation mit minimalen Nebenwirkungen, w\u00e4hrend sich fast alle anderen ed-Medikamente nur auf die erektile Dysfunktion konzentrieren. Es besteht aus Sildenafilcitrat f\u00fcr Erektionsprobleme. Auf der anderen Seite Dapoxetine f\u00fcr vorzeitige Ejakulation.<\/li>\n<li>\n<h4>Wie lange h\u00e4lt Super Kamagra?<\/h4>\n<p>Es ist f\u00fcr etwa 45 nach der Einnahme wirksam. Aufgrund des Vorhandenseins des zweiten Elements Dapoxetine sollten Sie nach dem Verzehr mindestens eine Stunde warten, um die besten Ergebnisse zu erzielen. Es ist eine von der FDA regulierte Medizin, die es M\u00e4nnern erm\u00f6glicht, w\u00e4hrend des gesamten Geschlechtsverkehrs hart zu bleiben. M\u00e4nner k\u00f6nnen nach der Einnahme fast 4 Stunden lang lebendig bleiben und sich an mehreren Runden des Liebesakts beteiligen.<\/li>\n<li>\n<h4>Wie funktioniert Super Kamagra in Ihrem K\u00f6rper?<\/h4>\n<p>Es ist mit einer Kategorie von Medikamenten verbunden, die PDE-5-Hemmer genannt werden. Sildenafil Citrate, der Hauptbestandteil von Super Kamagra, hemmt PDE-5-Enzyme, die die Qualit\u00e4t einer Erektion verschlechtern und die Funktion von cGMP verbessern, indem es die Penisarterien entspannt. Diese Kernkomponente verbessert die Durchblutung des m\u00e4nnlichen Organs und erm\u00f6glicht es M\u00e4nnern, innerhalb von Minuten nach dem Verzehr fest zu werden. Das zweite Element, Dapoxetine, verbessert die Funktion von Serotonin, einem im K\u00f6rper produzierten Hormon, und verhindert die vorzeitige Samenabgabe aus dem m\u00e4nnlichen Organ.<\/li>\n<li>\n<h4>Wie verwende ich Super Kamagra?<\/h4>\n<p>Es sollte immer nach der Zustimmung eines zertifizierten Arztes eingenommen werden. Die verschriebene Dosis betr\u00e4gt eine Tablette pro Tag. Jede Tablette besteht aus 100 mg Sildenafil Citrate und 60 mg Dapoxetin. Es sollte etwa 30 Minuten vor dem geplanten Liebesspiel eingenommen werden. Diese Pille sollte als Ganzes mit einem Glas Wasser geschluckt werden. Es kann mit oder ohne Nahrung eingenommen werden. Die gew\u00fcnschten Ergebnisse sind jedoch nur m\u00f6glich, wenn M\u00e4nner beim Geschlechtsverkehr sexuell stimuliert werden.<\/li>\n<li>\n<h4>Was ist Super Kamagra?<\/h4>\n<p>Es ist ein Premium-Produkt von Ajanta Laboratories, das haupts\u00e4chlich zur dualen Behandlung von erektiler Dysfunktion und vorzeitiger Ejakulation verwendet wird. Es verbessert die Qualit\u00e4t einer Erektion und verhindert den vorzeitigen Samenabgang beim Geschlechtsverkehr.<\/p>\n<p>Super Kamagra erm\u00f6glicht impotenten M\u00e4nnern einen befriedigenden Geschlechtsverkehr mit ihrer Gef\u00e4hrtin. Sildenafil Citrate ist der Hauptbestandteil dieses Medikaments, das es M\u00e4nnern erm\u00f6glicht, innerhalb von 45 nach der Anwendung hart zu werden. Und das sekund\u00e4re Element, Dapoxetine, verz\u00f6gert den Prozess der Ejakulation und erm\u00f6glicht es M\u00e4nnern, lange im Bett zu bleiben. Dieses starke Medikament verbessert ihre Kraft und Vitalit\u00e4t, steigert die Ausdauer, h\u00e4lt sie fast 4 Stunden lang wirksam und hilft ihnen, mehrere Orgasmus-Sitzungen mit ihrer Freundin zu absolvieren.<\/li>\n<li>\n<h3>Wie es funktioniert<\/h3>\n<ul>\n<li>Super Kamagra 160 mg Tabletten werden mit Sildenafil Citrate als Hauptbestandteil formuliert. Dieser Inhaltsstoff wirkt im K\u00f6rper, indem er Phosphodiesterase 5 (PDE5) blockiert.<\/li>\n<li>PDE5 ist ein Enzym, das im K\u00f6rper f\u00fcr den Abbau von cGMP verantwortlich ist.<\/li>\n<li>cGMP reguliert den Blutfluss zu den Genitalien.<\/li>\n<li>Durch die Blockierung der Enzyme, die den Blutfluss zu den Genitalien stoppen, stellt es sicher, dass der K\u00f6rper w\u00e4hrend der Stimulation des Geschlechtsverkehrs gen\u00fcgend Blut in den Penis dr\u00fcckt.<\/li>\n<li>Dapoxetin, ein kurzwirksamer selektiver Serotonin-Wiederaufnahmehemmer (SSRI), wurde speziell zur Behandlung der vorzeitigen Ejakulation bei M\u00e4nnern zwischen 18 und 64 Jahren entwickelt.<\/li>\n<li>Es ist das einzige in Deutsch zugelassene Arzneimittel zur Behandlung von Erektionsst\u00f6rungen.<\/li>\n<li>Dapoxetin erh\u00f6ht die Latenzzeit der intravaginalen Ejakulation und bietet eine bessere Kontrolle \u00fcber die Ejakulation.<\/li>\n<li>Es reduziert erektionsbedingte Beschwerden, verl\u00e4ngert die Zeit zwischen sexueller Erregung und H\u00f6hepunkt und bietet volle Befriedigung beim Geschlechtsverkehr.<\/li>\n<\/ul>\n<\/li>\n<\/ul>\n<h3>Nebenwirkungen<\/h3>\n<p>Super Kamagra ist nach den FDA-Standards formuliert, somit erf\u00fcllen diese die definierten Qualit\u00e4tsstandards und sind frei von Nebenwirkungen. In einigen F\u00e4llen k\u00f6nnen jedoch einige leichte Nebenwirkungen auftreten, weil der K\u00f6rper versucht, sich an die neue Behandlung anzupassen, und diese Symptome werden nach einiger Zeit verschwinden.<\/p>\n<ul>\n<li>Kopfschmerzen<\/li>\n<li>Sp\u00fclen<\/li>\n<li>Magenprobleme<\/li>\n<li>Abnorme Sicht<\/li>\n<li>Ver\u00e4nderungen des Farbsehens (z. B. Blaustich)<\/li>\n<li>Verschwommene Sicht<\/li>\n<li>Verstopfte oder laufende Nase<\/li>\n<li>R\u00fcckenschmerzen<\/li>\n<li>Muskelschmerzen<\/li>\n<li>Brechreiz<\/li>\n<li>Schwindel<\/li>\n<li>Ausschlag<\/li>\n<\/ul>\n<h3>Weniger h\u00e4ufige Nebenwirkungen<\/h3>\n<ul>\n<li>Leicht verschwommenes Sehen<\/li>\n<li>Leichte Blauf\u00e4rbung im Sehen<\/li>\n<li>Lichtempfindlichkeit<\/li>\n<\/ul>\n<p><strong>Schwerwiegende Nebenwirkungen (gelegentlich) <\/strong> Obwohl schwerwiegende Nebenwirkungen sehr selten auftreten, wird empfohlen, die Verwendung dieser Super Kamagra zu beenden und zuerst den Arzt zu konsultieren.<\/p>\n<ul>\n<li>Wenn Ihre Erektion l\u00e4nger als vier Stunden anh\u00e4lt und nicht verschwindet, wird dies unter dem medizinischen Notfall aufgef\u00fchrt und erfordert sofort medizinische Hilfe.<\/li>\n<li>Wenn bei Ihnen ein pl\u00f6tzlicher Sehverlust in einem oder beiden Augen auftritt, ist ebenfalls eine sofortige \u00e4rztliche Behandlung erforderlich. Es wird durch eine Blockade in der Netzhaut verursacht.<\/li>\n<li>Unerwarteter Verlust des H\u00f6rverm\u00f6gens in einem oder beiden Ohren erfordert ebenfalls \u00e4rztliche Hilfe pl\u00f6tzlicher H\u00f6rverlust oder H\u00f6rverlust<\/li>\n<\/ul>\n<h3>Ein paar Tipps<\/h3>\n<p>M\u00e4nner, die bereits die unten aufgef\u00fchrten Medikamente einnehmen, werden von der Einnahme von Super Kamagra 160 mg Tabletten abgehalten, da verschiedene Enzyme kontrahieren k\u00f6nnen und keine Vorteile oder Nebenwirkungen haben.<\/p>\n<ul>\n<li>Nitrat-Arzneimittel (Nitroglycerin-Arzneimittel)<\/li>\n<li>Nitroprussid-Medikamente<\/li>\n<li>Guanylatzyklase-Stimulatoren wie Adempas (Riociguat)<\/li>\n<li>Alphablocker (manchmal bei Prostataproblemen oder Bluthochdruck verschrieben)<\/li>\n<li>HIV-Protease-Inhibitoren<\/li>\n<li>Einige Arten von oralen Antimykotika<\/li>\n<li>Andere Arzneimittel zur Behandlung von Bluthochdruck<\/li>\n<li>Andere Arzneimittel oder Behandlungen f\u00fcr erektile Dysfunktion<\/li>\n<li>Amylnitrat (in der Freizeit als Poppers bekannt)<\/li>\n<li>Medikamente von Organspendern<\/li>\n<li>Oral eingenommene Antimykotika (topische Cremes zur Behandlung von Candida \/ Soor sind sicher)<\/li>\n<\/ul>\n<h3>Warnungen f\u00fcr Super Kamagra<\/h3>\n<p>Patienten, die an den unten aufgef\u00fchrten gesundheitlichen Problemen leiden, d\u00fcrfen die Tabletten nicht verwenden.<\/p>\n<ul>\n<li>Herz-Kreislauf-Erkrankungen wie Aortenstenose, idiopathische hypertrophe Subaortenstenose und allgemeine ventrikul\u00e4re Ausflussobstruktion<\/li>\n<li>Myokardinfarkt (Herzinfarkt)<\/li>\n<li>in den letzten 6 Monaten schwere Herzrhythmusst\u00f6rungen erlitten haben<\/li>\n<li>Herzinsuffizienz oder koronare Herzkrankheit, die instabile Angina pectoris verursacht<\/li>\n<li>Blutdruckbedingte Erkrankungen wie Hypertonie und Hypotonie<\/li>\n<li>Patienten mit stark eingeschr\u00e4nkter autonomer Blutdruckkontrolle<\/li>\n<li>Ruhehypotonie (niedriger Blutdruck) von (bp &lt;90\/50)<\/li>\n<li>Ruhehypertonie (Bluthochdruck) von (bp &gt;170\/110)<\/li>\n<li>Wurden in den letzten 6 Monaten operiert<\/li>\n<li>M\u00e4nner, die eine deformierte Penisform haben, sollten vor der Anwendung dieser Behandlung einen Arzt konsultieren.<\/li>\n<li>Patienten mit jeglicher Art von Blutungsproblemen m\u00fcssen diese Pillen gem\u00e4\u00df der Empfehlung ihres Hausarztes einnehmen.<\/li>\n<li>Magengeschw\u00fcre<\/li>\n<li>Leberprobleme<\/li>\n<li>Nierenprobleme oder Nierendialyse \u2013 Erektion, die l\u00e4nger als 4 Stunden anh\u00e4lt<\/li>\n<li>Retinitis pigmentosa (genetische Erkrankung der Netzhaut)<\/li>\n<li>Sichelzellenan\u00e4mie oder andere verwandte An\u00e4mie.<\/li>\n<li>HIV (insbesondere bei Behandlung mit Proteasehemmern)<\/li>\n<li>Empf\u00e4nger von Organspendern m\u00fcssen den Arzt konsultieren, bevor sie diese Pille verwenden.<\/li>\n<li>Probleme mit Blutzellen wie Sichelzellenan\u00e4mie, multiples Myelom oder Leuk\u00e4mie<\/li>\n<\/ul>\n<h3>Verwaltung<\/h3>\n<p>Um diese Behandlung richtig anzuwenden, befolgen Sie bitte die folgenden Anweisungen;<\/p>\n<ul>\n<li>Es wird empfohlen, innerhalb von 24 Stunden nur eine Tablette mit 120 mg einzunehmen<\/li>\n<li>Super Kamagra sollten nur mit einem Glas Wasser oral eingenommen werden, da das Wasser das Arzneimittel direkt in den Magen dr\u00fcckt und eine bessere Aufnahme im K\u00f6rper f\u00fcr schnellere Ergebnisse gew\u00e4hrleistet<\/li>\n<li>Wenn Sie planen, dieses Arzneimittel zu verwenden, stellen Sie sicher, dass Sie es nur nach einer leichten Mahlzeit einnehmen, da eine schwere oder fettige Mahlzeit die Wirksamkeit der Inhaltsstoffe beeintr\u00e4chtigen kann<\/li>\n<li>Da die Wirkung im K\u00f6rper 4 bis 8 Stunden anh\u00e4lt, empfiehlt es sich, den Geschlechtsverkehr entsprechend zu planen<\/li>\n<li>Alkoholkonsum vermeiden<\/li>\n<li>Falls Sie Unwohlsein wie Kopfschmerzen, Hitzewallungen oder \u00dcbelkeit versp\u00fcren, wenden Sie sich sofort an Ihren Hausarzt<\/li>\n<\/ul>\n","protected":false},"excerpt":{"rendered":"<h2>Online kaufen Super Kamagra Deutsch<\/h2>\n<p>Kamagra German ist die zuverl\u00e4ssigste Online-Plattform f\u00fcr den Kauf von Super Kamagra auf Deutsch, es ist eine bew\u00e4hrte medizinische Behandlung f\u00fcr erektile Dysfunktion und auch sehr effektiv bei vorzeitiger Ejakulation. Es besteht aus Sildenafilcitrat 100 mg + Dapoxetin 60 mg, formuliert unter der Aufsicht von Wissenschaftlern von Ajanta Pharmaceuticals.<\/p>\n<p>Kaufen Sie Super Kamagra German online in unserem Gesch\u00e4ft, um diese an Ihre Haust\u00fcr geliefert zu bekommen. Wir versichern, die Bestellung innerhalb einer Stunde nach Zahlungsbest\u00e4tigung zu versenden. Au\u00dferdem bewahrt unser Gesch\u00e4ft Ihre Zahlungsdaten und pers\u00f6nlichen Daten sicher auf.<\/p>\n","protected":false},"featured_media":19763,"comment_status":"open","ping_status":"closed","template":"","meta":[],"product_brand":[],"product_cat":[219],"product_tag":[],"class_list":{"0":"post-19976","1":"product","2":"type-product","3":"status-publish","4":"has-post-thumbnail","6":"product_cat-kamagra-uk-german","8":"first","9":"instock","10":"featured","11":"taxable","12":"shipping-taxable","13":"purchasable","14":"product-type-variable"},"_links":{"self":[{"href":"https:\/\/www.1kamagrauk.com\/de\/wp-json\/wp\/v2\/product\/19976","targetHints":{"allow":["GET"]}}],"collection":[{"href":"https:\/\/www.1kamagrauk.com\/de\/wp-json\/wp\/v2\/product"}],"about":[{"href":"https:\/\/www.1kamagrauk.com\/de\/wp-json\/wp\/v2\/types\/product"}],"replies":[{"embeddable":true,"href":"https:\/\/www.1kamagrauk.com\/de\/wp-json\/wp\/v2\/comments?post=19976"}],"wp:featuredmedia":[{"embeddable":true,"href":"https:\/\/www.1kamagrauk.com\/de\/wp-json\/wp\/v2\/media\/19763"}],"wp:attachment":[{"href":"https:\/\/www.1kamagrauk.com\/de\/wp-json\/wp\/v2\/media?parent=19976"}],"wp:term":[{"taxonomy":"product_brand","embeddable":true,"href":"https:\/\/www.1kamagrauk.com\/de\/wp-json\/wp\/v2\/product_brand?post=19976"},{"taxonomy":"product_cat","embeddable":true,"href":"https:\/\/www.1kamagrauk.com\/de\/wp-json\/wp\/v2\/product_cat?post=19976"},{"taxonomy":"product_tag","embeddable":true,"href":"https:\/\/www.1kamagrauk.com\/de\/wp-json\/wp\/v2\/product_tag?post=19976"}],"curies":[{"name":"wp","href":"https:\/\/api.w.org\/{rel}","templated":true}]}}