{"id":20114,"date":"2021-09-16T10:32:22","date_gmt":"2021-09-16T09:32:22","guid":{"rendered":"https:\/\/www.kamagrauk.com\/geschaeftsbedingungen"},"modified":"2021-09-16T10:32:23","modified_gmt":"2021-09-16T09:32:23","slug":"geschaeftsbedingungen","status":"publish","type":"page","link":"https:\/\/www.1kamagrauk.com\/de\/geschaeftsbedingungen","title":{"rendered":"Gesch\u00e4ftsbedingungen"},"content":{"rendered":"\n<p>Eine zugrunde liegende Erkrankung kann die Ursache der erektilen Dysfunktion (ED) sein. Wir empfehlen Ihnen dringend, vor dem Kauf von Produkten auf dieser Website eine gr\u00fcndliche k\u00f6rperliche Untersuchung einschlie\u00dflich relevanter Bluttests durchzuf\u00fchren.<\/p>\n\n<p>Beim Kauf \u00fcber KamagraUK best\u00e4tigen Sie, dass Sie ein Erwachsener \u00fcber 18 Jahre alt sind und dass Ihr Arzt Ihnen ein Rezept f\u00fcr das von Ihnen gekaufte Produkt ausgestellt hat. Sie best\u00e4tigen auch, dass Sie sich der Auswirkungen von Sildenafil Citrate auf Sie im Klaren sind, wenn Sie an irgendeiner k\u00f6rperlichen Erkrankung leiden.<\/p>\n\n<p>Wir sind nicht verantwortlich f\u00fcr k\u00f6rperliche Sch\u00e4den, die Personen zugef\u00fcgt werden, die Produkte dieser Website konsumieren, w\u00e4hrend sie nitrathaltige Arzneimittel einnehmen. Sie sind sich bewusst, dass die Verwendung von Produkten dieser Website zusammen mit nitrathaltigen Arzneimitteln ein ernsthaftes Risiko f\u00fcr Ihre Gesundheit darstellen kann.<\/p>\n\n<p>Sie stimmen zu, KamagraDeutschland und alle Mitarbeiter von KamagraDeutschland von jeglicher Haftung im Zusammenhang mit nachteiligen Auswirkungen freizustellen, die Sie durch die Verwendung von Produkten erleiden, die auf dieser Website gekauft wurden.<\/p>\n\n<p>Sie best\u00e4tigen, dass Sie keine Erkrankungen haben, die die Funktion der auf dieser Website gekauften Produkte beeintr\u00e4chtigen (z. B. Herz- oder Blutdruckprobleme). Ihren Arzt, dass es sicher ist, die Anwendung wieder aufzunehmen.<\/p>\n\n<p>In einigen F\u00e4llen k\u00f6nnen wir eine bestimmte Bestellung m\u00f6glicherweise nicht ausf\u00fchren, z. B. wenn der Vorrat nicht verf\u00fcgbar ist. In diesem Fall werden wir Sie \u00fcber alle Zahlungen informieren und erstatten, die im Zusammenhang mit der Bestellung \u00fcber unsere Website get\u00e4tigt wurden<\/p>\n\n<p>Wir werden Sie kontaktieren, wenn Ihre Bestellung aus Lagerbestandsgr\u00fcnden aufgeteilt werden kann oder wenn einige Artikel von verschiedenen Standorten (dh direkt von unseren Partnerlieferanten) versandt werden. Au\u00dferdem erhalten Sie nach einer erfolgreichen Bestellung eine Best\u00e4tigungs-E-Mail, eine von unserem Auftragsverarbeiter, die best\u00e4tigt, dass die Zahlung eingegangen ist, und eine von uns, die Informationen dar\u00fcber enth\u00e4lt, was auf der Kartenabrechnung und der gesch\u00e4tzten Lieferzeit angezeigt wird.<\/p>\n","protected":false},"excerpt":{"rendered":"<p>Eine zugrunde liegende Erkrankung kann die Ursache der erektilen Dysfunktion (ED) sein. Wir empfehlen Ihnen dringend, vor dem Kauf von Produkten auf dieser Website eine gr\u00fcndliche k\u00f6rperliche Untersuchung einschlie\u00dflich relevanter Bluttests durchzuf\u00fchren. Beim Kauf \u00fcber KamagraUK best\u00e4tigen Sie, dass Sie ein Erwachsener \u00fcber 18 Jahre alt sind und dass Ihr Arzt Ihnen ein Rezept f\u00fcr &#8230; <a title=\"Gesch\u00e4ftsbedingungen\" class=\"read-more\" href=\"https:\/\/www.1kamagrauk.com\/de\/geschaeftsbedingungen\" aria-label=\"Read more about Gesch\u00e4ftsbedingungen\">Read more<\/a><\/p>\n","protected":false},"author":1641,"featured_media":0,"parent":0,"menu_order":0,"comment_status":"closed","ping_status":"closed","template":"","meta":{"_uag_custom_page_level_css":"","footnotes":""},"class_list":["post-20114","page","type-page","status-publish"],"uagb_featured_image_src":{"full":false,"thumbnail":false,"medium":false,"medium_large":false,"large":false,"1536x1536":false,"2048x2048":false,"woocommerce_thumbnail":false,"woocommerce_single":false,"woocommerce_gallery_thumbnail":false},"uagb_author_info":{"display_name":false,"author_link":"https:\/\/www.1kamagrauk.com\/de\/author\/763shelly"},"uagb_comment_info":0,"uagb_excerpt":"Eine zugrunde liegende Erkrankung kann die Ursache der erektilen Dysfunktion (ED) sein. Wir empfehlen Ihnen dringend, vor dem Kauf von Produkten auf dieser Website eine gr\u00fcndliche k\u00f6rperliche Untersuchung einschlie\u00dflich relevanter Bluttests durchzuf\u00fchren. Beim Kauf \u00fcber KamagraUK best\u00e4tigen Sie, dass Sie ein Erwachsener \u00fcber 18 Jahre alt sind und dass Ihr Arzt Ihnen ein Rezept f\u00fcr&hellip;","_links":{"self":[{"href":"https:\/\/www.1kamagrauk.com\/de\/wp-json\/wp\/v2\/pages\/20114","targetHints":{"allow":["GET"]}}],"collection":[{"href":"https:\/\/www.1kamagrauk.com\/de\/wp-json\/wp\/v2\/pages"}],"about":[{"href":"https:\/\/www.1kamagrauk.com\/de\/wp-json\/wp\/v2\/types\/page"}],"author":[{"embeddable":true,"href":"https:\/\/www.1kamagrauk.com\/de\/wp-json\/wp\/v2\/users\/1641"}],"replies":[{"embeddable":true,"href":"https:\/\/www.1kamagrauk.com\/de\/wp-json\/wp\/v2\/comments?post=20114"}],"version-history":[{"count":0,"href":"https:\/\/www.1kamagrauk.com\/de\/wp-json\/wp\/v2\/pages\/20114\/revisions"}],"wp:attachment":[{"href":"https:\/\/www.1kamagrauk.com\/de\/wp-json\/wp\/v2\/media?parent=20114"}],"curies":[{"name":"wp","href":"https:\/\/api.w.org\/{rel}","templated":true}]}}