{"id":20079,"date":"2021-09-16T10:10:11","date_gmt":"2021-09-16T09:10:11","guid":{"rendered":"https:\/\/www.kamagrauk.com\/datenschutzerklaerung-von-kamagrauk-com"},"modified":"2021-09-18T08:46:26","modified_gmt":"2021-09-18T07:46:26","slug":"datenschutzerklaerung-von-kamagrauk-com","status":"publish","type":"page","link":"https:\/\/www.1kamagrauk.com\/de\/datenschutz-bestimmungen","title":{"rendered":"Datenschutzerkl\u00e4rung von kamagrauk.com"},"content":{"rendered":"\n<p>Vielen Dank f\u00fcr Ihren Besuch auf www.kamagrauk.com (unsere &#8220;Site&#8221;). Wir sch\u00e4tzen die M\u00f6glichkeit, mit Ihnen im Internet zu interagieren und verpflichten uns, Ihre Privatsph\u00e4re zu sch\u00fctzen und zu sch\u00fctzen. Der Zweck dieser Datenschutzerkl\u00e4rung besteht darin, Sie \u00fcber die Arten von Informationen zu informieren, die wir bei Ihrem Besuch unserer Website m\u00f6glicherweise \u00fcber Sie sammeln, wie wir diese Informationen verwenden und ob wir diese Informationen an Dritte weitergeben.<\/p>\n\n\n\n<h2 class=\"wp-block-heading\">Kamagrauk.com &#8211; Welche Informationen wir sammeln und wie wir sie verwenden<\/h2>\n\n\n\n<p>Alle Informationen, die wir auf unserer Website sammeln, fallen im Allgemeinen in die Kategorie der personenbezogenen Daten.<\/p>\n\n\n\n<p>Pers\u00f6nlich identifizierbare Informationen: Dies bezieht sich auf Informationen, die uns genau wissen lassen, wer Sie sind. Im Allgemeinen k\u00f6nnen Sie unsere Website besuchen, ohne uns mitzuteilen, wer Sie sind oder personenbezogene Daten preiszugeben.<\/p>\n\n\n\n<p>Bestellung \u2013 Wenn Sie auf unserer Website eine Bestellung aufgeben, erfassen wir personenbezogene Daten (wie Name, Kontakt- und Rechnungsdaten, Kreditkarten- und andere Transaktionsdaten). Wir verwenden diese Informationen, um Ihre Bestellung zuzustellen, die Zahlung abzuwickeln und mit Ihnen \u00fcber den Status Ihrer Bestellung zu kommunizieren Die mit Ihrer Bestellung \u00fcbermittelten Kreditkarteninformationen werden nur f\u00fcr die Zahlungsabwicklung verwendet und nicht auf unserer Website gespeichert. Sie k\u00f6nnen verlangen, dass Ihr Einkauf mit einem gew\u00f6hnlichen Spediteur versendet wird. In diesem Fall werden bestimmte Informationen zu Versandzwecken an den jeweiligen Spediteur weitergegeben.<\/p>\n\n\n\n<p>Wir werden Sie NIEMALS mit unn\u00f6tigen SPAM-E-Mails spammen.<\/p>\n\n\n\n<p>Wir werden NIEMALS an Viagra SPAM teilnehmen.<\/p>\n\n\n\n<h2 class=\"wp-block-heading\">Kamagrauk.com &#8211; Weitergabe Ihrer Informationen<\/h2>\n\n\n\n<p>Sofern in dieser Datenschutzerkl\u00e4rung nicht anders angegeben, verkaufen, handeln, vermieten oder \u00fcbertragen wir keine personenbezogenen Daten, die wir online erfassen, ohne Ihre Zustimmung. Alle personenbezogenen Daten, die Sie uns zur Verf\u00fcgung stellen, werden f\u00fcr Ihre Eink\u00e4ufe verwendet und in Papierform der Originalrechnung sowie in unserem Datenbanksystem, das unsere Rechnungen erstellt, aufbewahrt.<\/p>\n\n\n\n<h2 class=\"wp-block-heading\">Kamagrauk.com &#8211; Links zu anderen Websites<\/h2>\n\n\n\n<p>Links zu Websites Dritter d\u00fcrfen nur zu Ihrer Information und Annehmlichkeit oder zur Bereitstellung zus\u00e4tzlicher Informationen bereitgestellt werden<\/p>\n\n\n\n<p>Alle Aktualisierungen oder \u00c4nderungen der Bedingungen dieser Datenschutzerkl\u00e4rung werden hier auf unserer Website ver\u00f6ffentlicht und das Datum der neuesten Version wird unten ver\u00f6ffentlicht. Bitte \u00fcberpr\u00fcfen Sie regelm\u00e4\u00dfig, insbesondere bevor Sie personenbezogene Daten auf unserer Website \u00fcbermitteln, um festzustellen, ob sich diese Datenschutzerkl\u00e4rung ge\u00e4ndert hat.<\/p>\n\n\n\n<p>Durch die Nutzung unserer Website erkennen Sie diese zum Zeitpunkt der Nutzung g\u00fcltige Datenschutzerkl\u00e4rung an.<\/p>\n\n\n\n<h3 class=\"wp-block-heading\">Kontaktiere uns<\/h3>\n\n\n\n<p>Wenn Sie Bedenken hinsichtlich unserer Verwendung Ihrer Daten oder dieser Datenschutzerkl\u00e4rung haben, senden Sie uns bitte eine E-Mail.<\/p>\n\n\n\n<p>Wir werden alle zumutbaren Anstrengungen unternehmen, um auf Ihre Bedenken einzugehen und alle Probleme zu beheben, auf die Sie uns aufmerksam machen. Ihr Gesch\u00e4ft ist uns wichtig und wir werden alles tun, um Ihre DATENSCHUTZ UND SICHERHEIT zu gew\u00e4hrleisten.<\/p>\n","protected":false},"excerpt":{"rendered":"<p>Vielen Dank f\u00fcr Ihren Besuch auf www.kamagrauk.com (unsere &#8220;Site&#8221;). Wir sch\u00e4tzen die M\u00f6glichkeit, mit Ihnen im Internet zu interagieren und verpflichten uns, Ihre Privatsph\u00e4re zu sch\u00fctzen und zu sch\u00fctzen. Der Zweck dieser Datenschutzerkl\u00e4rung besteht darin, Sie \u00fcber die Arten von Informationen zu informieren, die wir bei Ihrem Besuch unserer Website m\u00f6glicherweise \u00fcber Sie sammeln, wie &#8230; <a title=\"Datenschutzerkl\u00e4rung von kamagrauk.com\" class=\"read-more\" href=\"https:\/\/www.1kamagrauk.com\/de\/datenschutz-bestimmungen\" aria-label=\"Read more about Datenschutzerkl\u00e4rung von kamagrauk.com\">Read more<\/a><\/p>\n","protected":false},"author":1641,"featured_media":0,"parent":0,"menu_order":0,"comment_status":"closed","ping_status":"closed","template":"","meta":{"_uag_custom_page_level_css":"","footnotes":""},"class_list":["post-20079","page","type-page","status-publish"],"uagb_featured_image_src":{"full":false,"thumbnail":false,"medium":false,"medium_large":false,"large":false,"1536x1536":false,"2048x2048":false,"woocommerce_thumbnail":false,"woocommerce_single":false,"woocommerce_gallery_thumbnail":false},"uagb_author_info":{"display_name":false,"author_link":"https:\/\/www.1kamagrauk.com\/de\/author\/763shelly"},"uagb_comment_info":0,"uagb_excerpt":"Vielen Dank f\u00fcr Ihren Besuch auf www.kamagrauk.com (unsere &#8220;Site&#8221;). Wir sch\u00e4tzen die M\u00f6glichkeit, mit Ihnen im Internet zu interagieren und verpflichten uns, Ihre Privatsph\u00e4re zu sch\u00fctzen und zu sch\u00fctzen. Der Zweck dieser Datenschutzerkl\u00e4rung besteht darin, Sie \u00fcber die Arten von Informationen zu informieren, die wir bei Ihrem Besuch unserer Website m\u00f6glicherweise \u00fcber Sie sammeln, wie&hellip;","_links":{"self":[{"href":"https:\/\/www.1kamagrauk.com\/de\/wp-json\/wp\/v2\/pages\/20079","targetHints":{"allow":["GET"]}}],"collection":[{"href":"https:\/\/www.1kamagrauk.com\/de\/wp-json\/wp\/v2\/pages"}],"about":[{"href":"https:\/\/www.1kamagrauk.com\/de\/wp-json\/wp\/v2\/types\/page"}],"author":[{"embeddable":true,"href":"https:\/\/www.1kamagrauk.com\/de\/wp-json\/wp\/v2\/users\/1641"}],"replies":[{"embeddable":true,"href":"https:\/\/www.1kamagrauk.com\/de\/wp-json\/wp\/v2\/comments?post=20079"}],"version-history":[{"count":0,"href":"https:\/\/www.1kamagrauk.com\/de\/wp-json\/wp\/v2\/pages\/20079\/revisions"}],"wp:attachment":[{"href":"https:\/\/www.1kamagrauk.com\/de\/wp-json\/wp\/v2\/media?parent=20079"}],"curies":[{"name":"wp","href":"https:\/\/api.w.org\/{rel}","templated":true}]}}