{"id":20071,"date":"2021-09-16T09:59:19","date_gmt":"2021-09-16T08:59:19","guid":{"rendered":"https:\/\/www.kamagrauk.com\/bestellinformationen"},"modified":"2021-09-18T08:45:38","modified_gmt":"2021-09-18T07:45:38","slug":"bestellinformationen","status":"publish","type":"page","link":"https:\/\/www.1kamagrauk.com\/de\/bestellinfo","title":{"rendered":"Bestellinfo"},"content":{"rendered":"\n<h1>Wie kann ich Produkte von dieser Website (Kamagrauk.com) bestellen? <\/h1>\n<p align=\"justify\"> Wir haben es Ihnen ziemlich einfach gemacht. Schauen Sie sich einfach bei uns Produkte und deren Preise an. Wenn Sie damit fertig sind, w\u00e4hlen Sie ein Produkt aus und legen es in den Warenkorb. Geben Sie abschlie\u00dfend Ihre pers\u00f6nlichen Daten wie Ihren Namen, die Details zur telefonischen Zahlungsmethode und die Lieferadresse ein, damit Ihr Produkt innerhalb einer bestimmten Zeit an Ihre Haust\u00fcr geliefert wird. <\/p>\n<h2>Wo finde ich den Status meiner Bestellung? <\/h2>\n<p align=\"justify\"> Um Ihren Bestellstatus zu best\u00e4tigen, k\u00f6nnen Sie uns per E-Mail kontaktieren oder unseren Kundenservice anrufen, der 24 x 7 Stunden zur Verf\u00fcgung steht. Unsere engagierten Kundenbetreuer beantworten gerne alle Ihre Fragen und Anliegen zum Bestellstatus. <\/p>\n<h2>Welche Informationen sind f\u00fcr meine Bestellung verf\u00fcgbar? <\/h2>\n<p align=\"justify\"> Wir geben alle m\u00f6glichen Details zu Ihrer Bestellung an, um Ihnen zu helfen. Sie finden folgende Details zu Ihrer Bestellung: <\/p>\n    <ul>\n        <li> Datum und Uhrzeit der von Ihnen get\u00e4tigten Bestellung <\/li>\n        <li>Transaktionsnummer, Artikelk\u00e4ufe und deren Preise <\/li>\n        <li>Versandarten und Zahlungsmodalit\u00e4ten <\/li>\n        <li>Die Adresse, an die die Bestellung geliefert wurde <\/li>\n        <li>Und einige andere m\u00f6gliche Details zu Ihrer Anfrage usw. <\/li>\n    <\/ul>\n    <h2>Wie lange dauert der Versand meiner Bestellung? <\/h2>\n    <p align=\"justify\"> Kamagrauk.com versucht, eine Bestellung innerhalb von drei Werktagen ab dem Zeitpunkt der Bestellung zu liefern. Obwohl unsere Richtlinien verlangen, dass eine Bestellung innerhalb von 3 Werktagen geliefert wird, kann Ihre Bestellung aufgrund bestimmter Umst\u00e4nde zu fr\u00fch oder manchmal zu sp\u00e4t erfolgen. Dies bedeutet, dass Ihre Bestellung p\u00fcnktlich versandt werden kann oder sich verz\u00f6gern kann. <\/p>\n<h2>Wie lange dauert es, bis mein Artikel meinen Platz erreicht? <\/h2>\n    <p align=\"justify\"> Sobald Sie ein Produkt ausgew\u00e4hlt und \u00fcber kamagrauk.com bestellt haben, wird es innerhalb von 24 Stunden versandt. Dies h\u00e4ngt jedoch auch von der von Ihnen gew\u00e4hlten Versandart ab. Obwohl unsere Richtlinien verlangen, dass ein Artikel innerhalb einer bestimmten Zeit versandt wird, kann es aufgrund einiger Feiertage oder Festivals dazwischen zu Verz\u00f6gerungen kommen. <\/p>\n<h2>Was ist mit Preisen, Auftragsstornierung, Lieferung und R\u00fccksendungen? <\/h2>\n<p align=\"justify\"> Die auf dieser Website angegebenen Preise k\u00f6nnen von Zeit zu Zeit ohne vorherige Ank\u00fcndigung ge\u00e4ndert werden. Die Preise zum Zeitpunkt Ihrer Bestellung sind der von Ihnen zu zahlende Betrag. Gelegentlich k\u00f6nnen die auf der Website angezeigten Preise vom Marktpreis des Produkts abweichen. Wenn dies der Fall ist, werden wir Sie \u00fcber den korrekten Preis informieren und Ihnen die Wahl geben, Ihre Bestellung fortzusetzen oder zu stornieren (wobei Ihre vollst\u00e4ndige Zahlung zur\u00fcckerstattet wird). Die Bestellung gilt jedoch als abgeschlossen, sobald der Artikel an Ihre Adresse versandt wurde und wir Ihr Geld nicht zur\u00fcckerstatten k\u00f6nnen. <\/p>\n    <p align=\"justify\"> Die Stornierung einer Bestellung erfolgt aus den \u00fcblichen Gr\u00fcnden: Versand au\u00dferhalb Gro\u00dfbritanniens, Kreditkartenbetrug, vermutete Transaktion und nicht vorr\u00e4tiges Produkt. Dies tun wir, um die betr\u00fcgerischen Transaktionen \u00fcber unsere Website zu \u00fcberpr\u00fcfen. In diesem Fall informieren wir Sie per Mail oder Telefon. Falls wir Sie nicht erreichen k\u00f6nnen, werden wir eine Bestellung zur\u00fcckstellen. <\/p>\n    <p align=\"justify\"> Es tut uns leid, Produkte zur\u00fcckzugeben oder anzunehmen, die verwendet, ge\u00f6ffnet oder in irgendeiner Weise besch\u00e4digt wurden. R\u00fccksendungen k\u00f6nnen nur erfolgen, wenn das falsche Produkt geliefert wurde oder wenn das Produkt aus irgendeinem Grund defekt ist. <\/p>\n\n\n\n<pre class=\"wp-block-code\"><code><\/code><\/pre>\n","protected":false},"excerpt":{"rendered":"<p>Wie kann ich Produkte von dieser Website (Kamagrauk.com) bestellen? Wir haben es Ihnen ziemlich einfach gemacht. Schauen Sie sich einfach bei uns Produkte und deren Preise an. Wenn Sie damit fertig sind, w\u00e4hlen Sie ein Produkt aus und legen es in den Warenkorb. Geben Sie abschlie\u00dfend Ihre pers\u00f6nlichen Daten wie Ihren Namen, die Details zur &#8230; <a title=\"Bestellinfo\" class=\"read-more\" href=\"https:\/\/www.1kamagrauk.com\/de\/bestellinfo\" aria-label=\"Read more about Bestellinfo\">Read more<\/a><\/p>\n","protected":false},"author":1641,"featured_media":0,"parent":0,"menu_order":0,"comment_status":"closed","ping_status":"closed","template":"","meta":{"footnotes":""},"class_list":["post-20071","page","type-page","status-publish"],"_links":{"self":[{"href":"https:\/\/www.1kamagrauk.com\/de\/wp-json\/wp\/v2\/pages\/20071","targetHints":{"allow":["GET"]}}],"collection":[{"href":"https:\/\/www.1kamagrauk.com\/de\/wp-json\/wp\/v2\/pages"}],"about":[{"href":"https:\/\/www.1kamagrauk.com\/de\/wp-json\/wp\/v2\/types\/page"}],"author":[{"embeddable":true,"href":"https:\/\/www.1kamagrauk.com\/de\/wp-json\/wp\/v2\/users\/1641"}],"replies":[{"embeddable":true,"href":"https:\/\/www.1kamagrauk.com\/de\/wp-json\/wp\/v2\/comments?post=20071"}],"version-history":[{"count":0,"href":"https:\/\/www.1kamagrauk.com\/de\/wp-json\/wp\/v2\/pages\/20071\/revisions"}],"wp:attachment":[{"href":"https:\/\/www.1kamagrauk.com\/de\/wp-json\/wp\/v2\/media?parent=20071"}],"curies":[{"name":"wp","href":"https:\/\/api.w.org\/{rel}","templated":true}]}}