{"id":20055,"date":"2021-09-16T09:23:47","date_gmt":"2021-09-16T08:23:47","guid":{"rendered":"https:\/\/www.kamagrauk.com\/haftungsausschluss"},"modified":"2021-09-16T09:23:48","modified_gmt":"2021-09-16T08:23:48","slug":"haftungsausschluss","status":"publish","type":"page","link":"https:\/\/www.1kamagrauk.com\/de\/haftungsausschluss","title":{"rendered":"Haftungsausschluss"},"content":{"rendered":"\n<p>Diese Website ver\u00f6ffentlicht nur allgemeine Informationen \u00fcber Medikamente und garantiert nicht, dass diese Informationen authentisch und korrekt sind. Obwohl unsere Informationen Anweisungen zur Verwendung, m\u00f6gliche Arzneimittelintegrationen oder notwendige Vorsichtsma\u00dfnahmen in Bezug auf Apothekenprodukte zur Behandlung von erektiler Dysfunktion umfassen, ist der bereitgestellte Textinhalt nicht f\u00fcr die Selbstbehandlung und Selbstdiagnose gedacht oder impliziert. Um genau zu sein, machen wir die Richtigkeit dieser Informationen und Unstimmigkeiten, die sie enthalten k\u00f6nnen, annulliert und empfehlen unseren Kunden, vor dem Kauf von Produkten zur Behandlung von Impotenz bei uns \u00e4rztlichen Rat einzuholen. Wir \u00fcbernehmen keine Haftung f\u00fcr nachteilige gesundheitliche Auswirkungen, die Sie erfahren k\u00f6nnen, wenn Sie sich auf die auf unserer Website enthaltenen Informationen verlassen.<\/p>\n\n<h2 class=\"wp-block-heading\">Kamagrauk.com &#8211; Diese Informationen halten sich nur an die britische Gesetzgebung<\/h2>\n\n<p>Kamagrauk.com ist sich der korrekten Handelspolitik in Bezug auf Verk\u00e4ufe \u00fcber das Internet bewusst und ist sich auch bewusst, dass die pharmazeutische Industrie hinsichtlich der bereitgestellten Informationen l\u00e4nderspezifischen Gesundheitsgesetzen unterliegt. Diese Website hat sich bem\u00fcht, sicherzustellen, dass alle Arten von Inhalten, die auf der Website ver\u00f6ffentlicht werden, den spezifischen britischen Gesundheitsvorschriften und Verhaltenskodizes entsprechen. Kamagrauk.com \u00fcbernimmt jedoch keine Verantwortung f\u00fcr die Richtigkeit oder Rechtskonformit\u00e4t der auf der Website enthaltenen Informationen.<\/p>\n\n<h3 class=\"wp-block-heading\">Nutzungsbedingungen<\/h3>\n\n<ul class=\"wp-block-list\"><li>Sie m\u00fcssen in Gro\u00dfbritannien ans\u00e4ssig sein, um auf unsere Website innerhalb des Vereinigten K\u00f6nigreichs zugreifen zu k\u00f6nnen<\/li><li>Sie erkennen an, dass Sie die auf unserer Website enthaltenen Informationen ausschlie\u00dflich zu allgemeinen Wissenszwecken behandeln werden<\/li><li>Sie best\u00e4tigen, dass die Nutzung unserer Website ausschlie\u00dflich auf Ihr eigenes Risiko erfolgt und dass Sie Kamagrauk.com nicht f\u00fcr unzul\u00e4ssige Zwecke verwenden werden, die in den Allgemeinen Gesch\u00e4ftsbedingungen erw\u00e4hnt werden.<\/li><\/ul>\n","protected":false},"excerpt":{"rendered":"<p>Diese Website ver\u00f6ffentlicht nur allgemeine Informationen \u00fcber Medikamente und garantiert nicht, dass diese Informationen authentisch und korrekt sind. Obwohl unsere Informationen Anweisungen zur Verwendung, m\u00f6gliche Arzneimittelintegrationen oder notwendige Vorsichtsma\u00dfnahmen in Bezug auf Apothekenprodukte zur Behandlung von erektiler Dysfunktion umfassen, ist der bereitgestellte Textinhalt nicht f\u00fcr die Selbstbehandlung und Selbstdiagnose gedacht oder impliziert. Um genau zu &#8230; <a title=\"Haftungsausschluss\" class=\"read-more\" href=\"https:\/\/www.1kamagrauk.com\/de\/haftungsausschluss\" aria-label=\"Read more about Haftungsausschluss\">Read more<\/a><\/p>\n","protected":false},"author":1641,"featured_media":0,"parent":0,"menu_order":0,"comment_status":"closed","ping_status":"closed","template":"","meta":{"_uag_custom_page_level_css":"","footnotes":""},"class_list":["post-20055","page","type-page","status-publish"],"uagb_featured_image_src":{"full":false,"thumbnail":false,"medium":false,"medium_large":false,"large":false,"1536x1536":false,"2048x2048":false,"woocommerce_thumbnail":false,"woocommerce_single":false,"woocommerce_gallery_thumbnail":false},"uagb_author_info":{"display_name":false,"author_link":"https:\/\/www.1kamagrauk.com\/de\/author\/763shelly"},"uagb_comment_info":0,"uagb_excerpt":"Diese Website ver\u00f6ffentlicht nur allgemeine Informationen \u00fcber Medikamente und garantiert nicht, dass diese Informationen authentisch und korrekt sind. Obwohl unsere Informationen Anweisungen zur Verwendung, m\u00f6gliche Arzneimittelintegrationen oder notwendige Vorsichtsma\u00dfnahmen in Bezug auf Apothekenprodukte zur Behandlung von erektiler Dysfunktion umfassen, ist der bereitgestellte Textinhalt nicht f\u00fcr die Selbstbehandlung und Selbstdiagnose gedacht oder impliziert. Um genau zu&hellip;","_links":{"self":[{"href":"https:\/\/www.1kamagrauk.com\/de\/wp-json\/wp\/v2\/pages\/20055","targetHints":{"allow":["GET"]}}],"collection":[{"href":"https:\/\/www.1kamagrauk.com\/de\/wp-json\/wp\/v2\/pages"}],"about":[{"href":"https:\/\/www.1kamagrauk.com\/de\/wp-json\/wp\/v2\/types\/page"}],"author":[{"embeddable":true,"href":"https:\/\/www.1kamagrauk.com\/de\/wp-json\/wp\/v2\/users\/1641"}],"replies":[{"embeddable":true,"href":"https:\/\/www.1kamagrauk.com\/de\/wp-json\/wp\/v2\/comments?post=20055"}],"version-history":[{"count":0,"href":"https:\/\/www.1kamagrauk.com\/de\/wp-json\/wp\/v2\/pages\/20055\/revisions"}],"wp:attachment":[{"href":"https:\/\/www.1kamagrauk.com\/de\/wp-json\/wp\/v2\/media?parent=20055"}],"curies":[{"name":"wp","href":"https:\/\/api.w.org\/{rel}","templated":true}]}}