{"id":20049,"date":"2021-09-16T09:00:14","date_gmt":"2021-09-16T08:00:14","guid":{"rendered":"https:\/\/www.kamagrauk.com\/ueber-uns"},"modified":"2022-09-20T12:27:49","modified_gmt":"2022-09-20T11:27:49","slug":"ueber-uns","status":"publish","type":"page","link":"https:\/\/www.1kamagrauk.com\/de\/uber-uns.htm","title":{"rendered":"\u00dcber uns"},"content":{"rendered":"<p align=\"justify\">Kamagra Deutsch ist eine f\u00fchrende Online-Apotheke mit Sitz in Gro\u00dfbritannien. Wir bieten sowohl Generika als auch Markenmedikamente an, um sexuelle Probleme von M\u00e4nnern und Frauen zu heilen. Wir sind seit 2005 im Handel und haben ein tiefes Wissen \u00fcber Medikamente zur Behandlung von erektiler Dysfunktion und m\u00e4nnlicher Impotenz gesammelt. Wir helfen Verbrauchern nicht nur, die bestm\u00f6glichen Medikamente zu niedrigsten Preisen zu erhalten, sondern bieten ihnen auch wichtige Informationen und n\u00fctzliche Tipps zu diesen Produkten. Im Laufe der Jahre haben wir Tausenden von Menschen geholfen, indem wir hochwertige, sichere und wirksame Medikamente gegen Impotenz angeboten haben, um ihr Eheleben zu verbessern.<\/p>\n<h2>WAS KAMAGRA Deutsch TUN<\/h2>\n<p align=\"justify\">Als erfahrener Anbieter von Medikamenten gegen Erektionsst\u00f6rungen und Impotenz versenden wir alle g\u00e4ngigen Medikamente, die von Top-\u00c4rzten und Forschern auf der ganzen Welt empfohlen werden. Einige der bekannten Medikamente, die wir haben, sind Kamagra, Levitra, Lovegra, Caverta, Silagra, Eriacta, Aurogra, Super P Force, Erectalis und viele mehr. Neben Markenarzneimitteln bieten wir auch Generika als g\u00fcnstige Alternative f\u00fcr M\u00e4nner mit Erektionsproblemen an.<\/p>\n<p align=\"justify\"><strong>Qualit\u00e4tssicherung:<\/strong> Da wir nur von namhaften Herstellern und Lieferanten einkaufen, versprechen wir, hochwertige, echte Medikamente zu liefern, die alle klinisch getestet und verifiziert sind. Alle unsere Medikamente werden zeitnah in versiegelten Blisterpackungen mit eingetragenen Warenzeichen versandt.<\/p>\n<p><strong>Schnelle Lieferung:<\/strong>Alle unsere Bestellungen werden innerhalb von 24 bis 48 Stunden bearbeitet und versandt. Wir sind bestrebt, Bestellungen immer noch am selben Tag zu bearbeiten und die meisten Bestellungen innerhalb von 24 Stunden zu versenden.<\/p>\n<p align=\"justify\"><strong>100% sichere Zahlungsoptionen stark<\/strong>: Wir akzeptieren sowohl Debit- als auch Kreditkarten von Visa\/MasterCard. Unsere Website ist gut gesichert und kein Dritter hat Zugriff auf Ihre vertraulichen Informationen. Wir glauben an exzellenten Kundenservice und unser Ziel ist es, Ihr Einkaufserlebnis sicher und bequem zu gestalten.<\/p>\n<h2>KAMAGRA Deutsch VISION UND MISSION<\/h2>\n<p align=\"justify\">Wir glauben an schnelle Lieferung, sicheres Einkaufen und engagierten Kundensupport. Unser Ziel ist es, Qualit\u00e4tsprodukte anzubieten und ein einfaches, sicheres und erschwingliches Online-Shopping zu gew\u00e4hrleisten. Unsere Vision ist es, das Angebot an echten und erschwinglichen Medikamenten zu erweitern, damit Sie weiterhin einen gesunden Lebensstil genie\u00dfen k\u00f6nnen, ohne Sie mit teuren und unn\u00f6tigen medizinischen Kosten zu belasten.<\/p>\n<p align=\"justify\"><strong>Kamagra Deutsch Wenn Sie Kommentare, Fragen oder sogar Vorschl\u00e4ge haben, k\u00f6nnen Sie sich gerne an uns wenden.<\/strong><\/p>\n","protected":false},"excerpt":{"rendered":"<p>Kamagra Deutsch ist eine f\u00fchrende Online-Apotheke mit Sitz in Gro\u00dfbritannien. Wir bieten sowohl Generika als auch Markenmedikamente an, um sexuelle Probleme von M\u00e4nnern und Frauen zu heilen. Wir sind seit 2005 im Handel und haben ein tiefes Wissen \u00fcber Medikamente zur Behandlung von erektiler Dysfunktion und m\u00e4nnlicher Impotenz gesammelt. Wir helfen Verbrauchern nicht nur, die &#8230; <a title=\"\u00dcber uns\" class=\"read-more\" href=\"https:\/\/www.1kamagrauk.com\/de\/uber-uns.htm\" aria-label=\"Read more about \u00dcber uns\">Read more<\/a><\/p>\n","protected":false},"author":1641,"featured_media":0,"parent":0,"menu_order":0,"comment_status":"closed","ping_status":"closed","template":"","meta":{"footnotes":""},"class_list":["post-20049","page","type-page","status-publish"],"_links":{"self":[{"href":"https:\/\/www.1kamagrauk.com\/de\/wp-json\/wp\/v2\/pages\/20049","targetHints":{"allow":["GET"]}}],"collection":[{"href":"https:\/\/www.1kamagrauk.com\/de\/wp-json\/wp\/v2\/pages"}],"about":[{"href":"https:\/\/www.1kamagrauk.com\/de\/wp-json\/wp\/v2\/types\/page"}],"author":[{"embeddable":true,"href":"https:\/\/www.1kamagrauk.com\/de\/wp-json\/wp\/v2\/users\/1641"}],"replies":[{"embeddable":true,"href":"https:\/\/www.1kamagrauk.com\/de\/wp-json\/wp\/v2\/comments?post=20049"}],"version-history":[{"count":0,"href":"https:\/\/www.1kamagrauk.com\/de\/wp-json\/wp\/v2\/pages\/20049\/revisions"}],"wp:attachment":[{"href":"https:\/\/www.1kamagrauk.com\/de\/wp-json\/wp\/v2\/media?parent=20049"}],"curies":[{"name":"wp","href":"https:\/\/api.w.org\/{rel}","templated":true}]}}